{"id":531,"date":"2023-10-26T09:42:59","date_gmt":"2023-10-26T09:42:59","guid":{"rendered":"https:\/\/domath.surju.ee\/?page_id=531"},"modified":"2024-10-24T08:00:28","modified_gmt":"2024-10-24T08:00:28","slug":"angle","status":"publish","type":"page","link":"https:\/\/domath.surju.ee\/es\/angle\/","title":{"rendered":"\u00c1ngulo"},"content":{"rendered":"\r\n<h1 style=\"text-align: center;\"><span style=\"color: #008000;\"><span style=\"caret-color: #008000;\">\u00c1ngulo<\/span><\/span><\/h1>\r\n<p><img loading=\"lazy\" decoding=\"async\" class=\"wp-image-2517 alignleft\" src=\"https:\/\/domath.surju.ee\/wp-content\/uploads\/2024\/07\/nurgad.jpg\" alt=\"\" width=\"221\" height=\"214\" srcset=\"https:\/\/domath.surju.ee\/wp-content\/uploads\/2024\/07\/nurgad.jpg 300w, https:\/\/domath.surju.ee\/wp-content\/uploads\/2024\/07\/nurgad-24x24.jpg 24w, https:\/\/domath.surju.ee\/wp-content\/uploads\/2024\/07\/nurgad-36x36.jpg 36w, https:\/\/domath.surju.ee\/wp-content\/uploads\/2024\/07\/nurgad-48x46.jpg 48w\" sizes=\"auto, (max-width: 221px) 100vw, 221px\" \/><\/p>\r\n<p id=\"tw-target-text\" class=\"tw-data-text tw-text-large tw-ta\" dir=\"ltr\" data-placeholder=\"Traducci\u00f3n\" data-ved=\"2ahUKEwiWk5-Qn5-JAxXoaqQEHRHKD9QQ3ewLegQIChAU\" aria-label=\"Texto traducido: Un \u00e1ngulo es una figura formada por dos rayos o rectas que comparten un punto final com\u00fan.\"><span class=\"Y2IQFc\" lang=\"es\">Un <strong>\u00e1ngulo<\/strong> es una figura formada por dos l\u00edneas o rectas que comparten un punto final com\u00fan.<\/span><\/p>\r\n<p class=\"tw-data-text tw-text-large tw-ta\" dir=\"ltr\" data-placeholder=\"Traducci\u00f3n\" data-ved=\"2ahUKEwiWk5-Qn5-JAxXoaqQEHRHKD9QQ3ewLegQIChAU\" aria-label=\"Texto traducido: Un&nbsp;\u00e1ngulo agudo&nbsp;es un \u00e1ngulo que mide menos de 90\u00b0\r\nUn \u00e1ngulo recto es un \u00e1ngulo que mide 90\u00b0.\"><span class=\"Y2IQFc\" lang=\"es\"><br \/>\r\n<br \/>\r\n<br \/>\r\n<br \/>\r\n<br \/>\r\nUn&nbsp;<strong>\u00e1ngulo agudo<\/strong> es un \u00e1ngulo que mide menos de 90\u00b0.&nbsp;<br \/>\r\n<strong>Un \u00e1ngulo recto<\/strong> es un \u00e1ngulo que mide 90\u00b0.<br \/>\r\n<\/span><span class=\"Y2IQFc\" lang=\"es\"><strong>Un \u00e1ngulo obtuso<\/strong> es un \u00e1ngulo que mide entre 90\u00b0 y 180\u00b0.<br \/>\r\n<\/span><span class=\"Y2IQFc\" lang=\"es\"><strong>Un \u00e1ngulo llano<\/strong> es un \u00e1ngulo que mide 180\u00b0.<\/span><\/p>\r\n<table style=\"border-collapse: collapse; width: 100%; height: 20px;\">\r\n<tbody>\r\n<tr style=\"height: 20px;\">\r\n<td style=\"width: 50%; height: 20px; text-align: center;\">&nbsp;<\/td>\r\n<td style=\"width: 50%; height: 20px;\">&nbsp;<\/td>\r\n<\/tr>\r\n<\/tbody>\r\n<\/table>\r\n<p>&nbsp;<\/p>\r\n\r\n<table style=\"height: 24px; width: 97.619%; border-collapse: collapse; background-color: #f7e0be;\">\r\n<tbody>\r\n<tr style=\"height: 24px;\">\r\n<td style=\"width: 50%; height: 24px; text-align: center;\"><span style=\"color: #000080;\"><strong>&nbsp; &nbsp; \u00c1ngulo agudo<\/strong><\/span><\/td>\r\n<td style=\"width: 50%; height: 24px; text-align: center;\"><span style=\"color: #000080;\"><b>\u00c1ngulo recto<\/b><\/span><\/td>\r\n<\/tr>\r\n<\/tbody>\r\n<\/table>\r\n<table style=\"border-collapse: collapse; width: 97.6191%; height: 23px;\">\r\n<tbody>\r\n<tr style=\"height: 23px;\">\r\n<td style=\"width: 50%; height: 23px;\"><img loading=\"lazy\" decoding=\"async\" class=\"size-medium wp-image-2502 aligncenter\" src=\"https:\/\/domath.surju.ee\/wp-content\/uploads\/2024\/07\/teravnurk-300x139.png\" alt=\"\" width=\"300\" height=\"139\" srcset=\"https:\/\/domath.surju.ee\/wp-content\/uploads\/2024\/07\/teravnurk-300x139.png 300w, https:\/\/domath.surju.ee\/wp-content\/uploads\/2024\/07\/teravnurk-1024x475.png 1024w, https:\/\/domath.surju.ee\/wp-content\/uploads\/2024\/07\/teravnurk-768x357.png 768w, https:\/\/domath.surju.ee\/wp-content\/uploads\/2024\/07\/teravnurk-1536x713.png 1536w, https:\/\/domath.surju.ee\/wp-content\/uploads\/2024\/07\/teravnurk-2048x951.png 2048w, https:\/\/domath.surju.ee\/wp-content\/uploads\/2024\/07\/teravnurk-24x11.png 24w, https:\/\/domath.surju.ee\/wp-content\/uploads\/2024\/07\/teravnurk-36x17.png 36w, https:\/\/domath.surju.ee\/wp-content\/uploads\/2024\/07\/teravnurk-48x22.png 48w\" sizes=\"auto, (max-width: 300px) 100vw, 300px\" \/><\/td>\r\n<td style=\"width: 50%; height: 23px;\"><img loading=\"lazy\" decoding=\"async\" class=\"size-medium wp-image-2501 aligncenter\" src=\"https:\/\/domath.surju.ee\/wp-content\/uploads\/2024\/07\/taisnurk-300x162.png\" alt=\"\" width=\"300\" height=\"162\" srcset=\"https:\/\/domath.surju.ee\/wp-content\/uploads\/2024\/07\/taisnurk-300x162.png 300w, https:\/\/domath.surju.ee\/wp-content\/uploads\/2024\/07\/taisnurk-1024x554.png 1024w, https:\/\/domath.surju.ee\/wp-content\/uploads\/2024\/07\/taisnurk-768x415.png 768w, https:\/\/domath.surju.ee\/wp-content\/uploads\/2024\/07\/taisnurk-1536x831.png 1536w, https:\/\/domath.surju.ee\/wp-content\/uploads\/2024\/07\/taisnurk-2048x1108.png 2048w, https:\/\/domath.surju.ee\/wp-content\/uploads\/2024\/07\/taisnurk-24x13.png 24w, https:\/\/domath.surju.ee\/wp-content\/uploads\/2024\/07\/taisnurk-36x19.png 36w, https:\/\/domath.surju.ee\/wp-content\/uploads\/2024\/07\/taisnurk-48x26.png 48w\" sizes=\"auto, (max-width: 300px) 100vw, 300px\" \/><\/td>\r\n<\/tr>\r\n<\/tbody>\r\n<\/table>\r\n<table style=\"height: 14px; width: 97.5%; border-collapse: collapse; background-color: #f0dfc7;\">\r\n<tbody>\r\n<tr>\r\n<td style=\"width: 50%; text-align: center;\"><span style=\"color: #000080;\"><span style=\"caret-color: #000080;\"><b>\u00c1ngulo obtuso<\/b><\/span><\/span><\/td>\r\n<td style=\"width: 50%; text-align: center;\"><span style=\"color: #000080;\"><b>\u00c1ngulo llano<\/b><\/span><\/td>\r\n<\/tr>\r\n<\/tbody>\r\n<\/table>\r\n<table style=\"border-collapse: collapse; width: 97.1429%; height: 146px;\">\r\n<tbody>\r\n<tr>\r\n<td style=\"width: 50%;\"><img loading=\"lazy\" decoding=\"async\" class=\"size-medium wp-image-2503 aligncenter\" src=\"https:\/\/domath.surju.ee\/wp-content\/uploads\/2024\/07\/Nurinurk-300x151.png\" alt=\"\" width=\"300\" height=\"151\" srcset=\"https:\/\/domath.surju.ee\/wp-content\/uploads\/2024\/07\/Nurinurk-300x151.png 300w, https:\/\/domath.surju.ee\/wp-content\/uploads\/2024\/07\/Nurinurk-1024x515.png 1024w, https:\/\/domath.surju.ee\/wp-content\/uploads\/2024\/07\/Nurinurk-768x386.png 768w, https:\/\/domath.surju.ee\/wp-content\/uploads\/2024\/07\/Nurinurk-1536x772.png 1536w, https:\/\/domath.surju.ee\/wp-content\/uploads\/2024\/07\/Nurinurk-2048x1029.png 2048w, https:\/\/domath.surju.ee\/wp-content\/uploads\/2024\/07\/Nurinurk-24x12.png 24w, https:\/\/domath.surju.ee\/wp-content\/uploads\/2024\/07\/Nurinurk-36x18.png 36w, https:\/\/domath.surju.ee\/wp-content\/uploads\/2024\/07\/Nurinurk-48x24.png 48w\" sizes=\"auto, (max-width: 300px) 100vw, 300px\" \/><\/td>\r\n<td style=\"width: 50%;\"><img loading=\"lazy\" decoding=\"async\" class=\"size-medium wp-image-2504 aligncenter\" src=\"https:\/\/domath.surju.ee\/wp-content\/uploads\/2024\/07\/sirgnurk-300x145.png\" alt=\"\" width=\"300\" height=\"145\" srcset=\"https:\/\/domath.surju.ee\/wp-content\/uploads\/2024\/07\/sirgnurk-300x145.png 300w, https:\/\/domath.surju.ee\/wp-content\/uploads\/2024\/07\/sirgnurk-1024x496.png 1024w, https:\/\/domath.surju.ee\/wp-content\/uploads\/2024\/07\/sirgnurk-768x372.png 768w, https:\/\/domath.surju.ee\/wp-content\/uploads\/2024\/07\/sirgnurk-1536x744.png 1536w, https:\/\/domath.surju.ee\/wp-content\/uploads\/2024\/07\/sirgnurk-2048x993.png 2048w, https:\/\/domath.surju.ee\/wp-content\/uploads\/2024\/07\/sirgnurk-24x12.png 24w, https:\/\/domath.surju.ee\/wp-content\/uploads\/2024\/07\/sirgnurk-36x17.png 36w, https:\/\/domath.surju.ee\/wp-content\/uploads\/2024\/07\/sirgnurk-48x23.png 48w\" sizes=\"auto, (max-width: 300px) 100vw, 300px\" \/><\/td>\r\n<\/tr>\r\n<\/tbody>\r\n<\/table>\r\n\r\n<hr class=\"wp-block-separator has-alpha-channel-opacity\" \/>\r\n <iframe loading=\"lazy\" style=\"border: 0px;\" title=\"Nurkade suurused2\" src=\"https:\/\/www.geogebra.org\/material\/iframe\/id\/puhjpgsz\/width\/1200\/height\/632\/border\/888888\/sfsb\/true\/smb\/false\/stb\/false\/stbh\/false\/ai\/false\/asb\/false\/sri\/false\/rc\/false\/ld\/false\/sdz\/false\/ctl\/false\" width=\"560px\" height=\"285px\" scrolling=\"no\"> <\/iframe> \r\n <iframe loading=\"lazy\" style=\"border: 0px;\" title=\"Nurkade joonestamine\" src=\"https:\/\/www.geogebra.org\/material\/iframe\/id\/ffkutkju\/width\/1000\/height\/685\/border\/888888\/sfsb\/true\/smb\/false\/stb\/false\/stbh\/false\/ai\/false\/asb\/false\/sri\/false\/rc\/false\/ld\/false\/sdz\/false\/ctl\/false\" width=\"560px\" height=\"385px\" scrolling=\"no\"> <\/iframe> \r\n\r\n<figure class=\"wp-block-image size-large is-resized\"><img loading=\"lazy\" decoding=\"async\" width=\"1024\" height=\"809\" class=\"wp-image-3937\" style=\"width: 366px; height: auto;\" src=\"https:\/\/domath.surju.ee\/wp-content\/uploads\/2024\/08\/ExternalAngles.svg_-1-1024x809.png\" alt=\"\" srcset=\"https:\/\/domath.surju.ee\/wp-content\/uploads\/2024\/08\/ExternalAngles.svg_-1-1024x809.png 1024w, https:\/\/domath.surju.ee\/wp-content\/uploads\/2024\/08\/ExternalAngles.svg_-1-300x237.png 300w, https:\/\/domath.surju.ee\/wp-content\/uploads\/2024\/08\/ExternalAngles.svg_-1-768x607.png 768w, https:\/\/domath.surju.ee\/wp-content\/uploads\/2024\/08\/ExternalAngles.svg_-1-24x19.png 24w, https:\/\/domath.surju.ee\/wp-content\/uploads\/2024\/08\/ExternalAngles.svg_-1-36x28.png 36w, https:\/\/domath.surju.ee\/wp-content\/uploads\/2024\/08\/ExternalAngles.svg_-1-48x38.png 48w, https:\/\/domath.surju.ee\/wp-content\/uploads\/2024\/08\/ExternalAngles.svg_-1.png 1116w\" sizes=\"auto, (max-width: 1024px) 100vw, 1024px\" \/><\/figure>\r\n\r\n <iframe loading=\"lazy\" title=\"YouTube video player\" src=\"https:\/\/www.youtube.com\/embed\/D9g9zMQu5C4?si=Gl4--0sZqvc-tiZh\" width=\"560\" height=\"315\" frameborder=\"0\" allowfullscreen=\"allowfullscreen\"><\/iframe> ","protected":false},"excerpt":{"rendered":"<p>\u00c1ngulo Un \u00e1ngulo es una figura formada por dos l\u00edneas o rectas que comparten un punto final com\u00fan. Un&nbsp;\u00e1ngulo agudo es un \u00e1ngulo que mide menos de 90\u00b0.&nbsp; Un \u00e1ngulo recto es un \u00e1ngulo que mide 90\u00b0. Un \u00e1ngulo obtuso es un \u00e1ngulo que mide entre 90\u00b0 y 180\u00b0. Un \u00e1ngulo llano es un \u00e1ngulo [&#8230;]<\/p>\n<p><a class=\"btn btn-secondary understrap-read-more-link\" href=\"https:\/\/domath.surju.ee\/es\/angle\/\">Leer m\u00e1s&#8230;<span class=\"screen-reader-text\"> from \u00c1ngulo<\/span><\/a><\/p>\n","protected":false},"author":12,"featured_media":0,"parent":0,"menu_order":0,"comment_status":"closed","ping_status":"closed","template":"","meta":{"_eb_attr":"","_uag_custom_page_level_css":"","footnotes":""},"categories":[],"tags":[37,79,140,72],"class_list":["post-531","page","type-page","status-publish","hentry","tag-english-a","tag-estonian-n","tag-greek-gamma","tag-spanish-a"],"uagb_featured_image_src":{"full":false,"thumbnail":false,"medium":false,"medium_large":false,"large":false,"1536x1536":false,"2048x2048":false,"menu-24x24":false,"menu-36x36":false,"menu-48x48":false},"uagb_author_info":{"display_name":"Ave Kartau","author_link":"https:\/\/domath.surju.ee\/es\/author\/ave\/"},"uagb_comment_info":0,"uagb_excerpt":"\u00c1ngulo Un \u00e1ngulo es una figura formada por dos l\u00edneas o rectas que comparten un punto final com\u00fan. Un&nbsp;\u00e1ngulo agudo es un \u00e1ngulo que mide menos de 90\u00b0.&nbsp; Un \u00e1ngulo recto es un \u00e1ngulo que mide 90\u00b0. Un \u00e1ngulo obtuso es un \u00e1ngulo que mide entre 90\u00b0 y 180\u00b0. Un \u00e1ngulo llano es un \u00e1ngulo&hellip;","_links":{"self":[{"href":"https:\/\/domath.surju.ee\/es\/wp-json\/wp\/v2\/pages\/531","targetHints":{"allow":["GET"]}}],"collection":[{"href":"https:\/\/domath.surju.ee\/es\/wp-json\/wp\/v2\/pages"}],"about":[{"href":"https:\/\/domath.surju.ee\/es\/wp-json\/wp\/v2\/types\/page"}],"author":[{"embeddable":true,"href":"https:\/\/domath.surju.ee\/es\/wp-json\/wp\/v2\/users\/12"}],"replies":[{"embeddable":true,"href":"https:\/\/domath.surju.ee\/es\/wp-json\/wp\/v2\/comments?post=531"}],"version-history":[{"count":31,"href":"https:\/\/domath.surju.ee\/es\/wp-json\/wp\/v2\/pages\/531\/revisions"}],"predecessor-version":[{"id":3961,"href":"https:\/\/domath.surju.ee\/es\/wp-json\/wp\/v2\/pages\/531\/revisions\/3961"}],"wp:attachment":[{"href":"https:\/\/domath.surju.ee\/es\/wp-json\/wp\/v2\/media?parent=531"}],"wp:term":[{"taxonomy":"category","embeddable":true,"href":"https:\/\/domath.surju.ee\/es\/wp-json\/wp\/v2\/categories?post=531"},{"taxonomy":"post_tag","embeddable":true,"href":"https:\/\/domath.surju.ee\/es\/wp-json\/wp\/v2\/tags?post=531"}],"curies":[{"name":"wp","href":"https:\/\/api.w.org\/{rel}","templated":true}]}}