{"id":495,"date":"2023-10-26T09:15:05","date_gmt":"2023-10-26T09:15:05","guid":{"rendered":"https:\/\/domath.surju.ee\/?page_id=495"},"modified":"2024-12-27T23:28:06","modified_gmt":"2024-12-27T23:28:06","slug":"ha","status":"publish","type":"page","link":"https:\/\/domath.surju.ee\/es\/hectarea\/","title":{"rendered":"Hect\u00e1rea"},"content":{"rendered":"\r\n\r\n<p id=\"tw-target-text\" class=\"tw-data-text tw-text-large tw-ta\" dir=\"ltr\" data-placeholder=\"Translation\" aria-label=\"Translated text\" data-ved=\"2ahUKEwjwk-Pi0s2FAxXeIhAIHeyXAlQQ3ewLegQIBRAU\"><span class=\"Y2IQFc\" lang=\"es\">Una<strong> hect\u00e1rea<\/strong> es una medida de \u00e1rea cuyo s\u00edmbolo es ha. Esta unidad equivale a 100 \u00e1reas: un \u00e1rea equivale a 100 metros cuadrados. Esto significa que una superficie de una hect\u00e1rea tiene 10.000 metros cuadrados. <br \/>\r\n<br \/>\r\nEsta imagen muestra un ejemplo:<\/span><\/p>\r\n<p><img loading=\"lazy\" decoding=\"async\" class=\"alignnone  wp-image-2105\" style=\"background-color: var(--bs-body-bg); color: var(--bs-body-color); font-family: var(--bs-body-font-family); font-size: var(--bs-body-font-size); font-weight: var(--bs-body-font-weight); text-align: var(--bs-body-text-align);\" src=\"https:\/\/domath.surju.ee\/wp-content\/uploads\/2024\/04\/0-4-300x169.png\" alt=\"\" width=\"752\" height=\"423\" srcset=\"https:\/\/domath.surju.ee\/wp-content\/uploads\/2024\/04\/0-4-300x169.png 300w, https:\/\/domath.surju.ee\/wp-content\/uploads\/2024\/04\/0-4-1024x576.png 1024w, https:\/\/domath.surju.ee\/wp-content\/uploads\/2024\/04\/0-4-768x432.png 768w, https:\/\/domath.surju.ee\/wp-content\/uploads\/2024\/04\/0-4-1536x864.png 1536w, https:\/\/domath.surju.ee\/wp-content\/uploads\/2024\/04\/0-4-24x14.png 24w, https:\/\/domath.surju.ee\/wp-content\/uploads\/2024\/04\/0-4-36x20.png 36w, https:\/\/domath.surju.ee\/wp-content\/uploads\/2024\/04\/0-4-48x27.png 48w, https:\/\/domath.surju.ee\/wp-content\/uploads\/2024\/04\/0-4.png 1920w\" sizes=\"auto, (max-width: 752px) 100vw, 752px\" \/><\/p>\r\n\r\n\r\n<div class=\"section-wrapper\" data-id=\"HSFyt4\">\r\n<section class=\"wp-block-gutenverse-section guten-element guten-section guten-HSFyt4 layout-boxed align-stretch\">\r\n<div class=\"guten-background-overlay\">&nbsp;<\/div>\r\n<div class=\"guten-shape-divider guten-shape-divider-top\">&nbsp;<\/div>\r\n<div class=\"guten-shape-divider guten-shape-divider-bottom\">&nbsp;<\/div>\r\n<div class=\"guten-container guten-column-gap-default\">\r\n<div class=\"wp-block-gutenverse-column guten-element guten-column guten-3emprq\">\r\n<div class=\"guten-background-overlay\">&nbsp;<\/div>\r\n<div class=\"sticky-wrapper\" data-id=\"3emprq\">\r\n<div class=\"guten-column-wrapper\">\r\n<div class=\"section-wrapper\" data-id=\"daNGyr\">\r\n<section class=\"wp-block-gutenverse-section guten-element guten-section guten-daNGyr layout-boxed align-stretch\">\r\n<div class=\"guten-background-overlay\">&nbsp;<\/div>\r\n<div class=\"guten-shape-divider guten-shape-divider-top\">&nbsp;<\/div>\r\n<div class=\"guten-shape-divider guten-shape-divider-bottom\">&nbsp;<\/div>\r\n<div class=\"guten-container guten-column-gap-default\">\r\n<div class=\"wp-block-gutenverse-column guten-element guten-column guten-yqQvjX\">\r\n<div class=\"guten-background-overlay\">&nbsp;<\/div>\r\n<div class=\"sticky-wrapper\" data-id=\"yqQvjX\">\r\n<div class=\"guten-column-wrapper\">\r\n<div class=\"section-wrapper\" data-id=\"XDb3PM\">\r\n<section class=\"wp-block-gutenverse-section guten-element guten-section guten-XDb3PM layout-boxed align-stretch\">\r\n<div class=\"guten-background-overlay\">&nbsp;<\/div>\r\n<div class=\"guten-shape-divider guten-shape-divider-top\">&nbsp;<\/div>\r\n<div class=\"guten-shape-divider guten-shape-divider-bottom\">&nbsp;<\/div>\r\n<div class=\"guten-container guten-column-gap-default\">\r\n<div class=\"wp-block-gutenverse-column guten-element guten-column guten-6ASvdo\">\r\n<div class=\"guten-background-overlay\">&nbsp;<\/div>\r\n<div class=\"sticky-wrapper\" data-id=\"6ASvdo\">\r\n<div class=\"guten-column-wrapper\">\r\n<div class=\"section-wrapper\" data-id=\"ZrbyKE\">\r\n<section class=\"wp-block-gutenverse-section guten-element guten-section guten-ZrbyKE layout-boxed align-stretch\">\r\n<div class=\"guten-background-overlay\">&nbsp;<\/div>\r\n<div class=\"guten-shape-divider guten-shape-divider-top\">&nbsp;<\/div>\r\n<div class=\"guten-shape-divider guten-shape-divider-bottom\">&nbsp;<\/div>\r\n<div class=\"guten-container guten-column-gap-default\">\r\n<div class=\"wp-block-gutenverse-column guten-element guten-column guten-YZPsNb\">\r\n<div class=\"guten-background-overlay\">&nbsp;<\/div>\r\n<div class=\"sticky-wrapper\" data-id=\"YZPsNb\">\r\n<div class=\"guten-column-wrapper\">&nbsp;<\/div>\r\n<\/div>\r\n<\/div>\r\n<\/div>\r\n<\/section>\r\n<\/div>\r\n<\/div>\r\n<\/div>\r\n<\/div>\r\n<\/div>\r\n<\/section>\r\n<\/div>\r\n<\/div>\r\n<\/div>\r\n<\/div>\r\n<\/div>\r\n<\/section>\r\n<\/div>\r\n<\/div>\r\n<\/div>\r\n<\/div>\r\n<\/div>\r\n<\/section>\r\n<\/div>\r\n\r\n\r\n<p>&nbsp;<\/p>\r\n","protected":false},"excerpt":{"rendered":"<p>Una hect\u00e1rea es una medida de \u00e1rea cuyo s\u00edmbolo es ha. Esta unidad equivale a 100 \u00e1reas: un \u00e1rea equivale a 100 metros cuadrados. Esto significa que una superficie de una hect\u00e1rea tiene 10.000 metros cuadrados. Esta imagen muestra un ejemplo: &nbsp; &nbsp; &nbsp; &nbsp; &nbsp; &nbsp; &nbsp; &nbsp; &nbsp; &nbsp; &nbsp; &nbsp; &nbsp; &nbsp; [&#8230;]<\/p>\n<p><a class=\"btn btn-secondary understrap-read-more-link\" href=\"https:\/\/domath.surju.ee\/es\/hectarea\/\">Leer m\u00e1s&#8230;<span class=\"screen-reader-text\"> from Hect\u00e1rea<\/span><\/a><\/p>\n","protected":false},"author":7,"featured_media":0,"parent":0,"menu_order":0,"comment_status":"closed","ping_status":"closed","template":"","meta":{"_eb_attr":"","_uag_custom_page_level_css":"","footnotes":""},"categories":[],"tags":[70,112,85,81],"class_list":["post-495","page","type-page","status-publish","hentry","tag-english-h","tag-estonian-h","tag-greek-epsilon","tag-spanish-h"],"uagb_featured_image_src":{"full":false,"thumbnail":false,"medium":false,"medium_large":false,"large":false,"1536x1536":false,"2048x2048":false,"menu-24x24":false,"menu-36x36":false,"menu-48x48":false},"uagb_author_info":{"display_name":"Yessica Caceres","author_link":"https:\/\/domath.surju.ee\/es\/author\/yessica\/"},"uagb_comment_info":0,"uagb_excerpt":"Una hect\u00e1rea es una medida de \u00e1rea cuyo s\u00edmbolo es ha. Esta unidad equivale a 100 \u00e1reas: un \u00e1rea equivale a 100 metros cuadrados. Esto significa que una superficie de una hect\u00e1rea tiene 10.000 metros cuadrados. Esta imagen muestra un ejemplo: &nbsp; &nbsp; &nbsp; &nbsp; &nbsp; &nbsp; &nbsp; &nbsp; &nbsp; &nbsp; &nbsp; &nbsp; &nbsp; &nbsp;&hellip;","_links":{"self":[{"href":"https:\/\/domath.surju.ee\/es\/wp-json\/wp\/v2\/pages\/495","targetHints":{"allow":["GET"]}}],"collection":[{"href":"https:\/\/domath.surju.ee\/es\/wp-json\/wp\/v2\/pages"}],"about":[{"href":"https:\/\/domath.surju.ee\/es\/wp-json\/wp\/v2\/types\/page"}],"author":[{"embeddable":true,"href":"https:\/\/domath.surju.ee\/es\/wp-json\/wp\/v2\/users\/7"}],"replies":[{"embeddable":true,"href":"https:\/\/domath.surju.ee\/es\/wp-json\/wp\/v2\/comments?post=495"}],"version-history":[{"count":13,"href":"https:\/\/domath.surju.ee\/es\/wp-json\/wp\/v2\/pages\/495\/revisions"}],"predecessor-version":[{"id":5100,"href":"https:\/\/domath.surju.ee\/es\/wp-json\/wp\/v2\/pages\/495\/revisions\/5100"}],"wp:attachment":[{"href":"https:\/\/domath.surju.ee\/es\/wp-json\/wp\/v2\/media?parent=495"}],"wp:term":[{"taxonomy":"category","embeddable":true,"href":"https:\/\/domath.surju.ee\/es\/wp-json\/wp\/v2\/categories?post=495"},{"taxonomy":"post_tag","embeddable":true,"href":"https:\/\/domath.surju.ee\/es\/wp-json\/wp\/v2\/tags?post=495"}],"curies":[{"name":"wp","href":"https:\/\/api.w.org\/{rel}","templated":true}]}}