{"id":486,"date":"2023-10-26T09:09:08","date_gmt":"2023-10-26T09:09:08","guid":{"rendered":"https:\/\/domath.surju.ee\/?page_id=486"},"modified":"2024-12-27T23:07:26","modified_gmt":"2024-12-27T23:07:26","slug":"greater-than","status":"publish","type":"page","link":"https:\/\/domath.surju.ee\/es\/mayor-que\/","title":{"rendered":"Mayor que"},"content":{"rendered":"<p><strong>Mayor que<\/strong>&nbsp;significa que un n\u00famero es mayor que otro.<\/p>\r\n<p>El s\u00edmbolo mayor que en matem\u00e1ticas es<strong>\u00ab&gt;\u00bb<\/strong>.<\/p>\r\n<p>Por ejemplo, 8 &gt; 2 significa que 8 es mayor que 2.<\/p>\r\n<p><a href=\"https:\/\/www.abcya.com\/games\/comparing_number_values_jr\">https:\/\/www.abcya.com\/games\/comparing_number_values_jr<\/a> Aqu\u00ed tienes un juego para practicar este concepto.<\/p>\r\n\r\n<p><iframe loading=\"lazy\" title=\"Number Gators (Greater Than, Less Than Symbols Song)\" width=\"640\" height=\"480\" src=\"https:\/\/www.youtube.com\/embed\/M6Efzu2slaI?feature=oembed\" frameborder=\"0\" allow=\"accelerometer; autoplay; clipboard-write; encrypted-media; gyroscope; picture-in-picture; web-share\" referrerpolicy=\"strict-origin-when-cross-origin\" allowfullscreen><\/iframe><\/p>\r\n","protected":false},"excerpt":{"rendered":"<p>Mayor que&nbsp;significa que un n\u00famero es mayor que otro. El s\u00edmbolo mayor que en matem\u00e1ticas es\u00ab&gt;\u00bb. Por ejemplo, 8 &gt; 2 significa que 8 es mayor que 2. https:\/\/www.abcya.com\/games\/comparing_number_values_jr Aqu\u00ed tienes un juego para practicar este concepto. [&#8230;]<\/p>\n<p><a class=\"btn btn-secondary understrap-read-more-link\" href=\"https:\/\/domath.surju.ee\/es\/mayor-que\/\">Leer m\u00e1s&#8230;<span class=\"screen-reader-text\"> from Mayor que<\/span><\/a><\/p>\n","protected":false},"author":8,"featured_media":0,"parent":0,"menu_order":0,"comment_status":"closed","ping_status":"closed","template":"","meta":{"_eb_attr":"","_uag_custom_page_level_css":"","footnotes":""},"categories":[],"tags":[69,117,145,78],"class_list":["post-486","page","type-page","status-publish","hentry","tag-english-g","tag-estonian-s","tag-greek-mu","tag-spanish-m"],"uagb_featured_image_src":{"full":false,"thumbnail":false,"medium":false,"medium_large":false,"large":false,"1536x1536":false,"2048x2048":false,"menu-24x24":false,"menu-36x36":false,"menu-48x48":false},"uagb_author_info":{"display_name":"Silvia Herrera","author_link":"https:\/\/domath.surju.ee\/es\/author\/silvia\/"},"uagb_comment_info":0,"uagb_excerpt":"Mayor que&nbsp;significa que un n\u00famero es mayor que otro. El s\u00edmbolo mayor que en matem\u00e1ticas es\u00ab&gt;\u00bb. Por ejemplo, 8 &gt; 2 significa que 8 es mayor que 2. https:\/\/www.abcya.com\/games\/comparing_number_values_jr Aqu\u00ed tienes un juego para practicar este concepto. [...]Leer m\u00e1s... from Mayor que","_links":{"self":[{"href":"https:\/\/domath.surju.ee\/es\/wp-json\/wp\/v2\/pages\/486","targetHints":{"allow":["GET"]}}],"collection":[{"href":"https:\/\/domath.surju.ee\/es\/wp-json\/wp\/v2\/pages"}],"about":[{"href":"https:\/\/domath.surju.ee\/es\/wp-json\/wp\/v2\/types\/page"}],"author":[{"embeddable":true,"href":"https:\/\/domath.surju.ee\/es\/wp-json\/wp\/v2\/users\/8"}],"replies":[{"embeddable":true,"href":"https:\/\/domath.surju.ee\/es\/wp-json\/wp\/v2\/comments?post=486"}],"version-history":[{"count":5,"href":"https:\/\/domath.surju.ee\/es\/wp-json\/wp\/v2\/pages\/486\/revisions"}],"predecessor-version":[{"id":5099,"href":"https:\/\/domath.surju.ee\/es\/wp-json\/wp\/v2\/pages\/486\/revisions\/5099"}],"wp:attachment":[{"href":"https:\/\/domath.surju.ee\/es\/wp-json\/wp\/v2\/media?parent=486"}],"wp:term":[{"taxonomy":"category","embeddable":true,"href":"https:\/\/domath.surju.ee\/es\/wp-json\/wp\/v2\/categories?post=486"},{"taxonomy":"post_tag","embeddable":true,"href":"https:\/\/domath.surju.ee\/es\/wp-json\/wp\/v2\/tags?post=486"}],"curies":[{"name":"wp","href":"https:\/\/api.w.org\/{rel}","templated":true}]}}