{"id":467,"date":"2023-10-26T08:51:20","date_gmt":"2023-10-26T08:51:20","guid":{"rendered":"https:\/\/domath.surju.ee\/?page_id=467"},"modified":"2024-12-27T22:59:19","modified_gmt":"2024-12-27T22:59:19","slug":"graph","status":"publish","type":"page","link":"https:\/\/domath.surju.ee\/es\/grafico\/","title":{"rendered":"Gr\u00e1fico"},"content":{"rendered":"\r\n\r\n<p><strong><br \/>\r\nLos gr\u00e1ficos<\/strong> son dibujos que muestran informaci\u00f3n matem\u00e1tica con l\u00edneas, formas y colores.<\/p>\r\n<p>Hay muchos tipos de gr\u00e1ficos. Por ejemplo, gr\u00e1ficos circulares, gr\u00e1ficos de barras y gr\u00e1ficos lineales.<\/p>\r\n<p><a href=\"https:\/\/www.mathgames.com\/graphing\">https:\/\/www.mathgames.com\/graphing<\/a> Aqu\u00ed tienes algunos juegos sobre gr\u00e1ficos.<\/p>\r\n\r\n\r\n<p><img loading=\"lazy\" decoding=\"async\" class=\"alignnone size-medium wp-image-1908\" src=\"https:\/\/domath.surju.ee\/wp-content\/uploads\/2024\/04\/Infographics_004-300x300.jpg\" alt=\"\" width=\"300\" height=\"300\" srcset=\"https:\/\/domath.surju.ee\/wp-content\/uploads\/2024\/04\/Infographics_004-300x300.jpg 300w, https:\/\/domath.surju.ee\/wp-content\/uploads\/2024\/04\/Infographics_004-1024x1024.jpg 1024w, https:\/\/domath.surju.ee\/wp-content\/uploads\/2024\/04\/Infographics_004-150x150.jpg 150w, https:\/\/domath.surju.ee\/wp-content\/uploads\/2024\/04\/Infographics_004-768x768.jpg 768w, https:\/\/domath.surju.ee\/wp-content\/uploads\/2024\/04\/Infographics_004-1536x1536.jpg 1536w, https:\/\/domath.surju.ee\/wp-content\/uploads\/2024\/04\/Infographics_004-2048x2048.jpg 2048w, https:\/\/domath.surju.ee\/wp-content\/uploads\/2024\/04\/Infographics_004-24x24.jpg 24w, https:\/\/domath.surju.ee\/wp-content\/uploads\/2024\/04\/Infographics_004-36x36.jpg 36w, https:\/\/domath.surju.ee\/wp-content\/uploads\/2024\/04\/Infographics_004-48x48.jpg 48w\" sizes=\"auto, (max-width: 300px) 100vw, 300px\" \/><\/p>\r\n","protected":false},"excerpt":{"rendered":"<p>Los gr\u00e1ficos son dibujos que muestran informaci\u00f3n matem\u00e1tica con l\u00edneas, formas y colores. Hay muchos tipos de gr\u00e1ficos. Por ejemplo, gr\u00e1ficos circulares, gr\u00e1ficos de barras y gr\u00e1ficos lineales. https:\/\/www.mathgames.com\/graphing Aqu\u00ed tienes algunos juegos sobre gr\u00e1ficos. [&#8230;]<\/p>\n<p><a class=\"btn btn-secondary understrap-read-more-link\" href=\"https:\/\/domath.surju.ee\/es\/grafico\/\">Leer m\u00e1s&#8230;<span class=\"screen-reader-text\"> from Gr\u00e1fico<\/span><\/a><\/p>\n","protected":false},"author":8,"featured_media":0,"parent":0,"menu_order":0,"comment_status":"closed","ping_status":"closed","template":"","meta":{"_eb_attr":"","_uag_custom_page_level_css":"","footnotes":""},"categories":[],"tags":[69,108,140,75],"class_list":["post-467","page","type-page","status-publish","hentry","tag-english-g","tag-estonian-d","tag-greek-gamma","tag-spanish-g"],"uagb_featured_image_src":{"full":false,"thumbnail":false,"medium":false,"medium_large":false,"large":false,"1536x1536":false,"2048x2048":false,"menu-24x24":false,"menu-36x36":false,"menu-48x48":false},"uagb_author_info":{"display_name":"Silvia Herrera","author_link":"https:\/\/domath.surju.ee\/es\/author\/silvia\/"},"uagb_comment_info":0,"uagb_excerpt":"Los gr\u00e1ficos son dibujos que muestran informaci\u00f3n matem\u00e1tica con l\u00edneas, formas y colores. Hay muchos tipos de gr\u00e1ficos. Por ejemplo, gr\u00e1ficos circulares, gr\u00e1ficos de barras y gr\u00e1ficos lineales. https:\/\/www.mathgames.com\/graphing Aqu\u00ed tienes algunos juegos sobre gr\u00e1ficos. [...]Leer m\u00e1s... from Gr\u00e1fico","_links":{"self":[{"href":"https:\/\/domath.surju.ee\/es\/wp-json\/wp\/v2\/pages\/467","targetHints":{"allow":["GET"]}}],"collection":[{"href":"https:\/\/domath.surju.ee\/es\/wp-json\/wp\/v2\/pages"}],"about":[{"href":"https:\/\/domath.surju.ee\/es\/wp-json\/wp\/v2\/types\/page"}],"author":[{"embeddable":true,"href":"https:\/\/domath.surju.ee\/es\/wp-json\/wp\/v2\/users\/8"}],"replies":[{"embeddable":true,"href":"https:\/\/domath.surju.ee\/es\/wp-json\/wp\/v2\/comments?post=467"}],"version-history":[{"count":4,"href":"https:\/\/domath.surju.ee\/es\/wp-json\/wp\/v2\/pages\/467\/revisions"}],"predecessor-version":[{"id":4085,"href":"https:\/\/domath.surju.ee\/es\/wp-json\/wp\/v2\/pages\/467\/revisions\/4085"}],"wp:attachment":[{"href":"https:\/\/domath.surju.ee\/es\/wp-json\/wp\/v2\/media?parent=467"}],"wp:term":[{"taxonomy":"category","embeddable":true,"href":"https:\/\/domath.surju.ee\/es\/wp-json\/wp\/v2\/categories?post=467"},{"taxonomy":"post_tag","embeddable":true,"href":"https:\/\/domath.surju.ee\/es\/wp-json\/wp\/v2\/tags?post=467"}],"curies":[{"name":"wp","href":"https:\/\/api.w.org\/{rel}","templated":true}]}}