{"id":453,"date":"2023-10-26T08:48:25","date_gmt":"2023-10-26T08:48:25","guid":{"rendered":"https:\/\/domath.surju.ee\/?page_id=453"},"modified":"2024-12-27T22:50:37","modified_gmt":"2024-12-27T22:50:37","slug":"geometry","status":"publish","type":"page","link":"https:\/\/domath.surju.ee\/es\/geometria\/","title":{"rendered":" Geometr\u00eda"},"content":{"rendered":"\r\n<p id=\"tw-target-text\" class=\"tw-data-text tw-text-large tw-ta\" dir=\"ltr\" data-placeholder=\"Translation\" aria-label=\"Translated text\" data-ved=\"2ahUKEwjwk-Pi0s2FAxXeIhAIHeyXAlQQ3ewLegQIBRAU\"><span class=\"Y2IQFc\" lang=\"es\">La <strong>geometr\u00eda<\/strong> es un \u00e1rea de las matem\u00e1ticas que estudia las propiedades de figuras, formas planas, puntos, l\u00edneas, curvas, superficies y \u00e1ngulos, y su posici\u00f3n, tama\u00f1o y relaciones en el espacio. <br \/>\r\n<br \/>\r\nEjemplos de geometr\u00eda plana (2D) son l\u00edneas, puntos, \u00e1ngulos y formas planas. <br \/>\r\n<br \/>\r\nEjemplos de geometr\u00eda s\u00f3lida (3D) son conos, cuboides, cubos, poliedros y esferas.<\/span><\/p>\r\n<p><img loading=\"lazy\" decoding=\"async\" class=\"alignnone  wp-image-2151\" src=\"https:\/\/domath.surju.ee\/wp-content\/uploads\/2024\/04\/Geometry-1-300x169.png\" alt=\"\" width=\"537\" height=\"303\" srcset=\"https:\/\/domath.surju.ee\/wp-content\/uploads\/2024\/04\/Geometry-1-300x169.png 300w, https:\/\/domath.surju.ee\/wp-content\/uploads\/2024\/04\/Geometry-1-1024x576.png 1024w, https:\/\/domath.surju.ee\/wp-content\/uploads\/2024\/04\/Geometry-1-768x432.png 768w, https:\/\/domath.surju.ee\/wp-content\/uploads\/2024\/04\/Geometry-1-1536x864.png 1536w, https:\/\/domath.surju.ee\/wp-content\/uploads\/2024\/04\/Geometry-1-24x14.png 24w, https:\/\/domath.surju.ee\/wp-content\/uploads\/2024\/04\/Geometry-1-36x20.png 36w, https:\/\/domath.surju.ee\/wp-content\/uploads\/2024\/04\/Geometry-1-48x27.png 48w, https:\/\/domath.surju.ee\/wp-content\/uploads\/2024\/04\/Geometry-1.png 1920w\" sizes=\"auto, (max-width: 537px) 100vw, 537px\" \/><\/p>\r\n<p>A continuaci\u00f3n se muestran algunos juegos sobre geometr\u00eda.<\/p>\r\n<p>Link: &nbsp;<a href=\"https:\/\/www.mathplayground.com\/index_geometry.html\">https:\/\/www.mathplayground.com\/index_geometry.html<\/a><\/p>\r\n","protected":false},"excerpt":{"rendered":"<p>La geometr\u00eda es un \u00e1rea de las matem\u00e1ticas que estudia las propiedades de figuras, formas planas, puntos, l\u00edneas, curvas, superficies y \u00e1ngulos, y su posici\u00f3n, tama\u00f1o y relaciones en el espacio. Ejemplos de geometr\u00eda plana (2D) son l\u00edneas, puntos, \u00e1ngulos y formas planas. Ejemplos de geometr\u00eda s\u00f3lida (3D) son conos, cuboides, cubos, poliedros y esferas. [&#8230;]<\/p>\n<p><a class=\"btn btn-secondary understrap-read-more-link\" href=\"https:\/\/domath.surju.ee\/es\/geometria\/\">Leer m\u00e1s&#8230;<span class=\"screen-reader-text\"> from  Geometr\u00eda<\/span><\/a><\/p>\n","protected":false},"author":7,"featured_media":0,"parent":0,"menu_order":0,"comment_status":"closed","ping_status":"closed","template":"","meta":{"_eb_attr":"","_uag_custom_page_level_css":"","footnotes":""},"categories":[],"tags":[69,111,140,75],"class_list":["post-453","page","type-page","status-publish","hentry","tag-english-g","tag-estonian-g","tag-greek-gamma","tag-spanish-g"],"uagb_featured_image_src":{"full":false,"thumbnail":false,"medium":false,"medium_large":false,"large":false,"1536x1536":false,"2048x2048":false,"menu-24x24":false,"menu-36x36":false,"menu-48x48":false},"uagb_author_info":{"display_name":"Yessica Caceres","author_link":"https:\/\/domath.surju.ee\/es\/author\/yessica\/"},"uagb_comment_info":0,"uagb_excerpt":"La geometr\u00eda es un \u00e1rea de las matem\u00e1ticas que estudia las propiedades de figuras, formas planas, puntos, l\u00edneas, curvas, superficies y \u00e1ngulos, y su posici\u00f3n, tama\u00f1o y relaciones en el espacio. Ejemplos de geometr\u00eda plana (2D) son l\u00edneas, puntos, \u00e1ngulos y formas planas. Ejemplos de geometr\u00eda s\u00f3lida (3D) son conos, cuboides, cubos, poliedros y esferas.&hellip;","_links":{"self":[{"href":"https:\/\/domath.surju.ee\/es\/wp-json\/wp\/v2\/pages\/453","targetHints":{"allow":["GET"]}}],"collection":[{"href":"https:\/\/domath.surju.ee\/es\/wp-json\/wp\/v2\/pages"}],"about":[{"href":"https:\/\/domath.surju.ee\/es\/wp-json\/wp\/v2\/types\/page"}],"author":[{"embeddable":true,"href":"https:\/\/domath.surju.ee\/es\/wp-json\/wp\/v2\/users\/7"}],"replies":[{"embeddable":true,"href":"https:\/\/domath.surju.ee\/es\/wp-json\/wp\/v2\/comments?post=453"}],"version-history":[{"count":6,"href":"https:\/\/domath.surju.ee\/es\/wp-json\/wp\/v2\/pages\/453\/revisions"}],"predecessor-version":[{"id":4083,"href":"https:\/\/domath.surju.ee\/es\/wp-json\/wp\/v2\/pages\/453\/revisions\/4083"}],"wp:attachment":[{"href":"https:\/\/domath.surju.ee\/es\/wp-json\/wp\/v2\/media?parent=453"}],"wp:term":[{"taxonomy":"category","embeddable":true,"href":"https:\/\/domath.surju.ee\/es\/wp-json\/wp\/v2\/categories?post=453"},{"taxonomy":"post_tag","embeddable":true,"href":"https:\/\/domath.surju.ee\/es\/wp-json\/wp\/v2\/tags?post=453"}],"curies":[{"name":"wp","href":"https:\/\/api.w.org\/{rel}","templated":true}]}}