{"id":448,"date":"2023-10-26T08:37:01","date_gmt":"2023-10-26T08:37:01","guid":{"rendered":"https:\/\/domath.surju.ee\/?page_id=448"},"modified":"2024-12-22T14:17:17","modified_gmt":"2024-12-22T14:17:17","slug":"altitude-of-a-triangle","status":"publish","type":"page","link":"https:\/\/domath.surju.ee\/es\/altitude-of-a-triangle\/","title":{"rendered":"Altitud de un tri\u00e1ngulo."},"content":{"rendered":"<h1 style=\"text-align: center;\"><span style=\"color: #008000;\"><strong>Altitud de un Tri\u00e1ngulo<\/strong><\/span><\/h1>\r\n<p id=\"tw-target-text\" class=\"tw-data-text tw-text-large tw-ta\" dir=\"ltr\" data-placeholder=\"Traducci\u00f3n\" data-ved=\"2ahUKEwjd8oLnm5-JAxWObKQEHQvhLZIQ3ewLegQIBxAU\" aria-label=\"Texto traducido: La altitud de un tri\u00e1ngulo es una perpendicular que se traza desde el v\u00e9rtice de un tri\u00e1ngulo hasta el lado opuesto.\"><span class=\"Y2IQFc\" lang=\"es\">La <strong>altitud de un tri\u00e1ngulo<\/strong> es una perpendicular que se traza desde el v\u00e9rtice de un tri\u00e1ngulo hasta el lado opuesto.<\/span><\/p>\r\n<p><img loading=\"lazy\" decoding=\"async\" class=\"wp-image-2498 alignleft\" src=\"https:\/\/domath.surju.ee\/wp-content\/uploads\/2024\/07\/Kolmnurk-300x270.png\" alt=\"\" width=\"268\" height=\"241\" srcset=\"https:\/\/domath.surju.ee\/wp-content\/uploads\/2024\/07\/Kolmnurk-300x270.png 300w, https:\/\/domath.surju.ee\/wp-content\/uploads\/2024\/07\/Kolmnurk-1024x922.png 1024w, https:\/\/domath.surju.ee\/wp-content\/uploads\/2024\/07\/Kolmnurk-768x691.png 768w, https:\/\/domath.surju.ee\/wp-content\/uploads\/2024\/07\/Kolmnurk-1536x1382.png 1536w, https:\/\/domath.surju.ee\/wp-content\/uploads\/2024\/07\/Kolmnurk-2048x1843.png 2048w, https:\/\/domath.surju.ee\/wp-content\/uploads\/2024\/07\/Kolmnurk-24x22.png 24w, https:\/\/domath.surju.ee\/wp-content\/uploads\/2024\/07\/Kolmnurk-36x32.png 36w, https:\/\/domath.surju.ee\/wp-content\/uploads\/2024\/07\/Kolmnurk-48x43.png 48w\" sizes=\"auto, (max-width: 268px) 100vw, 268px\" \/><\/p>\r\n\r\n<p>&nbsp;<\/p>\r\n\r\n\r\n<p id=\"tw-target-text\" class=\"tw-data-text tw-text-large tw-ta\" dir=\"ltr\" data-placeholder=\"Traducci\u00f3n\" data-ved=\"2ahUKEwjd8oLnm5-JAxWObKQEHQvhLZIQ3ewLegQIBxAU\" aria-label=\"Texto traducido: La altitud forma un \u00e1ngulo de 90\u00b0 con el lado opuesto a ella.\"><span class=\"Y2IQFc\" lang=\"es\"><strong>La altitud<\/strong> forma un \u00e1ngulo de 90\u00b0 con el lado opuesto a ella.<\/span><\/p>\r\n\r\n\r\n<p id=\"tw-target-text\" class=\"tw-data-text tw-text-large tw-ta\" dir=\"ltr\" style=\"text-align: left;\" data-placeholder=\"Traducci\u00f3n\" data-ved=\"2ahUKEwjd8oLnm5-JAxWObKQEHQvhLZIQ3ewLegQIBxAU\" aria-label=\"Texto traducido: La altitud forma un \u00e1ngulo recto con la base del tri\u00e1ngulo que toca.\"><span class=\"Y2IQFc\" lang=\"es\">La altitud forma un \u00e1ngulo recto con la base del tri\u00e1ngulo que toca.<br \/>\r\n<br \/>\r\n<\/span><span class=\"Y2IQFc\" lang=\"es\"><br \/>\r\nUn tri\u00e1ngulo puede tener tres alturas:<\/span><\/p>\r\n<span class=\"Y2IQFc\" lang=\"es\">&nbsp;&#8211; Las altitudes pueden estar dentro. <br \/>\r\n&#8211; &nbsp;Las altitudes pueden estar fuera del tri\u00e1ngulo.<\/span><br \/>\r\n<br \/>\r\n <iframe loading=\"lazy\" style=\"border: 0px;\" title=\"Kolmnurga k\u00f5rgus1\" src=\"https:\/\/www.geogebra.org\/material\/iframe\/id\/ukstdfrq\/width\/800\/height\/532\/border\/888888\/sfsb\/true\/smb\/false\/stb\/false\/stbh\/false\/ai\/false\/asb\/false\/sri\/false\/rc\/false\/ld\/false\/sdz\/false\/ctl\/false\" width=\"500px\" height=\"332px\" scrolling=\"no\"> <\/iframe> \r\n <iframe loading=\"lazy\" style=\"border: 0px;\" title=\"Kolmnurk k\u00f5rgustega\" src=\"https:\/\/www.geogebra.org\/material\/iframe\/id\/ds4wjrkg\/width\/800\/height\/532\/border\/888888\/sfsb\/true\/smb\/false\/stb\/false\/stbh\/false\/ai\/false\/asb\/false\/sri\/false\/rc\/false\/ld\/false\/sdz\/false\/ctl\/false\" width=\"500px\" height=\"332px\" scrolling=\"no\"> <\/iframe> ","protected":false},"excerpt":{"rendered":"<p>Altitud de un Tri\u00e1ngulo La altitud de un tri\u00e1ngulo es una perpendicular que se traza desde el v\u00e9rtice de un tri\u00e1ngulo hasta el lado opuesto. &nbsp; La altitud forma un \u00e1ngulo de 90\u00b0 con el lado opuesto a ella. La altitud forma un \u00e1ngulo recto con la base del tri\u00e1ngulo que toca. Un tri\u00e1ngulo puede [&#8230;]<\/p>\n<p><a class=\"btn btn-secondary understrap-read-more-link\" href=\"https:\/\/domath.surju.ee\/es\/altitude-of-a-triangle\/\">Leer m\u00e1s&#8230;<span class=\"screen-reader-text\"> from Altitud de un tri\u00e1ngulo.<\/span><\/a><\/p>\n","protected":false},"author":2,"featured_media":0,"parent":0,"menu_order":0,"comment_status":"closed","ping_status":"closed","template":"","meta":{"_eb_attr":"","_uag_custom_page_level_css":"","footnotes":""},"categories":[],"tags":[37,76,171,72],"class_list":["post-448","page","type-page","status-publish","hentry","tag-english-a","tag-estonian-k","tag-greek-ypsilon","tag-spanish-a"],"uagb_featured_image_src":{"full":false,"thumbnail":false,"medium":false,"medium_large":false,"large":false,"1536x1536":false,"2048x2048":false,"menu-24x24":false,"menu-36x36":false,"menu-48x48":false},"uagb_author_info":{"display_name":"Signe Reidla","author_link":"https:\/\/domath.surju.ee\/es\/author\/signe\/"},"uagb_comment_info":0,"uagb_excerpt":"Altitud de un Tri\u00e1ngulo La altitud de un tri\u00e1ngulo es una perpendicular que se traza desde el v\u00e9rtice de un tri\u00e1ngulo hasta el lado opuesto. &nbsp; La altitud forma un \u00e1ngulo de 90\u00b0 con el lado opuesto a ella. La altitud forma un \u00e1ngulo recto con la base del tri\u00e1ngulo que toca. Un tri\u00e1ngulo puede&hellip;","_links":{"self":[{"href":"https:\/\/domath.surju.ee\/es\/wp-json\/wp\/v2\/pages\/448","targetHints":{"allow":["GET"]}}],"collection":[{"href":"https:\/\/domath.surju.ee\/es\/wp-json\/wp\/v2\/pages"}],"about":[{"href":"https:\/\/domath.surju.ee\/es\/wp-json\/wp\/v2\/types\/page"}],"author":[{"embeddable":true,"href":"https:\/\/domath.surju.ee\/es\/wp-json\/wp\/v2\/users\/2"}],"replies":[{"embeddable":true,"href":"https:\/\/domath.surju.ee\/es\/wp-json\/wp\/v2\/comments?post=448"}],"version-history":[{"count":27,"href":"https:\/\/domath.surju.ee\/es\/wp-json\/wp\/v2\/pages\/448\/revisions"}],"predecessor-version":[{"id":4943,"href":"https:\/\/domath.surju.ee\/es\/wp-json\/wp\/v2\/pages\/448\/revisions\/4943"}],"wp:attachment":[{"href":"https:\/\/domath.surju.ee\/es\/wp-json\/wp\/v2\/media?parent=448"}],"wp:term":[{"taxonomy":"category","embeddable":true,"href":"https:\/\/domath.surju.ee\/es\/wp-json\/wp\/v2\/categories?post=448"},{"taxonomy":"post_tag","embeddable":true,"href":"https:\/\/domath.surju.ee\/es\/wp-json\/wp\/v2\/tags?post=448"}],"curies":[{"name":"wp","href":"https:\/\/api.w.org\/{rel}","templated":true}]}}