{"id":427,"date":"2023-10-25T12:23:52","date_gmt":"2023-10-25T12:23:52","guid":{"rendered":"https:\/\/domath.surju.ee\/?page_id=427"},"modified":"2024-12-29T23:07:30","modified_gmt":"2024-12-29T23:07:30","slug":"multiplication","status":"publish","type":"page","link":"https:\/\/domath.surju.ee\/es\/tabla-de-multiplicar\/","title":{"rendered":"Tabla de multiplicar"},"content":{"rendered":"<h1 style=\"text-align: center;\"><strong><span style=\"color: #008000;\">Tabla de multiplicar<\/span><\/strong><\/h1>\r\n<p><strong>La multiplicaci\u00f3n<\/strong> es el proceso de calcular el producto de dos o m\u00e1s n\u00fameros.<\/p>\r\n<p>Las partes de una<strong>&nbsp;multiplicaci\u00f3n <\/strong>son el multiplicando, el multiplicador y el producto.<\/p>\r\n<p>2+2+2+2+2 =10<\/p>\r\n<p>5 x 2 =10<\/p>\r\n<table style=\"border-collapse: collapse; width: 100%; height: 62px;\">\r\n<tbody>\r\n<tr style=\"height: 21px;\">\r\n<td style=\"width: 50%; height: 21px;\"><img loading=\"lazy\" decoding=\"async\" class=\"size-medium wp-image-4187 aligncenter\" src=\"https:\/\/domath.surju.ee\/wp-content\/uploads\/2024\/08\/Korrutamine1-300x121.png\" alt=\"\" width=\"300\" height=\"121\" srcset=\"https:\/\/domath.surju.ee\/wp-content\/uploads\/2024\/08\/Korrutamine1-300x121.png 300w, https:\/\/domath.surju.ee\/wp-content\/uploads\/2024\/08\/Korrutamine1-1024x415.png 1024w, https:\/\/domath.surju.ee\/wp-content\/uploads\/2024\/08\/Korrutamine1-768x311.png 768w, https:\/\/domath.surju.ee\/wp-content\/uploads\/2024\/08\/Korrutamine1-1536x622.png 1536w, https:\/\/domath.surju.ee\/wp-content\/uploads\/2024\/08\/Korrutamine1-2048x829.png 2048w, https:\/\/domath.surju.ee\/wp-content\/uploads\/2024\/08\/Korrutamine1-24x10.png 24w, https:\/\/domath.surju.ee\/wp-content\/uploads\/2024\/08\/Korrutamine1-36x15.png 36w, https:\/\/domath.surju.ee\/wp-content\/uploads\/2024\/08\/Korrutamine1-48x19.png 48w\" sizes=\"auto, (max-width: 300px) 100vw, 300px\" \/><\/td>\r\n<td style=\"width: 50%; height: 21px;\"><img loading=\"lazy\" decoding=\"async\" class=\"size-medium wp-image-4191 aligncenter\" src=\"https:\/\/domath.surju.ee\/wp-content\/uploads\/2024\/08\/Korrutamine-4-300x61.png\" alt=\"\" width=\"300\" height=\"61\" srcset=\"https:\/\/domath.surju.ee\/wp-content\/uploads\/2024\/08\/Korrutamine-4-300x61.png 300w, https:\/\/domath.surju.ee\/wp-content\/uploads\/2024\/08\/Korrutamine-4-1024x207.png 1024w, https:\/\/domath.surju.ee\/wp-content\/uploads\/2024\/08\/Korrutamine-4-768x155.png 768w, https:\/\/domath.surju.ee\/wp-content\/uploads\/2024\/08\/Korrutamine-4-1536x310.png 1536w, https:\/\/domath.surju.ee\/wp-content\/uploads\/2024\/08\/Korrutamine-4-2048x414.png 2048w, https:\/\/domath.surju.ee\/wp-content\/uploads\/2024\/08\/Korrutamine-4-24x5.png 24w, https:\/\/domath.surju.ee\/wp-content\/uploads\/2024\/08\/Korrutamine-4-36x7.png 36w, https:\/\/domath.surju.ee\/wp-content\/uploads\/2024\/08\/Korrutamine-4-48x10.png 48w\" sizes=\"auto, (max-width: 300px) 100vw, 300px\" \/><\/td>\r\n<\/tr>\r\n<tr style=\"height: 20px;\">\r\n<td style=\"width: 50%; height: 20px;\"><img loading=\"lazy\" decoding=\"async\" class=\" wp-image-4188 aligncenter\" src=\"https:\/\/domath.surju.ee\/wp-content\/uploads\/2024\/08\/Korrutamine-1-300x19.png\" alt=\"\" width=\"584\" height=\"37\" srcset=\"https:\/\/domath.surju.ee\/wp-content\/uploads\/2024\/08\/Korrutamine-1-300x19.png 300w, https:\/\/domath.surju.ee\/wp-content\/uploads\/2024\/08\/Korrutamine-1-1024x66.png 1024w, https:\/\/domath.surju.ee\/wp-content\/uploads\/2024\/08\/Korrutamine-1-768x49.png 768w, https:\/\/domath.surju.ee\/wp-content\/uploads\/2024\/08\/Korrutamine-1-1536x99.png 1536w, https:\/\/domath.surju.ee\/wp-content\/uploads\/2024\/08\/Korrutamine-1-2048x132.png 2048w, https:\/\/domath.surju.ee\/wp-content\/uploads\/2024\/08\/Korrutamine-1-24x2.png 24w, https:\/\/domath.surju.ee\/wp-content\/uploads\/2024\/08\/Korrutamine-1-36x2.png 36w, https:\/\/domath.surju.ee\/wp-content\/uploads\/2024\/08\/Korrutamine-1-48x3.png 48w\" sizes=\"auto, (max-width: 584px) 100vw, 584px\" \/><\/td>\r\n<td style=\"width: 50%; height: 20px;\"><img loading=\"lazy\" decoding=\"async\" class=\" wp-image-4192 aligncenter\" src=\"https:\/\/domath.surju.ee\/wp-content\/uploads\/2024\/08\/Korrutamine-6-300x32.png\" alt=\"\" width=\"272\" height=\"29\" srcset=\"https:\/\/domath.surju.ee\/wp-content\/uploads\/2024\/08\/Korrutamine-6-300x32.png 300w, https:\/\/domath.surju.ee\/wp-content\/uploads\/2024\/08\/Korrutamine-6-1024x109.png 1024w, https:\/\/domath.surju.ee\/wp-content\/uploads\/2024\/08\/Korrutamine-6-768x82.png 768w, https:\/\/domath.surju.ee\/wp-content\/uploads\/2024\/08\/Korrutamine-6-24x3.png 24w, https:\/\/domath.surju.ee\/wp-content\/uploads\/2024\/08\/Korrutamine-6-36x4.png 36w, https:\/\/domath.surju.ee\/wp-content\/uploads\/2024\/08\/Korrutamine-6-48x5.png 48w, https:\/\/domath.surju.ee\/wp-content\/uploads\/2024\/08\/Korrutamine-6.png 1498w\" sizes=\"auto, (max-width: 272px) 100vw, 272px\" \/><\/td>\r\n<\/tr>\r\n<tr style=\"height: 21px;\">\r\n<td style=\"width: 50%; height: 21px;\"><img loading=\"lazy\" decoding=\"async\" class=\"wp-image-4190 aligncenter\" src=\"https:\/\/domath.surju.ee\/wp-content\/uploads\/2024\/08\/Korrutamine-2-300x86.png\" alt=\"\" width=\"150\" height=\"43\" srcset=\"https:\/\/domath.surju.ee\/wp-content\/uploads\/2024\/08\/Korrutamine-2-300x86.png 300w, https:\/\/domath.surju.ee\/wp-content\/uploads\/2024\/08\/Korrutamine-2-1024x293.png 1024w, https:\/\/domath.surju.ee\/wp-content\/uploads\/2024\/08\/Korrutamine-2-768x220.png 768w, https:\/\/domath.surju.ee\/wp-content\/uploads\/2024\/08\/Korrutamine-2-1536x440.png 1536w, https:\/\/domath.surju.ee\/wp-content\/uploads\/2024\/08\/Korrutamine-2-2048x587.png 2048w, https:\/\/domath.surju.ee\/wp-content\/uploads\/2024\/08\/Korrutamine-2-24x7.png 24w, https:\/\/domath.surju.ee\/wp-content\/uploads\/2024\/08\/Korrutamine-2-36x10.png 36w, https:\/\/domath.surju.ee\/wp-content\/uploads\/2024\/08\/Korrutamine-2-48x14.png 48w\" sizes=\"auto, (max-width: 150px) 100vw, 150px\" \/><\/td>\r\n<td style=\"width: 50%; height: 21px;\"><img loading=\"lazy\" decoding=\"async\" class=\" wp-image-4193 aligncenter\" src=\"https:\/\/domath.surju.ee\/wp-content\/uploads\/2024\/08\/Korrutamine-5-300x74.png\" alt=\"\" width=\"142\" height=\"35\" srcset=\"https:\/\/domath.surju.ee\/wp-content\/uploads\/2024\/08\/Korrutamine-5-300x74.png 300w, https:\/\/domath.surju.ee\/wp-content\/uploads\/2024\/08\/Korrutamine-5-1024x254.png 1024w, https:\/\/domath.surju.ee\/wp-content\/uploads\/2024\/08\/Korrutamine-5-768x190.png 768w, https:\/\/domath.surju.ee\/wp-content\/uploads\/2024\/08\/Korrutamine-5-1536x380.png 1536w, https:\/\/domath.surju.ee\/wp-content\/uploads\/2024\/08\/Korrutamine-5-2048x507.png 2048w, https:\/\/domath.surju.ee\/wp-content\/uploads\/2024\/08\/Korrutamine-5-24x6.png 24w, https:\/\/domath.surju.ee\/wp-content\/uploads\/2024\/08\/Korrutamine-5-36x9.png 36w, https:\/\/domath.surju.ee\/wp-content\/uploads\/2024\/08\/Korrutamine-5-48x12.png 48w\" sizes=\"auto, (max-width: 142px) 100vw, 142px\" \/><\/td>\r\n<\/tr>\r\n<\/tbody>\r\n<\/table>\r\n\r\n<div class=\"guten-element guten-spacer guten-be56nr\">&nbsp;<\/div>\r\n\r\n <iframe loading=\"lazy\" style=\"border: 0px;\" title=\"Korrutustabel\" src=\"https:\/\/www.geogebra.org\/material\/iframe\/id\/gcxsyje5\/width\/1230\/height\/585\/border\/888888\/sfsb\/true\/smb\/false\/stb\/false\/stbh\/false\/ai\/false\/asb\/false\/sri\/false\/rc\/false\/ld\/false\/sdz\/false\/ctl\/false\" width=\"700px\" height=\"350px\" scrolling=\"no\"> <\/iframe> \r\n<p><a href=\"https:\/\/www.geogebra.org\/u\/t.wassermair\"><span class=\"notranslate\">Tanja Wassermair , License<\/span><\/a><a href=\"https:\/\/creativecommons.org\/licenses\/by-sa\/3.0\">CC-BY-SA<\/a>,&nbsp;<a href=\"https:\/\/www.geogebra.org\/tos\">GeoGebra Terms of Use<\/a><\/p>\r\n <iframe loading=\"lazy\" style=\"border: 0px;\" title=\"Korrutamine\" src=\"https:\/\/www.geogebra.org\/material\/iframe\/id\/b7qtkmxw\/width\/1235\/height\/685\/border\/888888\/sfsb\/true\/smb\/false\/stb\/false\/stbh\/false\/ai\/false\/asb\/false\/sri\/false\/rc\/false\/ld\/false\/sdz\/false\/ctl\/false\" width=\"700px\" height=\"385px\" scrolling=\"no\"> <\/iframe> \r\n<p><a href=\"https:\/\/www.geogebra.org\/u\/prasadareddy\"><span class=\"notranslate\">R.PRASADA REDDY<\/span><\/a> , <a href=\"https:\/\/www.geogebra.org\/u\/t.wassermair\"><span class=\"notranslate\">License<\/span><\/a><a href=\"https:\/\/creativecommons.org\/licenses\/by-sa\/3.0\">CC-BY-SA<\/a>,&nbsp;<a href=\"https:\/\/www.geogebra.org\/tos\">GeoGebra Terms of Use<\/a><\/p>","protected":false},"excerpt":{"rendered":"<p>Tabla de multiplicar La multiplicaci\u00f3n es el proceso de calcular el producto de dos o m\u00e1s n\u00fameros. Las partes de una&nbsp;multiplicaci\u00f3n son el multiplicando, el multiplicador y el producto. 2+2+2+2+2 =10 5 x 2 =10 &nbsp; Tanja Wassermair , LicenseCC-BY-SA,&nbsp;GeoGebra Terms of Use R.PRASADA REDDY , LicenseCC-BY-SA,&nbsp;GeoGebra Terms of Use [&#8230;]<\/p>\n<p><a class=\"btn btn-secondary understrap-read-more-link\" href=\"https:\/\/domath.surju.ee\/es\/tabla-de-multiplicar\/\">Leer m\u00e1s&#8230;<span class=\"screen-reader-text\"> from Tabla de multiplicar<\/span><\/a><\/p>\n","protected":false},"author":1,"featured_media":0,"parent":0,"menu_order":0,"comment_status":"closed","ping_status":"closed","template":"","meta":{"_eb_attr":"","_uag_custom_page_level_css":"","footnotes":""},"categories":[],"tags":[64,76,135],"class_list":["post-427","page","type-page","status-publish","hentry","tag-english-m","tag-estonian-k","tag-spanish-t"],"uagb_featured_image_src":{"full":false,"thumbnail":false,"medium":false,"medium_large":false,"large":false,"1536x1536":false,"2048x2048":false,"menu-24x24":false,"menu-36x36":false,"menu-48x48":false},"uagb_author_info":{"display_name":"valter","author_link":"https:\/\/domath.surju.ee\/es\/author\/valter\/"},"uagb_comment_info":0,"uagb_excerpt":"Tabla de multiplicar La multiplicaci\u00f3n es el proceso de calcular el producto de dos o m\u00e1s n\u00fameros. Las partes de una&nbsp;multiplicaci\u00f3n son el multiplicando, el multiplicador y el producto. 2+2+2+2+2 =10 5 x 2 =10 &nbsp; Tanja Wassermair , LicenseCC-BY-SA,&nbsp;GeoGebra Terms of Use R.PRASADA REDDY , LicenseCC-BY-SA,&nbsp;GeoGebra Terms of Use [...]Leer m\u00e1s... from Tabla de&hellip;","_links":{"self":[{"href":"https:\/\/domath.surju.ee\/es\/wp-json\/wp\/v2\/pages\/427","targetHints":{"allow":["GET"]}}],"collection":[{"href":"https:\/\/domath.surju.ee\/es\/wp-json\/wp\/v2\/pages"}],"about":[{"href":"https:\/\/domath.surju.ee\/es\/wp-json\/wp\/v2\/types\/page"}],"author":[{"embeddable":true,"href":"https:\/\/domath.surju.ee\/es\/wp-json\/wp\/v2\/users\/1"}],"replies":[{"embeddable":true,"href":"https:\/\/domath.surju.ee\/es\/wp-json\/wp\/v2\/comments?post=427"}],"version-history":[{"count":18,"href":"https:\/\/domath.surju.ee\/es\/wp-json\/wp\/v2\/pages\/427\/revisions"}],"predecessor-version":[{"id":4195,"href":"https:\/\/domath.surju.ee\/es\/wp-json\/wp\/v2\/pages\/427\/revisions\/4195"}],"wp:attachment":[{"href":"https:\/\/domath.surju.ee\/es\/wp-json\/wp\/v2\/media?parent=427"}],"wp:term":[{"taxonomy":"category","embeddable":true,"href":"https:\/\/domath.surju.ee\/es\/wp-json\/wp\/v2\/categories?post=427"},{"taxonomy":"post_tag","embeddable":true,"href":"https:\/\/domath.surju.ee\/es\/wp-json\/wp\/v2\/tags?post=427"}],"curies":[{"name":"wp","href":"https:\/\/api.w.org\/{rel}","templated":true}]}}