{"id":4211,"date":"2024-08-11T19:51:00","date_gmt":"2024-08-11T19:51:00","guid":{"rendered":"https:\/\/domath.surju.ee\/?page_id=4211"},"modified":"2024-12-22T13:25:46","modified_gmt":"2024-12-22T13:25:46","slug":"4211-2","status":"publish","type":"page","link":"https:\/\/domath.surju.ee\/es\/4211-2\/","title":{"rendered":"Abscissa"},"content":{"rendered":"<h1 style=\"text-align: center;\"><span style=\"color: #008000;\"><strong>Abscisa<\/strong><\/span><\/h1>\r\n<p>La <strong>abscisa<\/strong> es la coordenada horizontal de un punto en un plano bidimensional. La <strong>abscisa<\/strong> se refiere a la<strong> coordenada x<\/strong> y la<strong> ordenada<\/strong> se refiere a la <strong>coordenada y<\/strong> de un gr\u00e1fico bidimensional est\u00e1ndar.<\/p>\r\n<div class=\"wp-block-uagb-icon-list uagb-block-b2ee7549\">\r\n<div class=\"uagb-icon-list__wrap\">\r\n<div class=\"wp-block-uagb-icon-list-child uagb-block-1b7ae343\">&nbsp;<\/div>\r\n<\/div>\r\n<\/div>\r\n<div class=\"wp-block-image\">\r\n<figure class=\"aligncenter size-full is-resized\"><img loading=\"lazy\" decoding=\"async\" width=\"459\" height=\"455\" class=\"wp-image-4214\" style=\"width: 511px; height: auto;\" src=\"https:\/\/domath.surju.ee\/wp-content\/uploads\/2024\/08\/coordinates-removebg-preview.png\" alt=\"\" srcset=\"https:\/\/domath.surju.ee\/wp-content\/uploads\/2024\/08\/coordinates-removebg-preview.png 459w, https:\/\/domath.surju.ee\/wp-content\/uploads\/2024\/08\/coordinates-removebg-preview-300x297.png 300w, https:\/\/domath.surju.ee\/wp-content\/uploads\/2024\/08\/coordinates-removebg-preview-150x150.png 150w, https:\/\/domath.surju.ee\/wp-content\/uploads\/2024\/08\/coordinates-removebg-preview-24x24.png 24w, https:\/\/domath.surju.ee\/wp-content\/uploads\/2024\/08\/coordinates-removebg-preview-36x36.png 36w, https:\/\/domath.surju.ee\/wp-content\/uploads\/2024\/08\/coordinates-removebg-preview-48x48.png 48w\" sizes=\"auto, (max-width: 459px) 100vw, 459px\" \/><\/figure><\/div>\r\n<div>&nbsp;<\/div>\r\n\r\nLos pares ordenados anteriores denotan la posici\u00f3n de las frutas en la cuadr\u00edcula de coordenadas.<br \/>\r\n<br \/>\r\n<ul>\r\n\t<li><span style=\"color: #000000;\">El primer n\u00famero se llama \u00ab<strong>abscissa<\/strong>\u00ab<strong> (coordenada x)<\/strong> y denota la<strong> posici\u00f3n horizontal.<\/strong><\/span><\/li>\r\n<\/ul>\r\n<ul>\r\n\t<li><span style=\"color: #000000;\">El segundo n\u00famero se llama \u00ab<strong style=\"font-family: var(--bs-body-font-family); font-size: var(--bs-body-font-size); text-align: var(--bs-body-text-align);\">ordinate<\/strong><span style=\"background-color: var(--bs-body-bg); font-family: var(--bs-body-font-family); font-size: var(--bs-body-font-size); font-weight: var(--bs-body-font-weight); text-align: var(--bs-body-text-align);\">\u00bb <\/span><strong style=\"font-family: var(--bs-body-font-family); font-size: var(--bs-body-font-size); text-align: var(--bs-body-text-align);\">(coordenada y)<\/strong><span style=\"background-color: var(--bs-body-bg); font-family: var(--bs-body-font-family); font-size: var(--bs-body-font-size); font-weight: var(--bs-body-font-weight); text-align: var(--bs-body-text-align);\"> y denota la <\/span><strong style=\"font-family: var(--bs-body-font-family); font-size: var(--bs-body-font-size); text-align: var(--bs-body-text-align);\">posici\u00f3n vertical.<\/strong><\/span><\/li>\r\n<\/ul>\r\n<ul>\r\n\t<li><span style=\"color: #000000;\">Ambos n\u00fameros se llaman \u00ab<strong style=\"font-family: var(--bs-body-font-family); font-size: var(--bs-body-font-size); text-align: var(--bs-body-text-align);\">coordinates<\/strong><span style=\"background-color: var(--bs-body-bg); font-family: var(--bs-body-font-family); font-size: var(--bs-body-font-size); font-weight: var(--bs-body-font-weight); text-align: var(--bs-body-text-align);\">\u00bb y pueden ser pares ordenados de n\u00fameros o <\/span><em style=\"font-family: var(--bs-body-font-family); font-size: var(--bs-body-font-size); font-weight: var(--bs-body-font-weight); text-align: var(--bs-body-text-align);\">letras y n\u00fameros.<\/em><\/span><\/li>\r\n<\/ul>\r\n<br \/>\r\n<p>&#8216;<img loading=\"lazy\" decoding=\"async\" class=\"wp-image-4245 aligncenter\" src=\"https:\/\/domath.surju.ee\/wp-content\/uploads\/2024\/08\/Cartesian-coordinate-system.svg_-300x297.png\" alt=\"\" width=\"338\" height=\"335\" srcset=\"https:\/\/domath.surju.ee\/wp-content\/uploads\/2024\/08\/Cartesian-coordinate-system.svg_-300x297.png 300w, https:\/\/domath.surju.ee\/wp-content\/uploads\/2024\/08\/Cartesian-coordinate-system.svg_-150x150.png 150w, https:\/\/domath.surju.ee\/wp-content\/uploads\/2024\/08\/Cartesian-coordinate-system.svg_-768x760.png 768w, https:\/\/domath.surju.ee\/wp-content\/uploads\/2024\/08\/Cartesian-coordinate-system.svg_-24x24.png 24w, https:\/\/domath.surju.ee\/wp-content\/uploads\/2024\/08\/Cartesian-coordinate-system.svg_-36x36.png 36w, https:\/\/domath.surju.ee\/wp-content\/uploads\/2024\/08\/Cartesian-coordinate-system.svg_-48x48.png 48w, https:\/\/domath.surju.ee\/wp-content\/uploads\/2024\/08\/Cartesian-coordinate-system.svg_.png 909w\" sizes=\"auto, (max-width: 338px) 100vw, 338px\" \/><\/p>\r\n<br \/>\r\n<div class=\"wp-block-uagb-icon-list-child uagb-block-e00ea423\"><img alt=\"\" \/><\/div>","protected":false},"excerpt":{"rendered":"<p>Abscisa La abscisa es la coordenada horizontal de un punto en un plano bidimensional. La abscisa se refiere a la coordenada x y la ordenada se refiere a la coordenada y de un gr\u00e1fico bidimensional est\u00e1ndar. &nbsp; &nbsp; Los pares ordenados anteriores denotan la posici\u00f3n de las frutas en la cuadr\u00edcula de coordenadas. El primer [&#8230;]<\/p>\n<p><a class=\"btn btn-secondary understrap-read-more-link\" href=\"https:\/\/domath.surju.ee\/es\/4211-2\/\">Leer m\u00e1s&#8230;<span class=\"screen-reader-text\"> from Abscissa<\/span><\/a><\/p>\n","protected":false},"author":2,"featured_media":0,"parent":0,"menu_order":0,"comment_status":"closed","ping_status":"closed","template":"","meta":{"_eb_attr":"","_uag_custom_page_level_css":"","footnotes":""},"categories":[],"tags":[37,22,151,72],"class_list":["post-4211","page","type-page","status-publish","hentry","tag-english-a","tag-estonian-a","tag-greek-tau","tag-spanish-a"],"uagb_featured_image_src":{"full":false,"thumbnail":false,"medium":false,"medium_large":false,"large":false,"1536x1536":false,"2048x2048":false,"menu-24x24":false,"menu-36x36":false,"menu-48x48":false},"uagb_author_info":{"display_name":"Signe Reidla","author_link":"https:\/\/domath.surju.ee\/es\/author\/signe\/"},"uagb_comment_info":0,"uagb_excerpt":"Abscisa La abscisa es la coordenada horizontal de un punto en un plano bidimensional. La abscisa se refiere a la coordenada x y la ordenada se refiere a la coordenada y de un gr\u00e1fico bidimensional est\u00e1ndar. &nbsp; &nbsp; Los pares ordenados anteriores denotan la posici\u00f3n de las frutas en la cuadr\u00edcula de coordenadas. El primer&hellip;","_links":{"self":[{"href":"https:\/\/domath.surju.ee\/es\/wp-json\/wp\/v2\/pages\/4211","targetHints":{"allow":["GET"]}}],"collection":[{"href":"https:\/\/domath.surju.ee\/es\/wp-json\/wp\/v2\/pages"}],"about":[{"href":"https:\/\/domath.surju.ee\/es\/wp-json\/wp\/v2\/types\/page"}],"author":[{"embeddable":true,"href":"https:\/\/domath.surju.ee\/es\/wp-json\/wp\/v2\/users\/2"}],"replies":[{"embeddable":true,"href":"https:\/\/domath.surju.ee\/es\/wp-json\/wp\/v2\/comments?post=4211"}],"version-history":[{"count":11,"href":"https:\/\/domath.surju.ee\/es\/wp-json\/wp\/v2\/pages\/4211\/revisions"}],"predecessor-version":[{"id":4729,"href":"https:\/\/domath.surju.ee\/es\/wp-json\/wp\/v2\/pages\/4211\/revisions\/4729"}],"wp:attachment":[{"href":"https:\/\/domath.surju.ee\/es\/wp-json\/wp\/v2\/media?parent=4211"}],"wp:term":[{"taxonomy":"category","embeddable":true,"href":"https:\/\/domath.surju.ee\/es\/wp-json\/wp\/v2\/categories?post=4211"},{"taxonomy":"post_tag","embeddable":true,"href":"https:\/\/domath.surju.ee\/es\/wp-json\/wp\/v2\/tags?post=4211"}],"curies":[{"name":"wp","href":"https:\/\/api.w.org\/{rel}","templated":true}]}}