{"id":2900,"date":"2024-07-28T21:39:14","date_gmt":"2024-07-28T21:39:14","guid":{"rendered":"https:\/\/domath.surju.ee\/?page_id=2900"},"modified":"2024-12-22T17:45:13","modified_gmt":"2024-12-22T17:45:13","slug":"base-2","status":"publish","type":"page","link":"https:\/\/domath.surju.ee\/es\/base-2\/","title":{"rendered":"Gr\u00e1fico de barras"},"content":{"rendered":"<h1 style=\"text-align: center;\"><span style=\"color: #008000;\">Gr<span class=\"Y2IQFc\" lang=\"es\">\u00e1fico <\/span><\/span><span style=\"color: #008000;\">de barras<\/span><\/h1>\r\n<p class=\"tw-data-text tw-text-large tw-ta\" dir=\"ltr\" data-placeholder=\"\u039c\u03b5\u03c4\u03ac\u03c6\u03c1\u03b1\u03c3\u03b7\" data-ved=\"2ahUKEwj87Pruw6aJAxUP9wIHHfzpJh0Q3ewLegQIBxAU\" aria-label=\"\u039c\u03b5\u03c4\u03b1\u03c6\u03c1\u03b1\u03c3\u03bc\u03ad\u03bd\u03bf \u03ba\u03b5\u03af\u03bc\u03b5\u03bd\u03bf: Un gr\u00e1fico de barras es una representaci\u00f3n gr\u00e1fica de datos, cantidades o n\u00fameros mediante barras o tiras.\r\n\r\nSe utilizan para comparar y contrastar diferentes tipos de datos, frecuencias u otras medidas de distintas categor\u00edas de datos.\r\n\r\nUn&nbsp;gr\u00e1fico de barras&nbsp;es un gr\u00e1fico que utiliza barras horizontales o verticales para mostrar datos contables.\"><span class=\"Y2IQFc\" lang=\"es\">Un <strong><span style=\"color: #ff0000;\">gr\u00e1fico de barras&nbsp;<\/span><\/strong><span style=\"color: #000000;\">es una&nbsp;<\/span><\/span><span class=\"Y2IQFc\" lang=\"es\">representaci\u00f3n gr\u00e1fica de datos, cantidades o n\u00fameros mediante barras rectangulares de diferentes alturas o longitudes.<br \/>\r\n<br \/>\r\n<\/span><span class=\"Y2IQFc\" lang=\"es\">Se utilizan para comparar y contrastar diferentes tipos de datos, frecuencias u otras medidas de distintas categor\u00edas de datos.<br \/>\r\n<br \/>\r\nUn gr\u00e1fico de barras es un gr\u00e1fico que utiliza barras horizontales o verticales para mostrar datos contables.<\/span><\/p>\r\n<h4><strong><span style=\"color: #0000ff;\">Ejemplo<\/span><\/strong><\/h4>\r\n\r\n <iframe loading=\"lazy\" style=\"border: 0px;\" title=\"TenSystem\" src=\"https:\/\/docs.google.com\/spreadsheets\/d\/e\/2PACX-1vS2iildZWzv0Fcsmk3kR31_Y8WE3h2o7_4zam3xhe5fJ-JwRq6aB93WXP4mq-mkFAAX6BF3GhIobykT\/pubhtml?widget=true&amp;headers=false\" width=\"630px\" height=\"800px\" scrolling=\"no\"> <\/iframe> \r\n<p><strong>Try bar graph (diagrams)<\/strong><\/p>\r\n <iframe loading=\"lazy\" style=\"border: 0px;\" title=\"Tulpdiagramm\" src=\"https:\/\/www.geogebra.org\/material\/iframe\/id\/gmpxgxk8\/width\/1400\/height\/450\/border\/888888\/sfsb\/true\/smb\/false\/stb\/false\/stbh\/false\/ai\/false\/asb\/false\/sri\/false\/rc\/false\/ld\/false\/sdz\/false\/ctl\/false\" width=\"650px\" height=\"250px\" scrolling=\"no\"> <\/iframe> \r\n<p>created by <a href=\"https:\/\/www.geogebra.org\/u\/prasadareddy\"><span class=\"notranslate\">R.PRASADA REDDY<\/span><\/a> &nbsp;GeoGebra\u00ae<\/p>\r\n<p><a href=\"https:\/\/www.geogebra.org\">https:\/\/www.geogebra.org<\/a><\/p>","protected":false},"excerpt":{"rendered":"<p>Gr\u00e1fico de barras Un gr\u00e1fico de barras&nbsp;es una&nbsp;representaci\u00f3n gr\u00e1fica de datos, cantidades o n\u00fameros mediante barras rectangulares de diferentes alturas o longitudes. Se utilizan para comparar y contrastar diferentes tipos de datos, frecuencias u otras medidas de distintas categor\u00edas de datos. Un gr\u00e1fico de barras es un gr\u00e1fico que utiliza barras horizontales o verticales para [&#8230;]<\/p>\n<p><a class=\"btn btn-secondary understrap-read-more-link\" href=\"https:\/\/domath.surju.ee\/es\/base-2\/\">Leer m\u00e1s&#8230;<span class=\"screen-reader-text\"> from Gr\u00e1fico de barras<\/span><\/a><\/p>\n","protected":false},"author":2,"featured_media":0,"parent":0,"menu_order":0,"comment_status":"closed","ping_status":"closed","template":"","meta":{"_eb_attr":"","_uag_custom_page_level_css":"","footnotes":""},"categories":[],"tags":[65,40,149,75],"class_list":["post-2900","page","type-page","status-publish","hentry","tag-english-b","tag-estonian-t","tag-greek-rho","tag-spanish-g"],"uagb_featured_image_src":{"full":false,"thumbnail":false,"medium":false,"medium_large":false,"large":false,"1536x1536":false,"2048x2048":false,"menu-24x24":false,"menu-36x36":false,"menu-48x48":false},"uagb_author_info":{"display_name":"Signe Reidla","author_link":"https:\/\/domath.surju.ee\/es\/author\/signe\/"},"uagb_comment_info":0,"uagb_excerpt":"Gr\u00e1fico de barras Un gr\u00e1fico de barras&nbsp;es una&nbsp;representaci\u00f3n gr\u00e1fica de datos, cantidades o n\u00fameros mediante barras rectangulares de diferentes alturas o longitudes. Se utilizan para comparar y contrastar diferentes tipos de datos, frecuencias u otras medidas de distintas categor\u00edas de datos. Un gr\u00e1fico de barras es un gr\u00e1fico que utiliza barras horizontales o verticales para&hellip;","_links":{"self":[{"href":"https:\/\/domath.surju.ee\/es\/wp-json\/wp\/v2\/pages\/2900","targetHints":{"allow":["GET"]}}],"collection":[{"href":"https:\/\/domath.surju.ee\/es\/wp-json\/wp\/v2\/pages"}],"about":[{"href":"https:\/\/domath.surju.ee\/es\/wp-json\/wp\/v2\/types\/page"}],"author":[{"embeddable":true,"href":"https:\/\/domath.surju.ee\/es\/wp-json\/wp\/v2\/users\/2"}],"replies":[{"embeddable":true,"href":"https:\/\/domath.surju.ee\/es\/wp-json\/wp\/v2\/comments?post=2900"}],"version-history":[{"count":20,"href":"https:\/\/domath.surju.ee\/es\/wp-json\/wp\/v2\/pages\/2900\/revisions"}],"predecessor-version":[{"id":4958,"href":"https:\/\/domath.surju.ee\/es\/wp-json\/wp\/v2\/pages\/2900\/revisions\/4958"}],"wp:attachment":[{"href":"https:\/\/domath.surju.ee\/es\/wp-json\/wp\/v2\/media?parent=2900"}],"wp:term":[{"taxonomy":"category","embeddable":true,"href":"https:\/\/domath.surju.ee\/es\/wp-json\/wp\/v2\/categories?post=2900"},{"taxonomy":"post_tag","embeddable":true,"href":"https:\/\/domath.surju.ee\/es\/wp-json\/wp\/v2\/tags?post=2900"}],"curies":[{"name":"wp","href":"https:\/\/api.w.org\/{rel}","templated":true}]}}