{"id":2394,"date":"2024-07-09T05:45:55","date_gmt":"2024-07-09T05:45:55","guid":{"rendered":"https:\/\/domath.surju.ee\/?page_id=2394"},"modified":"2025-01-02T19:48:14","modified_gmt":"2025-01-02T19:48:14","slug":"obtuse-angle-copy","status":"publish","type":"page","link":"https:\/\/domath.surju.ee\/es\/angulo-obtuso\/","title":{"rendered":"\u00c1ngulo obtuso"},"content":{"rendered":"<h1 style=\"text-align: center;\"><span style=\"color: #008000;\"><strong>\u00c1ngulo obtuso<\/strong><\/span><\/h1>\r\n\r\n<p>Un <strong>\u00e1ngulo obtuso<\/strong> es un \u00e1ngulo que mide m\u00e1s de 90 grados (90\u00b0) pero menos de 180 grados (180\u00b0).<\/p>\r\n<p>Un \u00e1ngulo obtuso tiene el siguiente aspecto:<\/p>\r\n<p class=\"has-medium-font-size\"><img loading=\"lazy\" decoding=\"async\" width=\"150\" height=\"137\" class=\"wp-image-2385\" style=\"width: 150px;\" src=\"https:\/\/domath.surju.ee\/wp-content\/uploads\/2024\/07\/obtuse_angle-removebg-preview.png\" alt=\"\" srcset=\"https:\/\/domath.surju.ee\/wp-content\/uploads\/2024\/07\/obtuse_angle-removebg-preview.png 298w, https:\/\/domath.surju.ee\/wp-content\/uploads\/2024\/07\/obtuse_angle-removebg-preview-24x22.png 24w, https:\/\/domath.surju.ee\/wp-content\/uploads\/2024\/07\/obtuse_angle-removebg-preview-36x33.png 36w, https:\/\/domath.surju.ee\/wp-content\/uploads\/2024\/07\/obtuse_angle-removebg-preview-48x44.png 48w\" sizes=\"auto, (max-width: 150px) 100vw, 150px\" \/><\/p>\r\n\r\n\r\n<p class=\"has-medium-font-size\">Aqu\u00ed puedes dibujar \u00e1ngulos con Geogebra <a href=\"https:\/\/www.geogebra.org\/m\/scavsujt\">https:\/\/www.geogebra.org\/m\/scavsujt<\/a><\/p>\r\n","protected":false},"excerpt":{"rendered":"<p>\u00c1ngulo obtuso Un \u00e1ngulo obtuso es un \u00e1ngulo que mide m\u00e1s de 90 grados (90\u00b0) pero menos de 180 grados (180\u00b0). Un \u00e1ngulo obtuso tiene el siguiente aspecto: Aqu\u00ed puedes dibujar \u00e1ngulos con Geogebra https:\/\/www.geogebra.org\/m\/scavsujt [&#8230;]<\/p>\n<p><a class=\"btn btn-secondary understrap-read-more-link\" href=\"https:\/\/domath.surju.ee\/es\/angulo-obtuso\/\">Leer m\u00e1s&#8230;<span class=\"screen-reader-text\"> from \u00c1ngulo obtuso<\/span><\/a><\/p>\n","protected":false},"author":4,"featured_media":0,"parent":0,"menu_order":0,"comment_status":"closed","ping_status":"closed","template":"","meta":{"_eb_attr":"","_uag_custom_page_level_css":"","footnotes":""},"categories":[],"tags":[98,79,86,135],"class_list":["post-2394","page","type-page","status-publish","hentry","tag-english-o","tag-estonian-n","tag-greek-alpha","tag-spanish-t"],"uagb_featured_image_src":{"full":false,"thumbnail":false,"medium":false,"medium_large":false,"large":false,"1536x1536":false,"2048x2048":false,"menu-24x24":false,"menu-36x36":false,"menu-48x48":false},"uagb_author_info":{"display_name":"Thomi Anagrostou","author_link":"https:\/\/domath.surju.ee\/es\/author\/thomi\/"},"uagb_comment_info":0,"uagb_excerpt":"\u00c1ngulo obtuso Un \u00e1ngulo obtuso es un \u00e1ngulo que mide m\u00e1s de 90 grados (90\u00b0) pero menos de 180 grados (180\u00b0). Un \u00e1ngulo obtuso tiene el siguiente aspecto: Aqu\u00ed puedes dibujar \u00e1ngulos con Geogebra https:\/\/www.geogebra.org\/m\/scavsujt [...]Leer m\u00e1s... from \u00c1ngulo obtuso","_links":{"self":[{"href":"https:\/\/domath.surju.ee\/es\/wp-json\/wp\/v2\/pages\/2394","targetHints":{"allow":["GET"]}}],"collection":[{"href":"https:\/\/domath.surju.ee\/es\/wp-json\/wp\/v2\/pages"}],"about":[{"href":"https:\/\/domath.surju.ee\/es\/wp-json\/wp\/v2\/types\/page"}],"author":[{"embeddable":true,"href":"https:\/\/domath.surju.ee\/es\/wp-json\/wp\/v2\/users\/4"}],"replies":[{"embeddable":true,"href":"https:\/\/domath.surju.ee\/es\/wp-json\/wp\/v2\/comments?post=2394"}],"version-history":[{"count":4,"href":"https:\/\/domath.surju.ee\/es\/wp-json\/wp\/v2\/pages\/2394\/revisions"}],"predecessor-version":[{"id":5197,"href":"https:\/\/domath.surju.ee\/es\/wp-json\/wp\/v2\/pages\/2394\/revisions\/5197"}],"wp:attachment":[{"href":"https:\/\/domath.surju.ee\/es\/wp-json\/wp\/v2\/media?parent=2394"}],"wp:term":[{"taxonomy":"category","embeddable":true,"href":"https:\/\/domath.surju.ee\/es\/wp-json\/wp\/v2\/categories?post=2394"},{"taxonomy":"post_tag","embeddable":true,"href":"https:\/\/domath.surju.ee\/es\/wp-json\/wp\/v2\/tags?post=2394"}],"curies":[{"name":"wp","href":"https:\/\/api.w.org\/{rel}","templated":true}]}}