{"id":2332,"date":"2024-07-03T20:57:01","date_gmt":"2024-07-03T20:57:01","guid":{"rendered":"https:\/\/domath.surju.ee\/?page_id=2332"},"modified":"2024-12-30T15:26:05","modified_gmt":"2024-12-30T15:26:05","slug":"pentagon","status":"publish","type":"page","link":"https:\/\/domath.surju.ee\/es\/pentagono\/","title":{"rendered":"Pent\u00e1gono"},"content":{"rendered":"<h1 style=\"text-align: center;\"><span style=\"color: #008000;\">Pent\u00e1gono<\/span><\/h1>\r\n\r\n<p>Un <strong>pent\u00e1gono <\/strong>es un tipo de pol\u00edgono que tiene cinco lados y cinco \u00e1ngulos.<\/p>\r\n\r\n\r\n<div class=\"wp-block-group is-nowrap is-layout-flex wp-container-core-group-is-layout-ad2f72ca wp-block-group-is-layout-flex\">\r\n<figure class=\"wp-block-image aligncenter size-full\"><img loading=\"lazy\" decoding=\"async\" width=\"243\" height=\"232\" class=\"wp-image-2590\" src=\"https:\/\/domath.surju.ee\/wp-content\/uploads\/2024\/07\/pentagon-transparent-1.png\" alt=\"\" srcset=\"https:\/\/domath.surju.ee\/wp-content\/uploads\/2024\/07\/pentagon-transparent-1.png 243w, https:\/\/domath.surju.ee\/wp-content\/uploads\/2024\/07\/pentagon-transparent-1-24x24.png 24w, https:\/\/domath.surju.ee\/wp-content\/uploads\/2024\/07\/pentagon-transparent-1-36x34.png 36w, https:\/\/domath.surju.ee\/wp-content\/uploads\/2024\/07\/pentagon-transparent-1-48x46.png 48w\" sizes=\"auto, (max-width: 243px) 100vw, 243px\" \/><\/figure>\r\n<\/div>\r\n\r\n\r\n<div class=\"wp-block-gutenverse-divider guten-element guten-divider guten-SE2CRG\">\r\n<div class=\"guten-divider-wrapper\">&nbsp;<\/div>\r\n<\/div>\r\n<p class=\"has-text-align-center has-medium-font-size\"><strong style=\"background-color: var(--bs-body-bg); color: var(--bs-body-color); font-family: var(--bs-body-font-family); font-size: var(--bs-body-font-size); text-align: var(--bs-body-text-align);\">Diferentes tipos de pent\u00e1gonos<\/strong><\/p>\r\n<div class=\"section-wrapper\" data-id=\"gAZZ59\">\r\n<section class=\"wp-block-gutenverse-section guten-element guten-section guten-gAZZ59 layout-boxed align-stretch\">\r\n<div class=\"guten-shape-divider guten-shape-divider-top\">&nbsp;<\/div>\r\n<div class=\"guten-shape-divider guten-shape-divider-bottom\">&nbsp;<\/div>\r\n<div class=\"guten-container guten-column-gap-default\">\r\n<div class=\"wp-block-gutenverse-column guten-element guten-column guten-Qb7MBT\">\r\n<div class=\"guten-background-overlay\">&nbsp;<\/div>\r\n<div class=\"sticky-wrapper\" data-id=\"Qb7MBT\">\r\n<div class=\"guten-column-wrapper\">\r\n<div class=\"guten-element gutenverse-text-editor guten-P4ZDHR\">\r\n<div class=\"text-content-inner\">&nbsp;<\/div>\r\n<\/div>\r\n\r\n\r\n<div class=\"guten-element gutenverse-text-editor guten-VOh8Tp\">\r\n<div class=\"text-content-inner\">&nbsp;<\/div>\r\n<\/div>\r\n\r\n\r\n<div class=\"guten-element gutenverse-text-editor guten-Dm6Z1H\">\r\n<div class=\"text-content-inner\">&nbsp;<\/div>\r\n<\/div>\r\n\r\n\r\n<figure class=\"wp-block-image size-full is-resized\"><img loading=\"lazy\" decoding=\"async\" width=\"325\" height=\"295\" class=\"wp-image-2597\" style=\"width: 260px; height: auto;\" src=\"https:\/\/domath.surju.ee\/wp-content\/uploads\/2024\/07\/regular_pentagon-transparent.png\" alt=\"\" srcset=\"https:\/\/domath.surju.ee\/wp-content\/uploads\/2024\/07\/regular_pentagon-transparent.png 325w, https:\/\/domath.surju.ee\/wp-content\/uploads\/2024\/07\/regular_pentagon-transparent-300x272.png 300w, https:\/\/domath.surju.ee\/wp-content\/uploads\/2024\/07\/regular_pentagon-transparent-24x22.png 24w, https:\/\/domath.surju.ee\/wp-content\/uploads\/2024\/07\/regular_pentagon-transparent-36x33.png 36w, https:\/\/domath.surju.ee\/wp-content\/uploads\/2024\/07\/regular_pentagon-transparent-48x44.png 48w\" sizes=\"auto, (max-width: 325px) 100vw, 325px\" \/><\/figure>\r\n\r\n\r\n<p class=\"has-text-align-center\">Pent\u00e1gono regular<\/p>\r\n<\/div>\r\n<\/div>\r\n<\/div>\r\n\r\n\r\n<div class=\"wp-block-gutenverse-column guten-element guten-column guten-ri444I\">\r\n<div class=\"guten-background-overlay\">&nbsp;<\/div>\r\n<div class=\"sticky-wrapper\" data-id=\"ri444I\">\r\n<div class=\"guten-column-wrapper\">\r\n<div class=\"guten-element gutenverse-text-editor guten-m5pthw\">\r\n<div class=\"text-content-inner\">&nbsp;<\/div>\r\n<\/div>\r\n\r\n\r\n<div class=\"guten-element gutenverse-text-editor guten-aVeCMY\">\r\n<div class=\"text-content-inner\">&nbsp;<\/div>\r\n<\/div>\r\n\r\n\r\n<figure class=\"wp-block-image size-full\"><img loading=\"lazy\" decoding=\"async\" width=\"311\" height=\"302\" class=\"wp-image-2595\" src=\"https:\/\/domath.surju.ee\/wp-content\/uploads\/2024\/07\/Iregular_pentagon-transparent.png\" alt=\"\" srcset=\"https:\/\/domath.surju.ee\/wp-content\/uploads\/2024\/07\/Iregular_pentagon-transparent.png 311w, https:\/\/domath.surju.ee\/wp-content\/uploads\/2024\/07\/Iregular_pentagon-transparent-300x291.png 300w, https:\/\/domath.surju.ee\/wp-content\/uploads\/2024\/07\/Iregular_pentagon-transparent-24x24.png 24w, https:\/\/domath.surju.ee\/wp-content\/uploads\/2024\/07\/Iregular_pentagon-transparent-36x36.png 36w, https:\/\/domath.surju.ee\/wp-content\/uploads\/2024\/07\/Iregular_pentagon-transparent-48x48.png 48w\" sizes=\"auto, (max-width: 311px) 100vw, 311px\" \/><\/figure>\r\n<\/div>\r\n<\/div>\r\n<\/div>\r\n\r\n\r\n<div class=\"wp-block-gutenverse-column guten-element guten-column guten-VX5WNo\">\r\n<div class=\"guten-background-overlay\">&nbsp; &nbsp;Pent\u00e1gono irregular<\/div>\r\n<div class=\"sticky-wrapper\" data-id=\"VX5WNo\">\r\n<div class=\"guten-column-wrapper\">\r\n<div class=\"guten-element gutenverse-text-editor guten-KRVy0X\">\r\n<div class=\"text-content-inner\">&nbsp;<\/div>\r\n<\/div>\r\n\r\n\r\n<figure class=\"wp-block-image size-full\"><img loading=\"lazy\" decoding=\"async\" width=\"379\" height=\"316\" class=\"wp-image-2596\" src=\"https:\/\/domath.surju.ee\/wp-content\/uploads\/2024\/07\/irregular_pentagon-transparent.png\" alt=\"\" srcset=\"https:\/\/domath.surju.ee\/wp-content\/uploads\/2024\/07\/irregular_pentagon-transparent.png 379w, https:\/\/domath.surju.ee\/wp-content\/uploads\/2024\/07\/irregular_pentagon-transparent-300x250.png 300w, https:\/\/domath.surju.ee\/wp-content\/uploads\/2024\/07\/irregular_pentagon-transparent-24x20.png 24w, https:\/\/domath.surju.ee\/wp-content\/uploads\/2024\/07\/irregular_pentagon-transparent-36x30.png 36w, https:\/\/domath.surju.ee\/wp-content\/uploads\/2024\/07\/irregular_pentagon-transparent-48x40.png 48w\" sizes=\"auto, (max-width: 379px) 100vw, 379px\" \/><\/figure>\r\n\r\n\r\n<div class=\"guten-element gutenverse-text-editor guten-SEF83X\">\r\n<div class=\"text-content-inner\">\r\n<p class=\"has-text-align-center\">Pent\u00e1gono c\u00f3ncavo<\/p>\r\n<\/div>\r\n<\/div>\r\n<\/div>\r\n<\/div>\r\n<\/div>\r\n<\/div>\r\n<\/section>\r\n<\/div>\r\n\r\n\r\n<div class=\"wp-block-gutenverse-divider guten-element guten-divider guten-ilAZTM\">\r\n<div class=\"guten-divider-wrapper\">\r\n<div class=\"guten-divider-default guten-divider-line guten-divider-regular\">&nbsp;<\/div>\r\n<\/div>\r\n<\/div>\r\n\r\n\r\n<figure class=\"wp-block-image size-full\"><img loading=\"lazy\" decoding=\"async\" width=\"636\" height=\"331\" class=\"wp-image-2593\" src=\"https:\/\/domath.surju.ee\/wp-content\/uploads\/2024\/07\/girl_for_pentagons-removebg-transparent-1.png\" alt=\"\" srcset=\"https:\/\/domath.surju.ee\/wp-content\/uploads\/2024\/07\/girl_for_pentagons-removebg-transparent-1.png 636w, https:\/\/domath.surju.ee\/wp-content\/uploads\/2024\/07\/girl_for_pentagons-removebg-transparent-1-300x156.png 300w, https:\/\/domath.surju.ee\/wp-content\/uploads\/2024\/07\/girl_for_pentagons-removebg-transparent-1-24x12.png 24w, https:\/\/domath.surju.ee\/wp-content\/uploads\/2024\/07\/girl_for_pentagons-removebg-transparent-1-36x19.png 36w, https:\/\/domath.surju.ee\/wp-content\/uploads\/2024\/07\/girl_for_pentagons-removebg-transparent-1-48x25.png 48w\" sizes=\"auto, (max-width: 636px) 100vw, 636px\" \/><\/figure>\r\n","protected":false},"excerpt":{"rendered":"<p>Pent\u00e1gono Un pent\u00e1gono es un tipo de pol\u00edgono que tiene cinco lados y cinco \u00e1ngulos. &nbsp; Diferentes tipos de pent\u00e1gonos &nbsp; &nbsp; &nbsp; &nbsp; &nbsp; &nbsp; Pent\u00e1gono regular &nbsp; &nbsp; &nbsp; &nbsp; &nbsp;Pent\u00e1gono irregular &nbsp; Pent\u00e1gono c\u00f3ncavo &nbsp; [&#8230;]<\/p>\n<p><a class=\"btn btn-secondary understrap-read-more-link\" href=\"https:\/\/domath.surju.ee\/es\/pentagono\/\">Leer m\u00e1s&#8230;<span class=\"screen-reader-text\"> from Pent\u00e1gono<\/span><\/a><\/p>\n","protected":false},"author":4,"featured_media":0,"parent":0,"menu_order":0,"comment_status":"closed","ping_status":"closed","template":"","meta":{"_eb_attr":"","_uag_custom_page_level_css":"","footnotes":""},"categories":[],"tags":[58,119,63,59],"class_list":["post-2332","page","type-page","status-publish","hentry","tag-english-p","tag-estonian-v","tag-greek-pi","tag-spanish-p"],"uagb_featured_image_src":{"full":false,"thumbnail":false,"medium":false,"medium_large":false,"large":false,"1536x1536":false,"2048x2048":false,"menu-24x24":false,"menu-36x36":false,"menu-48x48":false},"uagb_author_info":{"display_name":"Thomi Anagrostou","author_link":"https:\/\/domath.surju.ee\/es\/author\/thomi\/"},"uagb_comment_info":0,"uagb_excerpt":"Pent\u00e1gono Un pent\u00e1gono es un tipo de pol\u00edgono que tiene cinco lados y cinco \u00e1ngulos. &nbsp; Diferentes tipos de pent\u00e1gonos &nbsp; &nbsp; &nbsp; &nbsp; &nbsp; &nbsp; Pent\u00e1gono regular &nbsp; &nbsp; &nbsp; &nbsp; &nbsp;Pent\u00e1gono irregular &nbsp; Pent\u00e1gono c\u00f3ncavo &nbsp; [...]Leer m\u00e1s... from Pent\u00e1gono","_links":{"self":[{"href":"https:\/\/domath.surju.ee\/es\/wp-json\/wp\/v2\/pages\/2332","targetHints":{"allow":["GET"]}}],"collection":[{"href":"https:\/\/domath.surju.ee\/es\/wp-json\/wp\/v2\/pages"}],"about":[{"href":"https:\/\/domath.surju.ee\/es\/wp-json\/wp\/v2\/types\/page"}],"author":[{"embeddable":true,"href":"https:\/\/domath.surju.ee\/es\/wp-json\/wp\/v2\/users\/4"}],"replies":[{"embeddable":true,"href":"https:\/\/domath.surju.ee\/es\/wp-json\/wp\/v2\/comments?post=2332"}],"version-history":[{"count":6,"href":"https:\/\/domath.surju.ee\/es\/wp-json\/wp\/v2\/pages\/2332\/revisions"}],"predecessor-version":[{"id":4222,"href":"https:\/\/domath.surju.ee\/es\/wp-json\/wp\/v2\/pages\/2332\/revisions\/4222"}],"wp:attachment":[{"href":"https:\/\/domath.surju.ee\/es\/wp-json\/wp\/v2\/media?parent=2332"}],"wp:term":[{"taxonomy":"category","embeddable":true,"href":"https:\/\/domath.surju.ee\/es\/wp-json\/wp\/v2\/categories?post=2332"},{"taxonomy":"post_tag","embeddable":true,"href":"https:\/\/domath.surju.ee\/es\/wp-json\/wp\/v2\/tags?post=2332"}],"curies":[{"name":"wp","href":"https:\/\/api.w.org\/{rel}","templated":true}]}}