{"id":22,"date":"2023-08-28T07:39:07","date_gmt":"2023-08-28T07:39:07","guid":{"rendered":"https:\/\/domath.surju.ee\/?page_id=22"},"modified":"2025-01-02T19:51:06","modified_gmt":"2025-01-02T19:51:06","slug":"addition","status":"publish","type":"page","link":"https:\/\/domath.surju.ee\/es\/suma\/","title":{"rendered":"Suma"},"content":{"rendered":"<h1 style=\"text-align: center;\"><span style=\"color: #008000;\">Addition<\/span><\/h1>\r\n<p><span style=\"color: #ff0000;\"><strong>La suma<\/strong><\/span> (representada por el s\u00edmbolo m\u00e1s +) es una de las cuatro operaciones b\u00e1sicas de la aritm\u00e9tica.<br \/>\r\n<br \/>\r\nLa suma de dos n\u00fameros enteros da como resultado la cantidad total o suma de esos valores combinados.<br \/>\r\n<br \/>\r\nLa suma es la operaci\u00f3n inversa de la <span style=\"color: #333399;\"><strong>resta.<\/strong><\/span><\/p>\r\n<!-- \/wp:post-content -->\r\n<!-- wp:html --> <iframe loading=\"lazy\" style=\"border: 0px;\" title=\"Liitminie_naide\" src=\"https:\/\/www.geogebra.org\/material\/iframe\/id\/esmtbus5\/width\/1000\/height\/500\/border\/888888\/sfsb\/true\/smb\/false\/stb\/false\/stbh\/false\/ai\/false\/asb\/false\/sri\/false\/rc\/false\/ld\/false\/sdz\/false\/ctl\/false\" width=\"600px\" height=\"300px\" scrolling=\"no\"> <\/iframe> <!-- \/wp:html -->\r\n<!-- wp:html --> <iframe loading=\"lazy\" style=\"border: 0px;\" title=\"Liitmine\" src=\"https:\/\/www.geogebra.org\/material\/iframe\/id\/pfx3qqmf\/width\/900\/height\/350\/border\/888888\/sfsb\/true\/smb\/false\/stb\/false\/stbh\/false\/ai\/false\/asb\/false\/sri\/false\/rc\/false\/ld\/false\/sdz\/false\/ctl\/false\" width=\"600px\" height=\"250px\" scrolling=\"no\"> <\/iframe> <!-- \/wp:html -->\r\n<!-- wp:html --> <iframe loading=\"lazy\" style=\"border: 0px;\" title=\"Liitminie_naide2\" src=\"https:\/\/www.geogebra.org\/material\/iframe\/id\/zatprzzd\/width\/1000\/height\/500\/border\/888888\/sfsb\/true\/smb\/false\/stb\/false\/stbh\/false\/ai\/false\/asb\/false\/sri\/false\/rc\/false\/ld\/false\/sdz\/false\/ctl\/false\" width=\"600px\" height=\"300px\" scrolling=\"no\"> <\/iframe> <!-- \/wp:html -->\r\n<!-- wp:html --> <iframe loading=\"lazy\" style=\"border: 0px;\" title=\"Liitmine_10_100\" src=\"https:\/\/www.geogebra.org\/material\/iframe\/id\/zmx82s9e\/width\/900\/height\/300\/border\/888888\/sfsb\/true\/smb\/false\/stb\/false\/stbh\/false\/ai\/false\/asb\/false\/sri\/false\/rc\/false\/ld\/false\/sdz\/false\/ctl\/false\" width=\"600px\" height=\"200px\" scrolling=\"no\"> <\/iframe> <!-- \/wp:html -->\r\n<!-- wp:html --> <iframe loading=\"lazy\" style=\"border: 0px;\" title=\"Liitmine_2\" src=\"https:\/\/www.geogebra.org\/material\/iframe\/id\/n4tadbae\/width\/900\/height\/450\/border\/888888\/sfsb\/true\/smb\/false\/stb\/false\/stbh\/false\/ai\/false\/asb\/false\/sri\/false\/rc\/false\/ld\/false\/sdz\/false\/ctl\/false\" width=\"600px\" height=\"340px\" scrolling=\"no\"> <\/iframe> <!-- \/wp:html -->\r\n<!-- wp:html --> <iframe loading=\"lazy\" style=\"border: 0px;\" title=\"Liitmine 3\" src=\"https:\/\/www.geogebra.org\/material\/iframe\/id\/zandn8vu\/width\/1000\/height\/500\/border\/888888\/sfsb\/true\/smb\/false\/stb\/false\/stbh\/false\/ai\/false\/asb\/false\/sri\/false\/rc\/false\/ld\/false\/sdz\/false\/ctl\/false\" width=\"600px\" height=\"300px\" scrolling=\"no\"> <\/iframe> <!-- \/wp:html -->","protected":false},"excerpt":{"rendered":"<p>Addition La suma (representada por el s\u00edmbolo m\u00e1s +) es una de las cuatro operaciones b\u00e1sicas de la aritm\u00e9tica. La suma de dos n\u00fameros enteros da como resultado la cantidad total o suma de esos valores combinados. La suma es la operaci\u00f3n inversa de la resta. [&#8230;]<\/p>\n<p><a class=\"btn btn-secondary understrap-read-more-link\" href=\"https:\/\/domath.surju.ee\/es\/suma\/\">Leer m\u00e1s&#8230;<span class=\"screen-reader-text\"> from Suma<\/span><\/a><\/p>\n","protected":false},"author":1,"featured_media":0,"parent":0,"menu_order":0,"comment_status":"closed","ping_status":"closed","template":"","meta":{"_eb_attr":"","_uag_custom_page_level_css":"","footnotes":""},"categories":[],"tags":[37,4,63,62],"class_list":["post-22","page","type-page","status-publish","hentry","tag-english-a","tag-estonian-l","tag-greek-pi","tag-spanish-s"],"uagb_featured_image_src":{"full":false,"thumbnail":false,"medium":false,"medium_large":false,"large":false,"1536x1536":false,"2048x2048":false,"menu-24x24":false,"menu-36x36":false,"menu-48x48":false},"uagb_author_info":{"display_name":"valter","author_link":"https:\/\/domath.surju.ee\/es\/author\/valter\/"},"uagb_comment_info":0,"uagb_excerpt":"Addition La suma (representada por el s\u00edmbolo m\u00e1s +) es una de las cuatro operaciones b\u00e1sicas de la aritm\u00e9tica. La suma de dos n\u00fameros enteros da como resultado la cantidad total o suma de esos valores combinados. La suma es la operaci\u00f3n inversa de la resta. [...]Leer m\u00e1s... from Suma","_links":{"self":[{"href":"https:\/\/domath.surju.ee\/es\/wp-json\/wp\/v2\/pages\/22","targetHints":{"allow":["GET"]}}],"collection":[{"href":"https:\/\/domath.surju.ee\/es\/wp-json\/wp\/v2\/pages"}],"about":[{"href":"https:\/\/domath.surju.ee\/es\/wp-json\/wp\/v2\/types\/page"}],"author":[{"embeddable":true,"href":"https:\/\/domath.surju.ee\/es\/wp-json\/wp\/v2\/users\/1"}],"replies":[{"embeddable":true,"href":"https:\/\/domath.surju.ee\/es\/wp-json\/wp\/v2\/comments?post=22"}],"version-history":[{"count":26,"href":"https:\/\/domath.surju.ee\/es\/wp-json\/wp\/v2\/pages\/22\/revisions"}],"predecessor-version":[{"id":4170,"href":"https:\/\/domath.surju.ee\/es\/wp-json\/wp\/v2\/pages\/22\/revisions\/4170"}],"wp:attachment":[{"href":"https:\/\/domath.surju.ee\/es\/wp-json\/wp\/v2\/media?parent=22"}],"wp:term":[{"taxonomy":"category","embeddable":true,"href":"https:\/\/domath.surju.ee\/es\/wp-json\/wp\/v2\/categories?post=22"},{"taxonomy":"post_tag","embeddable":true,"href":"https:\/\/domath.surju.ee\/es\/wp-json\/wp\/v2\/tags?post=22"}],"curies":[{"name":"wp","href":"https:\/\/api.w.org\/{rel}","templated":true}]}}