{"id":2025,"date":"2024-04-18T10:03:53","date_gmt":"2024-04-18T10:03:53","guid":{"rendered":"https:\/\/domath.surju.ee\/?page_id=2025"},"modified":"2024-12-27T23:31:42","modified_gmt":"2024-12-27T23:31:42","slug":"height","status":"publish","type":"page","link":"https:\/\/domath.surju.ee\/es\/altura\/","title":{"rendered":"Altura"},"content":{"rendered":"\r\n<p>La <strong>altura<\/strong> es la medida de la distancia de un objeto desde la base hasta la cima. En geometr\u00eda se denomina altitud.<\/p>\r\n<p>El t\u00e9rmino altura en geometr\u00eda se refiere a la medida de un objeto a lo largo del eje y en geometr\u00eda de coordenadas.<\/p>\r\n<p>A continuaci\u00f3n se muestra un ejemplo de altura en matem\u00e1ticas.<\/p>\r\n<p><img loading=\"lazy\" decoding=\"async\" class=\"alignnone  wp-image-2022\" src=\"https:\/\/domath.surju.ee\/wp-content\/uploads\/2024\/04\/Height-212x300.png\" alt=\"\" width=\"278\" height=\"393\" srcset=\"https:\/\/domath.surju.ee\/wp-content\/uploads\/2024\/04\/Height-212x300.png 212w, https:\/\/domath.surju.ee\/wp-content\/uploads\/2024\/04\/Height-724x1024.png 724w, https:\/\/domath.surju.ee\/wp-content\/uploads\/2024\/04\/Height-768x1086.png 768w, https:\/\/domath.surju.ee\/wp-content\/uploads\/2024\/04\/Height-1086x1536.png 1086w, https:\/\/domath.surju.ee\/wp-content\/uploads\/2024\/04\/Height-17x24.png 17w, https:\/\/domath.surju.ee\/wp-content\/uploads\/2024\/04\/Height-25x36.png 25w, https:\/\/domath.surju.ee\/wp-content\/uploads\/2024\/04\/Height-34x48.png 34w, https:\/\/domath.surju.ee\/wp-content\/uploads\/2024\/04\/Height.png 1414w\" sizes=\"auto, (max-width: 278px) 100vw, 278px\" \/><\/p>\r\n<p>&nbsp;<\/p>\r\n","protected":false},"excerpt":{"rendered":"<p>La altura es la medida de la distancia de un objeto desde la base hasta la cima. En geometr\u00eda se denomina altitud. El t\u00e9rmino altura en geometr\u00eda se refiere a la medida de un objeto a lo largo del eje y en geometr\u00eda de coordenadas. A continuaci\u00f3n se muestra un ejemplo de altura en matem\u00e1ticas. [&#8230;]<\/p>\n<p><a class=\"btn btn-secondary understrap-read-more-link\" href=\"https:\/\/domath.surju.ee\/es\/altura\/\">Leer m\u00e1s&#8230;<span class=\"screen-reader-text\"> from Altura<\/span><\/a><\/p>\n","protected":false},"author":8,"featured_media":0,"parent":0,"menu_order":0,"comment_status":"closed","ping_status":"closed","template":"","meta":{"_eb_attr":"","_uag_custom_page_level_css":"","footnotes":""},"categories":[],"tags":[70,76,171,72],"class_list":["post-2025","page","type-page","status-publish","hentry","tag-english-h","tag-estonian-k","tag-greek-ypsilon","tag-spanish-a"],"uagb_featured_image_src":{"full":false,"thumbnail":false,"medium":false,"medium_large":false,"large":false,"1536x1536":false,"2048x2048":false,"menu-24x24":false,"menu-36x36":false,"menu-48x48":false},"uagb_author_info":{"display_name":"Silvia Herrera","author_link":"https:\/\/domath.surju.ee\/es\/author\/silvia\/"},"uagb_comment_info":0,"uagb_excerpt":"La altura es la medida de la distancia de un objeto desde la base hasta la cima. En geometr\u00eda se denomina altitud. El t\u00e9rmino altura en geometr\u00eda se refiere a la medida de un objeto a lo largo del eje y en geometr\u00eda de coordenadas. A continuaci\u00f3n se muestra un ejemplo de altura en matem\u00e1ticas.&hellip;","_links":{"self":[{"href":"https:\/\/domath.surju.ee\/es\/wp-json\/wp\/v2\/pages\/2025","targetHints":{"allow":["GET"]}}],"collection":[{"href":"https:\/\/domath.surju.ee\/es\/wp-json\/wp\/v2\/pages"}],"about":[{"href":"https:\/\/domath.surju.ee\/es\/wp-json\/wp\/v2\/types\/page"}],"author":[{"embeddable":true,"href":"https:\/\/domath.surju.ee\/es\/wp-json\/wp\/v2\/users\/8"}],"replies":[{"embeddable":true,"href":"https:\/\/domath.surju.ee\/es\/wp-json\/wp\/v2\/comments?post=2025"}],"version-history":[{"count":4,"href":"https:\/\/domath.surju.ee\/es\/wp-json\/wp\/v2\/pages\/2025\/revisions"}],"predecessor-version":[{"id":5103,"href":"https:\/\/domath.surju.ee\/es\/wp-json\/wp\/v2\/pages\/2025\/revisions\/5103"}],"wp:attachment":[{"href":"https:\/\/domath.surju.ee\/es\/wp-json\/wp\/v2\/media?parent=2025"}],"wp:term":[{"taxonomy":"category","embeddable":true,"href":"https:\/\/domath.surju.ee\/es\/wp-json\/wp\/v2\/categories?post=2025"},{"taxonomy":"post_tag","embeddable":true,"href":"https:\/\/domath.surju.ee\/es\/wp-json\/wp\/v2\/tags?post=2025"}],"curies":[{"name":"wp","href":"https:\/\/api.w.org\/{rel}","templated":true}]}}