{"id":1983,"date":"2024-04-17T19:13:44","date_gmt":"2024-04-17T19:13:44","guid":{"rendered":"https:\/\/domath.surju.ee\/?page_id=1983"},"modified":"2024-12-31T00:10:11","modified_gmt":"2024-12-31T00:10:11","slug":"trapezium","status":"publish","type":"page","link":"https:\/\/domath.surju.ee\/es\/trapezium\/","title":{"rendered":"Trapezium, trapezoid"},"content":{"rendered":"\n<p><\/p>\n\n\n<h1 style=\"text-align: center;\"><span style=\"color: #008000;\"><strong>Trapezium, trapezoid<\/strong><\/span><\/h1>\n<p>A trapezium (UK) or a trapezoid (US)<\/p>\n<p><span style=\"color: #ff0000;\"><strong>A trapezium<\/strong> <\/span>is\u00a0a quadrilateral having two parallel sides of unequal length and the other two sides are non-parallel. The parallel sides of a trapezium are called <strong>bases<\/strong> <strong>(AD and DC or a and b)<\/strong> and the non-parallel sides of a trapezium are called <strong>legs (AD and BC or c and d<\/strong>).\u00a0<\/p>\n<p>If the legs are equal in length, the trapezoid is called\u00a0<strong>isosceles<\/strong>.<\/p>\n<p>The distance between the bases is called the <strong>altitudes of the trapezoid (DE).<\/strong><br \/>\u00a0 \u00a0 \u00a0 \u00a0 \u00a0 \u00a0 \u00a0 \u00a0 \u00a0 \u00a0 \u00a0 \u00a0 <img loading=\"lazy\" decoding=\"async\" class=\"alignnone size-medium wp-image-3454\" src=\"https:\/\/domath.surju.ee\/wp-content\/uploads\/2024\/08\/trapets-1-1-300x206.png\" alt=\"\" width=\"300\" height=\"206\" \/>\u00a0 \u00a0 \u00a0 \u00a0 \u00a0 <img loading=\"lazy\" decoding=\"async\" class=\"alignnone size-medium wp-image-3455\" src=\"https:\/\/domath.surju.ee\/wp-content\/uploads\/2024\/08\/trapets-2-1-300x184.png\" alt=\"\" width=\"300\" height=\"184\" srcset=\"https:\/\/domath.surju.ee\/wp-content\/uploads\/2024\/08\/trapets-2-1-300x184.png 300w, https:\/\/domath.surju.ee\/wp-content\/uploads\/2024\/08\/trapets-2-1-1024x627.png 1024w, https:\/\/domath.surju.ee\/wp-content\/uploads\/2024\/08\/trapets-2-1-768x470.png 768w, https:\/\/domath.surju.ee\/wp-content\/uploads\/2024\/08\/trapets-2-1-1536x941.png 1536w, https:\/\/domath.surju.ee\/wp-content\/uploads\/2024\/08\/trapets-2-1-2048x1254.png 2048w, https:\/\/domath.surju.ee\/wp-content\/uploads\/2024\/08\/trapets-2-1-24x15.png 24w, https:\/\/domath.surju.ee\/wp-content\/uploads\/2024\/08\/trapets-2-1-36x22.png 36w, https:\/\/domath.surju.ee\/wp-content\/uploads\/2024\/08\/trapets-2-1-48x29.png 48w\" sizes=\"auto, (max-width: 300px) 100vw, 300px\" \/><\/p>\n<p>The\u00a0<strong>midsegment\u00a0 <\/strong>(FG) of a trapezoid is the segment connecting the midpoints of the two non-parallel sides (AF=FD and BG=GC).<\/p>\n<p>\u00a0A <strong>trapezoid<\/strong> is usually considered to be a convex quadrilateral in <strong>Euclidean geometry<\/strong>, but there are also crossed cases.<\/p>\n<p><img loading=\"lazy\" decoding=\"async\" class=\" wp-image-3458 aligncenter\" src=\"https:\/\/domath.surju.ee\/wp-content\/uploads\/2024\/08\/trapets-3-300x82.png\" alt=\"\" width=\"352\" height=\"96\" srcset=\"https:\/\/domath.surju.ee\/wp-content\/uploads\/2024\/08\/trapets-3-300x82.png 300w, https:\/\/domath.surju.ee\/wp-content\/uploads\/2024\/08\/trapets-3-1024x278.png 1024w, https:\/\/domath.surju.ee\/wp-content\/uploads\/2024\/08\/trapets-3-768x209.png 768w, https:\/\/domath.surju.ee\/wp-content\/uploads\/2024\/08\/trapets-3-1536x417.png 1536w, https:\/\/domath.surju.ee\/wp-content\/uploads\/2024\/08\/trapets-3-2048x556.png 2048w, https:\/\/domath.surju.ee\/wp-content\/uploads\/2024\/08\/trapets-3-24x7.png 24w, https:\/\/domath.surju.ee\/wp-content\/uploads\/2024\/08\/trapets-3-36x10.png 36w, https:\/\/domath.surju.ee\/wp-content\/uploads\/2024\/08\/trapets-3-48x13.png 48w\" sizes=\"auto, (max-width: 352px) 100vw, 352px\" \/><\/p>\n<h5 style=\"text-align: center;\"><span style=\"background-color: #333399;\"><strong><span style=\"color: #99ccff;\">Trapezoid special cases.<\/span><\/strong><\/span><\/h5>\n<p>.<\/p>\n<p><img loading=\"lazy\" decoding=\"async\" class=\"size-medium wp-image-3459 aligncenter\" src=\"https:\/\/domath.surju.ee\/wp-content\/uploads\/2024\/08\/Trapezoid_special_cases-1-300x259.png\" alt=\"\" width=\"300\" height=\"259\" srcset=\"https:\/\/domath.surju.ee\/wp-content\/uploads\/2024\/08\/Trapezoid_special_cases-1-300x259.png 300w, https:\/\/domath.surju.ee\/wp-content\/uploads\/2024\/08\/Trapezoid_special_cases-1-768x664.png 768w, https:\/\/domath.surju.ee\/wp-content\/uploads\/2024\/08\/Trapezoid_special_cases-1-24x21.png 24w, https:\/\/domath.surju.ee\/wp-content\/uploads\/2024\/08\/Trapezoid_special_cases-1-36x31.png 36w, https:\/\/domath.surju.ee\/wp-content\/uploads\/2024\/08\/Trapezoid_special_cases-1-48x41.png 48w, https:\/\/domath.surju.ee\/wp-content\/uploads\/2024\/08\/Trapezoid_special_cases-1.png 849w\" sizes=\"auto, (max-width: 300px) 100vw, 300px\" \/><\/p>\n<p style=\"text-align: center;\">The orange figures also qualify as parallelograms<\/p>\n<p><img loading=\"lazy\" decoding=\"async\" class=\"alignnone  wp-image-3460\" src=\"https:\/\/domath.surju.ee\/wp-content\/uploads\/2024\/08\/trapets-4-300x209.png\" alt=\"\" width=\"126\" height=\"88\" srcset=\"https:\/\/domath.surju.ee\/wp-content\/uploads\/2024\/08\/trapets-4-300x209.png 300w, https:\/\/domath.surju.ee\/wp-content\/uploads\/2024\/08\/trapets-4-24x17.png 24w, https:\/\/domath.surju.ee\/wp-content\/uploads\/2024\/08\/trapets-4-36x25.png 36w, https:\/\/domath.surju.ee\/wp-content\/uploads\/2024\/08\/trapets-4-48x33.png 48w, https:\/\/domath.surju.ee\/wp-content\/uploads\/2024\/08\/trapets-4.png 748w\" sizes=\"auto, (max-width: 126px) 100vw, 126px\" \/>A <span style=\"color: #ff0000;\"><strong>right trapezoid<\/strong><\/span> (also called right-angled trapezoid) has two adjacent right angles.\u00a0 <img loading=\"lazy\" decoding=\"async\" class=\"alignnone  wp-image-3461\" src=\"https:\/\/domath.surju.ee\/wp-content\/uploads\/2024\/08\/Trapezoid_special_cases-1_2-e1722538058998.png\" alt=\"\" width=\"153\" height=\"58\" srcset=\"https:\/\/domath.surju.ee\/wp-content\/uploads\/2024\/08\/Trapezoid_special_cases-1_2-e1722538058998.png 235w, https:\/\/domath.surju.ee\/wp-content\/uploads\/2024\/08\/Trapezoid_special_cases-1_2-e1722538058998-24x9.png 24w, https:\/\/domath.surju.ee\/wp-content\/uploads\/2024\/08\/Trapezoid_special_cases-1_2-e1722538058998-36x14.png 36w, https:\/\/domath.surju.ee\/wp-content\/uploads\/2024\/08\/Trapezoid_special_cases-1_2-e1722538058998-48x18.png 48w\" sizes=\"auto, (max-width: 153px) 100vw, 153px\" \/>\u00a0An\u00a0<span style=\"color: #ff0000;\"><b>acute trapezoid<\/b><\/span>\u00a0has two adjacent acute angles on its longer\u00a0<i>base<\/i> edge.\u00a0 \u00a0<\/p>\n<p>\u00a0<img loading=\"lazy\" decoding=\"async\" class=\"wp-image-3462 alignleft\" src=\"https:\/\/domath.surju.ee\/wp-content\/uploads\/2024\/08\/Trapezoid_special_cases-1_3-e1722538002583.png\" alt=\"\" width=\"165\" height=\"56\" srcset=\"https:\/\/domath.surju.ee\/wp-content\/uploads\/2024\/08\/Trapezoid_special_cases-1_3-e1722538002583.png 278w, https:\/\/domath.surju.ee\/wp-content\/uploads\/2024\/08\/Trapezoid_special_cases-1_3-e1722538002583-24x8.png 24w, https:\/\/domath.surju.ee\/wp-content\/uploads\/2024\/08\/Trapezoid_special_cases-1_3-e1722538002583-36x12.png 36w, https:\/\/domath.surju.ee\/wp-content\/uploads\/2024\/08\/Trapezoid_special_cases-1_3-e1722538002583-48x16.png 48w\" sizes=\"auto, (max-width: 165px) 100vw, 165px\" \/>An <span style=\"color: #ff0000;\"><b>obtuse trapezoid<\/b>\u00a0<\/span>on the other hand has one acute and one obtuse angle on each\u00a0<i>base<\/i>.<\/p>\n<p><img loading=\"lazy\" decoding=\"async\" class=\" wp-image-3463 alignleft\" src=\"https:\/\/domath.surju.ee\/wp-content\/uploads\/2024\/08\/trapets-5-300x168.png\" alt=\"\" width=\"171\" height=\"96\" srcset=\"https:\/\/domath.surju.ee\/wp-content\/uploads\/2024\/08\/trapets-5-300x168.png 300w, https:\/\/domath.surju.ee\/wp-content\/uploads\/2024\/08\/trapets-5-1024x574.png 1024w, https:\/\/domath.surju.ee\/wp-content\/uploads\/2024\/08\/trapets-5-768x430.png 768w, https:\/\/domath.surju.ee\/wp-content\/uploads\/2024\/08\/trapets-5-1536x861.png 1536w, https:\/\/domath.surju.ee\/wp-content\/uploads\/2024\/08\/trapets-5-2048x1148.png 2048w, https:\/\/domath.surju.ee\/wp-content\/uploads\/2024\/08\/trapets-5-24x13.png 24w, https:\/\/domath.surju.ee\/wp-content\/uploads\/2024\/08\/trapets-5-36x20.png 36w, https:\/\/domath.surju.ee\/wp-content\/uploads\/2024\/08\/trapets-5-48x27.png 48w\" sizes=\"auto, (max-width: 171px) 100vw, 171px\" \/><\/p>\n<p><span style=\"font-size: revert; color: var(--bs-body-color); font-family: var(--bs-body-font-family); font-weight: var(--bs-body-font-weight); text-align: var(--bs-body-text-align);\">An <\/span><span style=\"color: #ff0000;\"><b>isosceles trapezoid<\/b><\/span><span style=\"font-size: revert; color: var(--bs-body-color); font-family: var(--bs-body-font-family); font-weight: var(--bs-body-font-weight); text-align: var(--bs-body-text-align);\"> is a trapezoid where the base angles have the same measure<\/span><span style=\"font-size: revert; color: var(--bs-body-color); font-family: var(--bs-body-font-family); font-weight: var(--bs-body-font-weight); text-align: var(--bs-body-text-align);\">\u00a0 \u00a0 \u00a0 \u00a0 and the legs are equal in length (AD = BC).<\/span><\/p>\n<p>\u00a0 <img loading=\"lazy\" decoding=\"async\" class=\"wp-image-3464 alignnone\" src=\"https:\/\/domath.surju.ee\/wp-content\/uploads\/2024\/08\/trapets-4_3-300x159.png\" alt=\"\" width=\"156\" height=\"83\" srcset=\"https:\/\/domath.surju.ee\/wp-content\/uploads\/2024\/08\/trapets-4_3-300x159.png 300w, https:\/\/domath.surju.ee\/wp-content\/uploads\/2024\/08\/trapets-4_3-768x406.png 768w, https:\/\/domath.surju.ee\/wp-content\/uploads\/2024\/08\/trapets-4_3-24x13.png 24w, https:\/\/domath.surju.ee\/wp-content\/uploads\/2024\/08\/trapets-4_3-36x19.png 36w, https:\/\/domath.surju.ee\/wp-content\/uploads\/2024\/08\/trapets-4_3-48x25.png 48w, https:\/\/domath.surju.ee\/wp-content\/uploads\/2024\/08\/trapets-4_3.png 928w\" sizes=\"auto, (max-width: 156px) 100vw, 156px\" \/><strong><span style=\"color: #ff0000;\">3-sides equal trapezoid<\/span><\/strong> is a trapezoid with three sides are equal (EH=HG=GF)<\/p>\n<p><img loading=\"lazy\" decoding=\"async\" class=\"alignnone  wp-image-3465\" src=\"https:\/\/domath.surju.ee\/wp-content\/uploads\/2024\/08\/Tangential_trapezoid_2-300x207.png\" alt=\"\" width=\"149\" height=\"103\" srcset=\"https:\/\/domath.surju.ee\/wp-content\/uploads\/2024\/08\/Tangential_trapezoid_2-300x207.png 300w, https:\/\/domath.surju.ee\/wp-content\/uploads\/2024\/08\/Tangential_trapezoid_2-24x17.png 24w, https:\/\/domath.surju.ee\/wp-content\/uploads\/2024\/08\/Tangential_trapezoid_2-36x25.png 36w, https:\/\/domath.surju.ee\/wp-content\/uploads\/2024\/08\/Tangential_trapezoid_2-48x33.png 48w, https:\/\/domath.surju.ee\/wp-content\/uploads\/2024\/08\/Tangential_trapezoid_2.png 717w\" sizes=\"auto, (max-width: 149px) 100vw, 149px\" \/>\u00a0A\u00a0 <span style=\"color: #ff0000;\"><b>tangential trapezoid<\/b>\u00a0<\/span>is a trapezoid that has an\u00a0<strong>incircle<\/strong>.<\/p>\n<p>(Source: <a href=\"https:\/\/en.wikipedia.org\/wiki\/Trapezoid\">https:\/\/en.wikipedia.org\/wiki\/Trapezoid<\/a>)<\/p>\n\n\n<hr class=\"wp-block-separator has-alpha-channel-opacity\"\/>\n\n\n<h5 style=\"text-align: center;\"><span style=\"color: #99ccff; background-color: #333399;\"><strong>Midsegment, a<\/strong><\/span><span style=\"color: #99ccff; background-color: #333399;\"><strong>rea, perimeter\u00a0<\/strong><\/span><\/h5>\n<p><img loading=\"lazy\" decoding=\"async\" class=\"wp-image-3455 alignleft\" src=\"https:\/\/domath.surju.ee\/wp-content\/uploads\/2024\/08\/trapets-2-1-300x184.png\" alt=\"\" width=\"206\" height=\"126\" srcset=\"https:\/\/domath.surju.ee\/wp-content\/uploads\/2024\/08\/trapets-2-1-300x184.png 300w, https:\/\/domath.surju.ee\/wp-content\/uploads\/2024\/08\/trapets-2-1-1024x627.png 1024w, https:\/\/domath.surju.ee\/wp-content\/uploads\/2024\/08\/trapets-2-1-768x470.png 768w, https:\/\/domath.surju.ee\/wp-content\/uploads\/2024\/08\/trapets-2-1-1536x941.png 1536w, https:\/\/domath.surju.ee\/wp-content\/uploads\/2024\/08\/trapets-2-1-2048x1254.png 2048w, https:\/\/domath.surju.ee\/wp-content\/uploads\/2024\/08\/trapets-2-1-24x15.png 24w, https:\/\/domath.surju.ee\/wp-content\/uploads\/2024\/08\/trapets-2-1-36x22.png 36w, https:\/\/domath.surju.ee\/wp-content\/uploads\/2024\/08\/trapets-2-1-48x29.png 48w\" sizes=\"auto, (max-width: 206px) 100vw, 206px\" \/><\/p>\n<\/p>\n<p>The length of the <strong>midsegment of trapezoid<\/strong> is half the sum of the lengths of the two parallel sides.\u00a0<\/p>\n\n<div class=\"wp-block-image\">\n<figure class=\"aligncenter size-large is-resized\"><img loading=\"lazy\" decoding=\"async\" width=\"1024\" height=\"527\" src=\"https:\/\/domath.surju.ee\/wp-content\/uploads\/2024\/08\/trapets-6-1-1024x527.png\" alt=\"\" class=\"wp-image-3483\" style=\"width:299px;height:auto\" srcset=\"https:\/\/domath.surju.ee\/wp-content\/uploads\/2024\/08\/trapets-6-1-1024x527.png 1024w, https:\/\/domath.surju.ee\/wp-content\/uploads\/2024\/08\/trapets-6-1-300x154.png 300w, https:\/\/domath.surju.ee\/wp-content\/uploads\/2024\/08\/trapets-6-1-768x395.png 768w, https:\/\/domath.surju.ee\/wp-content\/uploads\/2024\/08\/trapets-6-1-1536x791.png 1536w, https:\/\/domath.surju.ee\/wp-content\/uploads\/2024\/08\/trapets-6-1-2048x1054.png 2048w, https:\/\/domath.surju.ee\/wp-content\/uploads\/2024\/08\/trapets-6-1-24x12.png 24w, https:\/\/domath.surju.ee\/wp-content\/uploads\/2024\/08\/trapets-6-1-36x19.png 36w, https:\/\/domath.surju.ee\/wp-content\/uploads\/2024\/08\/trapets-6-1-48x25.png 48w\" sizes=\"auto, (max-width: 1024px) 100vw, 1024px\" \/><\/figure><\/div>\n\n<p><span style=\"background-color: var(--bs-body-bg); color: var(--bs-body-color); font-family: var(--bs-body-font-family); font-size: revert; font-weight: var(--bs-body-font-weight); text-align: var(--bs-body-text-align);\"><img loading=\"lazy\" decoding=\"async\" class=\" wp-image-3454 alignleft\" src=\"https:\/\/domath.surju.ee\/wp-content\/uploads\/2024\/08\/trapets-1-1-e1722539925125-300x194.png\" alt=\"\" width=\"195\" height=\"126\" srcset=\"https:\/\/domath.surju.ee\/wp-content\/uploads\/2024\/08\/trapets-1-1-e1722539925125-300x194.png 300w, https:\/\/domath.surju.ee\/wp-content\/uploads\/2024\/08\/trapets-1-1-e1722539925125-1024x663.png 1024w, https:\/\/domath.surju.ee\/wp-content\/uploads\/2024\/08\/trapets-1-1-e1722539925125-768x497.png 768w, https:\/\/domath.surju.ee\/wp-content\/uploads\/2024\/08\/trapets-1-1-e1722539925125-1536x994.png 1536w, https:\/\/domath.surju.ee\/wp-content\/uploads\/2024\/08\/trapets-1-1-e1722539925125-2048x1326.png 2048w, https:\/\/domath.surju.ee\/wp-content\/uploads\/2024\/08\/trapets-1-1-e1722539925125-24x16.png 24w, https:\/\/domath.surju.ee\/wp-content\/uploads\/2024\/08\/trapets-1-1-e1722539925125-36x23.png 36w, https:\/\/domath.surju.ee\/wp-content\/uploads\/2024\/08\/trapets-1-1-e1722539925125-48x31.png 48w\" sizes=\"auto, (max-width: 195px) 100vw, 195px\" \/><\/span><span style=\"color: #ff6600;\"><strong><i>a<\/i><\/strong>\u00a0<\/span>and\u00a0<strong><span style=\"color: #ff6600;\"><i>b<\/i><\/span>\u00a0<\/strong>are the <strong><span style=\"color: #ff6600;\">lengths<\/span><\/strong> of the parallel sides,\u00a0<br \/><strong><span style=\"color: #ff6600;\"><i>h<\/i><\/span><\/strong> is the <strong><span style=\"color: #ff6600;\">height<\/span> <\/strong>(the perpendicular distance between these sides),\u00a0 <br \/><strong><span style=\"color: #ff6600;\"><i>m<\/i><\/span><\/strong> is the (<strong>length of the<\/strong>\u00a0<strong><span style=\"color: #ff6600;\">midsegment)\u00a0<\/span><\/strong> <span style=\"color: #ff6600;\"><strong>arithmetic mean<\/strong><\/span>\u00a0of the lengths of the two parallel sides<\/p>\n<h5>\u00a0<\/h5>\n\n<div class=\"wp-block-image\">\n<figure class=\"aligncenter size-large is-resized\"><img loading=\"lazy\" decoding=\"async\" width=\"1024\" height=\"183\" src=\"https:\/\/domath.surju.ee\/wp-content\/uploads\/2024\/08\/trapets-9-1024x183.png\" alt=\"\" class=\"wp-image-3482\" style=\"width:369px;height:auto\" srcset=\"https:\/\/domath.surju.ee\/wp-content\/uploads\/2024\/08\/trapets-9-1024x183.png 1024w, https:\/\/domath.surju.ee\/wp-content\/uploads\/2024\/08\/trapets-9-300x54.png 300w, https:\/\/domath.surju.ee\/wp-content\/uploads\/2024\/08\/trapets-9-768x137.png 768w, https:\/\/domath.surju.ee\/wp-content\/uploads\/2024\/08\/trapets-9-1536x274.png 1536w, https:\/\/domath.surju.ee\/wp-content\/uploads\/2024\/08\/trapets-9-2048x365.png 2048w, https:\/\/domath.surju.ee\/wp-content\/uploads\/2024\/08\/trapets-9-24x4.png 24w, https:\/\/domath.surju.ee\/wp-content\/uploads\/2024\/08\/trapets-9-36x6.png 36w, https:\/\/domath.surju.ee\/wp-content\/uploads\/2024\/08\/trapets-9-48x9.png 48w\" sizes=\"auto, (max-width: 1024px) 100vw, 1024px\" \/><\/figure><\/div>\n\n<div class=\"wp-block-image\">\n<figure class=\"aligncenter size-large is-resized\"><img loading=\"lazy\" decoding=\"async\" width=\"1024\" height=\"240\" src=\"https:\/\/domath.surju.ee\/wp-content\/uploads\/2024\/08\/trapets-8-1024x240.png\" alt=\"\" class=\"wp-image-3480\" style=\"width:274px;height:auto\" srcset=\"https:\/\/domath.surju.ee\/wp-content\/uploads\/2024\/08\/trapets-8-1024x240.png 1024w, https:\/\/domath.surju.ee\/wp-content\/uploads\/2024\/08\/trapets-8-300x70.png 300w, https:\/\/domath.surju.ee\/wp-content\/uploads\/2024\/08\/trapets-8-768x180.png 768w, https:\/\/domath.surju.ee\/wp-content\/uploads\/2024\/08\/trapets-8-1536x360.png 1536w, https:\/\/domath.surju.ee\/wp-content\/uploads\/2024\/08\/trapets-8-2048x481.png 2048w, https:\/\/domath.surju.ee\/wp-content\/uploads\/2024\/08\/trapets-8-24x6.png 24w, https:\/\/domath.surju.ee\/wp-content\/uploads\/2024\/08\/trapets-8-36x8.png 36w, https:\/\/domath.surju.ee\/wp-content\/uploads\/2024\/08\/trapets-8-48x11.png 48w\" sizes=\"auto, (max-width: 1024px) 100vw, 1024px\" \/><\/figure><\/div>\n\n<p><iframe loading=\"lazy\" style=\"border: 0px;\" title=\"Trapezoid:pindala valemi tekkimine\" src=\"https:\/\/www.geogebra.org\/material\/iframe\/id\/nuh8eymu\/width\/1000\/height\/450\/border\/888888\/sfsb\/true\/smb\/false\/stb\/false\/stbh\/false\/ai\/false\/asb\/false\/sri\/false\/rc\/false\/ld\/false\/sdz\/false\/ctl\/false\" width=\"700px\" height=\"350px\" scrolling=\"no\"> <\/iframe><\/p>\n<p><a href=\"https:\/\/www.geogebra.org\/u\/tbrzezinski\"><span class=\"notranslate\">Tim Brzezinski<\/span><\/a> , License<a href=\"https:\/\/creativecommons.org\/licenses\/by-sa\/3.0\">CC-BY-SA<\/a>,\u00a0<a href=\"https:\/\/www.geogebra.org\/tos\">GeoGebra Terms of Use<\/a><\/p>\n<p><iframe loading=\"lazy\" style=\"border: 0px;\" title=\"Trapetsi pindala\" src=\"https:\/\/www.geogebra.org\/material\/iframe\/id\/fym6pvyb\/width\/1000\/height\/450\/border\/888888\/sfsb\/true\/smb\/false\/stb\/false\/stbh\/false\/ai\/false\/asb\/false\/sri\/false\/rc\/false\/ld\/false\/sdz\/false\/ctl\/false\" width=\"700px\" height=\"350px\" scrolling=\"no\"> <\/iframe><\/p>\n<p><a href=\"https:\/\/www.geogebra.org\/u\/tbrzezinski\"><span class=\"notranslate\">Tim Brzezinski<\/span><\/a> , License<a href=\"https:\/\/creativecommons.org\/licenses\/by-sa\/3.0\">CC-BY-SA<\/a>,\u00a0<a href=\"https:\/\/www.geogebra.org\/tos\">GeoGebra Terms of Use<\/a><\/p>\n<p><iframe loading=\"lazy\" style=\"border: 0px;\" title=\"Trapesti pindala\" src=\"https:\/\/www.geogebra.org\/material\/iframe\/id\/htpvatfm\/width\/1000\/height\/450\/border\/888888\/sfsb\/true\/smb\/false\/stb\/false\/stbh\/false\/ai\/false\/asb\/false\/sri\/false\/rc\/false\/ld\/false\/sdz\/false\/ctl\/false\" width=\"700px\" height=\"350px\" scrolling=\"no\"> <\/iframe><\/p>\n<p><a href=\"https:\/\/www.geogebra.org\/u\/dhabecker\"><span class=\"notranslate\">Duane Habecker<\/span><\/a>\u00a0<\/p>\n<p><iframe loading=\"lazy\" style=\"border: 0px;\" title=\"Trapetsi \u00fcmberm\u00f5\u00f5t ja pindala_random\" src=\"https:\/\/www.geogebra.org\/material\/iframe\/id\/bdhec2jd\/width\/1000\/height\/500\/border\/888888\/sfsb\/true\/smb\/false\/stb\/false\/stbh\/false\/ai\/false\/asb\/false\/sri\/false\/rc\/false\/ld\/false\/sdz\/false\/ctl\/false\" width=\"700px\" height=\"400px\" scrolling=\"no\"> <\/iframe><\/p>\n<p><a href=\"https:\/\/www.geogebra.org\/u\/dhabecker\"><span class=\"notranslate\">Duane Habecker<\/span><\/a>\u00a0<\/p>\n\n\n<hr class=\"wp-block-separator has-alpha-channel-opacity\"\/>\n","protected":false},"excerpt":{"rendered":"<p>Trapezium, trapezoid A trapezium (UK) or a trapezoid (US) A trapezium is\u00a0a quadrilateral having two parallel sides of unequal length and the other two sides are non-parallel. The parallel sides of a trapezium are called bases (AD and DC or a and b) and the non-parallel sides of a trapezium are called legs (AD and [&#8230;]<\/p>\n<p><a class=\"btn btn-secondary understrap-read-more-link\" href=\"https:\/\/domath.surju.ee\/es\/trapezium\/\">Leer m\u00e1s&#8230;<span class=\"screen-reader-text\"> from Trapezium, trapezoid<\/span><\/a><\/p>\n","protected":false},"author":12,"featured_media":0,"parent":0,"menu_order":0,"comment_status":"closed","ping_status":"closed","template":"","meta":{"_eb_attr":"","_uag_custom_page_level_css":"","footnotes":""},"categories":[],"tags":[23,40,151],"class_list":["post-1983","page","type-page","status-publish","hentry","tag-english-t","tag-estonian-t","tag-greek-tau"],"uagb_featured_image_src":{"full":false,"thumbnail":false,"medium":false,"medium_large":false,"large":false,"1536x1536":false,"2048x2048":false,"menu-24x24":false,"menu-36x36":false,"menu-48x48":false},"uagb_author_info":{"display_name":"Ave Kartau","author_link":"https:\/\/domath.surju.ee\/es\/author\/ave\/"},"uagb_comment_info":0,"uagb_excerpt":"Trapezium, trapezoid A trapezium (UK) or a trapezoid (US) A trapezium is\u00a0a quadrilateral having two parallel sides of unequal length and the other two sides are non-parallel. The parallel sides of a trapezium are called bases (AD and DC or a and b) and the non-parallel sides of a trapezium are called legs (AD and&hellip;","_links":{"self":[{"href":"https:\/\/domath.surju.ee\/es\/wp-json\/wp\/v2\/pages\/1983","targetHints":{"allow":["GET"]}}],"collection":[{"href":"https:\/\/domath.surju.ee\/es\/wp-json\/wp\/v2\/pages"}],"about":[{"href":"https:\/\/domath.surju.ee\/es\/wp-json\/wp\/v2\/types\/page"}],"author":[{"embeddable":true,"href":"https:\/\/domath.surju.ee\/es\/wp-json\/wp\/v2\/users\/12"}],"replies":[{"embeddable":true,"href":"https:\/\/domath.surju.ee\/es\/wp-json\/wp\/v2\/comments?post=1983"}],"version-history":[{"count":17,"href":"https:\/\/domath.surju.ee\/es\/wp-json\/wp\/v2\/pages\/1983\/revisions"}],"predecessor-version":[{"id":3492,"href":"https:\/\/domath.surju.ee\/es\/wp-json\/wp\/v2\/pages\/1983\/revisions\/3492"}],"wp:attachment":[{"href":"https:\/\/domath.surju.ee\/es\/wp-json\/wp\/v2\/media?parent=1983"}],"wp:term":[{"taxonomy":"category","embeddable":true,"href":"https:\/\/domath.surju.ee\/es\/wp-json\/wp\/v2\/categories?post=1983"},{"taxonomy":"post_tag","embeddable":true,"href":"https:\/\/domath.surju.ee\/es\/wp-json\/wp\/v2\/tags?post=1983"}],"curies":[{"name":"wp","href":"https:\/\/api.w.org\/{rel}","templated":true}]}}