{"id":1827,"date":"2024-04-16T07:18:15","date_gmt":"2024-04-16T07:18:15","guid":{"rendered":"https:\/\/domath.surju.ee\/?page_id=1827"},"modified":"2024-12-30T19:35:43","modified_gmt":"2024-12-30T19:35:43","slug":"pyramid","status":"publish","type":"page","link":"https:\/\/domath.surju.ee\/es\/piramide\/","title":{"rendered":"Pir\u00e1mide"},"content":{"rendered":"<p>La <strong>pir\u00e1mide<\/strong> es una figura tridimensional con varias caras planas que consta de:<\/p>\r\n<ul>\r\n\t<li>Base: Un pol\u00edgono simple situado en la base de la pir\u00e1mide. Puede ser un tri\u00e1ngulo, un cuadrado, un pent\u00e1gono o cualquier otro pol\u00edgono de lados rectos. Seg\u00fan la base, pueden ser pir\u00e1mides regulares (los lados del pol\u00edgono base tienen la misma longitud) o pir\u00e1mides irregulares (los lados del pol\u00edgono base tienen longitudes diferentes).<\/li>\r\n\t<li>Caras laterales: Tri\u00e1ngulos que se unen a la base por uno de sus lados. El n\u00famero de caras laterales es igual al n\u00famero de lados de la base.<\/li>\r\n\t<li>V\u00e9rtice: Punto superior en el que confluyen todos los v\u00e9rtices (\u00e1ngulos) de las caras laterales.<\/li>\r\n<\/ul>\r\n<p><strong>Ejemplos<\/strong> de <strong>pir\u00e1mides<\/strong> en el mundo real:<\/p>\r\n<ul>\r\n\t<li>Las pir\u00e1mides de Egipto son un famoso ejemplo de pir\u00e1mides cuadrangulares regulares.<\/li>\r\n\t<li>Cohetes espaciales: Algunos dise\u00f1os de cohetes tienen una forma similar a una pir\u00e1mide.<\/li>\r\n<\/ul>\r\n<br \/>\r\n<p><img loading=\"lazy\" decoding=\"async\" class=\"wp-image-2117 aligncenter\" src=\"https:\/\/domath.surju.ee\/wp-content\/uploads\/2024\/04\/TYPES-OF-ISOSCELES-TRIANGLE-3-289x300.png\" alt=\"\" width=\"486\" height=\"504\" srcset=\"https:\/\/domath.surju.ee\/wp-content\/uploads\/2024\/04\/TYPES-OF-ISOSCELES-TRIANGLE-3-289x300.png 289w, https:\/\/domath.surju.ee\/wp-content\/uploads\/2024\/04\/TYPES-OF-ISOSCELES-TRIANGLE-3-768x798.png 768w, https:\/\/domath.surju.ee\/wp-content\/uploads\/2024\/04\/TYPES-OF-ISOSCELES-TRIANGLE-3-24x24.png 24w, https:\/\/domath.surju.ee\/wp-content\/uploads\/2024\/04\/TYPES-OF-ISOSCELES-TRIANGLE-3-36x36.png 36w, https:\/\/domath.surju.ee\/wp-content\/uploads\/2024\/04\/TYPES-OF-ISOSCELES-TRIANGLE-3-46x48.png 46w, https:\/\/domath.surju.ee\/wp-content\/uploads\/2024\/04\/TYPES-OF-ISOSCELES-TRIANGLE-3.png 897w\" sizes=\"auto, (max-width: 486px) 100vw, 486px\" \/><\/p>\r\n<p style=\"text-align: center;\">&nbsp;<\/p>\r\n<p>&nbsp;<\/p>\r\n<p style=\"text-align: center;\">&nbsp;<\/p>\r\n<!-- \/wp:post-content -->","protected":false},"excerpt":{"rendered":"<p>La pir\u00e1mide es una figura tridimensional con varias caras planas que consta de: Base: Un pol\u00edgono simple situado en la base de la pir\u00e1mide. Puede ser un tri\u00e1ngulo, un cuadrado, un pent\u00e1gono o cualquier otro pol\u00edgono de lados rectos. Seg\u00fan la base, pueden ser pir\u00e1mides regulares (los lados del pol\u00edgono base tienen la misma longitud) [&#8230;]<\/p>\n<p><a class=\"btn btn-secondary understrap-read-more-link\" href=\"https:\/\/domath.surju.ee\/es\/piramide\/\">Leer m\u00e1s&#8230;<span class=\"screen-reader-text\"> from Pir\u00e1mide<\/span><\/a><\/p>\n","protected":false},"author":7,"featured_media":0,"parent":0,"menu_order":0,"comment_status":"closed","ping_status":"closed","template":"","meta":{"_eb_attr":"","_uag_custom_page_level_css":"","footnotes":""},"categories":[],"tags":[58,57,63,59],"class_list":["post-1827","page","type-page","status-publish","hentry","tag-english-p","tag-estonian-p","tag-greek-pi","tag-spanish-p"],"uagb_featured_image_src":{"full":false,"thumbnail":false,"medium":false,"medium_large":false,"large":false,"1536x1536":false,"2048x2048":false,"menu-24x24":false,"menu-36x36":false,"menu-48x48":false},"uagb_author_info":{"display_name":"Yessica Caceres","author_link":"https:\/\/domath.surju.ee\/es\/author\/yessica\/"},"uagb_comment_info":0,"uagb_excerpt":"La pir\u00e1mide es una figura tridimensional con varias caras planas que consta de: Base: Un pol\u00edgono simple situado en la base de la pir\u00e1mide. Puede ser un tri\u00e1ngulo, un cuadrado, un pent\u00e1gono o cualquier otro pol\u00edgono de lados rectos. Seg\u00fan la base, pueden ser pir\u00e1mides regulares (los lados del pol\u00edgono base tienen la misma longitud)&hellip;","_links":{"self":[{"href":"https:\/\/domath.surju.ee\/es\/wp-json\/wp\/v2\/pages\/1827","targetHints":{"allow":["GET"]}}],"collection":[{"href":"https:\/\/domath.surju.ee\/es\/wp-json\/wp\/v2\/pages"}],"about":[{"href":"https:\/\/domath.surju.ee\/es\/wp-json\/wp\/v2\/types\/page"}],"author":[{"embeddable":true,"href":"https:\/\/domath.surju.ee\/es\/wp-json\/wp\/v2\/users\/7"}],"replies":[{"embeddable":true,"href":"https:\/\/domath.surju.ee\/es\/wp-json\/wp\/v2\/comments?post=1827"}],"version-history":[{"count":6,"href":"https:\/\/domath.surju.ee\/es\/wp-json\/wp\/v2\/pages\/1827\/revisions"}],"predecessor-version":[{"id":5252,"href":"https:\/\/domath.surju.ee\/es\/wp-json\/wp\/v2\/pages\/1827\/revisions\/5252"}],"wp:attachment":[{"href":"https:\/\/domath.surju.ee\/es\/wp-json\/wp\/v2\/media?parent=1827"}],"wp:term":[{"taxonomy":"category","embeddable":true,"href":"https:\/\/domath.surju.ee\/es\/wp-json\/wp\/v2\/categories?post=1827"},{"taxonomy":"post_tag","embeddable":true,"href":"https:\/\/domath.surju.ee\/es\/wp-json\/wp\/v2\/tags?post=1827"}],"curies":[{"name":"wp","href":"https:\/\/api.w.org\/{rel}","templated":true}]}}