{"id":1819,"date":"2024-04-16T07:00:56","date_gmt":"2024-04-16T07:00:56","guid":{"rendered":"https:\/\/domath.surju.ee\/?page_id=1819"},"modified":"2024-12-30T18:20:19","modified_gmt":"2024-12-30T18:20:19","slug":"prism","status":"publish","type":"page","link":"https:\/\/domath.surju.ee\/es\/prisma\/","title":{"rendered":"Prisma"},"content":{"rendered":"\r\n\r\n<p id=\"tw-target-text\" class=\"tw-data-text tw-text-large tw-ta\" dir=\"ltr\" data-placeholder=\"Translation\" aria-label=\"Translated text\" data-ved=\"2ahUKEwjKzpz53c2FAxWyKhAIHXTCCXAQ3ewLegQIBhAU\"><span class=\"Y2IQFc\" lang=\"es\">Un <strong>prisma<\/strong> es una figura geom\u00e9trica tridimensional con dos caras id\u00e9nticas y paralelas llamadas bases. Estas bases pueden ser cualquier pol\u00edgono, como tri\u00e1ngulos o rect\u00e1ngulos, y las otras caras, conocidas como caras laterales, son paralelogramos formados conectando los v\u00e9rtices correspondientes de las bases.<br \/>\r\n<br \/>\r\nLos<strong> prismas<\/strong> son esenciales en geometr\u00eda y pueden verse en formas como una barra de chocolate Toblerone o un prisma de vidrio que reflecta la luz en un arco iris. Nos ayudan a comprender el espacio, el volumen y el mundo que nos rodea a trav\u00e9s de sus propiedades y f\u00f3rmulas. <br \/>\r\n<br \/>\r\nPuedes ver este v\u00eddeo para aprender m\u00e1s sobre cada figura de tres dimensiones (3D):<\/span><\/p>\r\n<p><iframe loading=\"lazy\" title=\"Learn About Faces, Edges and Vertices - 3D Shapes | Basic Geometry for Kids | Noodle Kidz\" width=\"640\" height=\"360\" src=\"https:\/\/www.youtube.com\/embed\/CYVmmTaqIPU?feature=oembed\" frameborder=\"0\" allow=\"accelerometer; autoplay; clipboard-write; encrypted-media; gyroscope; picture-in-picture; web-share\" referrerpolicy=\"strict-origin-when-cross-origin\" allowfullscreen><\/iframe><\/p>\r\n\r\n\r\n<p>&nbsp;<\/p>\r\n","protected":false},"excerpt":{"rendered":"<p>Un prisma es una figura geom\u00e9trica tridimensional con dos caras id\u00e9nticas y paralelas llamadas bases. Estas bases pueden ser cualquier pol\u00edgono, como tri\u00e1ngulos o rect\u00e1ngulos, y las otras caras, conocidas como caras laterales, son paralelogramos formados conectando los v\u00e9rtices correspondientes de las bases. Los prismas son esenciales en geometr\u00eda y pueden verse en formas como [&#8230;]<\/p>\n<p><a class=\"btn btn-secondary understrap-read-more-link\" href=\"https:\/\/domath.surju.ee\/es\/prisma\/\">Leer m\u00e1s&#8230;<span class=\"screen-reader-text\"> from Prisma<\/span><\/a><\/p>\n","protected":false},"author":5,"featured_media":0,"parent":0,"menu_order":0,"comment_status":"closed","ping_status":"closed","template":"","meta":{"_eb_attr":"","_uag_custom_page_level_css":"","footnotes":""},"categories":[],"tags":[58,57,63,59],"class_list":["post-1819","page","type-page","status-publish","hentry","tag-english-p","tag-estonian-p","tag-greek-pi","tag-spanish-p"],"uagb_featured_image_src":{"full":false,"thumbnail":false,"medium":false,"medium_large":false,"large":false,"1536x1536":false,"2048x2048":false,"menu-24x24":false,"menu-36x36":false,"menu-48x48":false},"uagb_author_info":{"display_name":"Einar Aleman","author_link":"https:\/\/domath.surju.ee\/es\/author\/einar\/"},"uagb_comment_info":0,"uagb_excerpt":"Un prisma es una figura geom\u00e9trica tridimensional con dos caras id\u00e9nticas y paralelas llamadas bases. Estas bases pueden ser cualquier pol\u00edgono, como tri\u00e1ngulos o rect\u00e1ngulos, y las otras caras, conocidas como caras laterales, son paralelogramos formados conectando los v\u00e9rtices correspondientes de las bases. Los prismas son esenciales en geometr\u00eda y pueden verse en formas como&hellip;","_links":{"self":[{"href":"https:\/\/domath.surju.ee\/es\/wp-json\/wp\/v2\/pages\/1819","targetHints":{"allow":["GET"]}}],"collection":[{"href":"https:\/\/domath.surju.ee\/es\/wp-json\/wp\/v2\/pages"}],"about":[{"href":"https:\/\/domath.surju.ee\/es\/wp-json\/wp\/v2\/types\/page"}],"author":[{"embeddable":true,"href":"https:\/\/domath.surju.ee\/es\/wp-json\/wp\/v2\/users\/5"}],"replies":[{"embeddable":true,"href":"https:\/\/domath.surju.ee\/es\/wp-json\/wp\/v2\/comments?post=1819"}],"version-history":[{"count":5,"href":"https:\/\/domath.surju.ee\/es\/wp-json\/wp\/v2\/pages\/1819\/revisions"}],"predecessor-version":[{"id":4240,"href":"https:\/\/domath.surju.ee\/es\/wp-json\/wp\/v2\/pages\/1819\/revisions\/4240"}],"wp:attachment":[{"href":"https:\/\/domath.surju.ee\/es\/wp-json\/wp\/v2\/media?parent=1819"}],"wp:term":[{"taxonomy":"category","embeddable":true,"href":"https:\/\/domath.surju.ee\/es\/wp-json\/wp\/v2\/categories?post=1819"},{"taxonomy":"post_tag","embeddable":true,"href":"https:\/\/domath.surju.ee\/es\/wp-json\/wp\/v2\/tags?post=1819"}],"curies":[{"name":"wp","href":"https:\/\/api.w.org\/{rel}","templated":true}]}}