{"id":1786,"date":"2024-04-16T06:57:39","date_gmt":"2024-04-16T06:57:39","guid":{"rendered":"https:\/\/domath.surju.ee\/?page_id=1786"},"modified":"2024-12-30T18:07:34","modified_gmt":"2024-12-30T18:07:34","slug":"positive-integers","status":"publish","type":"page","link":"https:\/\/domath.surju.ee\/es\/numero-entero-positivo\/","title":{"rendered":"N\u00famero entero positivo "},"content":{"rendered":"\r\n<p>Un<strong> n\u00famero entero<\/strong> es positivo si es mayor que cero. Los<strong> n\u00fameros<\/strong> <strong>enteros <\/strong>positivos son los n\u00fameros de contar o n\u00fameros naturales (1, 2, 3, &#8230;). El conjunto de los <strong>n\u00fameros enteros positivos<\/strong> es el mismo que el conjunto de los n\u00fameros naturales. As\u00ed, podemos decir que un <strong>n\u00famero entero<\/strong> <strong>positivo<\/strong> es cualquier <strong>n\u00famero entero<\/strong> mayor que cero: 1, 2, 3, 4, 5, 6&#8230;<\/p>\r\n<h3><strong>Representaci\u00f3n de los n\u00fameros enteros positivos<\/strong><\/h3>\r\n<h3>&nbsp;<\/h3>\r\n<p>Los<strong> n\u00fameros enteros positivos<\/strong> se denotan como Z. Este es el s\u00edmbolo de los <strong>n\u00fameros enteros positivos .<\/strong><\/p>\r\n<p>Z= {1, 2, 3, 4, &#8230;&#8230;&#8230;..}<\/p>\r\n<p>Representaci\u00f3n de <strong>n\u00fameros enteros positivos<\/strong> en la recta num\u00e9rica<\/p>\r\n<p>Una recta num\u00e9rica es un gr\u00e1fico que muestra n\u00fameros en una l\u00ednea recta. Est\u00e1 formada por n\u00fameros positivos como 1, 2,&#8230;, enteros negativos como &#8211; 1, &#8211; 2,&#8230;, y 0 que no es ni positivo ni negativo. He aqu\u00ed la representaci\u00f3n de<strong> n\u00fameros<\/strong> <strong>enteros positivos<\/strong> en una recta num\u00e9rica.<\/p>\r\n\r\n\r\n<p><img loading=\"lazy\" decoding=\"async\" class=\"alignnone  wp-image-2086\" src=\"https:\/\/domath.surju.ee\/wp-content\/uploads\/2024\/04\/TYPES-OF-ISOSCELES-TRIANGLE-1-300x204.png\" alt=\"\" width=\"500\" height=\"340\" srcset=\"https:\/\/domath.surju.ee\/wp-content\/uploads\/2024\/04\/TYPES-OF-ISOSCELES-TRIANGLE-1-300x204.png 300w, https:\/\/domath.surju.ee\/wp-content\/uploads\/2024\/04\/TYPES-OF-ISOSCELES-TRIANGLE-1-1024x695.png 1024w, https:\/\/domath.surju.ee\/wp-content\/uploads\/2024\/04\/TYPES-OF-ISOSCELES-TRIANGLE-1-768x521.png 768w, https:\/\/domath.surju.ee\/wp-content\/uploads\/2024\/04\/TYPES-OF-ISOSCELES-TRIANGLE-1-24x16.png 24w, https:\/\/domath.surju.ee\/wp-content\/uploads\/2024\/04\/TYPES-OF-ISOSCELES-TRIANGLE-1-36x24.png 36w, https:\/\/domath.surju.ee\/wp-content\/uploads\/2024\/04\/TYPES-OF-ISOSCELES-TRIANGLE-1-48x33.png 48w, https:\/\/domath.surju.ee\/wp-content\/uploads\/2024\/04\/TYPES-OF-ISOSCELES-TRIANGLE-1.png 1379w\" sizes=\"auto, (max-width: 500px) 100vw, 500px\" \/><\/p>\r\n<p>LINK:&nbsp;<a href=\"https:\/\/www.algebra-class.com\/integers.html\">https:\/\/www.algebra-class.com\/integers.html<\/a><\/p>\r\n","protected":false},"excerpt":{"rendered":"<p>Un n\u00famero entero es positivo si es mayor que cero. Los n\u00fameros enteros positivos son los n\u00fameros de contar o n\u00fameros naturales (1, 2, 3, &#8230;). El conjunto de los n\u00fameros enteros positivos es el mismo que el conjunto de los n\u00fameros naturales. As\u00ed, podemos decir que un n\u00famero entero positivo es cualquier n\u00famero entero [&#8230;]<\/p>\n<p><a class=\"btn btn-secondary understrap-read-more-link\" href=\"https:\/\/domath.surju.ee\/es\/numero-entero-positivo\/\">Leer m\u00e1s&#8230;<span class=\"screen-reader-text\"> from N\u00famero entero positivo <\/span><\/a><\/p>\n","protected":false},"author":6,"featured_media":0,"parent":0,"menu_order":0,"comment_status":"closed","ping_status":"closed","template":"","meta":{"_eb_attr":"","_uag_custom_page_level_css":"","footnotes":""},"categories":[],"tags":[58,57,142,129],"class_list":["post-1786","page","type-page","status-publish","hentry","tag-english-p","tag-estonian-p","tag-greek-theta","tag-spanish-ne"],"uagb_featured_image_src":{"full":false,"thumbnail":false,"medium":false,"medium_large":false,"large":false,"1536x1536":false,"2048x2048":false,"menu-24x24":false,"menu-36x36":false,"menu-48x48":false},"uagb_author_info":{"display_name":"Yraya Santana","author_link":"https:\/\/domath.surju.ee\/es\/author\/yraya\/"},"uagb_comment_info":0,"uagb_excerpt":"Un n\u00famero entero es positivo si es mayor que cero. Los n\u00fameros enteros positivos son los n\u00fameros de contar o n\u00fameros naturales (1, 2, 3, &#8230;). El conjunto de los n\u00fameros enteros positivos es el mismo que el conjunto de los n\u00fameros naturales. As\u00ed, podemos decir que un n\u00famero entero positivo es cualquier n\u00famero entero&hellip;","_links":{"self":[{"href":"https:\/\/domath.surju.ee\/es\/wp-json\/wp\/v2\/pages\/1786","targetHints":{"allow":["GET"]}}],"collection":[{"href":"https:\/\/domath.surju.ee\/es\/wp-json\/wp\/v2\/pages"}],"about":[{"href":"https:\/\/domath.surju.ee\/es\/wp-json\/wp\/v2\/types\/page"}],"author":[{"embeddable":true,"href":"https:\/\/domath.surju.ee\/es\/wp-json\/wp\/v2\/users\/6"}],"replies":[{"embeddable":true,"href":"https:\/\/domath.surju.ee\/es\/wp-json\/wp\/v2\/comments?post=1786"}],"version-history":[{"count":6,"href":"https:\/\/domath.surju.ee\/es\/wp-json\/wp\/v2\/pages\/1786\/revisions"}],"predecessor-version":[{"id":4234,"href":"https:\/\/domath.surju.ee\/es\/wp-json\/wp\/v2\/pages\/1786\/revisions\/4234"}],"wp:attachment":[{"href":"https:\/\/domath.surju.ee\/es\/wp-json\/wp\/v2\/media?parent=1786"}],"wp:term":[{"taxonomy":"category","embeddable":true,"href":"https:\/\/domath.surju.ee\/es\/wp-json\/wp\/v2\/categories?post=1786"},{"taxonomy":"post_tag","embeddable":true,"href":"https:\/\/domath.surju.ee\/es\/wp-json\/wp\/v2\/tags?post=1786"}],"curies":[{"name":"wp","href":"https:\/\/api.w.org\/{rel}","templated":true}]}}