{"id":1774,"date":"2024-04-16T06:48:12","date_gmt":"2024-04-16T06:48:12","guid":{"rendered":"https:\/\/domath.surju.ee\/?page_id=1774"},"modified":"2024-12-30T17:52:51","modified_gmt":"2024-12-30T17:52:51","slug":"point-of-intersection","status":"publish","type":"page","link":"https:\/\/domath.surju.ee\/es\/punto-de-interseccion\/","title":{"rendered":"Punto de intersecci\u00f3n"},"content":{"rendered":"\r\n<span class=\"Y2IQFc\" lang=\"es\">En matem\u00e1ticas, un <strong>punto de intersecci\u00f3n<\/strong> es el punto en el que se encuentran dos o m\u00e1s figuras geom\u00e9tricas. Es decir, es el lugar donde las figuras comparten un punto com\u00fan. <br \/>\r\n<br \/>\r\nEjemplos de <strong>puntos de intersecci\u00f3n<\/strong>: <br \/>\r\n<\/span><br \/>\r\n<ul>\r\n\t<li style=\"font-weight: 400;\" aria-level=\"1\"><span style=\"font-weight: 400;\"><strong>Dos rectas:<\/strong> si dos rectas no son paralelas, se cortan en un solo punto. Este punto es el punto de intersecci\u00f3n de las l\u00edneas.<\/span><\/li>\r\n<\/ul>\r\n<br \/>\r\n<br \/>\r\n<br \/>\r\n<br \/>\r\n<p><img loading=\"lazy\" decoding=\"async\" class=\"wp-image-2014 aligncenter\" src=\"https:\/\/domath.surju.ee\/wp-content\/uploads\/2024\/04\/A-1-300x154.png\" alt=\"\" width=\"378\" height=\"194\" srcset=\"https:\/\/domath.surju.ee\/wp-content\/uploads\/2024\/04\/A-1-300x154.png 300w, https:\/\/domath.surju.ee\/wp-content\/uploads\/2024\/04\/A-1-1024x525.png 1024w, https:\/\/domath.surju.ee\/wp-content\/uploads\/2024\/04\/A-1-768x394.png 768w, https:\/\/domath.surju.ee\/wp-content\/uploads\/2024\/04\/A-1-1536x788.png 1536w, https:\/\/domath.surju.ee\/wp-content\/uploads\/2024\/04\/A-1-2048x1050.png 2048w, https:\/\/domath.surju.ee\/wp-content\/uploads\/2024\/04\/A-1-24x12.png 24w, https:\/\/domath.surju.ee\/wp-content\/uploads\/2024\/04\/A-1-36x18.png 36w, https:\/\/domath.surju.ee\/wp-content\/uploads\/2024\/04\/A-1-48x25.png 48w\" sizes=\"auto, (max-width: 378px) 100vw, 378px\" \/><\/p>\r\n<ul>\r\n\t<li id=\"tw-target-text\" class=\"tw-data-text tw-text-large tw-ta\" dir=\"ltr\" data-placeholder=\"Translation\" aria-label=\"Translated text\" data-ved=\"2ahUKEwjKzpz53c2FAxWyKhAIHXTCCXAQ3ewLegQIBhAU\"><span class=\"Y2IQFc\" lang=\"es\"><strong>Una recta y un c\u00edrculo:<\/strong> una recta puede cortar a un c\u00edrculo en dos puntos, en un punto o en ning\u00fan punto. Si la recta cruza la circunferencia en dos puntos, estos puntos se llaman puntos de intersecci\u00f3n.<\/span><\/li>\r\n<\/ul>\r\n<br \/>\r\n<p><img loading=\"lazy\" decoding=\"async\" class=\"size-medium wp-image-1926 aligncenter\" src=\"https:\/\/domath.surju.ee\/wp-content\/uploads\/2024\/04\/1-300x288.png\" alt=\"\" width=\"300\" height=\"288\" srcset=\"https:\/\/domath.surju.ee\/wp-content\/uploads\/2024\/04\/1-300x288.png 300w, https:\/\/domath.surju.ee\/wp-content\/uploads\/2024\/04\/1-1024x982.png 1024w, https:\/\/domath.surju.ee\/wp-content\/uploads\/2024\/04\/1-768x736.png 768w, https:\/\/domath.surju.ee\/wp-content\/uploads\/2024\/04\/1-1536x1472.png 1536w, https:\/\/domath.surju.ee\/wp-content\/uploads\/2024\/04\/1-24x24.png 24w, https:\/\/domath.surju.ee\/wp-content\/uploads\/2024\/04\/1-36x36.png 36w, https:\/\/domath.surju.ee\/wp-content\/uploads\/2024\/04\/1-48x46.png 48w, https:\/\/domath.surju.ee\/wp-content\/uploads\/2024\/04\/1.png 1690w\" sizes=\"auto, (max-width: 300px) 100vw, 300px\" \/><\/p>\r\n<ul>\r\n\t<li>\r\n<p id=\"tw-target-text\" class=\"tw-data-text tw-text-large tw-ta\" dir=\"ltr\" data-placeholder=\"Translation\" aria-label=\"Translated text\" data-ved=\"2ahUKEwjKzpz53c2FAxWyKhAIHXTCCXAQ3ewLegQIBhAU\"><span class=\"Y2IQFc\" lang=\"es\"><strong>Dos c\u00edrculos:<\/strong> dos c\u00edrculos pueden cruzarse en dos puntos, en un punto o en ning\u00fan punto. Si los c\u00edrculos se cruzan en dos puntos, estos puntos se llaman puntos de intersecci\u00f3n.<\/span><\/p>\r\n<\/li>\r\n<\/ul>\r\n<p><img loading=\"lazy\" decoding=\"async\" class=\"size-medium wp-image-1928 aligncenter\" src=\"https:\/\/domath.surju.ee\/wp-content\/uploads\/2024\/04\/2-300x295.png\" alt=\"\" width=\"300\" height=\"295\" srcset=\"https:\/\/domath.surju.ee\/wp-content\/uploads\/2024\/04\/2-300x295.png 300w, https:\/\/domath.surju.ee\/wp-content\/uploads\/2024\/04\/2-1024x1007.png 1024w, https:\/\/domath.surju.ee\/wp-content\/uploads\/2024\/04\/2-768x755.png 768w, https:\/\/domath.surju.ee\/wp-content\/uploads\/2024\/04\/2-1536x1510.png 1536w, https:\/\/domath.surju.ee\/wp-content\/uploads\/2024\/04\/2-24x24.png 24w, https:\/\/domath.surju.ee\/wp-content\/uploads\/2024\/04\/2-36x36.png 36w, https:\/\/domath.surju.ee\/wp-content\/uploads\/2024\/04\/2-48x48.png 48w, https:\/\/domath.surju.ee\/wp-content\/uploads\/2024\/04\/2.png 1794w\" sizes=\"auto, (max-width: 300px) 100vw, 300px\" \/><\/p>\r\n","protected":false},"excerpt":{"rendered":"<p>En matem\u00e1ticas, un punto de intersecci\u00f3n es el punto en el que se encuentran dos o m\u00e1s figuras geom\u00e9tricas. Es decir, es el lugar donde las figuras comparten un punto com\u00fan. Ejemplos de puntos de intersecci\u00f3n: Dos rectas: si dos rectas no son paralelas, se cortan en un solo punto. Este punto es el punto [&#8230;]<\/p>\n<p><a class=\"btn btn-secondary understrap-read-more-link\" href=\"https:\/\/domath.surju.ee\/es\/punto-de-interseccion\/\">Leer m\u00e1s&#8230;<span class=\"screen-reader-text\"> from Punto de intersecci\u00f3n<\/span><\/a><\/p>\n","protected":false},"author":7,"featured_media":0,"parent":0,"menu_order":0,"comment_status":"closed","ping_status":"closed","template":"","meta":{"_eb_attr":"","_uag_custom_page_level_css":"","footnotes":""},"categories":[],"tags":[58,4,150,59],"class_list":["post-1774","page","type-page","status-publish","hentry","tag-english-p","tag-estonian-l","tag-greek-sigma","tag-spanish-p"],"uagb_featured_image_src":{"full":false,"thumbnail":false,"medium":false,"medium_large":false,"large":false,"1536x1536":false,"2048x2048":false,"menu-24x24":false,"menu-36x36":false,"menu-48x48":false},"uagb_author_info":{"display_name":"Yessica Caceres","author_link":"https:\/\/domath.surju.ee\/es\/author\/yessica\/"},"uagb_comment_info":0,"uagb_excerpt":"En matem\u00e1ticas, un punto de intersecci\u00f3n es el punto en el que se encuentran dos o m\u00e1s figuras geom\u00e9tricas. Es decir, es el lugar donde las figuras comparten un punto com\u00fan. Ejemplos de puntos de intersecci\u00f3n: Dos rectas: si dos rectas no son paralelas, se cortan en un solo punto. Este punto es el punto&hellip;","_links":{"self":[{"href":"https:\/\/domath.surju.ee\/es\/wp-json\/wp\/v2\/pages\/1774","targetHints":{"allow":["GET"]}}],"collection":[{"href":"https:\/\/domath.surju.ee\/es\/wp-json\/wp\/v2\/pages"}],"about":[{"href":"https:\/\/domath.surju.ee\/es\/wp-json\/wp\/v2\/types\/page"}],"author":[{"embeddable":true,"href":"https:\/\/domath.surju.ee\/es\/wp-json\/wp\/v2\/users\/7"}],"replies":[{"embeddable":true,"href":"https:\/\/domath.surju.ee\/es\/wp-json\/wp\/v2\/comments?post=1774"}],"version-history":[{"count":7,"href":"https:\/\/domath.surju.ee\/es\/wp-json\/wp\/v2\/pages\/1774\/revisions"}],"predecessor-version":[{"id":4231,"href":"https:\/\/domath.surju.ee\/es\/wp-json\/wp\/v2\/pages\/1774\/revisions\/4231"}],"wp:attachment":[{"href":"https:\/\/domath.surju.ee\/es\/wp-json\/wp\/v2\/media?parent=1774"}],"wp:term":[{"taxonomy":"category","embeddable":true,"href":"https:\/\/domath.surju.ee\/es\/wp-json\/wp\/v2\/categories?post=1774"},{"taxonomy":"post_tag","embeddable":true,"href":"https:\/\/domath.surju.ee\/es\/wp-json\/wp\/v2\/tags?post=1774"}],"curies":[{"name":"wp","href":"https:\/\/api.w.org\/{rel}","templated":true}]}}