{"id":1766,"date":"2024-04-16T06:34:28","date_gmt":"2024-04-16T06:34:28","guid":{"rendered":"https:\/\/domath.surju.ee\/?page_id=1766"},"modified":"2025-01-02T19:44:18","modified_gmt":"2025-01-02T19:44:18","slug":"polyhedron","status":"publish","type":"page","link":"https:\/\/domath.surju.ee\/es\/poliedro\/","title":{"rendered":"Poliedro"},"content":{"rendered":"\r\n<p>Un <strong>poliedro<\/strong> es una forma tridimensional con caras poligonales planas, aristas rectas y esquinas o v\u00e9rtices agudos. Por ejemplo: cubos, prismas y pir\u00e1mides. Sin embargo, los conos y las esferas no son poliedros ya que no tienen caras poligonales.<\/p>\r\n\r\n\r\n<p><img loading=\"lazy\" decoding=\"async\" class=\"alignnone  wp-image-2046\" src=\"https:\/\/domath.surju.ee\/wp-content\/uploads\/2024\/04\/Cube-300x169.png\" alt=\"\" width=\"393\" height=\"221\" srcset=\"https:\/\/domath.surju.ee\/wp-content\/uploads\/2024\/04\/Cube-300x169.png 300w, https:\/\/domath.surju.ee\/wp-content\/uploads\/2024\/04\/Cube-1024x576.png 1024w, https:\/\/domath.surju.ee\/wp-content\/uploads\/2024\/04\/Cube-768x432.png 768w, https:\/\/domath.surju.ee\/wp-content\/uploads\/2024\/04\/Cube-1536x864.png 1536w, https:\/\/domath.surju.ee\/wp-content\/uploads\/2024\/04\/Cube-24x14.png 24w, https:\/\/domath.surju.ee\/wp-content\/uploads\/2024\/04\/Cube-36x20.png 36w, https:\/\/domath.surju.ee\/wp-content\/uploads\/2024\/04\/Cube-48x27.png 48w, https:\/\/domath.surju.ee\/wp-content\/uploads\/2024\/04\/Cube.png 1920w\" sizes=\"auto, (max-width: 393px) 100vw, 393px\" \/><\/p>\r\n","protected":false},"excerpt":{"rendered":"<p>Un poliedro es una forma tridimensional con caras poligonales planas, aristas rectas y esquinas o v\u00e9rtices agudos. Por ejemplo: cubos, prismas y pir\u00e1mides. Sin embargo, los conos y las esferas no son poliedros ya que no tienen caras poligonales. [&#8230;]<\/p>\n<p><a class=\"btn btn-secondary understrap-read-more-link\" href=\"https:\/\/domath.surju.ee\/es\/poliedro\/\">Leer m\u00e1s&#8230;<span class=\"screen-reader-text\"> from Poliedro<\/span><\/a><\/p>\n","protected":false},"author":8,"featured_media":0,"parent":0,"menu_order":0,"comment_status":"closed","ping_status":"closed","template":"","meta":{"_eb_attr":"","_uag_custom_page_level_css":"","footnotes":""},"categories":[],"tags":[58,112,63,59],"class_list":["post-1766","page","type-page","status-publish","hentry","tag-english-p","tag-estonian-h","tag-greek-pi","tag-spanish-p"],"uagb_featured_image_src":{"full":false,"thumbnail":false,"medium":false,"medium_large":false,"large":false,"1536x1536":false,"2048x2048":false,"menu-24x24":false,"menu-36x36":false,"menu-48x48":false},"uagb_author_info":{"display_name":"Silvia Herrera","author_link":"https:\/\/domath.surju.ee\/es\/author\/silvia\/"},"uagb_comment_info":0,"uagb_excerpt":"Un poliedro es una forma tridimensional con caras poligonales planas, aristas rectas y esquinas o v\u00e9rtices agudos. Por ejemplo: cubos, prismas y pir\u00e1mides. Sin embargo, los conos y las esferas no son poliedros ya que no tienen caras poligonales. [...]Leer m\u00e1s... from Poliedro","_links":{"self":[{"href":"https:\/\/domath.surju.ee\/es\/wp-json\/wp\/v2\/pages\/1766","targetHints":{"allow":["GET"]}}],"collection":[{"href":"https:\/\/domath.surju.ee\/es\/wp-json\/wp\/v2\/pages"}],"about":[{"href":"https:\/\/domath.surju.ee\/es\/wp-json\/wp\/v2\/types\/page"}],"author":[{"embeddable":true,"href":"https:\/\/domath.surju.ee\/es\/wp-json\/wp\/v2\/users\/8"}],"replies":[{"embeddable":true,"href":"https:\/\/domath.surju.ee\/es\/wp-json\/wp\/v2\/comments?post=1766"}],"version-history":[{"count":5,"href":"https:\/\/domath.surju.ee\/es\/wp-json\/wp\/v2\/pages\/1766\/revisions"}],"predecessor-version":[{"id":4233,"href":"https:\/\/domath.surju.ee\/es\/wp-json\/wp\/v2\/pages\/1766\/revisions\/4233"}],"wp:attachment":[{"href":"https:\/\/domath.surju.ee\/es\/wp-json\/wp\/v2\/media?parent=1766"}],"wp:term":[{"taxonomy":"category","embeddable":true,"href":"https:\/\/domath.surju.ee\/es\/wp-json\/wp\/v2\/categories?post=1766"},{"taxonomy":"post_tag","embeddable":true,"href":"https:\/\/domath.surju.ee\/es\/wp-json\/wp\/v2\/tags?post=1766"}],"curies":[{"name":"wp","href":"https:\/\/api.w.org\/{rel}","templated":true}]}}