{"id":1756,"date":"2024-04-16T06:24:32","date_gmt":"2024-04-16T06:24:32","guid":{"rendered":"https:\/\/domath.surju.ee\/?page_id=1756"},"modified":"2024-12-30T17:51:39","modified_gmt":"2024-12-30T17:51:39","slug":"point","status":"publish","type":"page","link":"https:\/\/domath.surju.ee\/es\/punto\/","title":{"rendered":"Punto"},"content":{"rendered":"<p>En matem\u00e1ticas, un <strong>punto<\/strong> es una de las entidades fundamentales de la geometr\u00eda, junto con la recta y el plano.<\/p>\n<p>Las principales <strong>caracter\u00edsticas<\/strong> de un <strong>punto<\/strong> son:<\/p>\n<ul>\n<li>No tiene dimensiones: Un punto no tiene longitud, \u00e1rea, volumen ni \u00e1ngulo. Se considera un objeto adimensional.<\/li>\n<li>Posici\u00f3n: Un punto marca una ubicaci\u00f3n espec\u00edfica en el espacio. Puede representarse gr\u00e1ficamente como un peque\u00f1o c\u00edrculo o una marca.<\/li>\n<li>Nombre: Los puntos suelen nombrarse con letras may\u00fasculas, como A, B, C, etc.<\/li>\n<li>Base para figuras: Los puntos son la base para construir otras figuras geom\u00e9tricas, como rectas, segmentos, pol\u00edgonos, c\u00edrculos, etc.<\/li>\n<\/ul>\n<p><strong>Ejemplos<\/strong> de <strong>puntos<\/strong> en geometr\u00eda:<\/p>\n<ul>\n<li>Los v\u00e9rtices de un tri\u00e1ngulo o un cuadrado.<\/li>\n<li>Los extremos de un segmento de recta.<\/li>\n<li>El centro de una circunferencia.<\/li>\n<li>El punto de intersecci\u00f3n de dos rectas.<\/li>\n<\/ul>\n","protected":false},"excerpt":{"rendered":"<p>En matem\u00e1ticas, un punto es una de las entidades fundamentales de la geometr\u00eda, junto con la recta y el plano. Las principales caracter\u00edsticas de un punto son: No tiene dimensiones: Un punto no tiene longitud, \u00e1rea, volumen ni \u00e1ngulo. Se considera un objeto adimensional. Posici\u00f3n: Un punto marca una ubicaci\u00f3n espec\u00edfica en el espacio. Puede [&#8230;]<\/p>\n<p><a class=\"btn btn-secondary understrap-read-more-link\" href=\"https:\/\/domath.surju.ee\/es\/punto\/\">Leer m\u00e1s&#8230;<span class=\"screen-reader-text\"> from Punto<\/span><\/a><\/p>\n","protected":false},"author":7,"featured_media":0,"parent":0,"menu_order":0,"comment_status":"closed","ping_status":"closed","template":"","meta":{"_eb_attr":"","_uag_custom_page_level_css":"","footnotes":""},"categories":[],"tags":[58,57,150,59],"class_list":["post-1756","page","type-page","status-publish","hentry","tag-english-p","tag-estonian-p","tag-greek-sigma","tag-spanish-p"],"uagb_featured_image_src":{"full":false,"thumbnail":false,"medium":false,"medium_large":false,"large":false,"1536x1536":false,"2048x2048":false,"menu-24x24":false,"menu-36x36":false,"menu-48x48":false},"uagb_author_info":{"display_name":"Yessica Caceres","author_link":"https:\/\/domath.surju.ee\/es\/author\/yessica\/"},"uagb_comment_info":0,"uagb_excerpt":"En matem\u00e1ticas, un punto es una de las entidades fundamentales de la geometr\u00eda, junto con la recta y el plano. Las principales caracter\u00edsticas de un punto son: No tiene dimensiones: Un punto no tiene longitud, \u00e1rea, volumen ni \u00e1ngulo. Se considera un objeto adimensional. Posici\u00f3n: Un punto marca una ubicaci\u00f3n espec\u00edfica en el espacio. Puede&hellip;","_links":{"self":[{"href":"https:\/\/domath.surju.ee\/es\/wp-json\/wp\/v2\/pages\/1756","targetHints":{"allow":["GET"]}}],"collection":[{"href":"https:\/\/domath.surju.ee\/es\/wp-json\/wp\/v2\/pages"}],"about":[{"href":"https:\/\/domath.surju.ee\/es\/wp-json\/wp\/v2\/types\/page"}],"author":[{"embeddable":true,"href":"https:\/\/domath.surju.ee\/es\/wp-json\/wp\/v2\/users\/7"}],"replies":[{"embeddable":true,"href":"https:\/\/domath.surju.ee\/es\/wp-json\/wp\/v2\/comments?post=1756"}],"version-history":[{"count":5,"href":"https:\/\/domath.surju.ee\/es\/wp-json\/wp\/v2\/pages\/1756\/revisions"}],"predecessor-version":[{"id":5248,"href":"https:\/\/domath.surju.ee\/es\/wp-json\/wp\/v2\/pages\/1756\/revisions\/5248"}],"wp:attachment":[{"href":"https:\/\/domath.surju.ee\/es\/wp-json\/wp\/v2\/media?parent=1756"}],"wp:term":[{"taxonomy":"category","embeddable":true,"href":"https:\/\/domath.surju.ee\/es\/wp-json\/wp\/v2\/categories?post=1756"},{"taxonomy":"post_tag","embeddable":true,"href":"https:\/\/domath.surju.ee\/es\/wp-json\/wp\/v2\/tags?post=1756"}],"curies":[{"name":"wp","href":"https:\/\/api.w.org\/{rel}","templated":true}]}}