{"id":1752,"date":"2024-04-16T06:45:53","date_gmt":"2024-04-16T06:45:53","guid":{"rendered":"https:\/\/domath.surju.ee\/?page_id=1752"},"modified":"2024-12-30T18:10:41","modified_gmt":"2024-12-30T18:10:41","slug":"prime-number","status":"publish","type":"page","link":"https:\/\/domath.surju.ee\/es\/numero-primo\/","title":{"rendered":"N\u00famero primo"},"content":{"rendered":"\r\n<p>Un <strong>n\u00famero primo<\/strong> es un n\u00famero natural mayor que 1 que s\u00f3lo puede dividirse exactamente por uno y por s\u00ed mismo.<\/p>\r\n<p>2, 3, 5, 7 y 11 son n\u00fameros <strong>primos.<\/strong><\/p>\r\n\r\n<div class=\"wp-block-image\">\r\n<figure class=\"aligncenter size-large\"><img loading=\"lazy\" decoding=\"async\" width=\"1024\" height=\"473\" class=\"wp-image-1796\" src=\"https:\/\/domath.surju.ee\/wp-content\/uploads\/2024\/04\/3-1-1024x473.png\" alt=\"\" srcset=\"https:\/\/domath.surju.ee\/wp-content\/uploads\/2024\/04\/3-1-1024x473.png 1024w, https:\/\/domath.surju.ee\/wp-content\/uploads\/2024\/04\/3-1-300x139.png 300w, https:\/\/domath.surju.ee\/wp-content\/uploads\/2024\/04\/3-1-768x355.png 768w, https:\/\/domath.surju.ee\/wp-content\/uploads\/2024\/04\/3-1-1536x709.png 1536w, https:\/\/domath.surju.ee\/wp-content\/uploads\/2024\/04\/3-1-2048x946.png 2048w, https:\/\/domath.surju.ee\/wp-content\/uploads\/2024\/04\/3-1-24x11.png 24w, https:\/\/domath.surju.ee\/wp-content\/uploads\/2024\/04\/3-1-36x17.png 36w, https:\/\/domath.surju.ee\/wp-content\/uploads\/2024\/04\/3-1-48x22.png 48w\" sizes=\"auto, (max-width: 1024px) 100vw, 1024px\" \/><\/figure><\/div>","protected":false},"excerpt":{"rendered":"<p>Un n\u00famero primo es un n\u00famero natural mayor que 1 que s\u00f3lo puede dividirse exactamente por uno y por s\u00ed mismo. 2, 3, 5, 7 y 11 son n\u00fameros primos. [&#8230;]<\/p>\n<p><a class=\"btn btn-secondary understrap-read-more-link\" href=\"https:\/\/domath.surju.ee\/es\/numero-primo\/\">Leer m\u00e1s&#8230;<span class=\"screen-reader-text\"> from N\u00famero primo<\/span><\/a><\/p>\n","protected":false},"author":5,"featured_media":0,"parent":0,"menu_order":0,"comment_status":"closed","ping_status":"closed","template":"","meta":{"_eb_attr":"","_uag_custom_page_level_css":"","footnotes":""},"categories":[],"tags":[58,22,63,129],"class_list":["post-1752","page","type-page","status-publish","hentry","tag-english-p","tag-estonian-a","tag-greek-pi","tag-spanish-ne"],"uagb_featured_image_src":{"full":false,"thumbnail":false,"medium":false,"medium_large":false,"large":false,"1536x1536":false,"2048x2048":false,"menu-24x24":false,"menu-36x36":false,"menu-48x48":false},"uagb_author_info":{"display_name":"Einar Aleman","author_link":"https:\/\/domath.surju.ee\/es\/author\/einar\/"},"uagb_comment_info":0,"uagb_excerpt":"Un n\u00famero primo es un n\u00famero natural mayor que 1 que s\u00f3lo puede dividirse exactamente por uno y por s\u00ed mismo. 2, 3, 5, 7 y 11 son n\u00fameros primos. [...]Leer m\u00e1s... from N\u00famero primo","_links":{"self":[{"href":"https:\/\/domath.surju.ee\/es\/wp-json\/wp\/v2\/pages\/1752","targetHints":{"allow":["GET"]}}],"collection":[{"href":"https:\/\/domath.surju.ee\/es\/wp-json\/wp\/v2\/pages"}],"about":[{"href":"https:\/\/domath.surju.ee\/es\/wp-json\/wp\/v2\/types\/page"}],"author":[{"embeddable":true,"href":"https:\/\/domath.surju.ee\/es\/wp-json\/wp\/v2\/users\/5"}],"replies":[{"embeddable":true,"href":"https:\/\/domath.surju.ee\/es\/wp-json\/wp\/v2\/comments?post=1752"}],"version-history":[{"count":3,"href":"https:\/\/domath.surju.ee\/es\/wp-json\/wp\/v2\/pages\/1752\/revisions"}],"predecessor-version":[{"id":4235,"href":"https:\/\/domath.surju.ee\/es\/wp-json\/wp\/v2\/pages\/1752\/revisions\/4235"}],"wp:attachment":[{"href":"https:\/\/domath.surju.ee\/es\/wp-json\/wp\/v2\/media?parent=1752"}],"wp:term":[{"taxonomy":"category","embeddable":true,"href":"https:\/\/domath.surju.ee\/es\/wp-json\/wp\/v2\/categories?post=1752"},{"taxonomy":"post_tag","embeddable":true,"href":"https:\/\/domath.surju.ee\/es\/wp-json\/wp\/v2\/tags?post=1752"}],"curies":[{"name":"wp","href":"https:\/\/api.w.org\/{rel}","templated":true}]}}