{"id":1751,"date":"2024-04-16T06:18:12","date_gmt":"2024-04-16T06:18:12","guid":{"rendered":"https:\/\/domath.surju.ee\/?page_id=1751"},"modified":"2024-12-30T18:01:14","modified_gmt":"2024-12-30T18:01:14","slug":"polygon","status":"publish","type":"page","link":"https:\/\/domath.surju.ee\/es\/poligono\/","title":{"rendered":"Pol\u00edgono"},"content":{"rendered":"\r\n<p>Un <strong>pol\u00edgono<\/strong> es una forma plana, bidimensional (2D) con lados rectos que est\u00e1 completamente cerrada (todos los lados est\u00e1n unidos). Los lados deben ser rectos. Los pol\u00edgonos pueden tener cualquier n\u00famero de lados.<\/p>\r\n<p>-Un <strong>pol\u00edgono regular<\/strong> es un pol\u00edgono en el que todos los lados tienen la misma longitud y los mismos \u00e1ngulos.<\/p>\r\n<p>-Un <strong>pol\u00edgono<\/strong> irregular es un pol\u00edgono con lados y\/o \u00e1ngulos de diferentes longitudes y tama\u00f1os.<\/p>\r\n\r\n\r\n<p><iframe loading=\"lazy\" title=\"Math Musicals - The Polygon Song\" width=\"640\" height=\"360\" src=\"https:\/\/www.youtube.com\/embed\/rPCWH_-E7YI?feature=oembed\" frameborder=\"0\" allow=\"accelerometer; autoplay; clipboard-write; encrypted-media; gyroscope; picture-in-picture; web-share\" referrerpolicy=\"strict-origin-when-cross-origin\" allowfullscreen><\/iframe><\/p>\r\n\r\n\r\n<p><iframe loading=\"lazy\" class=\"wp-embedded-content\" sandbox=\"allow-scripts\" security=\"restricted\" title=\"Regular Polygons and Irregular Polygons\" src=\"https:\/\/wordwall.net\/embed\/98e75d405a9f4549b6aa645d910a6638?themeId=0&#038;ref=oembed#?secret=Lifqme3EPu\" data-secret=\"Lifqme3EPu\" width=\"500\" height=\"380\" frameborder=\"0\"><\/iframe><\/p>\r\n","protected":false},"excerpt":{"rendered":"<p>Un pol\u00edgono es una forma plana, bidimensional (2D) con lados rectos que est\u00e1 completamente cerrada (todos los lados est\u00e1n unidos). Los lados deben ser rectos. Los pol\u00edgonos pueden tener cualquier n\u00famero de lados. -Un pol\u00edgono regular es un pol\u00edgono en el que todos los lados tienen la misma longitud y los mismos \u00e1ngulos. -Un pol\u00edgono [&#8230;]<\/p>\n<p><a class=\"btn btn-secondary understrap-read-more-link\" href=\"https:\/\/domath.surju.ee\/es\/poligono\/\">Leer m\u00e1s&#8230;<span class=\"screen-reader-text\"> from Pol\u00edgono<\/span><\/a><\/p>\n","protected":false},"author":8,"featured_media":0,"parent":0,"menu_order":0,"comment_status":"closed","ping_status":"closed","template":"","meta":{"_eb_attr":"","_uag_custom_page_level_css":"","footnotes":""},"categories":[],"tags":[58,112,63,59],"class_list":["post-1751","page","type-page","status-publish","hentry","tag-english-p","tag-estonian-h","tag-greek-pi","tag-spanish-p"],"uagb_featured_image_src":{"full":false,"thumbnail":false,"medium":false,"medium_large":false,"large":false,"1536x1536":false,"2048x2048":false,"menu-24x24":false,"menu-36x36":false,"menu-48x48":false},"uagb_author_info":{"display_name":"Silvia Herrera","author_link":"https:\/\/domath.surju.ee\/es\/author\/silvia\/"},"uagb_comment_info":0,"uagb_excerpt":"Un pol\u00edgono es una forma plana, bidimensional (2D) con lados rectos que est\u00e1 completamente cerrada (todos los lados est\u00e1n unidos). Los lados deben ser rectos. Los pol\u00edgonos pueden tener cualquier n\u00famero de lados. -Un pol\u00edgono regular es un pol\u00edgono en el que todos los lados tienen la misma longitud y los mismos \u00e1ngulos. -Un pol\u00edgono&hellip;","_links":{"self":[{"href":"https:\/\/domath.surju.ee\/es\/wp-json\/wp\/v2\/pages\/1751","targetHints":{"allow":["GET"]}}],"collection":[{"href":"https:\/\/domath.surju.ee\/es\/wp-json\/wp\/v2\/pages"}],"about":[{"href":"https:\/\/domath.surju.ee\/es\/wp-json\/wp\/v2\/types\/page"}],"author":[{"embeddable":true,"href":"https:\/\/domath.surju.ee\/es\/wp-json\/wp\/v2\/users\/8"}],"replies":[{"embeddable":true,"href":"https:\/\/domath.surju.ee\/es\/wp-json\/wp\/v2\/comments?post=1751"}],"version-history":[{"count":6,"href":"https:\/\/domath.surju.ee\/es\/wp-json\/wp\/v2\/pages\/1751\/revisions"}],"predecessor-version":[{"id":5088,"href":"https:\/\/domath.surju.ee\/es\/wp-json\/wp\/v2\/pages\/1751\/revisions\/5088"}],"wp:attachment":[{"href":"https:\/\/domath.surju.ee\/es\/wp-json\/wp\/v2\/media?parent=1751"}],"wp:term":[{"taxonomy":"category","embeddable":true,"href":"https:\/\/domath.surju.ee\/es\/wp-json\/wp\/v2\/categories?post=1751"},{"taxonomy":"post_tag","embeddable":true,"href":"https:\/\/domath.surju.ee\/es\/wp-json\/wp\/v2\/tags?post=1751"}],"curies":[{"name":"wp","href":"https:\/\/api.w.org\/{rel}","templated":true}]}}