{"id":1352,"date":"2024-03-03T21:21:50","date_gmt":"2024-03-03T21:21:50","guid":{"rendered":"https:\/\/domath.surju.ee\/?page_id=1352"},"modified":"2024-12-22T18:45:30","modified_gmt":"2024-12-22T18:45:30","slug":"base","status":"publish","type":"page","link":"https:\/\/domath.surju.ee\/es\/base\/","title":{"rendered":"Base"},"content":{"rendered":"<p style=\"text-align: left;\"><span style=\"color: #008000;\"><span style=\"font-size: 24pt;\">&nbsp; &nbsp; &nbsp; &nbsp; &nbsp; &nbsp; &nbsp; &nbsp; &nbsp; &nbsp; &nbsp; &nbsp; &nbsp;<strong> &nbsp; &nbsp; &nbsp; &nbsp; &nbsp;Base<\/strong><\/span><br \/>\r\n<span style=\"color: #000000;\"><strong>La base<\/strong> es la parte inferior de algo, en matem\u00e1ticas, la l\u00ednea inferior de una forma plana o la cara inferior de un s\u00f3lido.<\/span><br \/>\r\n<br \/>\r\n<span style=\"color: #000000;\">El t\u00e9rmino \u00ab<strong>base<\/strong>\u00bb se puede utilizar en varios contextos matem\u00e1ticos diferentes. Se utiliza en Geometr\u00eda y \u00c1lgebra.<\/span><br \/>\r\n<br \/>\r\n<span style=\"color: #000000;\">La <strong>base<\/strong> es un lado de un pol\u00edgono o una cara de un poliedro, particularmente uno orientado perpendicular a la direcci\u00f3n en la que se mide la altura, o en lo que se considera la \u00abparte inferior\u00bb de la figura.<\/span><br \/>\r\n<\/span><\/p>\r\n<p><a class=\"guten-image-wrapper\"><img loading=\"lazy\" decoding=\"async\" class=\"gutenverse-image-box-filled\" src=\"https:\/\/domath.surju.ee\/wp-content\/uploads\/2024\/03\/kujundid-1.png\" width=\"2396\" height=\"762\" \/><\/a><\/p>\r\n<!-- \/wp:post-content -->\r\n<div class=\"section-wrapper\" data-id=\"Ub12r0\">\r\n<section class=\"wp-block-gutenverse-section guten-element guten-section guten-Ub12r0 layout-boxed align-stretch\">\r\n<div class=\"guten-background-overlay\">La<strong> base<\/strong> es la superficie sobre la que se encuentra un objeto s\u00f3lido. Pero la parte superior tambi\u00e9n se llama <strong>base<\/strong> cuando es paralela a la inferior.<\/div>\r\n<div class=\"guten-shape-divider guten-shape-divider-top\">&nbsp;<\/div>\r\n<div class=\"guten-shape-divider guten-shape-divider-bottom\">&nbsp;<\/div>\r\n<div class=\"guten-container guten-column-gap-default\"><!-- wp:gutenverse\/column {\"width\":{\"Desktop\":50},\"elementId\":\"guten-sXDDkO\"} -->\r\n<div class=\"wp-block-gutenverse-column guten-element guten-column guten-sXDDkO\">\r\n<div class=\"guten-background-overlay\">&nbsp;<\/div>\r\n<div class=\"sticky-wrapper\" data-id=\"sXDDkO\">\r\n<div class=\"guten-column-wrapper\"><!-- wp:gutenverse\/image {\"elementId\":\"guten-89lLvh\",\"imgSrc\":{\"media\":{\"imageId\":1370,\"sizes\":{\"thumbnail\":{\"height\":150,\"width\":150,\"url\":\"https:\/\/domath.surju.ee\/wp-content\/uploads\/2024\/03\/pohi-150x150.png\",\"orientation\":\"landscape\"},\"medium\":{\"height\":227,\"width\":300,\"url\":\"https:\/\/domath.surju.ee\/wp-content\/uploads\/2024\/03\/pohi-300x227.png\",\"orientation\":\"landscape\"},\"full\":{\"url\":\"https:\/\/domath.surju.ee\/wp-content\/uploads\/2024\/03\/pohi.png\",\"height\":408,\"width\":539,\"orientation\":\"landscape\"}}},\"size\":\"full\"},\"altOriginal\":\"\",\"captionOriginal\":\"\"} -->\r\n<div class=\"wp-block-gutenverse-image guten-element guten-image guten-89lLvh\"><a class=\"guten-image-wrapper\"><img loading=\"lazy\" decoding=\"async\" class=\"gutenverse-image-box-filled\" src=\"https:\/\/domath.surju.ee\/wp-content\/uploads\/2024\/03\/pohi.png\" width=\"539\" height=\"408\" \/><\/a><\/div>\r\n<!-- \/wp:gutenverse\/image --><\/div>\r\n<\/div>\r\n<\/div>\r\n<!-- \/wp:gutenverse\/column -->\r\n<!-- wp:gutenverse\/column {\"width\":{\"Desktop\":50},\"elementId\":\"guten-XJmw8n\"} -->\r\n<div class=\"wp-block-gutenverse-column guten-element guten-column guten-XJmw8n\">\r\n<div class=\"guten-background-overlay\">&nbsp;<\/div>\r\n<div class=\"sticky-wrapper\" data-id=\"XJmw8n\">\r\n<div class=\"guten-column-wrapper\"><!-- wp:gutenverse\/image {\"elementId\":\"guten-XbxCVT\",\"imgSrc\":{\"media\":{\"imageId\":1372,\"sizes\":{\"thumbnail\":{\"height\":150,\"width\":150,\"url\":\"https:\/\/domath.surju.ee\/wp-content\/uploads\/2024\/03\/pohi2-150x150.png\",\"orientation\":\"landscape\"},\"medium\":{\"height\":213,\"width\":300,\"url\":\"https:\/\/domath.surju.ee\/wp-content\/uploads\/2024\/03\/pohi2-300x213.png\",\"orientation\":\"landscape\"},\"full\":{\"url\":\"https:\/\/domath.surju.ee\/wp-content\/uploads\/2024\/03\/pohi2.png\",\"height\":302,\"width\":425,\"orientation\":\"landscape\"}}},\"size\":\"full\"},\"altOriginal\":\"\",\"captionOriginal\":\"\"} -->\r\n<div class=\"wp-block-gutenverse-image guten-element guten-image guten-XbxCVT\"><a class=\"guten-image-wrapper\"><img loading=\"lazy\" decoding=\"async\" class=\"gutenverse-image-box-filled\" src=\"https:\/\/domath.surju.ee\/wp-content\/uploads\/2024\/03\/pohi2.png\" width=\"425\" height=\"302\" \/><\/a><\/div>\r\n<!-- \/wp:gutenverse\/image --><\/div>\r\n<\/div>\r\n<\/div>\r\n<!-- \/wp:gutenverse\/column --><\/div>\r\n<\/section>\r\n<\/div>\r\n<!-- \/wp:gutenverse\/section -->\r\n<h4>&nbsp;<\/h4>\r\n<h4 style=\"text-align: center;\"><span style=\"background-color: #000080; color: #99ccff;\"><strong>The prism and pyramid are named from the shape of its base<\/strong><\/span><\/h4>\r\n<!-- wp:gutenverse\/image {\"elementId\":\"guten-Y9qo3T\",\"imgSrc\":{\"media\":{\"imageId\":1385,\"sizes\":{\"thumbnail\":{\"height\":150,\"width\":150,\"url\":\"https:\/\/domath.surju.ee\/wp-content\/uploads\/2024\/03\/tipos-prisma-numero-lados2-150x150.png\",\"orientation\":\"landscape\"},\"medium\":{\"height\":127,\"width\":300,\"url\":\"https:\/\/domath.surju.ee\/wp-content\/uploads\/2024\/03\/tipos-prisma-numero-lados2-300x127.png\",\"orientation\":\"landscape\"},\"full\":{\"url\":\"https:\/\/domath.surju.ee\/wp-content\/uploads\/2024\/03\/tipos-prisma-numero-lados2.png\",\"height\":206,\"width\":488,\"orientation\":\"landscape\"}}},\"size\":\"full\"},\"altOriginal\":\"\",\"captionOriginal\":\"\"} -->\r\n<div class=\"wp-block-gutenverse-image guten-element guten-image guten-Y9qo3T\"><a class=\"guten-image-wrapper\"><img loading=\"lazy\" decoding=\"async\" class=\"gutenverse-image-box-filled\" src=\"https:\/\/domath.surju.ee\/wp-content\/uploads\/2024\/03\/tipos-prisma-numero-lados2.png\" width=\"488\" height=\"206\" \/><\/a><\/div>\r\n<!-- \/wp:gutenverse\/image -->\r\n<!-- wp:gutenverse\/image {\"elementId\":\"guten-WLxQPg\",\"imgSrc\":{\"media\":{\"imageId\":1375,\"sizes\":{\"thumbnail\":{\"height\":150,\"width\":150,\"url\":\"https:\/\/domath.surju.ee\/wp-content\/uploads\/2024\/03\/tipos-prisma-numero-lados-150x150.jpg\",\"orientation\":\"landscape\"},\"medium\":{\"height\":127,\"width\":300,\"url\":\"https:\/\/domath.surju.ee\/wp-content\/uploads\/2024\/03\/tipos-prisma-numero-lados-300x127.jpg\",\"orientation\":\"landscape\"},\"full\":{\"url\":\"https:\/\/domath.surju.ee\/wp-content\/uploads\/2024\/03\/tipos-prisma-numero-lados.jpg\",\"height\":206,\"width\":488,\"orientation\":\"landscape\"}}},\"size\":\"full\"},\"altOriginal\":\"\",\"captionOriginal\":\"\"} -->\r\n<div class=\"wp-block-gutenverse-image guten-element guten-image guten-WLxQPg\"><a class=\"guten-image-wrapper\"><img loading=\"lazy\" decoding=\"async\" class=\"gutenverse-image-box-filled\" src=\"https:\/\/domath.surju.ee\/wp-content\/uploads\/2024\/03\/tipos-prisma-numero-lados.jpg\" width=\"488\" height=\"206\" \/><\/a><\/div>\r\n<!-- \/wp:gutenverse\/image -->\r\n<!-- wp:paragraph -->\r\n<p>used sources &#8211; <a href=\"https:\/\/www.mathsisfun.com\/definitions\/base-geometry-.html\">https:\/\/www.mathsisfun.com\/definitions\/base-geometry-.html<\/a><\/p>\r\n<!-- \/wp:paragraph -->\r\n<p><a href=\"https:\/\/www.universoformulas.com\/matematicas\/geometria\/tipos-prisma\/\">https:\/\/www.universoformulas.com\/matematicas\/geometria\/tipos-prisma\/<\/a><\/p>\r\n<p><a href=\"https:\/\/mathmonks.com\/cone\">https:\/\/mathmonks.com\/cone<\/a><\/p>\r\n<p><a href=\"https:\/\/www.math.net\/base\">https:\/\/www.math.net\/base<\/a><\/p>\r\n<!-- wp:gutenverse\/section {\"elementId\":\"guten-As5EWV\"} -->\r\n<div class=\"section-wrapper\" data-id=\"As5EWV\">\r\n<section class=\"wp-block-gutenverse-section guten-element guten-section guten-As5EWV layout-boxed align-stretch\">\r\n<div class=\"guten-background-overlay\">&nbsp;<\/div>\r\n<div class=\"guten-shape-divider guten-shape-divider-top\">&nbsp;<\/div>\r\n<div class=\"guten-shape-divider guten-shape-divider-bottom\">&nbsp;<\/div>\r\n<div class=\"guten-container guten-column-gap-default\"><!-- wp:gutenverse\/column {\"width\":{\"Desktop\":50},\"elementId\":\"guten-PCPjVR\"} -->\r\n<div class=\"wp-block-gutenverse-column guten-element guten-column guten-PCPjVR\">\r\n<div class=\"guten-background-overlay\">&nbsp;<\/div>\r\n<div class=\"sticky-wrapper\" data-id=\"PCPjVR\">\r\n<div class=\"guten-column-wrapper\">&nbsp;<\/div>\r\n<\/div>\r\n<\/div>\r\n<!-- \/wp:gutenverse\/column -->\r\n<!-- wp:gutenverse\/column {\"width\":{\"Desktop\":50},\"elementId\":\"guten-71XOCO\"} -->\r\n<div class=\"wp-block-gutenverse-column guten-element guten-column guten-71XOCO\">\r\n<div class=\"guten-background-overlay\">&nbsp;<\/div>\r\n<div class=\"sticky-wrapper\" data-id=\"71XOCO\">\r\n<div class=\"guten-column-wrapper\">&nbsp;<\/div>\r\n<\/div>\r\n<\/div>\r\n<!-- \/wp:gutenverse\/column --><\/div>\r\n<\/section>\r\n<\/div>\r\n<!-- \/wp:gutenverse\/section -->","protected":false},"excerpt":{"rendered":"<p>&nbsp; &nbsp; &nbsp; &nbsp; &nbsp; &nbsp; &nbsp; &nbsp; &nbsp; &nbsp; &nbsp; &nbsp; &nbsp; &nbsp; &nbsp; &nbsp; &nbsp; &nbsp;Base La base es la parte inferior de algo, en matem\u00e1ticas, la l\u00ednea inferior de una forma plana o la cara inferior de un s\u00f3lido. El t\u00e9rmino \u00abbase\u00bb se puede utilizar en varios contextos matem\u00e1ticos diferentes. Se utiliza [&#8230;]<\/p>\n<p><a class=\"btn btn-secondary understrap-read-more-link\" href=\"https:\/\/domath.surju.ee\/es\/base\/\">Leer m\u00e1s&#8230;<span class=\"screen-reader-text\"> from Base<\/span><\/a><\/p>\n","protected":false},"author":2,"featured_media":0,"parent":0,"menu_order":0,"comment_status":"closed","ping_status":"closed","template":"","meta":{"_eb_attr":"","_uag_custom_page_level_css":"","footnotes":""},"categories":[],"tags":[65,22,139,156],"class_list":["post-1352","page","type-page","status-publish","hentry","tag-english-b","tag-estonian-a","tag-greek-beta","tag-spanish-b"],"uagb_featured_image_src":{"full":false,"thumbnail":false,"medium":false,"medium_large":false,"large":false,"1536x1536":false,"2048x2048":false,"menu-24x24":false,"menu-36x36":false,"menu-48x48":false},"uagb_author_info":{"display_name":"Signe Reidla","author_link":"https:\/\/domath.surju.ee\/es\/author\/signe\/"},"uagb_comment_info":0,"uagb_excerpt":"&nbsp; &nbsp; &nbsp; &nbsp; &nbsp; &nbsp; &nbsp; &nbsp; &nbsp; &nbsp; &nbsp; &nbsp; &nbsp; &nbsp; &nbsp; &nbsp; &nbsp; &nbsp;Base La base es la parte inferior de algo, en matem\u00e1ticas, la l\u00ednea inferior de una forma plana o la cara inferior de un s\u00f3lido. El t\u00e9rmino \u00abbase\u00bb se puede utilizar en varios contextos matem\u00e1ticos diferentes. Se utiliza&hellip;","_links":{"self":[{"href":"https:\/\/domath.surju.ee\/es\/wp-json\/wp\/v2\/pages\/1352","targetHints":{"allow":["GET"]}}],"collection":[{"href":"https:\/\/domath.surju.ee\/es\/wp-json\/wp\/v2\/pages"}],"about":[{"href":"https:\/\/domath.surju.ee\/es\/wp-json\/wp\/v2\/types\/page"}],"author":[{"embeddable":true,"href":"https:\/\/domath.surju.ee\/es\/wp-json\/wp\/v2\/users\/2"}],"replies":[{"embeddable":true,"href":"https:\/\/domath.surju.ee\/es\/wp-json\/wp\/v2\/comments?post=1352"}],"version-history":[{"count":9,"href":"https:\/\/domath.surju.ee\/es\/wp-json\/wp\/v2\/pages\/1352\/revisions"}],"predecessor-version":[{"id":4755,"href":"https:\/\/domath.surju.ee\/es\/wp-json\/wp\/v2\/pages\/1352\/revisions\/4755"}],"wp:attachment":[{"href":"https:\/\/domath.surju.ee\/es\/wp-json\/wp\/v2\/media?parent=1352"}],"wp:term":[{"taxonomy":"category","embeddable":true,"href":"https:\/\/domath.surju.ee\/es\/wp-json\/wp\/v2\/categories?post=1352"},{"taxonomy":"post_tag","embeddable":true,"href":"https:\/\/domath.surju.ee\/es\/wp-json\/wp\/v2\/tags?post=1352"}],"curies":[{"name":"wp","href":"https:\/\/api.w.org\/{rel}","templated":true}]}}