{"id":1348,"date":"2024-03-03T20:40:30","date_gmt":"2024-03-03T20:40:30","guid":{"rendered":"https:\/\/domath.surju.ee\/?page_id=1348"},"modified":"2024-12-26T23:06:14","modified_gmt":"2024-12-26T23:06:14","slug":"cone","status":"publish","type":"page","link":"https:\/\/domath.surju.ee\/es\/cono\/","title":{"rendered":"Cono"},"content":{"rendered":"<h1 style=\"text-align: center;\"><span style=\"color: #008000;\"><strong>Cono<\/strong><\/span><\/h1>\r\n<p>Un<strong><span style=\"color: #ff0000;\"> cono<\/span><\/strong> es una figura geom\u00e9trica tridimensional con una superficie circular y una sola cara lateral curva que se extiende desde la base hasta un punto llamado v\u00e9rtice.&nbsp;<\/p>\r\n<table style=\"border-collapse: collapse; width: 100%; height: 215px;\">\r\n<tbody>\r\n<tr style=\"height: 27px;\">\r\n<td style=\"width: 50%; height: 27px;\">\r\n<h6 style=\"text-align: center;\"><span style=\"background-color: #333399; color: #99ccff;\">Cono circular recto<\/span><\/h6>\r\n<\/td>\r\n<td style=\"width: 50%; height: 27px;\">\r\n<h6 style=\"text-align: center;\"><strong><span style=\"background-color: #333399; color: #99ccff;\">&nbsp;Cono circular oblicuo<\/span><\/strong><\/h6>\r\n<\/td>\r\n<\/tr>\r\n<tr style=\"height: 188px;\">\r\n<td style=\"width: 50%; height: 188px;\"><img loading=\"lazy\" decoding=\"async\" class=\"size-full wp-image-3126 aligncenter\" src=\"https:\/\/domath.surju.ee\/wp-content\/uploads\/2024\/07\/Cone_3d_2.png\" alt=\"\" width=\"187\" height=\"188\" srcset=\"https:\/\/domath.surju.ee\/wp-content\/uploads\/2024\/07\/Cone_3d_2.png 187w, https:\/\/domath.surju.ee\/wp-content\/uploads\/2024\/07\/Cone_3d_2-150x150.png 150w, https:\/\/domath.surju.ee\/wp-content\/uploads\/2024\/07\/Cone_3d_2-24x24.png 24w, https:\/\/domath.surju.ee\/wp-content\/uploads\/2024\/07\/Cone_3d_2-36x36.png 36w, https:\/\/domath.surju.ee\/wp-content\/uploads\/2024\/07\/Cone_3d_2-48x48.png 48w\" sizes=\"auto, (max-width: 187px) 100vw, 187px\" \/><\/td>\r\n<td style=\"width: 50%; height: 188px;\"><img loading=\"lazy\" decoding=\"async\" class=\"size-full wp-image-3130 aligncenter\" src=\"https:\/\/domath.surju.ee\/wp-content\/uploads\/2024\/07\/Cone_3d_3.png\" alt=\"\" width=\"188\" height=\"188\" srcset=\"https:\/\/domath.surju.ee\/wp-content\/uploads\/2024\/07\/Cone_3d_3.png 188w, https:\/\/domath.surju.ee\/wp-content\/uploads\/2024\/07\/Cone_3d_3-150x150.png 150w, https:\/\/domath.surju.ee\/wp-content\/uploads\/2024\/07\/Cone_3d_3-24x24.png 24w, https:\/\/domath.surju.ee\/wp-content\/uploads\/2024\/07\/Cone_3d_3-36x36.png 36w, https:\/\/domath.surju.ee\/wp-content\/uploads\/2024\/07\/Cone_3d_3-48x48.png 48w\" sizes=\"auto, (max-width: 188px) 100vw, 188px\" \/><\/td>\r\n<\/tr>\r\n<\/tbody>\r\n<\/table>\r\n<h6 style=\"text-align: center;\">&nbsp;<\/h6>\r\n<p><a href=\"https:\/\/en.wikipedia.org\/wiki\/Cone\" target=\"_blank\" rel=\"noopener\">https:\/\/en.wikipedia.org\/wiki\/Cone<\/a><\/p>\r\n\r\n<div class=\"wp-block-group is-nowrap is-layout-flex wp-container-core-group-is-layout-ad2f72ca wp-block-group-is-layout-flex\"><div class=\"wp-block-image\">\r\n<figure class=\"aligncenter size-full is-resized\"><img loading=\"lazy\" decoding=\"async\" width=\"679\" height=\"658\" class=\"wp-image-3127\" style=\"width: 321px; height: auto;\" src=\"https:\/\/domath.surju.ee\/wp-content\/uploads\/2024\/07\/Kuvatommis-2024-07-30-023520.png\" alt=\"\" srcset=\"https:\/\/domath.surju.ee\/wp-content\/uploads\/2024\/07\/Kuvatommis-2024-07-30-023520.png 679w, https:\/\/domath.surju.ee\/wp-content\/uploads\/2024\/07\/Kuvatommis-2024-07-30-023520-300x291.png 300w, https:\/\/domath.surju.ee\/wp-content\/uploads\/2024\/07\/Kuvatommis-2024-07-30-023520-24x24.png 24w, https:\/\/domath.surju.ee\/wp-content\/uploads\/2024\/07\/Kuvatommis-2024-07-30-023520-36x36.png 36w, https:\/\/domath.surju.ee\/wp-content\/uploads\/2024\/07\/Kuvatommis-2024-07-30-023520-48x48.png 48w\" sizes=\"auto, (max-width: 679px) 100vw, 679px\" \/><\/figure><\/div>\r\n\r\n<figure class=\"wp-block-image size-large is-resized\"><img loading=\"lazy\" decoding=\"async\" width=\"1024\" height=\"771\" class=\"wp-image-3135\" style=\"width: 419px; height: auto;\" src=\"https:\/\/domath.surju.ee\/wp-content\/uploads\/2024\/07\/geogebra-export-8-1-1024x771.png\" alt=\"\" srcset=\"https:\/\/domath.surju.ee\/wp-content\/uploads\/2024\/07\/geogebra-export-8-1-1024x771.png 1024w, https:\/\/domath.surju.ee\/wp-content\/uploads\/2024\/07\/geogebra-export-8-1-300x226.png 300w, https:\/\/domath.surju.ee\/wp-content\/uploads\/2024\/07\/geogebra-export-8-1-768x578.png 768w, https:\/\/domath.surju.ee\/wp-content\/uploads\/2024\/07\/geogebra-export-8-1-1536x1157.png 1536w, https:\/\/domath.surju.ee\/wp-content\/uploads\/2024\/07\/geogebra-export-8-1-2048x1542.png 2048w, https:\/\/domath.surju.ee\/wp-content\/uploads\/2024\/07\/geogebra-export-8-1-24x18.png 24w, https:\/\/domath.surju.ee\/wp-content\/uploads\/2024\/07\/geogebra-export-8-1-36x27.png 36w, https:\/\/domath.surju.ee\/wp-content\/uploads\/2024\/07\/geogebra-export-8-1-48x36.png 48w\" sizes=\"auto, (max-width: 1024px) 100vw, 1024px\" \/><\/figure>\r\n<\/div>\r\n\r\n<table style=\"border-collapse: collapse; width: 89.1667%; height: 25px;\">\r\n<tbody>\r\n<tr>\r\n<td style=\"width: 50%;\">\r\n<h5 style=\"text-align: center;\"><span style=\"color: #99ccff; background-color: #333399;\">\u00c1rea-superficie<\/span><\/h5>\r\n<\/td>\r\n<td style=\"width: 50%;\">\r\n<h5 style=\"text-align: center;\"><span style=\"color: #99ccff; background-color: #333399;\"><strong>Volumen<\/strong><\/span><\/h5>\r\n<\/td>\r\n<\/tr>\r\n<\/tbody>\r\n<\/table>\r\n<table style=\"border-collapse: collapse; width: 88.9286%; height: 94px;\">\r\n<tbody>\r\n<tr style=\"height: 73px;\">\r\n<td style=\"width: 50%; height: 73px;\">\r\n<p id=\"tw-target-text\" class=\"tw-data-text tw-text-large tw-ta\" dir=\"ltr\" style=\"text-align: center;\" data-placeholder=\"Traducci\u00f3n\" data-ved=\"2ahUKEwjTgKLTzpqKAxX1TaQEHVnoDrsQ3ewLegQIEBAU\" aria-label=\"Texto traducido: \u00c1rea de superficie total del cono\r\n= \u00c1rea de superficie curva + \u00c1rea base\"><strong><span class=\"Y2IQFc\" lang=\"es\">\u00c1rea de superficie total del cono = \u00c1rea de superficie curva + \u00c1rea base<\/span><\/strong><\/p>\r\n<\/td>\r\n<td style=\"width: 50%; height: 73px; text-align: center;\">\r\n<p id=\"tw-target-text\" class=\"tw-data-text tw-text-large tw-ta\" dir=\"ltr\" data-placeholder=\"Traducci\u00f3n\" data-ved=\"2ahUKEwjTgKLTzpqKAxX1TaQEHVnoDrsQ3ewLegQIEBAU\" aria-label=\"Texto traducido: Volumen del cono = 1\/3 del \u00e1rea de la base \u00d7 altura\"><strong><span class=\"Y2IQFc\" lang=\"es\">Volumen del cono = 1\/3 del \u00e1rea de la base \u00d7 altura<\/span><\/strong><\/p>\r\n<\/td>\r\n<\/tr>\r\n<tr style=\"height: 21px;\">\r\n<td style=\"width: 50%; height: 21px;\"><img loading=\"lazy\" decoding=\"async\" class=\"wp-image-3144 aligncenter\" src=\"https:\/\/domath.surju.ee\/wp-content\/uploads\/2024\/07\/common-denominators-2_1-300x44.png\" alt=\"\" width=\"273\" height=\"40\" srcset=\"https:\/\/domath.surju.ee\/wp-content\/uploads\/2024\/07\/common-denominators-2_1-300x44.png 300w, https:\/\/domath.surju.ee\/wp-content\/uploads\/2024\/07\/common-denominators-2_1-24x4.png 24w, https:\/\/domath.surju.ee\/wp-content\/uploads\/2024\/07\/common-denominators-2_1-36x5.png 36w, https:\/\/domath.surju.ee\/wp-content\/uploads\/2024\/07\/common-denominators-2_1-48x7.png 48w, https:\/\/domath.surju.ee\/wp-content\/uploads\/2024\/07\/common-denominators-2_1.png 569w\" sizes=\"auto, (max-width: 273px) 100vw, 273px\" \/><\/td>\r\n<td style=\"width: 50%; height: 21px;\"><img loading=\"lazy\" decoding=\"async\" class=\" wp-image-3145 aligncenter\" src=\"https:\/\/domath.surju.ee\/wp-content\/uploads\/2024\/07\/common-denominators-2_2-300x87.png\" alt=\"\" width=\"286\" height=\"83\" srcset=\"https:\/\/domath.surju.ee\/wp-content\/uploads\/2024\/07\/common-denominators-2_2-300x87.png 300w, https:\/\/domath.surju.ee\/wp-content\/uploads\/2024\/07\/common-denominators-2_2-24x7.png 24w, https:\/\/domath.surju.ee\/wp-content\/uploads\/2024\/07\/common-denominators-2_2-36x10.png 36w, https:\/\/domath.surju.ee\/wp-content\/uploads\/2024\/07\/common-denominators-2_2-48x14.png 48w, https:\/\/domath.surju.ee\/wp-content\/uploads\/2024\/07\/common-denominators-2_2.png 540w\" sizes=\"auto, (max-width: 286px) 100vw, 286px\" \/><\/td>\r\n<\/tr>\r\n<\/tbody>\r\n<\/table>\r\n <iframe loading=\"lazy\" style=\"border: 0px;\" title=\"Koonuse pindala ja ruumala\" src=\"https:\/\/www.geogebra.org\/material\/iframe\/id\/xst9jha2\/width\/1100\/height\/550\/border\/888888\/sfsb\/true\/smb\/false\/stb\/false\/stbh\/false\/ai\/false\/asb\/false\/sri\/false\/rc\/false\/ld\/false\/sdz\/false\/ctl\/false\" width=\"700px\" height=\"350px\" scrolling=\"no\"> <\/iframe> \r\n<p><span class=\"tc-neutral-700 mr-1\">Author:<\/span><a class=\"ggb-purple-text\" href=\"https:\/\/www.geogebra.org\/u\/heatherobrien31\">Heather O&#8217;Brien<\/a>,&nbsp;<a class=\"ggb-purple-text\" href=\"https:\/\/www.geogebra.org\/u\/lewws\">Lew W. S.<\/a>&nbsp;<br \/>\r\nLicense<a href=\"https:\/\/creativecommons.org\/licenses\/by-sa\/3.0\">CC-BY-SA<\/a>,&nbsp;<a href=\"https:\/\/www.geogebra.org\/tos\">GeoGebra Terms of Use<\/a><\/p>\r\n","protected":false},"excerpt":{"rendered":"<p>Cono Un cono es una figura geom\u00e9trica tridimensional con una superficie circular y una sola cara lateral curva que se extiende desde la base hasta un punto llamado v\u00e9rtice.&nbsp; Cono circular recto &nbsp;Cono circular oblicuo &nbsp; https:\/\/en.wikipedia.org\/wiki\/Cone \u00c1rea-superficie Volumen \u00c1rea de superficie total del cono = \u00c1rea de superficie curva + \u00c1rea base Volumen del [&#8230;]<\/p>\n<p><a class=\"btn btn-secondary understrap-read-more-link\" href=\"https:\/\/domath.surju.ee\/es\/cono\/\">Leer m\u00e1s&#8230;<span class=\"screen-reader-text\"> from Cono<\/span><\/a><\/p>\n","protected":false},"author":12,"featured_media":0,"parent":0,"menu_order":0,"comment_status":"closed","ping_status":"closed","template":"","meta":{"_eb_attr":"","_uag_custom_page_level_css":"","footnotes":""},"categories":[],"tags":[66,76,73,136],"class_list":["post-1348","page","type-page","status-publish","hentry","tag-english-c","tag-estonian-k","tag-greek-kappa","tag-spanish-c"],"uagb_featured_image_src":{"full":false,"thumbnail":false,"medium":false,"medium_large":false,"large":false,"1536x1536":false,"2048x2048":false,"menu-24x24":false,"menu-36x36":false,"menu-48x48":false},"uagb_author_info":{"display_name":"Ave Kartau","author_link":"https:\/\/domath.surju.ee\/es\/author\/ave\/"},"uagb_comment_info":0,"uagb_excerpt":"Cono Un cono es una figura geom\u00e9trica tridimensional con una superficie circular y una sola cara lateral curva que se extiende desde la base hasta un punto llamado v\u00e9rtice.&nbsp; Cono circular recto &nbsp;Cono circular oblicuo &nbsp; https:\/\/en.wikipedia.org\/wiki\/Cone \u00c1rea-superficie Volumen \u00c1rea de superficie total del cono = \u00c1rea de superficie curva + \u00c1rea base Volumen del&hellip;","_links":{"self":[{"href":"https:\/\/domath.surju.ee\/es\/wp-json\/wp\/v2\/pages\/1348","targetHints":{"allow":["GET"]}}],"collection":[{"href":"https:\/\/domath.surju.ee\/es\/wp-json\/wp\/v2\/pages"}],"about":[{"href":"https:\/\/domath.surju.ee\/es\/wp-json\/wp\/v2\/types\/page"}],"author":[{"embeddable":true,"href":"https:\/\/domath.surju.ee\/es\/wp-json\/wp\/v2\/users\/12"}],"replies":[{"embeddable":true,"href":"https:\/\/domath.surju.ee\/es\/wp-json\/wp\/v2\/comments?post=1348"}],"version-history":[{"count":11,"href":"https:\/\/domath.surju.ee\/es\/wp-json\/wp\/v2\/pages\/1348\/revisions"}],"predecessor-version":[{"id":4457,"href":"https:\/\/domath.surju.ee\/es\/wp-json\/wp\/v2\/pages\/1348\/revisions\/4457"}],"wp:attachment":[{"href":"https:\/\/domath.surju.ee\/es\/wp-json\/wp\/v2\/media?parent=1348"}],"wp:term":[{"taxonomy":"category","embeddable":true,"href":"https:\/\/domath.surju.ee\/es\/wp-json\/wp\/v2\/categories?post=1348"},{"taxonomy":"post_tag","embeddable":true,"href":"https:\/\/domath.surju.ee\/es\/wp-json\/wp\/v2\/tags?post=1348"}],"curies":[{"name":"wp","href":"https:\/\/api.w.org\/{rel}","templated":true}]}}