{"id":1346,"date":"2024-03-03T20:37:24","date_gmt":"2024-03-03T20:37:24","guid":{"rendered":"https:\/\/domath.surju.ee\/?page_id=1346"},"modified":"2024-12-26T22:06:40","modified_gmt":"2024-12-26T22:06:40","slug":"composite-number","status":"publish","type":"page","link":"https:\/\/domath.surju.ee\/es\/numero-compuesto\/","title":{"rendered":"N\u00famero compuesto"},"content":{"rendered":"<h1 style=\"text-align: center;\"><strong><span style=\"color: #008000;\">N\u00famero compuesto<\/span><\/strong><\/h1>\r\n<p>Los<span style=\"color: #ff0000;\"><strong> n\u00fameros compuestos<\/strong><\/span> son los que tienen m\u00e1s de dos factores y m\u00e1s de dos divisores. Es decir, adem\u00e1s de ser divisible por 1 y por s\u00ed mismo, tambi\u00e9n lo es por otros n\u00fameros.<\/p>\r\n<p>Un<strong> n\u00famero compuesto <\/strong>es un n\u00famero entero que se puede obtener multiplicando otros n\u00fameros enteros.&nbsp;<\/p>\r\n<h5><strong><span style=\"color: #0000ff;\">Ejemplos:<\/span><\/strong><\/h5>\r\n<p>El n\u00famero 6 se puede formar a partir de 2 \u00d7 3 y 1 x 6 . Por lo tanto, <strong>6&nbsp;<\/strong>es un n\u00famero compuesto.&nbsp;<\/p>\r\n<p>Los factores de <strong>6<\/strong> son 1, 2, 3, 6.<\/p>\r\n\r\n<p>&nbsp;<\/p>\r\n\r\n<div class=\"wp-block-image\">\r\n<figure class=\"aligncenter size-full is-resized\"><img loading=\"lazy\" decoding=\"async\" width=\"808\" height=\"540\" class=\"wp-image-3120\" style=\"width: 590px; height: auto;\" src=\"https:\/\/domath.surju.ee\/wp-content\/uploads\/2024\/07\/common-denominators-1.jpg\" alt=\"\" srcset=\"https:\/\/domath.surju.ee\/wp-content\/uploads\/2024\/07\/common-denominators-1.jpg 808w, https:\/\/domath.surju.ee\/wp-content\/uploads\/2024\/07\/common-denominators-1-300x200.jpg 300w, https:\/\/domath.surju.ee\/wp-content\/uploads\/2024\/07\/common-denominators-1-768x513.jpg 768w, https:\/\/domath.surju.ee\/wp-content\/uploads\/2024\/07\/common-denominators-1-24x16.jpg 24w, https:\/\/domath.surju.ee\/wp-content\/uploads\/2024\/07\/common-denominators-1-36x24.jpg 36w, https:\/\/domath.surju.ee\/wp-content\/uploads\/2024\/07\/common-denominators-1-48x32.jpg 48w\" sizes=\"auto, (max-width: 808px) 100vw, 808px\" \/><\/figure><\/div>\r\n<h5 style=\"text-align: center;\"><strong><span style=\"background-color: #333399; color: #99ccff;\">Play Game<\/span><\/strong><\/h5>\r\n<div class=\"wp-block-image\">\r\n<figure class=\"aligncenter size-large is-resized\"><a href=\"https:\/\/www.sheppardsoftware.com\/math\/numbers\/fruit-splat-prime-composite-game\/\" target=\"_blank\" rel=\"noreferrer noopener\"><img loading=\"lazy\" decoding=\"async\" width=\"1024\" height=\"768\" class=\"wp-image-3123\" style=\"width: 553px; height: auto;\" src=\"https:\/\/domath.surju.ee\/wp-content\/uploads\/2024\/07\/Kuvatommis-2024-07-30-021514-1024x768.png\" alt=\"\" srcset=\"https:\/\/domath.surju.ee\/wp-content\/uploads\/2024\/07\/Kuvatommis-2024-07-30-021514-1024x768.png 1024w, https:\/\/domath.surju.ee\/wp-content\/uploads\/2024\/07\/Kuvatommis-2024-07-30-021514-300x225.png 300w, https:\/\/domath.surju.ee\/wp-content\/uploads\/2024\/07\/Kuvatommis-2024-07-30-021514-768x576.png 768w, https:\/\/domath.surju.ee\/wp-content\/uploads\/2024\/07\/Kuvatommis-2024-07-30-021514-24x18.png 24w, https:\/\/domath.surju.ee\/wp-content\/uploads\/2024\/07\/Kuvatommis-2024-07-30-021514-36x27.png 36w, https:\/\/domath.surju.ee\/wp-content\/uploads\/2024\/07\/Kuvatommis-2024-07-30-021514-48x36.png 48w, https:\/\/domath.surju.ee\/wp-content\/uploads\/2024\/07\/Kuvatommis-2024-07-30-021514.png 1113w\" sizes=\"auto, (max-width: 1024px) 100vw, 1024px\" \/><\/a><\/figure><\/div>\r\n<p style=\"text-align: center;\"><a href=\"https:\/\/www.sheppardsoftware.com\/math\/numbers\/fruit-splat-prime-composite-game\/\">https:\/\/www.sheppardsoftware.com\/math\/numbers\/fruit-splat-prime-composite-game\/<\/a><\/p>","protected":false},"excerpt":{"rendered":"<p>N\u00famero compuesto Los n\u00fameros compuestos son los que tienen m\u00e1s de dos factores y m\u00e1s de dos divisores. Es decir, adem\u00e1s de ser divisible por 1 y por s\u00ed mismo, tambi\u00e9n lo es por otros n\u00fameros. Un n\u00famero compuesto es un n\u00famero entero que se puede obtener multiplicando otros n\u00fameros enteros.&nbsp; Ejemplos: El n\u00famero 6 [&#8230;]<\/p>\n<p><a class=\"btn btn-secondary understrap-read-more-link\" href=\"https:\/\/domath.surju.ee\/es\/numero-compuesto\/\">Leer m\u00e1s&#8230;<span class=\"screen-reader-text\"> from N\u00famero compuesto<\/span><\/a><\/p>\n","protected":false},"author":12,"featured_media":0,"parent":0,"menu_order":0,"comment_status":"closed","ping_status":"closed","template":"","meta":{"_eb_attr":"","_uag_custom_page_level_css":"","footnotes":""},"categories":[],"tags":[66,76,150,159],"class_list":["post-1346","page","type-page","status-publish","hentry","tag-english-c","tag-estonian-k","tag-greek-sigma","tag-spanish-n"],"uagb_featured_image_src":{"full":false,"thumbnail":false,"medium":false,"medium_large":false,"large":false,"1536x1536":false,"2048x2048":false,"menu-24x24":false,"menu-36x36":false,"menu-48x48":false},"uagb_author_info":{"display_name":"Ave Kartau","author_link":"https:\/\/domath.surju.ee\/es\/author\/ave\/"},"uagb_comment_info":0,"uagb_excerpt":"N\u00famero compuesto Los n\u00fameros compuestos son los que tienen m\u00e1s de dos factores y m\u00e1s de dos divisores. Es decir, adem\u00e1s de ser divisible por 1 y por s\u00ed mismo, tambi\u00e9n lo es por otros n\u00fameros. Un n\u00famero compuesto es un n\u00famero entero que se puede obtener multiplicando otros n\u00fameros enteros.&nbsp; Ejemplos: El n\u00famero 6&hellip;","_links":{"self":[{"href":"https:\/\/domath.surju.ee\/es\/wp-json\/wp\/v2\/pages\/1346","targetHints":{"allow":["GET"]}}],"collection":[{"href":"https:\/\/domath.surju.ee\/es\/wp-json\/wp\/v2\/pages"}],"about":[{"href":"https:\/\/domath.surju.ee\/es\/wp-json\/wp\/v2\/types\/page"}],"author":[{"embeddable":true,"href":"https:\/\/domath.surju.ee\/es\/wp-json\/wp\/v2\/users\/12"}],"replies":[{"embeddable":true,"href":"https:\/\/domath.surju.ee\/es\/wp-json\/wp\/v2\/comments?post=1346"}],"version-history":[{"count":4,"href":"https:\/\/domath.surju.ee\/es\/wp-json\/wp\/v2\/pages\/1346\/revisions"}],"predecessor-version":[{"id":4993,"href":"https:\/\/domath.surju.ee\/es\/wp-json\/wp\/v2\/pages\/1346\/revisions\/4993"}],"wp:attachment":[{"href":"https:\/\/domath.surju.ee\/es\/wp-json\/wp\/v2\/media?parent=1346"}],"wp:term":[{"taxonomy":"category","embeddable":true,"href":"https:\/\/domath.surju.ee\/es\/wp-json\/wp\/v2\/categories?post=1346"},{"taxonomy":"post_tag","embeddable":true,"href":"https:\/\/domath.surju.ee\/es\/wp-json\/wp\/v2\/tags?post=1346"}],"curies":[{"name":"wp","href":"https:\/\/api.w.org\/{rel}","templated":true}]}}