{"id":1342,"date":"2024-03-03T20:19:30","date_gmt":"2024-03-03T20:19:30","guid":{"rendered":"https:\/\/domath.surju.ee\/?page_id=1342"},"modified":"2024-12-26T20:44:49","modified_gmt":"2024-12-26T20:44:49","slug":"common-multiple","status":"publish","type":"page","link":"https:\/\/domath.surju.ee\/es\/comun-multiplo\/","title":{"rendered":"Com\u00fan m\u00faltiplo"},"content":{"rendered":"<h1 style=\"text-align: center;\"><span style=\"color: #008000;\"><strong>Com\u00fan m\u00faltiplo<\/strong><\/span><\/h1>\r\n<p>Un<span style=\"color: #ff0000;\"><strong> m\u00faltiplo com\u00fan<\/strong><\/span> es un m\u00faltiplo que es com\u00fan a dos o m\u00e1s n\u00fameros.&nbsp;<\/p>\r\n<h4><span style=\"color: #0000ff;\"><strong>Ejemplos:<\/strong><\/span><\/h4>\r\n<p>Los m\u00faltiplos de 3 son: 3, 6, 9, 12, <span style=\"color: #ff0000;\"><strong>15<\/strong><\/span>, 18, &#8230; etc<br \/>\r\nLos m\u00faltiplos de 5 son: 5, 10, <span style=\"color: #ff0000;\"><strong>15<\/strong><\/span>, 20, 25, &#8230; etc<\/p>\r\n<p>Por lo tanto, el m\u00faltiplo com\u00fan de 3 y 5 es <span style=\"color: #ff0000;\"><strong>15<\/strong>&nbsp;<\/span>(y tambi\u00e9n: 30, 45, etc &#8230;)<\/p>\r\n<h5 style=\"text-align: center;\">&nbsp;<\/h5>\r\n <iframe loading=\"lazy\" style=\"border: 0px;\" title=\"Least Common Multiple \" src=\"https:\/\/www.geogebra.org\/material\/iframe\/id\/bhbssgka\/width\/1100\/height\/550\/border\/888888\/sfsb\/true\/smb\/false\/stb\/false\/stbh\/false\/ai\/false\/asb\/false\/sri\/false\/rc\/false\/ld\/false\/sdz\/false\/ctl\/false\" width=\"600px\" height=\"300px\" scrolling=\"no\"> <\/iframe> \r\n\r\n<hr class=\"wp-block-separator has-alpha-channel-opacity\" \/>\r\n<h5 style=\"text-align: center;\"><span style=\"color: #99ccff; background-color: #333399;\">Play games<\/span><\/h5>\r\n<div class=\"wp-block-image\">\r\n<figure class=\"aligncenter size-large is-resized\"><a href=\"https:\/\/www.esparklearning.com\/activities\/math\/panda-breakout-least-common-multiples\/\" target=\"_blank\" rel=\"noreferrer noopener\"><img loading=\"lazy\" decoding=\"async\" width=\"1024\" height=\"631\" class=\"wp-image-3092\" style=\"width: 612px; height: auto;\" src=\"https:\/\/domath.surju.ee\/wp-content\/uploads\/2024\/07\/Kuvatommis-2024-07-29-230726-1024x631.png\" alt=\"\" srcset=\"https:\/\/domath.surju.ee\/wp-content\/uploads\/2024\/07\/Kuvatommis-2024-07-29-230726-1024x631.png 1024w, https:\/\/domath.surju.ee\/wp-content\/uploads\/2024\/07\/Kuvatommis-2024-07-29-230726-300x185.png 300w, https:\/\/domath.surju.ee\/wp-content\/uploads\/2024\/07\/Kuvatommis-2024-07-29-230726-768x473.png 768w, https:\/\/domath.surju.ee\/wp-content\/uploads\/2024\/07\/Kuvatommis-2024-07-29-230726-24x15.png 24w, https:\/\/domath.surju.ee\/wp-content\/uploads\/2024\/07\/Kuvatommis-2024-07-29-230726-36x22.png 36w, https:\/\/domath.surju.ee\/wp-content\/uploads\/2024\/07\/Kuvatommis-2024-07-29-230726-48x30.png 48w, https:\/\/domath.surju.ee\/wp-content\/uploads\/2024\/07\/Kuvatommis-2024-07-29-230726.png 1258w\" sizes=\"auto, (max-width: 1024px) 100vw, 1024px\" \/><\/a><\/figure><\/div>\r\n\r\n<p class=\"has-text-align-center\"><a href=\"https:\/\/www.esparklearning.com\/activities\/math\/panda-breakout-least-common-multiples\">https:\/\/www.esparklearning.com\/activities\/math\/panda-breakout-least-common-multiples<\/a><\/p>\r\n\r\n\r\n<p>&nbsp;<\/p>\r\n\r\n<div class=\"wp-block-image\">\r\n<figure class=\"aligncenter size-large is-resized\"><a href=\"https:\/\/www.sheppardsoftware.com\/math\/multiples\/fruit-splat-game\/\" target=\"_blank\" rel=\"noreferrer noopener\"><img loading=\"lazy\" decoding=\"async\" width=\"1024\" height=\"752\" class=\"wp-image-3094\" style=\"width: 600px; height: auto;\" src=\"https:\/\/domath.surju.ee\/wp-content\/uploads\/2024\/07\/Kuvatommis-2024-07-29-231259-1024x752.png\" alt=\"\" srcset=\"https:\/\/domath.surju.ee\/wp-content\/uploads\/2024\/07\/Kuvatommis-2024-07-29-231259-1024x752.png 1024w, https:\/\/domath.surju.ee\/wp-content\/uploads\/2024\/07\/Kuvatommis-2024-07-29-231259-300x220.png 300w, https:\/\/domath.surju.ee\/wp-content\/uploads\/2024\/07\/Kuvatommis-2024-07-29-231259-768x564.png 768w, https:\/\/domath.surju.ee\/wp-content\/uploads\/2024\/07\/Kuvatommis-2024-07-29-231259-24x18.png 24w, https:\/\/domath.surju.ee\/wp-content\/uploads\/2024\/07\/Kuvatommis-2024-07-29-231259-36x26.png 36w, https:\/\/domath.surju.ee\/wp-content\/uploads\/2024\/07\/Kuvatommis-2024-07-29-231259-48x35.png 48w, https:\/\/domath.surju.ee\/wp-content\/uploads\/2024\/07\/Kuvatommis-2024-07-29-231259.png 1132w\" sizes=\"auto, (max-width: 1024px) 100vw, 1024px\" \/><\/a><\/figure><\/div>\r\n<p style=\"text-align: center;\"><a href=\"https:\/\/www.sheppardsoftware.com\/math\/multiples\/fruit-splat-game\/\">https:\/\/www.sheppardsoftware.com\/math\/multiples\/fruit-splat-game\/<\/a><\/p>","protected":false},"excerpt":{"rendered":"<p>Com\u00fan m\u00faltiplo Un m\u00faltiplo com\u00fan es un m\u00faltiplo que es com\u00fan a dos o m\u00e1s n\u00fameros.&nbsp; Ejemplos: Los m\u00faltiplos de 3 son: 3, 6, 9, 12, 15, 18, &#8230; etc Los m\u00faltiplos de 5 son: 5, 10, 15, 20, 25, &#8230; etc Por lo tanto, el m\u00faltiplo com\u00fan de 3 y 5 es 15&nbsp;(y tambi\u00e9n: [&#8230;]<\/p>\n<p><a class=\"btn btn-secondary understrap-read-more-link\" href=\"https:\/\/domath.surju.ee\/es\/comun-multiplo\/\">Leer m\u00e1s&#8230;<span class=\"screen-reader-text\"> from Com\u00fan m\u00faltiplo<\/span><\/a><\/p>\n","protected":false},"author":12,"featured_media":0,"parent":0,"menu_order":0,"comment_status":"closed","ping_status":"closed","template":"","meta":{"_eb_attr":"","_uag_custom_page_level_css":"","footnotes":""},"categories":[],"tags":[66,127,73,136],"class_list":["post-1342","page","type-page","status-publish","hentry","tag-english-c","tag-estonian-ue","tag-greek-kappa","tag-spanish-c"],"uagb_featured_image_src":{"full":false,"thumbnail":false,"medium":false,"medium_large":false,"large":false,"1536x1536":false,"2048x2048":false,"menu-24x24":false,"menu-36x36":false,"menu-48x48":false},"uagb_author_info":{"display_name":"Ave Kartau","author_link":"https:\/\/domath.surju.ee\/es\/author\/ave\/"},"uagb_comment_info":0,"uagb_excerpt":"Com\u00fan m\u00faltiplo Un m\u00faltiplo com\u00fan es un m\u00faltiplo que es com\u00fan a dos o m\u00e1s n\u00fameros.&nbsp; Ejemplos: Los m\u00faltiplos de 3 son: 3, 6, 9, 12, 15, 18, &#8230; etc Los m\u00faltiplos de 5 son: 5, 10, 15, 20, 25, &#8230; etc Por lo tanto, el m\u00faltiplo com\u00fan de 3 y 5 es 15&nbsp;(y tambi\u00e9n:&hellip;","_links":{"self":[{"href":"https:\/\/domath.surju.ee\/es\/wp-json\/wp\/v2\/pages\/1342","targetHints":{"allow":["GET"]}}],"collection":[{"href":"https:\/\/domath.surju.ee\/es\/wp-json\/wp\/v2\/pages"}],"about":[{"href":"https:\/\/domath.surju.ee\/es\/wp-json\/wp\/v2\/types\/page"}],"author":[{"embeddable":true,"href":"https:\/\/domath.surju.ee\/es\/wp-json\/wp\/v2\/users\/12"}],"replies":[{"embeddable":true,"href":"https:\/\/domath.surju.ee\/es\/wp-json\/wp\/v2\/comments?post=1342"}],"version-history":[{"count":7,"href":"https:\/\/domath.surju.ee\/es\/wp-json\/wp\/v2\/pages\/1342\/revisions"}],"predecessor-version":[{"id":3103,"href":"https:\/\/domath.surju.ee\/es\/wp-json\/wp\/v2\/pages\/1342\/revisions\/3103"}],"wp:attachment":[{"href":"https:\/\/domath.surju.ee\/es\/wp-json\/wp\/v2\/media?parent=1342"}],"wp:term":[{"taxonomy":"category","embeddable":true,"href":"https:\/\/domath.surju.ee\/es\/wp-json\/wp\/v2\/categories?post=1342"},{"taxonomy":"post_tag","embeddable":true,"href":"https:\/\/domath.surju.ee\/es\/wp-json\/wp\/v2\/tags?post=1342"}],"curies":[{"name":"wp","href":"https:\/\/api.w.org\/{rel}","templated":true}]}}