{"id":1340,"date":"2024-03-03T20:13:36","date_gmt":"2024-03-03T20:13:36","guid":{"rendered":"https:\/\/domath.surju.ee\/?page_id=1340"},"modified":"2024-12-26T21:37:23","modified_gmt":"2024-12-26T21:37:23","slug":"common-factor","status":"publish","type":"page","link":"https:\/\/domath.surju.ee\/es\/factor-comun\/","title":{"rendered":"Factor com\u00fan"},"content":{"rendered":"<h1 style=\"text-align: center;\"><span style=\"color: #008000;\"><strong>Factor com\u00fan<\/strong><\/span><\/h1>\r\n<p>Los factores son los n\u00fameros que podemos multiplicar para obtener otro n\u00famero.<\/p>\r\n<p>Cuando comparamos listas de factores de dos o m\u00e1s n\u00fameros, cualquier factor que sea igual es el \u00ab<span style=\"color: #ff0000;\"><strong>factor com\u00fan<\/strong><\/span>\u00ab.<\/p>\r\n<h5><span style=\"color: #0000ff;\"><strong>Ejemplos:<\/strong><\/span><\/h5>\r\n<p><strong>Factores de 12 y 16:<\/strong><br \/>\r\n\u2022 Los factores de 12 son: <strong><span style=\"color: #ff0000;\">1<\/span>,<span style=\"color: #ff0000;\"> 2<\/span>, 3, <span style=\"color: #ff0000;\">4<\/span>, 6 y 12.<\/strong><br \/>\r\n\u2022 Los factores de 16 son: <strong><span style=\"color: #ff0000;\">1,<\/span> <span style=\"color: #ff0000;\">2,<\/span> <span style=\"color: #ff0000;\">4<\/span>, 8 and 16.<\/strong><br \/>\r\nPor lo tanto, los factores comunes de 12 y 16 son: <strong>1, 2 and 4.<\/strong><\/p>\r\n<h5 style=\"text-align: center;\"><span style=\"color: #99ccff; background-color: #333399;\"><strong>Play game<\/strong><\/span><\/h5>\r\n<div class=\"wp-block-image\">\r\n<figure class=\"aligncenter size-large is-resized\"><a href=\"https:\/\/www.sheppardsoftware.com\/math\/fractions\/greatest-common-factor-game\/\"><img loading=\"lazy\" decoding=\"async\" width=\"1024\" height=\"761\" class=\"wp-image-3089\" style=\"width: 583px; height: auto;\" src=\"https:\/\/domath.surju.ee\/wp-content\/uploads\/2024\/07\/image-2-1024x761.png\" alt=\"\" srcset=\"https:\/\/domath.surju.ee\/wp-content\/uploads\/2024\/07\/image-2-1024x761.png 1024w, https:\/\/domath.surju.ee\/wp-content\/uploads\/2024\/07\/image-2-300x223.png 300w, https:\/\/domath.surju.ee\/wp-content\/uploads\/2024\/07\/image-2-768x571.png 768w, https:\/\/domath.surju.ee\/wp-content\/uploads\/2024\/07\/image-2-24x18.png 24w, https:\/\/domath.surju.ee\/wp-content\/uploads\/2024\/07\/image-2-36x27.png 36w, https:\/\/domath.surju.ee\/wp-content\/uploads\/2024\/07\/image-2-48x36.png 48w, https:\/\/domath.surju.ee\/wp-content\/uploads\/2024\/07\/image-2.png 1132w\" sizes=\"auto, (max-width: 1024px) 100vw, 1024px\" \/><\/a><\/figure><\/div>\r\n<p style=\"text-align: center;\"><a href=\"https:\/\/www.sheppardsoftware.com\/math\/fractions\/greatest-common-factor-game\/\" target=\"_blank\" rel=\"noopener\">https:\/\/www.sheppardsoftware.com\/math\/fractions\/greatest-common-factor-game\/<\/a><\/p>\r\n\r\n<p>&nbsp;<\/p>\r\n\r\n\r\n<p>&nbsp;<\/p>\r\n","protected":false},"excerpt":{"rendered":"<p>Factor com\u00fan Los factores son los n\u00fameros que podemos multiplicar para obtener otro n\u00famero. Cuando comparamos listas de factores de dos o m\u00e1s n\u00fameros, cualquier factor que sea igual es el \u00abfactor com\u00fan\u00ab. Ejemplos: Factores de 12 y 16: \u2022 Los factores de 12 son: 1, 2, 3, 4, 6 y 12. \u2022 Los factores [&#8230;]<\/p>\n<p><a class=\"btn btn-secondary understrap-read-more-link\" href=\"https:\/\/domath.surju.ee\/es\/factor-comun\/\">Leer m\u00e1s&#8230;<span class=\"screen-reader-text\"> from Factor com\u00fan<\/span><\/a><\/p>\n","protected":false},"author":12,"featured_media":0,"parent":0,"menu_order":0,"comment_status":"closed","ping_status":"closed","template":"","meta":{"_eb_attr":"","_uag_custom_page_level_css":"","footnotes":""},"categories":[],"tags":[66,127,73,157],"class_list":["post-1340","page","type-page","status-publish","hentry","tag-english-c","tag-estonian-ue","tag-greek-kappa","tag-spanish-f"],"uagb_featured_image_src":{"full":false,"thumbnail":false,"medium":false,"medium_large":false,"large":false,"1536x1536":false,"2048x2048":false,"menu-24x24":false,"menu-36x36":false,"menu-48x48":false},"uagb_author_info":{"display_name":"Ave Kartau","author_link":"https:\/\/domath.surju.ee\/es\/author\/ave\/"},"uagb_comment_info":0,"uagb_excerpt":"Factor com\u00fan Los factores son los n\u00fameros que podemos multiplicar para obtener otro n\u00famero. Cuando comparamos listas de factores de dos o m\u00e1s n\u00fameros, cualquier factor que sea igual es el \u00abfactor com\u00fan\u00ab. Ejemplos: Factores de 12 y 16: \u2022 Los factores de 12 son: 1, 2, 3, 4, 6 y 12. \u2022 Los factores&hellip;","_links":{"self":[{"href":"https:\/\/domath.surju.ee\/es\/wp-json\/wp\/v2\/pages\/1340","targetHints":{"allow":["GET"]}}],"collection":[{"href":"https:\/\/domath.surju.ee\/es\/wp-json\/wp\/v2\/pages"}],"about":[{"href":"https:\/\/domath.surju.ee\/es\/wp-json\/wp\/v2\/types\/page"}],"author":[{"embeddable":true,"href":"https:\/\/domath.surju.ee\/es\/wp-json\/wp\/v2\/users\/12"}],"replies":[{"embeddable":true,"href":"https:\/\/domath.surju.ee\/es\/wp-json\/wp\/v2\/comments?post=1340"}],"version-history":[{"count":6,"href":"https:\/\/domath.surju.ee\/es\/wp-json\/wp\/v2\/pages\/1340\/revisions"}],"predecessor-version":[{"id":4991,"href":"https:\/\/domath.surju.ee\/es\/wp-json\/wp\/v2\/pages\/1340\/revisions\/4991"}],"wp:attachment":[{"href":"https:\/\/domath.surju.ee\/es\/wp-json\/wp\/v2\/media?parent=1340"}],"wp:term":[{"taxonomy":"category","embeddable":true,"href":"https:\/\/domath.surju.ee\/es\/wp-json\/wp\/v2\/categories?post=1340"},{"taxonomy":"post_tag","embeddable":true,"href":"https:\/\/domath.surju.ee\/es\/wp-json\/wp\/v2\/tags?post=1340"}],"curies":[{"name":"wp","href":"https:\/\/api.w.org\/{rel}","templated":true}]}}