{"id":1338,"date":"2024-03-03T20:08:09","date_gmt":"2024-03-03T20:08:09","guid":{"rendered":"https:\/\/domath.surju.ee\/?page_id=1338"},"modified":"2024-12-26T20:16:02","modified_gmt":"2024-12-26T20:16:02","slug":"common-denominator","status":"publish","type":"page","link":"https:\/\/domath.surju.ee\/es\/comun-denominador\/","title":{"rendered":"Com\u00fan denominador"},"content":{"rendered":"<h1 style=\"text-align: center;\"><span style=\"color: #008000;\"><strong>Com\u00fan denominador<\/strong><\/span><\/h1>\r\n<p>El<strong> <span style=\"color: #ff0000;\">denominador<\/span><\/strong> es el n\u00famero que se encuentra en la parte inferior de una fracci\u00f3n. Este n\u00famero indica en cu\u00e1ntas partes iguales se ha dividido un todo o una unidad.&nbsp;<\/p>\r\n<p id=\"tw-target-text\" class=\"tw-data-text tw-text-large tw-ta\" dir=\"ltr\" data-placeholder=\"Traducci\u00f3n\" data-ved=\"2ahUKEwjTgKLTzpqKAxX1TaQEHVnoDrsQ3ewLegQIEBAU\" aria-label=\"Texto traducido: Cuando los denominadores de dos o m\u00e1s fracciones son iguales, se trata de denominadores comunes.\">Cuando los denominadores de dos o m\u00e1s fracciones son iguales, se trata de <strong><span style=\"color: #ff0000;\">d<\/span><\/strong><span style=\"color: #ff0000;\"><strong>e<\/strong><\/span><span style=\"color: #ff0000;\"><strong>nominadores comunes.<\/strong><\/span><\/p>\r\n<p><span style=\"color: #0000ff;\"><strong>Ejemplo:&nbsp; <\/strong><\/span><strong><span style=\"color: #000000;\">Encuentra el denominador com\u00fan.<\/span><\/strong><img alt=\"\" \/><\/p>\r\n<p><\/p>\r\n\r\n<figure class=\"wp-block-image size-full\"><img loading=\"lazy\" decoding=\"async\" width=\"960\" height=\"540\" class=\"wp-image-3082\" src=\"https:\/\/domath.surju.ee\/wp-content\/uploads\/2024\/07\/common-denominators.png\" alt=\"\" srcset=\"https:\/\/domath.surju.ee\/wp-content\/uploads\/2024\/07\/common-denominators.png 960w, https:\/\/domath.surju.ee\/wp-content\/uploads\/2024\/07\/common-denominators-300x169.png 300w, https:\/\/domath.surju.ee\/wp-content\/uploads\/2024\/07\/common-denominators-768x432.png 768w, https:\/\/domath.surju.ee\/wp-content\/uploads\/2024\/07\/common-denominators-24x14.png 24w, https:\/\/domath.surju.ee\/wp-content\/uploads\/2024\/07\/common-denominators-36x20.png 36w, https:\/\/domath.surju.ee\/wp-content\/uploads\/2024\/07\/common-denominators-48x27.png 48w\" sizes=\"auto, (max-width: 960px) 100vw, 960px\" \/><\/figure>\r\n\r\n<h4 style=\"text-align: center;\"><span style=\"color: #99ccff; background-color: #333399;\">Play games<\/span><\/h4>\r\n<p><a href=\"https:\/\/www.sheppardsoftware.com\/math\/fractions\/least-common-denominator\/\"><img loading=\"lazy\" decoding=\"async\" class=\" wp-image-3083 aligncenter\" src=\"https:\/\/domath.surju.ee\/wp-content\/uploads\/2024\/07\/Kuvatommis-2024-07-29-223425-300x165.png\" alt=\"\" width=\"404\" height=\"222\" srcset=\"https:\/\/domath.surju.ee\/wp-content\/uploads\/2024\/07\/Kuvatommis-2024-07-29-223425-300x165.png 300w, https:\/\/domath.surju.ee\/wp-content\/uploads\/2024\/07\/Kuvatommis-2024-07-29-223425-1024x563.png 1024w, https:\/\/domath.surju.ee\/wp-content\/uploads\/2024\/07\/Kuvatommis-2024-07-29-223425-768x422.png 768w, https:\/\/domath.surju.ee\/wp-content\/uploads\/2024\/07\/Kuvatommis-2024-07-29-223425-24x13.png 24w, https:\/\/domath.surju.ee\/wp-content\/uploads\/2024\/07\/Kuvatommis-2024-07-29-223425-36x20.png 36w, https:\/\/domath.surju.ee\/wp-content\/uploads\/2024\/07\/Kuvatommis-2024-07-29-223425-48x26.png 48w, https:\/\/domath.surju.ee\/wp-content\/uploads\/2024\/07\/Kuvatommis-2024-07-29-223425.png 1492w\" sizes=\"auto, (max-width: 404px) 100vw, 404px\" \/><\/a><\/p>\r\n<p style=\"text-align: center;\"><a href=\"https:\/\/www.sheppardsoftware.com\/math\/fractions\/least-common-denominator\/\">https:\/\/www.sheppardsoftware.com\/math\/fractions\/least-common-denominator\/<\/a><\/p>\r\n\r\n<p>&nbsp;<\/p>\r\n","protected":false},"excerpt":{"rendered":"<p>Com\u00fan denominador El denominador es el n\u00famero que se encuentra en la parte inferior de una fracci\u00f3n. Este n\u00famero indica en cu\u00e1ntas partes iguales se ha dividido un todo o una unidad.&nbsp; Cuando los denominadores de dos o m\u00e1s fracciones son iguales, se trata de denominadores comunes. Ejemplo:&nbsp; Encuentra el denominador com\u00fan. Play games https:\/\/www.sheppardsoftware.com\/math\/fractions\/least-common-denominator\/ [&#8230;]<\/p>\n<p><a class=\"btn btn-secondary understrap-read-more-link\" href=\"https:\/\/domath.surju.ee\/es\/comun-denominador\/\">Leer m\u00e1s&#8230;<span class=\"screen-reader-text\"> from Com\u00fan denominador<\/span><\/a><\/p>\n","protected":false},"author":12,"featured_media":0,"parent":0,"menu_order":0,"comment_status":"closed","ping_status":"closed","template":"","meta":{"_eb_attr":"","_uag_custom_page_level_css":"","footnotes":""},"categories":[],"tags":[66,127,73,136],"class_list":["post-1338","page","type-page","status-publish","hentry","tag-english-c","tag-estonian-ue","tag-greek-kappa","tag-spanish-c"],"uagb_featured_image_src":{"full":false,"thumbnail":false,"medium":false,"medium_large":false,"large":false,"1536x1536":false,"2048x2048":false,"menu-24x24":false,"menu-36x36":false,"menu-48x48":false},"uagb_author_info":{"display_name":"Ave Kartau","author_link":"https:\/\/domath.surju.ee\/es\/author\/ave\/"},"uagb_comment_info":0,"uagb_excerpt":"Com\u00fan denominador El denominador es el n\u00famero que se encuentra en la parte inferior de una fracci\u00f3n. Este n\u00famero indica en cu\u00e1ntas partes iguales se ha dividido un todo o una unidad.&nbsp; Cuando los denominadores de dos o m\u00e1s fracciones son iguales, se trata de denominadores comunes. Ejemplo:&nbsp; Encuentra el denominador com\u00fan. Play games https:\/\/www.sheppardsoftware.com\/math\/fractions\/least-common-denominator\/&hellip;","_links":{"self":[{"href":"https:\/\/domath.surju.ee\/es\/wp-json\/wp\/v2\/pages\/1338","targetHints":{"allow":["GET"]}}],"collection":[{"href":"https:\/\/domath.surju.ee\/es\/wp-json\/wp\/v2\/pages"}],"about":[{"href":"https:\/\/domath.surju.ee\/es\/wp-json\/wp\/v2\/types\/page"}],"author":[{"embeddable":true,"href":"https:\/\/domath.surju.ee\/es\/wp-json\/wp\/v2\/users\/12"}],"replies":[{"embeddable":true,"href":"https:\/\/domath.surju.ee\/es\/wp-json\/wp\/v2\/comments?post=1338"}],"version-history":[{"count":4,"href":"https:\/\/domath.surju.ee\/es\/wp-json\/wp\/v2\/pages\/1338\/revisions"}],"predecessor-version":[{"id":4764,"href":"https:\/\/domath.surju.ee\/es\/wp-json\/wp\/v2\/pages\/1338\/revisions\/4764"}],"wp:attachment":[{"href":"https:\/\/domath.surju.ee\/es\/wp-json\/wp\/v2\/media?parent=1338"}],"wp:term":[{"taxonomy":"category","embeddable":true,"href":"https:\/\/domath.surju.ee\/es\/wp-json\/wp\/v2\/categories?post=1338"},{"taxonomy":"post_tag","embeddable":true,"href":"https:\/\/domath.surju.ee\/es\/wp-json\/wp\/v2\/tags?post=1338"}],"curies":[{"name":"wp","href":"https:\/\/api.w.org\/{rel}","templated":true}]}}