{"id":1336,"date":"2024-03-03T20:05:09","date_gmt":"2024-03-03T20:05:09","guid":{"rendered":"https:\/\/domath.surju.ee\/?page_id=1336"},"modified":"2024-12-23T20:02:39","modified_gmt":"2024-12-23T20:02:39","slug":"clockwise","status":"publish","type":"page","link":"https:\/\/domath.surju.ee\/es\/sentido-horario\/","title":{"rendered":"Sentido horario"},"content":{"rendered":"<h1 style=\"text-align: center;\"><span style=\"color: #008000;\"><strong>Sentido horario<\/strong><\/span><\/h1>\r\n<p>Cuando algo se mueve en <strong>sentido horario o sentido de las agujas del reloj<\/strong>, significa que algo se mueve en c\u00edrculo en la misma direcci\u00f3n que las manecillas de un reloj.&nbsp;<\/p>\r\n\r\n<figure class=\"wp-block-gallery has-nested-images columns-default is-cropped wp-block-gallery-1 is-layout-flex wp-block-gallery-is-layout-flex\">\r\n<figure class=\"wp-block-image size-large is-resized\"><img loading=\"lazy\" decoding=\"async\" width=\"210\" height=\"200\" data-id=\"3068\" class=\"wp-image-3068\" style=\"width: 216px; height: auto;\" src=\"https:\/\/domath.surju.ee\/wp-content\/uploads\/2024\/07\/Clockwise_arrow.svg_.png\" alt=\"\" srcset=\"https:\/\/domath.surju.ee\/wp-content\/uploads\/2024\/07\/Clockwise_arrow.svg_.png 210w, https:\/\/domath.surju.ee\/wp-content\/uploads\/2024\/07\/Clockwise_arrow.svg_-24x24.png 24w, https:\/\/domath.surju.ee\/wp-content\/uploads\/2024\/07\/Clockwise_arrow.svg_-36x34.png 36w, https:\/\/domath.surju.ee\/wp-content\/uploads\/2024\/07\/Clockwise_arrow.svg_-48x46.png 48w\" sizes=\"auto, (max-width: 210px) 100vw, 210px\" \/><\/figure>\r\n\r\n\r\n<figure class=\"wp-block-image size-large is-resized\"><img loading=\"lazy\" decoding=\"async\" width=\"210\" height=\"200\" data-id=\"3069\" class=\"wp-image-3069\" style=\"width: 216px; height: auto;\" src=\"https:\/\/domath.surju.ee\/wp-content\/uploads\/2024\/07\/Counterclockwise_arrow.svg_.png\" alt=\"\" srcset=\"https:\/\/domath.surju.ee\/wp-content\/uploads\/2024\/07\/Counterclockwise_arrow.svg_.png 210w, https:\/\/domath.surju.ee\/wp-content\/uploads\/2024\/07\/Counterclockwise_arrow.svg_-24x24.png 24w, https:\/\/domath.surju.ee\/wp-content\/uploads\/2024\/07\/Counterclockwise_arrow.svg_-36x34.png 36w, https:\/\/domath.surju.ee\/wp-content\/uploads\/2024\/07\/Counterclockwise_arrow.svg_-48x46.png 48w\" sizes=\"auto, (max-width: 210px) 100vw, 210px\" \/><\/figure>\r\n<\/figure>\r\n<div class=\"section-wrapper\" data-id=\"jBPuFh\">\r\n<section class=\"wp-block-gutenverse-section guten-element guten-section guten-jBPuFh layout-boxed align-stretch\">\r\n<div class=\"guten-container guten-column-gap-default\">\r\n<div class=\"wp-block-gutenverse-column guten-element guten-column guten-t9nZUt\">\r\n<div class=\"guten-background-overlay\">&nbsp;<\/div>\r\n<div class=\"sticky-wrapper\" data-id=\"t9nZUt\">\r\n<div class=\"guten-column-wrapper\">\r\n<p style=\"text-align: center;\"><span style=\"color: #ff0000;\"><strong>La direcci\u00f3n en sentido de las agujas del reloj o sentido horario<\/strong><\/span><\/p>\r\n<\/div>\r\n<\/div>\r\n<\/div>\r\n\r\n\r\n<div class=\"wp-block-gutenverse-column guten-element guten-column guten-TyHwzN\">\r\n<div class=\"guten-background-overlay\">&nbsp;<\/div>\r\n<div class=\"sticky-wrapper\" data-id=\"TyHwzN\">\r\n<div class=\"guten-column-wrapper\">\r\n<p style=\"text-align: center;\"><strong>&nbsp; &nbsp; &nbsp; &nbsp; &nbsp; &nbsp; &nbsp; &nbsp; &nbsp; &nbsp;El sentido antihorario.&nbsp;<\/strong><\/p>\r\n<\/div>\r\n<\/div>\r\n<\/div>\r\n<\/div>\r\n<\/section>\r\n<\/div>\r\n\r\n <iframe loading=\"lazy\" src=\"https:\/\/drive.google.com\/file\/d\/1h_riaJbBsANedS4_bW9J4aO1fRrmCBLk\/preview\" width=\"640\" height=\"480\"><\/iframe> \r\n<p><a href=\"https:\/\/en.wikipedia.org\/wiki\/Clockwise\">https:\/\/en.wikipedia.org\/wiki\/Clockwise<\/a><\/p>","protected":false},"excerpt":{"rendered":"<p>Sentido horario Cuando algo se mueve en sentido horario o sentido de las agujas del reloj, significa que algo se mueve en c\u00edrculo en la misma direcci\u00f3n que las manecillas de un reloj.&nbsp; &nbsp; La direcci\u00f3n en sentido de las agujas del reloj o sentido horario &nbsp; &nbsp; &nbsp; &nbsp; &nbsp; &nbsp; &nbsp; &nbsp; &nbsp; [&#8230;]<\/p>\n<p><a class=\"btn btn-secondary understrap-read-more-link\" href=\"https:\/\/domath.surju.ee\/es\/sentido-horario\/\">Leer m\u00e1s&#8230;<span class=\"screen-reader-text\"> from Sentido horario<\/span><\/a><\/p>\n","protected":false},"author":12,"featured_media":0,"parent":0,"menu_order":0,"comment_status":"closed","ping_status":"closed","template":"","meta":{"_eb_attr":"","_uag_custom_page_level_css":"","footnotes":""},"categories":[],"tags":[66,57,74,62],"class_list":["post-1336","page","type-page","status-publish","hentry","tag-english-c","tag-estonian-p","tag-greek-delta","tag-spanish-s"],"uagb_featured_image_src":{"full":false,"thumbnail":false,"medium":false,"medium_large":false,"large":false,"1536x1536":false,"2048x2048":false,"menu-24x24":false,"menu-36x36":false,"menu-48x48":false},"uagb_author_info":{"display_name":"Ave Kartau","author_link":"https:\/\/domath.surju.ee\/es\/author\/ave\/"},"uagb_comment_info":0,"uagb_excerpt":"Sentido horario Cuando algo se mueve en sentido horario o sentido de las agujas del reloj, significa que algo se mueve en c\u00edrculo en la misma direcci\u00f3n que las manecillas de un reloj.&nbsp; &nbsp; La direcci\u00f3n en sentido de las agujas del reloj o sentido horario &nbsp; &nbsp; &nbsp; &nbsp; &nbsp; &nbsp; &nbsp; &nbsp; &nbsp;&hellip;","_links":{"self":[{"href":"https:\/\/domath.surju.ee\/es\/wp-json\/wp\/v2\/pages\/1336","targetHints":{"allow":["GET"]}}],"collection":[{"href":"https:\/\/domath.surju.ee\/es\/wp-json\/wp\/v2\/pages"}],"about":[{"href":"https:\/\/domath.surju.ee\/es\/wp-json\/wp\/v2\/types\/page"}],"author":[{"embeddable":true,"href":"https:\/\/domath.surju.ee\/es\/wp-json\/wp\/v2\/users\/12"}],"replies":[{"embeddable":true,"href":"https:\/\/domath.surju.ee\/es\/wp-json\/wp\/v2\/comments?post=1336"}],"version-history":[{"count":9,"href":"https:\/\/domath.surju.ee\/es\/wp-json\/wp\/v2\/pages\/1336\/revisions"}],"predecessor-version":[{"id":4978,"href":"https:\/\/domath.surju.ee\/es\/wp-json\/wp\/v2\/pages\/1336\/revisions\/4978"}],"wp:attachment":[{"href":"https:\/\/domath.surju.ee\/es\/wp-json\/wp\/v2\/media?parent=1336"}],"wp:term":[{"taxonomy":"category","embeddable":true,"href":"https:\/\/domath.surju.ee\/es\/wp-json\/wp\/v2\/categories?post=1336"},{"taxonomy":"post_tag","embeddable":true,"href":"https:\/\/domath.surju.ee\/es\/wp-json\/wp\/v2\/tags?post=1336"}],"curies":[{"name":"wp","href":"https:\/\/api.w.org\/{rel}","templated":true}]}}