{"id":1330,"date":"2024-03-03T19:58:13","date_gmt":"2024-03-03T19:58:13","guid":{"rendered":"https:\/\/domath.surju.ee\/?page_id=1330"},"modified":"2024-12-23T19:52:25","modified_gmt":"2024-12-23T19:52:25","slug":"circle","status":"publish","type":"page","link":"https:\/\/domath.surju.ee\/es\/circulo\/","title":{"rendered":"C\u00edrculo, Circunferencia"},"content":{"rendered":"<h1 style=\"text-align: center;\"><span style=\"color: #008000;\"><strong>C\u00edrculo, circunferencia<\/strong><\/span><\/h1>\r\n<p><span style=\"color: #ff0000;\"><strong>Un c\u00edrculo<\/strong><\/span> es una forma que consiste en una l\u00ednea curva que rodea completamente un \u00e1rea.<\/p>\r\n<p>Cada parte de la l\u00ednea est\u00e1 a la misma distancia del centro del \u00e1rea.<\/p>\r\n<p><span style=\"color: #ff0000;\"><strong>La circunferencia <\/strong><\/span>es la distancia alrededor de un c\u00edrculo.<\/p>\r\n<h5 style=\"text-align: center;\"><span style=\"background-color: #333399; color: #99ccff;\"><strong> Terminolog\u00eda<\/strong><\/span><\/h5>\r\n<p><img loading=\"lazy\" decoding=\"async\" class=\" wp-image-3049 alignleft\" src=\"https:\/\/domath.surju.ee\/wp-content\/uploads\/2024\/07\/CIRCLE_LINES-en.svg_-296x300.png\" alt=\"\" width=\"296\" height=\"300\" srcset=\"https:\/\/domath.surju.ee\/wp-content\/uploads\/2024\/07\/CIRCLE_LINES-en.svg_-296x300.png 296w, https:\/\/domath.surju.ee\/wp-content\/uploads\/2024\/07\/CIRCLE_LINES-en.svg_-24x24.png 24w, https:\/\/domath.surju.ee\/wp-content\/uploads\/2024\/07\/CIRCLE_LINES-en.svg_-36x36.png 36w, https:\/\/domath.surju.ee\/wp-content\/uploads\/2024\/07\/CIRCLE_LINES-en.svg_-48x48.png 48w, https:\/\/domath.surju.ee\/wp-content\/uploads\/2024\/07\/CIRCLE_LINES-en.svg_.png 330w\" sizes=\"auto, (max-width: 296px) 100vw, 296px\" \/><\/p>\r\n<p><span style=\"color: #000080;\"><strong>Centro:<\/strong><\/span> punto que equidista de todos los puntos de la circunferencia.<\/p>\r\n<p><span style=\"color: #333399;\"><strong>Circunferencia<\/strong><\/span>: la <strong>longitud<\/strong> de un circuito a lo largo del c\u00edrculo, o la distancia alrededor del c\u00edrculo.<\/p>\r\n<p><span style=\"color: #993366;\"><strong>Di\u00e1metro<\/strong><\/span>: segmento de recta cuyos extremos se encuentran en el c\u00edrculo y que pasa por el centro; o la longitud de dicho segmento de recta. Es la mayor distancia entre dos puntos cualesquiera del c\u00edrculo. <strong>d=2r<\/strong><\/p>\r\n<p><strong><span style=\"color: #339966;\">Radio<\/span>: <\/strong>segmento de recta que une el centro de una circunferencia con un punto cualquiera de la propia circunferencia; o la longitud de dicho segmento, que es la mitad (de la longitud) de un di\u00e1metro. <strong>r = d : 2<\/strong><\/p>\r\n<p><span style=\"color: #333399;\"><strong>Cuerda<\/strong>:<\/span> segmento de recta cuyos extremos se encuentran en el c\u00edrculo, dividi\u00e9ndolo en dos segmentos.<\/p>\r\n<p><span style=\"color: #008000;\"><strong>Secante<\/strong><\/span>: cuerda prolongada, recta coplanaria que corta al c\u00edrculo en dos puntos.<\/p>\r\n<p><strong><span style=\"color: #993300;\">Tangente<\/span>:<\/strong> recta coplanaria que tiene un \u00fanico punto en com\u00fan con una circunferencia (\u00abtoca la circunferencia en este punto\u00bb).<\/p>\r\n<p><strong><span style=\"color: #00ff00;\">Sector<\/span>:<\/strong> regi\u00f3n delimitada por dos radios de igual longitud con un centro com\u00fan y cualquiera de los dos arcos posibles, determinados por este centro y los puntos extremos de los radios.<\/p>\r\n<p><span style=\"color: #000080;\"><strong>Segmento<\/strong><\/span>: regi\u00f3n delimitada por una cuerda y uno de los arcos que unen los extremos de la cuerda. La longitud de la cuerda impone un l\u00edmite inferior al di\u00e1metro de los arcos posibles.<\/p>\r\n<p><strong><span style=\"color: #ff9900;\">Arco<\/span>:<\/strong> cualquier parte conexa de una circunferencia. La especificaci\u00f3n de dos puntos extremos de un arco y de un centro permite obtener dos arcos que juntos forman un c\u00edrculo completo.<\/p>\r\n<br \/>\r\n<p><a href=\"https:\/\/en.wikipedia.org\/wiki\/Circle\">https:\/\/en.wikipedia.org\/wiki\/Circle<\/a><\/p>\r\n <iframe loading=\"lazy\" style=\"border: 0px;\" title=\"Ringi pindala\" src=\"https:\/\/www.geogebra.org\/material\/iframe\/id\/zrdzz9ws\/width\/1000\/height\/485\/border\/888888\/sfsb\/true\/smb\/false\/stb\/false\/stbh\/false\/ai\/false\/asb\/false\/sri\/false\/rc\/false\/ld\/false\/sdz\/false\/ctl\/false\" width=\"600px\" height=\"285px\" scrolling=\"no\"> <\/iframe> \r\n <iframe loading=\"lazy\" style=\"border: 0px;\" title=\"Ring ja joonlaud\" src=\"https:\/\/www.geogebra.org\/material\/iframe\/id\/nr4qcvmk\/width\/1200\/height\/450\/border\/888888\/sfsb\/true\/smb\/false\/stb\/false\/stbh\/false\/ai\/false\/asb\/false\/sri\/false\/rc\/false\/ld\/false\/sdz\/false\/ctl\/false\" width=\"650px\" height=\"250px\" scrolling=\"no\"> <\/iframe> \r\n <iframe loading=\"lazy\" style=\"border: 0px;\" title=\"Ringjoon.  Ringi \u00fcmberm\u00f5\u00f5t\" src=\"https:\/\/www.geogebra.org\/material\/iframe\/id\/xq3vfpqg\/width\/1200\/height\/450\/border\/888888\/sfsb\/true\/smb\/false\/stb\/false\/stbh\/false\/ai\/false\/asb\/false\/sri\/false\/rc\/false\/ld\/false\/sdz\/false\/ctl\/false\" width=\"650px\" height=\"250px\" scrolling=\"no\"> <\/iframe> ","protected":false},"excerpt":{"rendered":"<p>C\u00edrculo, circunferencia Un c\u00edrculo es una forma que consiste en una l\u00ednea curva que rodea completamente un \u00e1rea. Cada parte de la l\u00ednea est\u00e1 a la misma distancia del centro del \u00e1rea. La circunferencia es la distancia alrededor de un c\u00edrculo. Terminolog\u00eda Centro: punto que equidista de todos los puntos de la circunferencia. Circunferencia: la [&#8230;]<\/p>\n<p><a class=\"btn btn-secondary understrap-read-more-link\" href=\"https:\/\/domath.surju.ee\/es\/circulo\/\">Leer m\u00e1s&#8230;<span class=\"screen-reader-text\"> from C\u00edrculo, Circunferencia<\/span><\/a><\/p>\n","protected":false},"author":12,"featured_media":0,"parent":0,"menu_order":0,"comment_status":"closed","ping_status":"closed","template":"","meta":{"_eb_attr":"","_uag_custom_page_level_css":"","footnotes":""},"categories":[],"tags":[66,116,73,136],"class_list":["post-1330","page","type-page","status-publish","hentry","tag-english-c","tag-estonian-r","tag-greek-kappa","tag-spanish-c"],"uagb_featured_image_src":{"full":false,"thumbnail":false,"medium":false,"medium_large":false,"large":false,"1536x1536":false,"2048x2048":false,"menu-24x24":false,"menu-36x36":false,"menu-48x48":false},"uagb_author_info":{"display_name":"Ave Kartau","author_link":"https:\/\/domath.surju.ee\/es\/author\/ave\/"},"uagb_comment_info":0,"uagb_excerpt":"C\u00edrculo, circunferencia Un c\u00edrculo es una forma que consiste en una l\u00ednea curva que rodea completamente un \u00e1rea. Cada parte de la l\u00ednea est\u00e1 a la misma distancia del centro del \u00e1rea. La circunferencia es la distancia alrededor de un c\u00edrculo. Terminolog\u00eda Centro: punto que equidista de todos los puntos de la circunferencia. Circunferencia: la&hellip;","_links":{"self":[{"href":"https:\/\/domath.surju.ee\/es\/wp-json\/wp\/v2\/pages\/1330","targetHints":{"allow":["GET"]}}],"collection":[{"href":"https:\/\/domath.surju.ee\/es\/wp-json\/wp\/v2\/pages"}],"about":[{"href":"https:\/\/domath.surju.ee\/es\/wp-json\/wp\/v2\/types\/page"}],"author":[{"embeddable":true,"href":"https:\/\/domath.surju.ee\/es\/wp-json\/wp\/v2\/users\/12"}],"replies":[{"embeddable":true,"href":"https:\/\/domath.surju.ee\/es\/wp-json\/wp\/v2\/comments?post=1330"}],"version-history":[{"count":20,"href":"https:\/\/domath.surju.ee\/es\/wp-json\/wp\/v2\/pages\/1330\/revisions"}],"predecessor-version":[{"id":4668,"href":"https:\/\/domath.surju.ee\/es\/wp-json\/wp\/v2\/pages\/1330\/revisions\/4668"}],"wp:attachment":[{"href":"https:\/\/domath.surju.ee\/es\/wp-json\/wp\/v2\/media?parent=1330"}],"wp:term":[{"taxonomy":"category","embeddable":true,"href":"https:\/\/domath.surju.ee\/es\/wp-json\/wp\/v2\/categories?post=1330"},{"taxonomy":"post_tag","embeddable":true,"href":"https:\/\/domath.surju.ee\/es\/wp-json\/wp\/v2\/tags?post=1330"}],"curies":[{"name":"wp","href":"https:\/\/api.w.org\/{rel}","templated":true}]}}