{"id":1328,"date":"2024-03-03T19:46:35","date_gmt":"2024-03-03T19:46:35","guid":{"rendered":"https:\/\/domath.surju.ee\/?page_id=1328"},"modified":"2024-12-23T18:28:41","modified_gmt":"2024-12-23T18:28:41","slug":"century","status":"publish","type":"page","link":"https:\/\/domath.surju.ee\/es\/siglo\/","title":{"rendered":"Siglo"},"content":{"rendered":"\r\n<p>&nbsp;<\/p>\r\n\r\n<h1 style=\"text-align: center;\"><span style=\"color: #008000;\"><strong>Siglo<\/strong><\/span><\/h1>\r\n<p><span style=\"color: #ff0000;\"><strong>Un siglo<\/strong><\/span> es un periodo de cien a\u00f1os.<\/p>\r\n<h5><span style=\"color: #0000ff;\"><strong>Ejemplo:<\/strong><\/span><\/h5>\r\n<p>&#8211;<strong> El siglo XIX<\/strong> es el periodo comprendido entre <strong>1801 y 1900.<\/strong><\/p>\r\n<p>&#8211; El <b>siglo XXI<\/b> es el siglo actual en el <i><strong>Anno Domini<\/strong><\/i> o <strong>Era Com\u00fan,<\/strong> seg\u00fan el <strong>calendario gregoriano.<\/strong> Comenz\u00f3 el <strong>1 de enero de 2001<\/strong> y terminar\u00e1 el <strong>31 de diciembre de 2100<\/strong>. Es el primer siglo del <strong>tercer milenio<\/strong>.<\/p>\r\n\r\n<p>&nbsp;<\/p>\r\n","protected":false},"excerpt":{"rendered":"<p>&nbsp; Siglo Un siglo es un periodo de cien a\u00f1os. Ejemplo: &#8211; El siglo XIX es el periodo comprendido entre 1801 y 1900. &#8211; El siglo XXI es el siglo actual en el Anno Domini o Era Com\u00fan, seg\u00fan el calendario gregoriano. Comenz\u00f3 el 1 de enero de 2001 y terminar\u00e1 el 31 de diciembre [&#8230;]<\/p>\n<p><a class=\"btn btn-secondary understrap-read-more-link\" href=\"https:\/\/domath.surju.ee\/es\/siglo\/\">Leer m\u00e1s&#8230;<span class=\"screen-reader-text\"> from Siglo<\/span><\/a><\/p>\n","protected":false},"author":12,"featured_media":0,"parent":0,"menu_order":0,"comment_status":"closed","ping_status":"closed","template":"","meta":{"_eb_attr":"","_uag_custom_page_level_css":"","footnotes":""},"categories":[],"tags":[66,117,86,62],"class_list":["post-1328","page","type-page","status-publish","hentry","tag-english-c","tag-estonian-s","tag-greek-alpha","tag-spanish-s"],"uagb_featured_image_src":{"full":false,"thumbnail":false,"medium":false,"medium_large":false,"large":false,"1536x1536":false,"2048x2048":false,"menu-24x24":false,"menu-36x36":false,"menu-48x48":false},"uagb_author_info":{"display_name":"Ave Kartau","author_link":"https:\/\/domath.surju.ee\/es\/author\/ave\/"},"uagb_comment_info":0,"uagb_excerpt":"&nbsp; Siglo Un siglo es un periodo de cien a\u00f1os. Ejemplo: &#8211; El siglo XIX es el periodo comprendido entre 1801 y 1900. &#8211; El siglo XXI es el siglo actual en el Anno Domini o Era Com\u00fan, seg\u00fan el calendario gregoriano. Comenz\u00f3 el 1 de enero de 2001 y terminar\u00e1 el 31 de diciembre&hellip;","_links":{"self":[{"href":"https:\/\/domath.surju.ee\/es\/wp-json\/wp\/v2\/pages\/1328","targetHints":{"allow":["GET"]}}],"collection":[{"href":"https:\/\/domath.surju.ee\/es\/wp-json\/wp\/v2\/pages"}],"about":[{"href":"https:\/\/domath.surju.ee\/es\/wp-json\/wp\/v2\/types\/page"}],"author":[{"embeddable":true,"href":"https:\/\/domath.surju.ee\/es\/wp-json\/wp\/v2\/users\/12"}],"replies":[{"embeddable":true,"href":"https:\/\/domath.surju.ee\/es\/wp-json\/wp\/v2\/comments?post=1328"}],"version-history":[{"count":4,"href":"https:\/\/domath.surju.ee\/es\/wp-json\/wp\/v2\/pages\/1328\/revisions"}],"predecessor-version":[{"id":4663,"href":"https:\/\/domath.surju.ee\/es\/wp-json\/wp\/v2\/pages\/1328\/revisions\/4663"}],"wp:attachment":[{"href":"https:\/\/domath.surju.ee\/es\/wp-json\/wp\/v2\/media?parent=1328"}],"wp:term":[{"taxonomy":"category","embeddable":true,"href":"https:\/\/domath.surju.ee\/es\/wp-json\/wp\/v2\/categories?post=1328"},{"taxonomy":"post_tag","embeddable":true,"href":"https:\/\/domath.surju.ee\/es\/wp-json\/wp\/v2\/tags?post=1328"}],"curies":[{"name":"wp","href":"https:\/\/api.w.org\/{rel}","templated":true}]}}