{"id":1326,"date":"2024-03-03T19:33:31","date_gmt":"2024-03-03T19:33:31","guid":{"rendered":"https:\/\/domath.surju.ee\/?page_id=1326"},"modified":"2024-12-23T18:25:41","modified_gmt":"2024-12-23T18:25:41","slug":"centimetre","status":"publish","type":"page","link":"https:\/\/domath.surju.ee\/es\/centimetro\/","title":{"rendered":"Cent\u00edmetro"},"content":{"rendered":"<h1 style=\"text-align: center;\"><span style=\"color: #008000;\"><strong>Cent\u00edmetro<\/strong><\/span><\/h1>\r\n<p><strong><span style=\"color: #ff0000;\">El cent\u00edmetro<\/span> <\/strong>es una unidad m\u00e9trica de longitud, igual a una cent\u00e9sima de metro.<br \/>\r\n<br \/>\r\nEl <strong>cent\u00edmetro<\/strong> es una unidad de <strong>longitud<\/strong> en el <strong>Sistema Internacional de Unidades (SI).<\/strong><\/p>\r\n<figure class=\"wp-block-image\"><img alt=\"\" \/><\/figure>\r\n<p><!-- \/wp:post-content --><\/p>\r\n<!-- wp:image {\"id\":3008,\"sizeSlug\":\"full\",\"linkDestination\":\"none\"} -->\r\n<figure class=\"wp-block-image size-full\"><img loading=\"lazy\" decoding=\"async\" width=\"640\" height=\"135\" class=\"wp-image-3008\" src=\"https:\/\/domath.surju.ee\/wp-content\/uploads\/2024\/07\/ruler-4113045_640-e1722251707540.png\" alt=\"\" srcset=\"https:\/\/domath.surju.ee\/wp-content\/uploads\/2024\/07\/ruler-4113045_640-e1722251707540.png 640w, https:\/\/domath.surju.ee\/wp-content\/uploads\/2024\/07\/ruler-4113045_640-e1722251707540-300x63.png 300w, https:\/\/domath.surju.ee\/wp-content\/uploads\/2024\/07\/ruler-4113045_640-e1722251707540-24x5.png 24w, https:\/\/domath.surju.ee\/wp-content\/uploads\/2024\/07\/ruler-4113045_640-e1722251707540-36x8.png 36w, https:\/\/domath.surju.ee\/wp-content\/uploads\/2024\/07\/ruler-4113045_640-e1722251707540-48x10.png 48w\" sizes=\"auto, (max-width: 640px) 100vw, 640px\" \/><\/figure>\r\n<!-- \/wp:image -->\r\n<p>1 cent\u00edmetro = 10 mil\u00edmetros<br \/>\r\n100 cent\u00edmetros = 1 metro<\/p>\r\n<p style=\"text-align: center;\"><span style=\"color: #99ccff; background-color: #333399;\"><strong>Longitud<\/strong><\/span><\/p>\r\n<p style=\"text-align: center;\">1 kil\u00f3metro = 1000 metros<br \/>\r\n1 kil\u00f3metro = 10 hect\u00f3metros&nbsp;<br \/>\r\n1 hect\u00f3metro = 10 dec\u00e1metros<br \/>\r\n1 dec\u00e1metro = 10 metros<br \/>\r\n1 metro = 10 dec\u00edmetros<br \/>\r\n1 dec\u00edmetro = 10 cent\u00edmetros<br \/>\r\n1 cent\u00edmetro = 10 mil\u00edmetros<\/p>\r\n<p style=\"text-align: center;\"><strong>km &#8211; hm &#8211; dam &#8211;&nbsp; m &#8211; dm &#8211; cm &#8211; mm<\/strong><\/p>\r\n<p style=\"text-align: center;\"><span class=\"NotesBodyText\"><br \/>\r\n<\/span><span style=\"color: #99ccff; background-color: #333399;\"><strong><span class=\"NotesHeader\">Abreviaturas<\/span><\/strong><\/span><span class=\"NotesBodyText\"><br \/>\r\nmil\u00edmetro mm<br \/>\r\ncent\u00edmetro cm<br \/>\r\nmetro m<br \/>\r\nhect\u00f3metro hm<br \/>\r\n&nbsp;dec\u00e1metro dam<br \/>\r\nkil\u00f3metro km<br \/>\r\n<\/span><\/p>\r\n<p><strong><span style=\"color: #3366ff;\">Ejemplo:<\/span><\/strong><\/p>\r\n<p>El l\u00e1piz mide 9 cent\u00edmetros de largo.<\/p>\r\n<!-- wp:image {\"id\":3013,\"sizeSlug\":\"large\",\"linkDestination\":\"none\"} -->\r\n<figure class=\"wp-block-image size-large\"><img loading=\"lazy\" decoding=\"async\" width=\"1024\" height=\"291\" class=\"wp-image-3013\" src=\"https:\/\/domath.surju.ee\/wp-content\/uploads\/2024\/07\/centimetres-1024x291.png\" alt=\"\" srcset=\"https:\/\/domath.surju.ee\/wp-content\/uploads\/2024\/07\/centimetres-1024x291.png 1024w, https:\/\/domath.surju.ee\/wp-content\/uploads\/2024\/07\/centimetres-300x85.png 300w, https:\/\/domath.surju.ee\/wp-content\/uploads\/2024\/07\/centimetres-768x218.png 768w, https:\/\/domath.surju.ee\/wp-content\/uploads\/2024\/07\/centimetres-24x7.png 24w, https:\/\/domath.surju.ee\/wp-content\/uploads\/2024\/07\/centimetres-36x10.png 36w, https:\/\/domath.surju.ee\/wp-content\/uploads\/2024\/07\/centimetres-48x14.png 48w, https:\/\/domath.surju.ee\/wp-content\/uploads\/2024\/07\/centimetres.png 1031w\" sizes=\"auto, (max-width: 1024px) 100vw, 1024px\" \/><\/figure>\r\n<!-- \/wp:image -->","protected":false},"excerpt":{"rendered":"<p>Cent\u00edmetro El cent\u00edmetro es una unidad m\u00e9trica de longitud, igual a una cent\u00e9sima de metro. El cent\u00edmetro es una unidad de longitud en el Sistema Internacional de Unidades (SI). 1 cent\u00edmetro = 10 mil\u00edmetros 100 cent\u00edmetros = 1 metro Longitud 1 kil\u00f3metro = 1000 metros 1 kil\u00f3metro = 10 hect\u00f3metros&nbsp; 1 hect\u00f3metro = 10 dec\u00e1metros [&#8230;]<\/p>\n<p><a class=\"btn btn-secondary understrap-read-more-link\" href=\"https:\/\/domath.surju.ee\/es\/centimetro\/\">Leer m\u00e1s&#8230;<span class=\"screen-reader-text\"> from Cent\u00edmetro<\/span><\/a><\/p>\n","protected":false},"author":12,"featured_media":0,"parent":0,"menu_order":0,"comment_status":"closed","ping_status":"closed","template":"","meta":{"_eb_attr":"","_uag_custom_page_level_css":"","footnotes":""},"categories":[],"tags":[66,117,85,136],"class_list":["post-1326","page","type-page","status-publish","hentry","tag-english-c","tag-estonian-s","tag-greek-epsilon","tag-spanish-c"],"uagb_featured_image_src":{"full":false,"thumbnail":false,"medium":false,"medium_large":false,"large":false,"1536x1536":false,"2048x2048":false,"menu-24x24":false,"menu-36x36":false,"menu-48x48":false},"uagb_author_info":{"display_name":"Ave Kartau","author_link":"https:\/\/domath.surju.ee\/es\/author\/ave\/"},"uagb_comment_info":0,"uagb_excerpt":"Cent\u00edmetro El cent\u00edmetro es una unidad m\u00e9trica de longitud, igual a una cent\u00e9sima de metro. El cent\u00edmetro es una unidad de longitud en el Sistema Internacional de Unidades (SI). 1 cent\u00edmetro = 10 mil\u00edmetros 100 cent\u00edmetros = 1 metro Longitud 1 kil\u00f3metro = 1000 metros 1 kil\u00f3metro = 10 hect\u00f3metros&nbsp; 1 hect\u00f3metro = 10 dec\u00e1metros&hellip;","_links":{"self":[{"href":"https:\/\/domath.surju.ee\/es\/wp-json\/wp\/v2\/pages\/1326","targetHints":{"allow":["GET"]}}],"collection":[{"href":"https:\/\/domath.surju.ee\/es\/wp-json\/wp\/v2\/pages"}],"about":[{"href":"https:\/\/domath.surju.ee\/es\/wp-json\/wp\/v2\/types\/page"}],"author":[{"embeddable":true,"href":"https:\/\/domath.surju.ee\/es\/wp-json\/wp\/v2\/users\/12"}],"replies":[{"embeddable":true,"href":"https:\/\/domath.surju.ee\/es\/wp-json\/wp\/v2\/comments?post=1326"}],"version-history":[{"count":8,"href":"https:\/\/domath.surju.ee\/es\/wp-json\/wp\/v2\/pages\/1326\/revisions"}],"predecessor-version":[{"id":4914,"href":"https:\/\/domath.surju.ee\/es\/wp-json\/wp\/v2\/pages\/1326\/revisions\/4914"}],"wp:attachment":[{"href":"https:\/\/domath.surju.ee\/es\/wp-json\/wp\/v2\/media?parent=1326"}],"wp:term":[{"taxonomy":"category","embeddable":true,"href":"https:\/\/domath.surju.ee\/es\/wp-json\/wp\/v2\/categories?post=1326"},{"taxonomy":"post_tag","embeddable":true,"href":"https:\/\/domath.surju.ee\/es\/wp-json\/wp\/v2\/tags?post=1326"}],"curies":[{"name":"wp","href":"https:\/\/api.w.org\/{rel}","templated":true}]}}