{"id":1316,"date":"2024-03-03T19:25:56","date_gmt":"2024-03-03T19:25:56","guid":{"rendered":"https:\/\/domath.surju.ee\/?page_id=1316"},"modified":"2024-12-23T18:12:53","modified_gmt":"2024-12-23T18:12:53","slug":"capacity","status":"publish","type":"page","link":"https:\/\/domath.surju.ee\/es\/capacity\/","title":{"rendered":"Capacidad"},"content":{"rendered":"<h1 style=\"text-align: center;\"><span style=\"color: #008000;\"><strong>Capacidad<br \/>\n<\/strong><\/span><\/h1>\n<p>La capacidad es la cantidad m\u00e1xima que algo puede contener.<\/p>\n<p>La capacidad se refiere a la cantidad de l\u00edquido que puede contener un recipiente, expresada en unidades como litros (L), mililitros (ml), etc. En matem\u00e1ticas, capacidad significa lo mismo que volumen.<img loading=\"lazy\" decoding=\"async\" class=\"wp-image-2944 alignleft\" src=\"https:\/\/domath.surju.ee\/wp-content\/uploads\/2024\/07\/cup-1300566_640-300x296.png\" alt=\"\" width=\"176\" height=\"174\" srcset=\"https:\/\/domath.surju.ee\/wp-content\/uploads\/2024\/07\/cup-1300566_640-300x296.png 300w, https:\/\/domath.surju.ee\/wp-content\/uploads\/2024\/07\/cup-1300566_640-24x24.png 24w, https:\/\/domath.surju.ee\/wp-content\/uploads\/2024\/07\/cup-1300566_640-36x36.png 36w, https:\/\/domath.surju.ee\/wp-content\/uploads\/2024\/07\/cup-1300566_640-48x48.png 48w, https:\/\/domath.surju.ee\/wp-content\/uploads\/2024\/07\/cup-1300566_640.png 640w\" sizes=\"auto, (max-width: 176px) 100vw, 176px\" \/> <br \/>\n<strong>&nbsp; &nbsp; &nbsp; &nbsp; &nbsp; &nbsp; &nbsp; &nbsp; &nbsp;<\/strong> <strong>&nbsp; &nbsp; &nbsp; &nbsp; &nbsp; &nbsp; &nbsp;<\/strong><\/p>\n<p>&nbsp;1 ml&nbsp; = 1 cm<sup>3&nbsp; &nbsp; &nbsp; &nbsp; &nbsp; <\/sup> <strong>&nbsp; &nbsp; &nbsp; &nbsp; &nbsp; &nbsp; &nbsp; <br \/>\n&nbsp;1 L = 1 dm<sup>3<\/sup><\/strong><\/p>\n<table style=\"border-collapse: collapse; width: 93.8831%; height: 282px;\">\n<tbody>\n<tr>\n<td style=\"width: 50%; text-align: center;\"><span style=\"color: #99ccff; background-color: #333399;\"><strong><span class=\"NotesHeader\">Abreviaturas<\/span><\/strong><\/span><br \/>\nmillilitro, ml<br \/>\nlitro, L <br \/>\nkilolitro, kL <br \/>\nmegalitro, ML <br \/>\ngigalitro, GL<\/td>\n<td style=\"width: 50%; height: 148px;\">\n<p style=\"text-align: center;\"><span style=\"color: #99ccff; background-color: #333399;\"><strong>Capacity, Fluid Volume<\/strong><\/span><\/p>\n<p class=\"NotesBodyText\" style=\"text-align: center;\">10 millilitros = 1 centilitro<br \/>\n10 centilitros = 1 decilitro<br \/>\n10 decilitros = 1 litro<br \/>\n1000 litros = 1 kilolitro<br \/>\n1,000,000 litros = 1 megalitro 1,000,000,000 litros = 1 gigalitro<\/p>\n<p class=\"NotesBodyText\" style=\"text-align: center;\">1 litro = 1000 millilitros <br \/>\n500 mL = 0,5 litros<\/p>\n<\/td>\n<\/tr>\n<\/tbody>\n<\/table>\n","protected":false},"excerpt":{"rendered":"<p>Capacidad La capacidad es la cantidad m\u00e1xima que algo puede contener. La capacidad se refiere a la cantidad de l\u00edquido que puede contener un recipiente, expresada en unidades como litros (L), mililitros (ml), etc. En matem\u00e1ticas, capacidad significa lo mismo que volumen. &nbsp; &nbsp; &nbsp; &nbsp; &nbsp; &nbsp; &nbsp; &nbsp; &nbsp; &nbsp; &nbsp; &nbsp; &nbsp; [&#8230;]<\/p>\n<p><a class=\"btn btn-secondary understrap-read-more-link\" href=\"https:\/\/domath.surju.ee\/es\/capacity\/\">Leer m\u00e1s&#8230;<span class=\"screen-reader-text\"> from Capacidad<\/span><\/a><\/p>\n","protected":false},"author":12,"featured_media":0,"parent":0,"menu_order":0,"comment_status":"closed","ping_status":"closed","template":"","meta":{"_eb_attr":"","_uag_custom_page_level_css":"","footnotes":""},"categories":[],"tags":[66,113,154,136],"class_list":["post-1316","page","type-page","status-publish","hentry","tag-english-c","tag-estonian-m","tag-greek-chi","tag-spanish-c"],"uagb_featured_image_src":{"full":false,"thumbnail":false,"medium":false,"medium_large":false,"large":false,"1536x1536":false,"2048x2048":false,"menu-24x24":false,"menu-36x36":false,"menu-48x48":false},"uagb_author_info":{"display_name":"Ave Kartau","author_link":"https:\/\/domath.surju.ee\/es\/author\/ave\/"},"uagb_comment_info":0,"uagb_excerpt":"Capacidad La capacidad es la cantidad m\u00e1xima que algo puede contener. La capacidad se refiere a la cantidad de l\u00edquido que puede contener un recipiente, expresada en unidades como litros (L), mililitros (ml), etc. En matem\u00e1ticas, capacidad significa lo mismo que volumen. &nbsp; &nbsp; &nbsp; &nbsp; &nbsp; &nbsp; &nbsp; &nbsp; &nbsp; &nbsp; &nbsp; &nbsp; &nbsp;&hellip;","_links":{"self":[{"href":"https:\/\/domath.surju.ee\/es\/wp-json\/wp\/v2\/pages\/1316","targetHints":{"allow":["GET"]}}],"collection":[{"href":"https:\/\/domath.surju.ee\/es\/wp-json\/wp\/v2\/pages"}],"about":[{"href":"https:\/\/domath.surju.ee\/es\/wp-json\/wp\/v2\/types\/page"}],"author":[{"embeddable":true,"href":"https:\/\/domath.surju.ee\/es\/wp-json\/wp\/v2\/users\/12"}],"replies":[{"embeddable":true,"href":"https:\/\/domath.surju.ee\/es\/wp-json\/wp\/v2\/comments?post=1316"}],"version-history":[{"count":13,"href":"https:\/\/domath.surju.ee\/es\/wp-json\/wp\/v2\/pages\/1316\/revisions"}],"predecessor-version":[{"id":2961,"href":"https:\/\/domath.surju.ee\/es\/wp-json\/wp\/v2\/pages\/1316\/revisions\/2961"}],"wp:attachment":[{"href":"https:\/\/domath.surju.ee\/es\/wp-json\/wp\/v2\/media?parent=1316"}],"wp:term":[{"taxonomy":"category","embeddable":true,"href":"https:\/\/domath.surju.ee\/es\/wp-json\/wp\/v2\/categories?post=1316"},{"taxonomy":"post_tag","embeddable":true,"href":"https:\/\/domath.surju.ee\/es\/wp-json\/wp\/v2\/tags?post=1316"}],"curies":[{"name":"wp","href":"https:\/\/api.w.org\/{rel}","templated":true}]}}