{"id":126,"date":"2023-09-18T08:42:37","date_gmt":"2023-09-18T08:42:37","guid":{"rendered":"https:\/\/domath.surju.ee\/?page_id=126"},"modified":"2024-12-17T13:27:54","modified_gmt":"2024-12-17T13:27:54","slug":"avaleht","status":"publish","type":"page","link":"https:\/\/domath.surju.ee\/es\/","title":{"rendered":"Hola!"},"content":{"rendered":"<p>\u00a1Bienvenidos a nuestro Diccionario de Matem\u00e1ticas en l\u00ednea, un proyecto colaborativo desarrollado por un grupo de docentes de Grecia, Estonia y Espa\u00f1a! Este recurso est\u00e1 dise\u00f1ado espec\u00edficamente para apoyar a los estudiantes en su camino de aprendizaje matem\u00e1tico.<\/p>\n<h2 class=\"mb-2 mt-6 text-lg first:mt-3\"><span style=\"color: #008000;\"><strong>\u00bfPor qu\u00e9 usar nuestro diccionario?<\/strong><\/span><\/h2>\n<ul class=\"marker:text-textOff list-disc pl-8\">\n<li><span style=\"color: #008000;\"><strong>Explicaciones completas<\/strong><\/span>: Cada entrada proporciona definiciones claras, explicaciones detalladas y numerosos ejemplos para ayudar a los estudiantes a comprender conceptos matem\u00e1ticos complejos.<\/li>\n<li><span style=\"color: #008000;\"><strong>Tareas interactivas<\/strong>:<\/span> Participa en diversas tareas que refuerzan el aprendizaje y fomentan la aplicaci\u00f3n pr\u00e1ctica de los principios matem\u00e1ticos.<\/li>\n<li><span style=\"color: #008000;\"><strong>Soporte multiling\u00fce<\/strong>:<\/span> Puedes encontrar todos los conceptos matem\u00e1ticos utilizados en cada pa\u00eds traducidos a su lengua materna, facilitando as\u00ed la comprensi\u00f3n y conexi\u00f3n con el material. En el diccionario puede encontrar t\u00e9rminos matem\u00e1ticos b\u00e1sicos en ingl\u00e9s, estonio, griego y espa\u00f1ol, que se utilizan a diario en la ense\u00f1anza de matem\u00e1ticas en los grados 1 a 6. en clase. Adem\u00e1s de conceptos, el diccionario contiene ejercicios de ejemplo, dibujos, diagramas, juegos y v\u00eddeos educativos.<\/li>\n<li><span style=\"color: #008000;\"><strong>Organizaci\u00f3n f\u00e1cil de usar<\/strong>:<\/span> El diccionario est\u00e1 organizado alfab\u00e9ticamente, lo que facilita la b\u00fasqueda y exploraci\u00f3n r\u00e1pida de t\u00e9rminos y conceptos matem\u00e1ticos.<\/li>\n<\/ul>\n<h2 class=\"mb-2 mt-6 text-lg first:mt-3\"><span style=\"color: #008000;\"><strong>Apoyo de la Uni\u00f3n Europea<\/strong><\/span><\/h2>\n<p>Estamos orgullosos de destacar que este proyecto ha sido cofinanciado por la Uni\u00f3n Europea, lo que nos ha permitido crear una herramienta educativa de alta calidad accesible para todos los estudiantes.Te invitamos a explorar nuestro diccionario y utilizarlo como un recurso valioso en tus estudios. \u00a1Feliz aprendizaje!<\/p>\n","protected":false},"excerpt":{"rendered":"<p>\u00a1Bienvenidos a nuestro Diccionario de Matem\u00e1ticas en l\u00ednea, un proyecto colaborativo desarrollado por un grupo de docentes de Grecia, Estonia y Espa\u00f1a! Este recurso est\u00e1 dise\u00f1ado espec\u00edficamente para apoyar a los estudiantes en su camino de aprendizaje matem\u00e1tico. \u00bfPor qu\u00e9 usar nuestro diccionario? Explicaciones completas: Cada entrada proporciona definiciones claras, explicaciones detalladas y numerosos ejemplos [&#8230;]<\/p>\n<p><a class=\"btn btn-secondary understrap-read-more-link\" href=\"https:\/\/domath.surju.ee\/es\/\">Leer m\u00e1s&#8230;<span class=\"screen-reader-text\"> from Hola!<\/span><\/a><\/p>\n","protected":false},"author":1,"featured_media":0,"parent":0,"menu_order":0,"comment_status":"closed","ping_status":"closed","template":"","meta":{"_eb_attr":"","_uag_custom_page_level_css":"","footnotes":""},"categories":[],"tags":[],"class_list":["post-126","page","type-page","status-publish","hentry"],"uagb_featured_image_src":{"full":false,"thumbnail":false,"medium":false,"medium_large":false,"large":false,"1536x1536":false,"2048x2048":false,"menu-24x24":false,"menu-36x36":false,"menu-48x48":false},"uagb_author_info":{"display_name":"valter","author_link":"https:\/\/domath.surju.ee\/es\/author\/valter\/"},"uagb_comment_info":0,"uagb_excerpt":"\u00a1Bienvenidos a nuestro Diccionario de Matem\u00e1ticas en l\u00ednea, un proyecto colaborativo desarrollado por un grupo de docentes de Grecia, Estonia y Espa\u00f1a! Este recurso est\u00e1 dise\u00f1ado espec\u00edficamente para apoyar a los estudiantes en su camino de aprendizaje matem\u00e1tico. \u00bfPor qu\u00e9 usar nuestro diccionario? Explicaciones completas: Cada entrada proporciona definiciones claras, explicaciones detalladas y numerosos ejemplos&hellip;","_links":{"self":[{"href":"https:\/\/domath.surju.ee\/es\/wp-json\/wp\/v2\/pages\/126","targetHints":{"allow":["GET"]}}],"collection":[{"href":"https:\/\/domath.surju.ee\/es\/wp-json\/wp\/v2\/pages"}],"about":[{"href":"https:\/\/domath.surju.ee\/es\/wp-json\/wp\/v2\/types\/page"}],"author":[{"embeddable":true,"href":"https:\/\/domath.surju.ee\/es\/wp-json\/wp\/v2\/users\/1"}],"replies":[{"embeddable":true,"href":"https:\/\/domath.surju.ee\/es\/wp-json\/wp\/v2\/comments?post=126"}],"version-history":[{"count":13,"href":"https:\/\/domath.surju.ee\/es\/wp-json\/wp\/v2\/pages\/126\/revisions"}],"predecessor-version":[{"id":4911,"href":"https:\/\/domath.surju.ee\/es\/wp-json\/wp\/v2\/pages\/126\/revisions\/4911"}],"wp:attachment":[{"href":"https:\/\/domath.surju.ee\/es\/wp-json\/wp\/v2\/media?parent=126"}],"wp:term":[{"taxonomy":"category","embeddable":true,"href":"https:\/\/domath.surju.ee\/es\/wp-json\/wp\/v2\/categories?post=126"},{"taxonomy":"post_tag","embeddable":true,"href":"https:\/\/domath.surju.ee\/es\/wp-json\/wp\/v2\/tags?post=126"}],"curies":[{"name":"wp","href":"https:\/\/api.w.org\/{rel}","templated":true}]}}