{"id":1250,"date":"2024-02-29T18:49:49","date_gmt":"2024-02-29T18:49:49","guid":{"rendered":"https:\/\/domath.surju.ee\/?page_id=1250"},"modified":"2024-12-29T21:19:51","modified_gmt":"2024-12-29T21:19:51","slug":"litre-l-l","status":"publish","type":"page","link":"https:\/\/domath.surju.ee\/es\/litre-l-l\/","title":{"rendered":"Litro, l, L"},"content":{"rendered":"<p><b>Un litro<\/b><span style=\"font-weight: 400;\"> es una forma de medir cu\u00e1nto l\u00edquido puede contener algo. Es como el tama\u00f1o de una botella grande. Lo escribimos como<\/span><b> \u00abL\u00bb o \u00abl\u00bb<\/b><span style=\"font-weight: 400;\">. Cuando tenemos poco l\u00edquido utilizamos mililitros (mL). Un <\/span><b>litro<\/b><span style=\"font-weight: 400;\"> equivale a 1000 mililitros. Es como tener 1000 diminutas gotas de agua.<\/span><\/p>\r\n<p><span style=\"font-weight: 400;\">Algunas cosas que pueden contener 1 <\/span><b>litro<\/b><span style=\"font-weight: 400;\"> son:<\/span><\/p>\r\n<ol>\r\n\t<li><b> Frascos de vidrio<\/b><span style=\"font-weight: 400;\">: muchos frascos de vidrio dise\u00f1ados para almacenar alimentos vienen en tama\u00f1os de un litro o 32 onzas l\u00edquidas.<\/span><\/li>\r\n\t<li><b> Cart\u00f3n de leche<\/b><span style=\"font-weight: 400;\">: A menudo se encuentra en tama\u00f1os de 1 litro.<\/span><\/li>\r\n\t<li><b> Botellas grandes de champ\u00fa o acondicionador:<\/b><span style=\"font-weight: 400;\"> normalmente vienen en tama\u00f1os de un litro para almacenar jab\u00f3n l\u00edquido.<\/span><\/li>\r\n\t<li><b> Recipientes de pl\u00e1stico para almacenar alimentos:<\/b><span style=\"font-weight: 400;\"> disponibles en varias formas y tama\u00f1os, muchos de ellos dise\u00f1ados para contener un litro.<\/span><\/li>\r\n<\/ol>\r\n<p><span style=\"font-weight: 400;\">Aqu\u00ed tienes unos cuantos ejercicios para practicar con litros y mililitros:<\/span><a href=\"https:\/\/www.tinytap.com\/activities\/g235o\/play\/liters-and-milliliters\"> <span style=\"font-weight: 400;\">https:\/\/www.tinytap.com\/activities\/g235o\/play\/liters-and-milliliters<\/span><\/a><br \/>\r\n<br \/>\r\nA continuaci\u00f3n puedes ver un mapa mental de concordancia a continuaci\u00f3n entre <strong>litros<\/strong>, centilitros y mililitros:<\/p>\r\n<p><img loading=\"lazy\" decoding=\"async\" class=\" wp-image-2168 aligncenter\" src=\"https:\/\/domath.surju.ee\/wp-content\/uploads\/2024\/04\/A-1-1-300x300.png\" alt=\"\" width=\"565\" height=\"565\" srcset=\"https:\/\/domath.surju.ee\/wp-content\/uploads\/2024\/04\/A-1-1-300x300.png 300w, https:\/\/domath.surju.ee\/wp-content\/uploads\/2024\/04\/A-1-1-1024x1024.png 1024w, https:\/\/domath.surju.ee\/wp-content\/uploads\/2024\/04\/A-1-1-150x150.png 150w, https:\/\/domath.surju.ee\/wp-content\/uploads\/2024\/04\/A-1-1-768x768.png 768w, https:\/\/domath.surju.ee\/wp-content\/uploads\/2024\/04\/A-1-1-1536x1536.png 1536w, https:\/\/domath.surju.ee\/wp-content\/uploads\/2024\/04\/A-1-1-2048x2048.png 2048w, https:\/\/domath.surju.ee\/wp-content\/uploads\/2024\/04\/A-1-1-24x24.png 24w, https:\/\/domath.surju.ee\/wp-content\/uploads\/2024\/04\/A-1-1-36x36.png 36w, https:\/\/domath.surju.ee\/wp-content\/uploads\/2024\/04\/A-1-1-48x48.png 48w\" sizes=\"auto, (max-width: 565px) 100vw, 565px\" \/><\/p>\r\n<!-- \/wp:post-content -->\r\n<!-- wp:paragraph -->\r\n<p>&nbsp;<\/p>\r\n<!-- \/wp:paragraph -->","protected":false},"excerpt":{"rendered":"<p>Un litro es una forma de medir cu\u00e1nto l\u00edquido puede contener algo. Es como el tama\u00f1o de una botella grande. Lo escribimos como \u00abL\u00bb o \u00abl\u00bb. Cuando tenemos poco l\u00edquido utilizamos mililitros (mL). Un litro equivale a 1000 mililitros. Es como tener 1000 diminutas gotas de agua. Algunas cosas que pueden contener 1 litro son: [&#8230;]<\/p>\n<p><a class=\"btn btn-secondary understrap-read-more-link\" href=\"https:\/\/domath.surju.ee\/es\/litre-l-l\/\">Leer m\u00e1s&#8230;<span class=\"screen-reader-text\"> from Litro, l, L<\/span><\/a><\/p>\n","protected":false},"author":5,"featured_media":0,"parent":0,"menu_order":0,"comment_status":"closed","ping_status":"closed","template":"","meta":{"_eb_attr":"","_uag_custom_page_level_css":"","footnotes":""},"categories":[],"tags":[42,4,144,130],"class_list":["post-1250","page","type-page","status-publish","hentry","tag-english-l","tag-estonian-l","tag-greek-lambda","tag-spanish-l"],"uagb_featured_image_src":{"full":false,"thumbnail":false,"medium":false,"medium_large":false,"large":false,"1536x1536":false,"2048x2048":false,"menu-24x24":false,"menu-36x36":false,"menu-48x48":false},"uagb_author_info":{"display_name":"Einar Aleman","author_link":"https:\/\/domath.surju.ee\/es\/author\/einar\/"},"uagb_comment_info":0,"uagb_excerpt":"Un litro es una forma de medir cu\u00e1nto l\u00edquido puede contener algo. Es como el tama\u00f1o de una botella grande. Lo escribimos como \u00abL\u00bb o \u00abl\u00bb. Cuando tenemos poco l\u00edquido utilizamos mililitros (mL). Un litro equivale a 1000 mililitros. Es como tener 1000 diminutas gotas de agua. Algunas cosas que pueden contener 1 litro son:&hellip;","_links":{"self":[{"href":"https:\/\/domath.surju.ee\/es\/wp-json\/wp\/v2\/pages\/1250","targetHints":{"allow":["GET"]}}],"collection":[{"href":"https:\/\/domath.surju.ee\/es\/wp-json\/wp\/v2\/pages"}],"about":[{"href":"https:\/\/domath.surju.ee\/es\/wp-json\/wp\/v2\/types\/page"}],"author":[{"embeddable":true,"href":"https:\/\/domath.surju.ee\/es\/wp-json\/wp\/v2\/users\/5"}],"replies":[{"embeddable":true,"href":"https:\/\/domath.surju.ee\/es\/wp-json\/wp\/v2\/comments?post=1250"}],"version-history":[{"count":4,"href":"https:\/\/domath.surju.ee\/es\/wp-json\/wp\/v2\/pages\/1250\/revisions"}],"predecessor-version":[{"id":4141,"href":"https:\/\/domath.surju.ee\/es\/wp-json\/wp\/v2\/pages\/1250\/revisions\/4141"}],"wp:attachment":[{"href":"https:\/\/domath.surju.ee\/es\/wp-json\/wp\/v2\/media?parent=1250"}],"wp:term":[{"taxonomy":"category","embeddable":true,"href":"https:\/\/domath.surju.ee\/es\/wp-json\/wp\/v2\/categories?post=1250"},{"taxonomy":"post_tag","embeddable":true,"href":"https:\/\/domath.surju.ee\/es\/wp-json\/wp\/v2\/tags?post=1250"}],"curies":[{"name":"wp","href":"https:\/\/api.w.org\/{rel}","templated":true}]}}