{"id":1242,"date":"2024-02-29T13:24:44","date_gmt":"2024-02-29T13:24:44","guid":{"rendered":"https:\/\/domath.surju.ee\/?page_id=1242"},"modified":"2024-12-29T21:17:34","modified_gmt":"2024-12-29T21:17:34","slug":"less-less-than","status":"publish","type":"page","link":"https:\/\/domath.surju.ee\/es\/less-less-than\/","title":{"rendered":"Menos, menos que"},"content":{"rendered":"\r\n<p id=\"tw-target-text\" class=\"tw-data-text tw-text-large tw-ta\" dir=\"ltr\" data-placeholder=\"Translation\" aria-label=\"Translated text\" data-ved=\"2ahUKEwiyv4rW2c2FAxXUIhAIHS-MCSQQ3ewLegQIBhAU\"><span class=\"Y2IQFc\" lang=\"es\">Representa una conexi\u00f3n entre dos cantidades, indicando que una es inferior,<strong> menor o menor que<\/strong> la otra. El s\u00edmbolo de esta relaci\u00f3n es \u00ab&lt;\u00ab, lo que permite comparar atributos num\u00e9ricos, f\u00edsicos y cuantitativos como n\u00fameros, masas, alturas y magnitudes. <br \/>\r\n<br \/>\r\nPrueba este juego para practicar menor que (&lt;) y tambi\u00e9n mayor que (&gt;): <\/span><a style=\"background-color: var(--bs-body-bg); font-family: var(--bs-body-font-family); font-size: var(--bs-body-font-size); font-weight: var(--bs-body-font-weight); text-align: var(--bs-body-text-align);\" href=\"https:\/\/www.abcya.com\/games\/comparing_number_values_jr\">https:\/\/www.abcya.com\/games\/comparing_number_values_jr<\/a><\/p>\r\n\r\n\r\n<p>&nbsp;<\/p>\r\n","protected":false},"excerpt":{"rendered":"<p>Representa una conexi\u00f3n entre dos cantidades, indicando que una es inferior, menor o menor que la otra. El s\u00edmbolo de esta relaci\u00f3n es \u00ab&lt;\u00ab, lo que permite comparar atributos num\u00e9ricos, f\u00edsicos y cuantitativos como n\u00fameros, masas, alturas y magnitudes. Prueba este juego para practicar menor que (&lt;) y tambi\u00e9n mayor que (&gt;): https:\/\/www.abcya.com\/games\/comparing_number_values_jr &nbsp; [&#8230;]<\/p>\n<p><a class=\"btn btn-secondary understrap-read-more-link\" href=\"https:\/\/domath.surju.ee\/es\/less-less-than\/\">Leer m\u00e1s&#8230;<span class=\"screen-reader-text\"> from Menos, menos que<\/span><\/a><\/p>\n","protected":false},"author":5,"featured_media":0,"parent":0,"menu_order":0,"comment_status":"closed","ping_status":"closed","template":"","meta":{"_eb_attr":"","_uag_custom_page_level_css":"","footnotes":""},"categories":[],"tags":[42,119,145,78],"class_list":["post-1242","page","type-page","status-publish","hentry","tag-english-l","tag-estonian-v","tag-greek-mu","tag-spanish-m"],"uagb_featured_image_src":{"full":false,"thumbnail":false,"medium":false,"medium_large":false,"large":false,"1536x1536":false,"2048x2048":false,"menu-24x24":false,"menu-36x36":false,"menu-48x48":false},"uagb_author_info":{"display_name":"Einar Aleman","author_link":"https:\/\/domath.surju.ee\/es\/author\/einar\/"},"uagb_comment_info":0,"uagb_excerpt":"Representa una conexi\u00f3n entre dos cantidades, indicando que una es inferior, menor o menor que la otra. El s\u00edmbolo de esta relaci\u00f3n es \u00ab&lt;\u00ab, lo que permite comparar atributos num\u00e9ricos, f\u00edsicos y cuantitativos como n\u00fameros, masas, alturas y magnitudes. Prueba este juego para practicar menor que (&lt;) y tambi\u00e9n mayor que (&gt;): https:\/\/www.abcya.com\/games\/comparing_number_values_jr &nbsp; [...]Leer&hellip;","_links":{"self":[{"href":"https:\/\/domath.surju.ee\/es\/wp-json\/wp\/v2\/pages\/1242","targetHints":{"allow":["GET"]}}],"collection":[{"href":"https:\/\/domath.surju.ee\/es\/wp-json\/wp\/v2\/pages"}],"about":[{"href":"https:\/\/domath.surju.ee\/es\/wp-json\/wp\/v2\/types\/page"}],"author":[{"embeddable":true,"href":"https:\/\/domath.surju.ee\/es\/wp-json\/wp\/v2\/users\/5"}],"replies":[{"embeddable":true,"href":"https:\/\/domath.surju.ee\/es\/wp-json\/wp\/v2\/comments?post=1242"}],"version-history":[{"count":5,"href":"https:\/\/domath.surju.ee\/es\/wp-json\/wp\/v2\/pages\/1242\/revisions"}],"predecessor-version":[{"id":4140,"href":"https:\/\/domath.surju.ee\/es\/wp-json\/wp\/v2\/pages\/1242\/revisions\/4140"}],"wp:attachment":[{"href":"https:\/\/domath.surju.ee\/es\/wp-json\/wp\/v2\/media?parent=1242"}],"wp:term":[{"taxonomy":"category","embeddable":true,"href":"https:\/\/domath.surju.ee\/es\/wp-json\/wp\/v2\/categories?post=1242"},{"taxonomy":"post_tag","embeddable":true,"href":"https:\/\/domath.surju.ee\/es\/wp-json\/wp\/v2\/tags?post=1242"}],"curies":[{"name":"wp","href":"https:\/\/api.w.org\/{rel}","templated":true}]}}