{"id":1235,"date":"2024-02-28T20:27:04","date_gmt":"2024-02-28T20:27:04","guid":{"rendered":"https:\/\/domath.surju.ee\/?page_id=1235"},"modified":"2024-12-29T20:06:20","modified_gmt":"2024-12-29T20:06:20","slug":"kilogram-kilo-kg","status":"publish","type":"page","link":"https:\/\/domath.surju.ee\/es\/kilogramo-kilo-kg\/","title":{"rendered":"Kilogramo, Kilo, Kg"},"content":{"rendered":"\r\n<p>El <b>kilogramo <\/b>es una unidad de masa del sistema m\u00e9trico decimal. Es la unidad b\u00e1sica de masa en el Sistema Internacional de Unidades (SI). El<b> kilogramo <\/b>tambi\u00e9n se conoce como kilo o kg.<\/p>\r\n<p>Un <b>kilogramo<\/b> equivale a la masa de 1.000 cent\u00edmetros c\u00fabicos de agua a 4 grados Celsius. Tambi\u00e9n equivale aproximadamente a la masa de un litro de agua.<\/p>\r\n<p>Aqu\u00ed tienes algunos ejemplos de cosas que pesan aproximadamente un kilogramo:<\/p>\r\n<ul>\r\n\t<li>Una bolsa de az\u00facar<\/li>\r\n\t<li>Una barra de pan<\/li>\r\n\t<li>Un litro de leche<\/li>\r\n<\/ul>\r\n<p>El<b> kilogramo<\/b> es una unidad de medida muy importante. Se utiliza en la ciencia, la ingenier\u00eda y el comercio de todo el mundo.<\/p>\r\n<p><br \/>\r\n<img loading=\"lazy\" decoding=\"async\" class=\"alignnone  wp-image-2100\" src=\"https:\/\/domath.surju.ee\/wp-content\/uploads\/2024\/04\/TYPES-OF-ISOSCELES-TRIANGLE-2-300x124.png\" alt=\"\" width=\"590\" height=\"244\" srcset=\"https:\/\/domath.surju.ee\/wp-content\/uploads\/2024\/04\/TYPES-OF-ISOSCELES-TRIANGLE-2-300x124.png 300w, https:\/\/domath.surju.ee\/wp-content\/uploads\/2024\/04\/TYPES-OF-ISOSCELES-TRIANGLE-2-1024x424.png 1024w, https:\/\/domath.surju.ee\/wp-content\/uploads\/2024\/04\/TYPES-OF-ISOSCELES-TRIANGLE-2-768x318.png 768w, https:\/\/domath.surju.ee\/wp-content\/uploads\/2024\/04\/TYPES-OF-ISOSCELES-TRIANGLE-2-24x10.png 24w, https:\/\/domath.surju.ee\/wp-content\/uploads\/2024\/04\/TYPES-OF-ISOSCELES-TRIANGLE-2-36x15.png 36w, https:\/\/domath.surju.ee\/wp-content\/uploads\/2024\/04\/TYPES-OF-ISOSCELES-TRIANGLE-2-48x20.png 48w, https:\/\/domath.surju.ee\/wp-content\/uploads\/2024\/04\/TYPES-OF-ISOSCELES-TRIANGLE-2.png 1457w\" sizes=\"auto, (max-width: 590px) 100vw, 590px\" \/><\/p>\r\n<p>Links:<\/p>\r\n<p><a href=\"https:\/\/study.com\/academy\/lesson\/grams-kilograms-lesson-for-kids.html\">https:\/\/study.com\/academy\/lesson\/grams-kilograms-lesson-for-kids.html<\/a><\/p>\r\n<p><iframe loading=\"lazy\" class=\"wp-embedded-content\" sandbox=\"allow-scripts\" security=\"restricted\" title=\"Equivalencias de Gramos y Kilogramos\" src=\"https:\/\/wordwall.net\/es\/embed\/c2444f686df649958388b314ee2119eb?themeId=0&#038;ref=oembed#?secret=Fon3W72pZk\" data-secret=\"Fon3W72pZk\" width=\"500\" height=\"380\" frameborder=\"0\"><\/iframe><\/p>\r\n<p>&nbsp;<\/p>\r\n","protected":false},"excerpt":{"rendered":"<p>El kilogramo es una unidad de masa del sistema m\u00e9trico decimal. Es la unidad b\u00e1sica de masa en el Sistema Internacional de Unidades (SI). El kilogramo tambi\u00e9n se conoce como kilo o kg. Un kilogramo equivale a la masa de 1.000 cent\u00edmetros c\u00fabicos de agua a 4 grados Celsius. Tambi\u00e9n equivale aproximadamente a la masa [&#8230;]<\/p>\n<p><a class=\"btn btn-secondary understrap-read-more-link\" href=\"https:\/\/domath.surju.ee\/es\/kilogramo-kilo-kg\/\">Leer m\u00e1s&#8230;<span class=\"screen-reader-text\"> from Kilogramo, Kilo, Kg<\/span><\/a><\/p>\n","protected":false},"author":6,"featured_media":0,"parent":0,"menu_order":0,"comment_status":"closed","ping_status":"closed","template":"","meta":{"_eb_attr":"","_uag_custom_page_level_css":"","footnotes":""},"categories":[],"tags":[96,76,154,73,132],"class_list":["post-1235","page","type-page","status-publish","hentry","tag-english-k","tag-estonian-k","tag-greek-chi","tag-greek-kappa","tag-spanish-k"],"uagb_featured_image_src":{"full":false,"thumbnail":false,"medium":false,"medium_large":false,"large":false,"1536x1536":false,"2048x2048":false,"menu-24x24":false,"menu-36x36":false,"menu-48x48":false},"uagb_author_info":{"display_name":"Yraya Santana","author_link":"https:\/\/domath.surju.ee\/es\/author\/yraya\/"},"uagb_comment_info":0,"uagb_excerpt":"El kilogramo es una unidad de masa del sistema m\u00e9trico decimal. Es la unidad b\u00e1sica de masa en el Sistema Internacional de Unidades (SI). El kilogramo tambi\u00e9n se conoce como kilo o kg. Un kilogramo equivale a la masa de 1.000 cent\u00edmetros c\u00fabicos de agua a 4 grados Celsius. Tambi\u00e9n equivale aproximadamente a la masa&hellip;","_links":{"self":[{"href":"https:\/\/domath.surju.ee\/es\/wp-json\/wp\/v2\/pages\/1235","targetHints":{"allow":["GET"]}}],"collection":[{"href":"https:\/\/domath.surju.ee\/es\/wp-json\/wp\/v2\/pages"}],"about":[{"href":"https:\/\/domath.surju.ee\/es\/wp-json\/wp\/v2\/types\/page"}],"author":[{"embeddable":true,"href":"https:\/\/domath.surju.ee\/es\/wp-json\/wp\/v2\/users\/6"}],"replies":[{"embeddable":true,"href":"https:\/\/domath.surju.ee\/es\/wp-json\/wp\/v2\/comments?post=1235"}],"version-history":[{"count":6,"href":"https:\/\/domath.surju.ee\/es\/wp-json\/wp\/v2\/pages\/1235\/revisions"}],"predecessor-version":[{"id":4128,"href":"https:\/\/domath.surju.ee\/es\/wp-json\/wp\/v2\/pages\/1235\/revisions\/4128"}],"wp:attachment":[{"href":"https:\/\/domath.surju.ee\/es\/wp-json\/wp\/v2\/media?parent=1235"}],"wp:term":[{"taxonomy":"category","embeddable":true,"href":"https:\/\/domath.surju.ee\/es\/wp-json\/wp\/v2\/categories?post=1235"},{"taxonomy":"post_tag","embeddable":true,"href":"https:\/\/domath.surju.ee\/es\/wp-json\/wp\/v2\/tags?post=1235"}],"curies":[{"name":"wp","href":"https:\/\/api.w.org\/{rel}","templated":true}]}}