{"id":1233,"date":"2024-02-28T20:22:25","date_gmt":"2024-02-28T20:22:25","guid":{"rendered":"https:\/\/domath.surju.ee\/?page_id=1233"},"modified":"2024-12-29T20:03:53","modified_gmt":"2024-12-29T20:03:53","slug":"kilo","status":"publish","type":"page","link":"https:\/\/domath.surju.ee\/es\/kilo\/","title":{"rendered":"Kilo"},"content":{"rendered":"\r\n<p><b>kilo-<\/b> es \u00abun prefijo que denota 1.000 veces\u00bb. Se utiliza en el Sistema Internacional de Unidades (SI) para denotar un m\u00faltiplo de una unidad de medida. Por ejemplo, un kil\u00f3metro equivale a 1.000 metros y un kilogramo a 1.000 gramos.<\/p>\r\n<p>El prefijo <b>kilo-<\/b> procede de la palabra griega \u03c7\u03af\u03bb\u03b9\u03bf\u03b9, que significa \u00abmil\u00bb. Se utiliz\u00f3 por primera vez en el sistema m\u00e9trico decimal franc\u00e9s a finales del siglo XVIII.<\/p>\r\n<p><br style=\"font-weight: 400;\" \/>\r\n<br style=\"font-weight: 400;\" \/>\r\n<\/p>\r\n\r\n\r\n<p>&nbsp;<\/p>\r\n","protected":false},"excerpt":{"rendered":"<p>kilo- es \u00abun prefijo que denota 1.000 veces\u00bb. Se utiliza en el Sistema Internacional de Unidades (SI) para denotar un m\u00faltiplo de una unidad de medida. Por ejemplo, un kil\u00f3metro equivale a 1.000 metros y un kilogramo a 1.000 gramos. El prefijo kilo- procede de la palabra griega \u03c7\u03af\u03bb\u03b9\u03bf\u03b9, que significa \u00abmil\u00bb. Se utiliz\u00f3 por [&#8230;]<\/p>\n<p><a class=\"btn btn-secondary understrap-read-more-link\" href=\"https:\/\/domath.surju.ee\/es\/kilo\/\">Leer m\u00e1s&#8230;<span class=\"screen-reader-text\"> from Kilo<\/span><\/a><\/p>\n","protected":false},"author":6,"featured_media":0,"parent":0,"menu_order":0,"comment_status":"closed","ping_status":"closed","template":"","meta":{"_eb_attr":"","_uag_custom_page_level_css":"","footnotes":""},"categories":[],"tags":[96,76,73,132],"class_list":["post-1233","page","type-page","status-publish","hentry","tag-english-k","tag-estonian-k","tag-greek-kappa","tag-spanish-k"],"uagb_featured_image_src":{"full":false,"thumbnail":false,"medium":false,"medium_large":false,"large":false,"1536x1536":false,"2048x2048":false,"menu-24x24":false,"menu-36x36":false,"menu-48x48":false},"uagb_author_info":{"display_name":"Yraya Santana","author_link":"https:\/\/domath.surju.ee\/es\/author\/yraya\/"},"uagb_comment_info":0,"uagb_excerpt":"kilo- es \u00abun prefijo que denota 1.000 veces\u00bb. Se utiliza en el Sistema Internacional de Unidades (SI) para denotar un m\u00faltiplo de una unidad de medida. Por ejemplo, un kil\u00f3metro equivale a 1.000 metros y un kilogramo a 1.000 gramos. El prefijo kilo- procede de la palabra griega \u03c7\u03af\u03bb\u03b9\u03bf\u03b9, que significa \u00abmil\u00bb. Se utiliz\u00f3 por&hellip;","_links":{"self":[{"href":"https:\/\/domath.surju.ee\/es\/wp-json\/wp\/v2\/pages\/1233","targetHints":{"allow":["GET"]}}],"collection":[{"href":"https:\/\/domath.surju.ee\/es\/wp-json\/wp\/v2\/pages"}],"about":[{"href":"https:\/\/domath.surju.ee\/es\/wp-json\/wp\/v2\/types\/page"}],"author":[{"embeddable":true,"href":"https:\/\/domath.surju.ee\/es\/wp-json\/wp\/v2\/users\/6"}],"replies":[{"embeddable":true,"href":"https:\/\/domath.surju.ee\/es\/wp-json\/wp\/v2\/comments?post=1233"}],"version-history":[{"count":4,"href":"https:\/\/domath.surju.ee\/es\/wp-json\/wp\/v2\/pages\/1233\/revisions"}],"predecessor-version":[{"id":4127,"href":"https:\/\/domath.surju.ee\/es\/wp-json\/wp\/v2\/pages\/1233\/revisions\/4127"}],"wp:attachment":[{"href":"https:\/\/domath.surju.ee\/es\/wp-json\/wp\/v2\/media?parent=1233"}],"wp:term":[{"taxonomy":"category","embeddable":true,"href":"https:\/\/domath.surju.ee\/es\/wp-json\/wp\/v2\/categories?post=1233"},{"taxonomy":"post_tag","embeddable":true,"href":"https:\/\/domath.surju.ee\/es\/wp-json\/wp\/v2\/tags?post=1233"}],"curies":[{"name":"wp","href":"https:\/\/api.w.org\/{rel}","templated":true}]}}