{"id":1230,"date":"2024-02-28T20:17:33","date_gmt":"2024-02-28T20:17:33","guid":{"rendered":"https:\/\/domath.surju.ee\/?page_id=1230"},"modified":"2024-12-29T19:50:34","modified_gmt":"2024-12-29T19:50:34","slug":"isosceles-triangle","status":"publish","type":"page","link":"https:\/\/domath.surju.ee\/es\/triangulo-isosceles\/","title":{"rendered":" Tri\u00e1ngulo is\u00f3sceles"},"content":{"rendered":"\r\n<p>Un <b>tri\u00e1ngulo is\u00f3sceles<\/b> es un tri\u00e1ngulo con dos lados de igual longitud.<\/p>\r\n<p>Los dos lados iguales se llaman catetos y el tercer lado se llama base. Los \u00e1ngulos de la base se llaman \u00e1ngulos de la base y el \u00e1ngulo opuesto a la base se llama \u00e1ngulo del v\u00e9rtice.<\/p>\r\n<p>Tipos de<strong> tri\u00e1ngulos is\u00f3sceles<\/strong>:<br \/>\r\n<br \/>\r\n<strong>Tri\u00e1ngulo is\u00f3sceles agudo<\/strong>: Este tri\u00e1ngulo tiene dos \u00e1ngulos agudos y uno obtuso. Los \u00e1ngulos agudos son congruentes y el \u00e1ngulo obtuso est\u00e1 formado por los dos lados iguales.<br \/>\r\n<strong>Tri\u00e1ngulo rect\u00e1ngulo is\u00f3sceles<\/strong>: Este tri\u00e1ngulo tiene un \u00e1ngulo recto, un \u00e1ngulo agudo de 45\u00b0 y otro \u00e1ngulo agudo de 45\u00b0. <br \/>\r\n<strong>Tri\u00e1ngulo is\u00f3sceles obtuso<\/strong>:&nbsp; Este tri\u00e1ngulo tiene un \u00e1ngulo obtuso y dos \u00e1ngulos agudos congruentes.<\/p>\r\n<p>&nbsp;<\/p>\r\n<pre id=\"tw-target-text\" class=\"tw-data-text tw-text-large tw-ta\" dir=\"ltr\" data-placeholder=\"Translation\" aria-label=\"Translated text\" data-ved=\"2ahUKEwiclPyr2ciFAxXyCBAIHaa2DX4Q3ewLegQIBRAU\"><span class=\"Y2IQFc\" lang=\"en\" style=\"font-family: helvetica, arial, sans-serif;\">\r\n<img loading=\"lazy\" decoding=\"async\" class=\"alignnone  wp-image-2094\" src=\"https:\/\/domath.surju.ee\/wp-content\/uploads\/2024\/04\/TYPES-OF-ISOSCELES-TRIANGLE-300x137.png\" alt=\"\" width=\"572\" height=\"261\" srcset=\"https:\/\/domath.surju.ee\/wp-content\/uploads\/2024\/04\/TYPES-OF-ISOSCELES-TRIANGLE-300x137.png 300w, https:\/\/domath.surju.ee\/wp-content\/uploads\/2024\/04\/TYPES-OF-ISOSCELES-TRIANGLE-1024x468.png 1024w, https:\/\/domath.surju.ee\/wp-content\/uploads\/2024\/04\/TYPES-OF-ISOSCELES-TRIANGLE-768x351.png 768w, https:\/\/domath.surju.ee\/wp-content\/uploads\/2024\/04\/TYPES-OF-ISOSCELES-TRIANGLE-1536x702.png 1536w, https:\/\/domath.surju.ee\/wp-content\/uploads\/2024\/04\/TYPES-OF-ISOSCELES-TRIANGLE-24x11.png 24w, https:\/\/domath.surju.ee\/wp-content\/uploads\/2024\/04\/TYPES-OF-ISOSCELES-TRIANGLE-36x16.png 36w, https:\/\/domath.surju.ee\/wp-content\/uploads\/2024\/04\/TYPES-OF-ISOSCELES-TRIANGLE-48x22.png 48w, https:\/\/domath.surju.ee\/wp-content\/uploads\/2024\/04\/TYPES-OF-ISOSCELES-TRIANGLE.png 1668w\" sizes=\"auto, (max-width: 572px) 100vw, 572px\" \/>\r\n<\/span><\/pre>\r\n<p>Link:<\/p>\r\n<p><iframe loading=\"lazy\" title=\"Isosceles Triangle - Definition, Angles and Examples\" width=\"640\" height=\"360\" src=\"https:\/\/www.youtube.com\/embed\/2Wp2SsEgyNA?feature=oembed\" frameborder=\"0\" allow=\"accelerometer; autoplay; clipboard-write; encrypted-media; gyroscope; picture-in-picture; web-share\" referrerpolicy=\"strict-origin-when-cross-origin\" allowfullscreen><\/iframe><\/p>\r\n\r\n\r\n<p>&nbsp;<\/p>\r\n","protected":false},"excerpt":{"rendered":"<p>Un tri\u00e1ngulo is\u00f3sceles es un tri\u00e1ngulo con dos lados de igual longitud. Los dos lados iguales se llaman catetos y el tercer lado se llama base. Los \u00e1ngulos de la base se llaman \u00e1ngulos de la base y el \u00e1ngulo opuesto a la base se llama \u00e1ngulo del v\u00e9rtice. Tipos de tri\u00e1ngulos is\u00f3sceles: Tri\u00e1ngulo is\u00f3sceles [&#8230;]<\/p>\n<p><a class=\"btn btn-secondary understrap-read-more-link\" href=\"https:\/\/domath.surju.ee\/es\/triangulo-isosceles\/\">Leer m\u00e1s&#8230;<span class=\"screen-reader-text\"> from  Tri\u00e1ngulo is\u00f3sceles<\/span><\/a><\/p>\n","protected":false},"author":6,"featured_media":0,"parent":0,"menu_order":0,"comment_status":"closed","ping_status":"closed","template":"","meta":{"_eb_attr":"","_uag_custom_page_level_css":"","footnotes":""},"categories":[],"tags":[94,119,143,135],"class_list":["post-1230","page","type-page","status-publish","hentry","tag-english-i","tag-estonian-v","tag-greek-iota","tag-spanish-t"],"uagb_featured_image_src":{"full":false,"thumbnail":false,"medium":false,"medium_large":false,"large":false,"1536x1536":false,"2048x2048":false,"menu-24x24":false,"menu-36x36":false,"menu-48x48":false},"uagb_author_info":{"display_name":"Yraya Santana","author_link":"https:\/\/domath.surju.ee\/es\/author\/yraya\/"},"uagb_comment_info":0,"uagb_excerpt":"Un tri\u00e1ngulo is\u00f3sceles es un tri\u00e1ngulo con dos lados de igual longitud. Los dos lados iguales se llaman catetos y el tercer lado se llama base. Los \u00e1ngulos de la base se llaman \u00e1ngulos de la base y el \u00e1ngulo opuesto a la base se llama \u00e1ngulo del v\u00e9rtice. Tipos de tri\u00e1ngulos is\u00f3sceles: Tri\u00e1ngulo is\u00f3sceles&hellip;","_links":{"self":[{"href":"https:\/\/domath.surju.ee\/es\/wp-json\/wp\/v2\/pages\/1230","targetHints":{"allow":["GET"]}}],"collection":[{"href":"https:\/\/domath.surju.ee\/es\/wp-json\/wp\/v2\/pages"}],"about":[{"href":"https:\/\/domath.surju.ee\/es\/wp-json\/wp\/v2\/types\/page"}],"author":[{"embeddable":true,"href":"https:\/\/domath.surju.ee\/es\/wp-json\/wp\/v2\/users\/6"}],"replies":[{"embeddable":true,"href":"https:\/\/domath.surju.ee\/es\/wp-json\/wp\/v2\/comments?post=1230"}],"version-history":[{"count":30,"href":"https:\/\/domath.surju.ee\/es\/wp-json\/wp\/v2\/pages\/1230\/revisions"}],"predecessor-version":[{"id":5164,"href":"https:\/\/domath.surju.ee\/es\/wp-json\/wp\/v2\/pages\/1230\/revisions\/5164"}],"wp:attachment":[{"href":"https:\/\/domath.surju.ee\/es\/wp-json\/wp\/v2\/media?parent=1230"}],"wp:term":[{"taxonomy":"category","embeddable":true,"href":"https:\/\/domath.surju.ee\/es\/wp-json\/wp\/v2\/categories?post=1230"},{"taxonomy":"post_tag","embeddable":true,"href":"https:\/\/domath.surju.ee\/es\/wp-json\/wp\/v2\/tags?post=1230"}],"curies":[{"name":"wp","href":"https:\/\/api.w.org\/{rel}","templated":true}]}}