{"id":1227,"date":"2024-02-28T20:09:21","date_gmt":"2024-02-28T20:09:21","guid":{"rendered":"https:\/\/domath.surju.ee\/?page_id=1227"},"modified":"2024-12-29T18:20:00","modified_gmt":"2024-12-29T18:20:00","slug":"intersect-intersection","status":"publish","type":"page","link":"https:\/\/domath.surju.ee\/es\/interseccion\/","title":{"rendered":"Intersecci\u00f3n "},"content":{"rendered":"\r\n<p><strong>Intersecci\u00f3n<\/strong>: punto o l\u00ednea en el que se encuentran dos o m\u00e1s l\u00edneas, planos o superficies.<\/p>\r\n<p><b>Ejemplos:<\/b><\/p>\r\n<ul>\r\n\t<li>Las dos l\u00edneas se cruzan en un punto.<\/li>\r\n\t<li>La<strong> intersecci\u00f3n<\/strong> de la calle A con la calle B es muy transitada.<\/li>\r\n\t<li>El conjunto A se intersecta con el conjunto B en el elemento C.<\/li>\r\n<\/ul>\r\n\r\n\r\n<p><img loading=\"lazy\" decoding=\"async\" class=\"alignnone  wp-image-2147\" src=\"https:\/\/domath.surju.ee\/wp-content\/uploads\/2024\/04\/TYPES-OF-ISOSCELES-TRIANGLE-4-300x219.png\" alt=\"\" width=\"661\" height=\"482\" srcset=\"https:\/\/domath.surju.ee\/wp-content\/uploads\/2024\/04\/TYPES-OF-ISOSCELES-TRIANGLE-4-300x219.png 300w, https:\/\/domath.surju.ee\/wp-content\/uploads\/2024\/04\/TYPES-OF-ISOSCELES-TRIANGLE-4-1024x747.png 1024w, https:\/\/domath.surju.ee\/wp-content\/uploads\/2024\/04\/TYPES-OF-ISOSCELES-TRIANGLE-4-768x560.png 768w, https:\/\/domath.surju.ee\/wp-content\/uploads\/2024\/04\/TYPES-OF-ISOSCELES-TRIANGLE-4-24x18.png 24w, https:\/\/domath.surju.ee\/wp-content\/uploads\/2024\/04\/TYPES-OF-ISOSCELES-TRIANGLE-4-36x26.png 36w, https:\/\/domath.surju.ee\/wp-content\/uploads\/2024\/04\/TYPES-OF-ISOSCELES-TRIANGLE-4-48x35.png 48w, https:\/\/domath.surju.ee\/wp-content\/uploads\/2024\/04\/TYPES-OF-ISOSCELES-TRIANGLE-4.png 1446w\" sizes=\"auto, (max-width: 661px) 100vw, 661px\" \/><\/p>\r\n<p>&nbsp;<\/p>\r\n<p>&nbsp;<\/p>\r\n","protected":false},"excerpt":{"rendered":"<p>Intersecci\u00f3n: punto o l\u00ednea en el que se encuentran dos o m\u00e1s l\u00edneas, planos o superficies. Ejemplos: Las dos l\u00edneas se cruzan en un punto. La intersecci\u00f3n de la calle A con la calle B es muy transitada. El conjunto A se intersecta con el conjunto B en el elemento C. &nbsp; &nbsp; [&#8230;]<\/p>\n<p><a class=\"btn btn-secondary understrap-read-more-link\" href=\"https:\/\/domath.surju.ee\/es\/interseccion\/\">Leer m\u00e1s&#8230;<span class=\"screen-reader-text\"> from Intersecci\u00f3n <\/span><\/a><\/p>\n","protected":false},"author":6,"featured_media":0,"parent":0,"menu_order":0,"comment_status":"closed","ping_status":"closed","template":"","meta":{"_eb_attr":"","_uag_custom_page_level_css":"","footnotes":""},"categories":[],"tags":[94,151,134],"class_list":["post-1227","page","type-page","status-publish","hentry","tag-english-i","tag-greek-tau","tag-spanish-i"],"uagb_featured_image_src":{"full":false,"thumbnail":false,"medium":false,"medium_large":false,"large":false,"1536x1536":false,"2048x2048":false,"menu-24x24":false,"menu-36x36":false,"menu-48x48":false},"uagb_author_info":{"display_name":"Yraya Santana","author_link":"https:\/\/domath.surju.ee\/es\/author\/yraya\/"},"uagb_comment_info":0,"uagb_excerpt":"Intersecci\u00f3n: punto o l\u00ednea en el que se encuentran dos o m\u00e1s l\u00edneas, planos o superficies. Ejemplos: Las dos l\u00edneas se cruzan en un punto. La intersecci\u00f3n de la calle A con la calle B es muy transitada. El conjunto A se intersecta con el conjunto B en el elemento C. &nbsp; &nbsp; [...]Leer m\u00e1s...&hellip;","_links":{"self":[{"href":"https:\/\/domath.surju.ee\/es\/wp-json\/wp\/v2\/pages\/1227","targetHints":{"allow":["GET"]}}],"collection":[{"href":"https:\/\/domath.surju.ee\/es\/wp-json\/wp\/v2\/pages"}],"about":[{"href":"https:\/\/domath.surju.ee\/es\/wp-json\/wp\/v2\/types\/page"}],"author":[{"embeddable":true,"href":"https:\/\/domath.surju.ee\/es\/wp-json\/wp\/v2\/users\/6"}],"replies":[{"embeddable":true,"href":"https:\/\/domath.surju.ee\/es\/wp-json\/wp\/v2\/comments?post=1227"}],"version-history":[{"count":9,"href":"https:\/\/domath.surju.ee\/es\/wp-json\/wp\/v2\/pages\/1227\/revisions"}],"predecessor-version":[{"id":4593,"href":"https:\/\/domath.surju.ee\/es\/wp-json\/wp\/v2\/pages\/1227\/revisions\/4593"}],"wp:attachment":[{"href":"https:\/\/domath.surju.ee\/es\/wp-json\/wp\/v2\/media?parent=1227"}],"wp:term":[{"taxonomy":"category","embeddable":true,"href":"https:\/\/domath.surju.ee\/es\/wp-json\/wp\/v2\/categories?post=1227"},{"taxonomy":"post_tag","embeddable":true,"href":"https:\/\/domath.surju.ee\/es\/wp-json\/wp\/v2\/tags?post=1227"}],"curies":[{"name":"wp","href":"https:\/\/api.w.org\/{rel}","templated":true}]}}