{"id":1224,"date":"2024-02-28T19:58:05","date_gmt":"2024-02-28T19:58:05","guid":{"rendered":"https:\/\/domath.surju.ee\/?page_id=1224"},"modified":"2024-12-29T18:09:39","modified_gmt":"2024-12-29T18:09:39","slug":"integer","status":"publish","type":"page","link":"https:\/\/domath.surju.ee\/es\/numero-entero\/","title":{"rendered":"N\u00famero entero"},"content":{"rendered":"\r\n<p><b>Los n\u00fameros enteros<\/b> pueden ser positivos, negativos o cero. Se utilizan para contar cosas, medir distancias y representar cantidades. Los n\u00fameros <b>enteros<\/b> tambi\u00e9n se utilizan en muchas f\u00f3rmulas y ecuaciones matem\u00e1ticas.<\/p>\r\n<p>He aqu\u00ed algunos ejemplos de <strong>n\u00fameros<\/strong> <b>enteros<\/b>:<\/p>\r\n<ul>\r\n\t<li>1, 2, 3, 4, 5, &#8230; (n\u00fameros enteros positivos)<\/li>\r\n\t<li>-1, -2, -3, -4, -5, &#8230; (n\u00fameros enteros negativos)<\/li>\r\n\t<li>0 (cero)<\/li>\r\n<\/ul>\r\n<p><b>Los n\u00fameros enteros <\/b>pueden representarse en una recta num\u00e9rica. La recta num\u00e9rica es una l\u00ednea horizontal con el cero en el centro. Los enteros positivos est\u00e1n a la derecha del cero y los enteros negativos est\u00e1n a la izquierda del cero.<\/p>\r\n<p><b>Los n\u00fameros enteros <\/b>pueden utilizarse para realizar operaciones matem\u00e1ticas b\u00e1sicas, como sumas, restas, multiplicaciones y divisiones.<\/p>\r\n<p>He aqu\u00ed algunos ejemplos de operaciones matem\u00e1ticas con <strong>n\u00fameros enteros<\/strong>:<\/p>\r\n<ul>\r\n\t<li>1 + 2 = 3<\/li>\r\n\t<li>5 &#8211; 3 = 2<\/li>\r\n\t<li>4 x 2 = 8<\/li>\r\n\t<li>10 \/ 2 = 5<\/li>\r\n<\/ul>\r\n<p>Links<\/p>\r\n<p><a href=\"https:\/\/tutors.com\/lesson\/integers-definition-examples\">https:\/\/tutors.com\/lesson\/integers-definition-examples<\/a><\/p>\r\n<p><a href=\"https:\/\/www.mathplayground.com\/ASB_OrbitIntegers.html\">https:\/\/www.mathplayground.com\/ASB_OrbitIntegers.html<\/a><\/p>\r\n\r\n\r\n<p><img loading=\"lazy\" decoding=\"async\" class=\"alignnone  wp-image-2155\" src=\"https:\/\/domath.surju.ee\/wp-content\/uploads\/2024\/04\/TYPES-OF-ISOSCELES-TRIANGLE-5-300x189.png\" alt=\"\" width=\"792\" height=\"499\" srcset=\"https:\/\/domath.surju.ee\/wp-content\/uploads\/2024\/04\/TYPES-OF-ISOSCELES-TRIANGLE-5-300x189.png 300w, https:\/\/domath.surju.ee\/wp-content\/uploads\/2024\/04\/TYPES-OF-ISOSCELES-TRIANGLE-5-1024x644.png 1024w, https:\/\/domath.surju.ee\/wp-content\/uploads\/2024\/04\/TYPES-OF-ISOSCELES-TRIANGLE-5-768x483.png 768w, https:\/\/domath.surju.ee\/wp-content\/uploads\/2024\/04\/TYPES-OF-ISOSCELES-TRIANGLE-5-24x15.png 24w, https:\/\/domath.surju.ee\/wp-content\/uploads\/2024\/04\/TYPES-OF-ISOSCELES-TRIANGLE-5-36x23.png 36w, https:\/\/domath.surju.ee\/wp-content\/uploads\/2024\/04\/TYPES-OF-ISOSCELES-TRIANGLE-5-48x30.png 48w, https:\/\/domath.surju.ee\/wp-content\/uploads\/2024\/04\/TYPES-OF-ISOSCELES-TRIANGLE-5.png 1435w\" sizes=\"auto, (max-width: 792px) 100vw, 792px\" \/><\/p>\r\n<p>&nbsp;<\/p>\r\n","protected":false},"excerpt":{"rendered":"<p>Los n\u00fameros enteros pueden ser positivos, negativos o cero. Se utilizan para contar cosas, medir distancias y representar cantidades. Los n\u00fameros enteros tambi\u00e9n se utilizan en muchas f\u00f3rmulas y ecuaciones matem\u00e1ticas. He aqu\u00ed algunos ejemplos de n\u00fameros enteros: 1, 2, 3, 4, 5, &#8230; (n\u00fameros enteros positivos) -1, -2, -3, -4, -5, &#8230; (n\u00fameros enteros [&#8230;]<\/p>\n<p><a class=\"btn btn-secondary understrap-read-more-link\" href=\"https:\/\/domath.surju.ee\/es\/numero-entero\/\">Leer m\u00e1s&#8230;<span class=\"screen-reader-text\"> from N\u00famero entero<\/span><\/a><\/p>\n","protected":false},"author":6,"featured_media":0,"parent":0,"menu_order":0,"comment_status":"closed","ping_status":"closed","template":"","meta":{"_eb_attr":"","_uag_custom_page_level_css":"","footnotes":""},"categories":[],"tags":[94,40,86,129],"class_list":["post-1224","page","type-page","status-publish","hentry","tag-english-i","tag-estonian-t","tag-greek-alpha","tag-spanish-ne"],"uagb_featured_image_src":{"full":false,"thumbnail":false,"medium":false,"medium_large":false,"large":false,"1536x1536":false,"2048x2048":false,"menu-24x24":false,"menu-36x36":false,"menu-48x48":false},"uagb_author_info":{"display_name":"Yraya Santana","author_link":"https:\/\/domath.surju.ee\/es\/author\/yraya\/"},"uagb_comment_info":0,"uagb_excerpt":"Los n\u00fameros enteros pueden ser positivos, negativos o cero. Se utilizan para contar cosas, medir distancias y representar cantidades. Los n\u00fameros enteros tambi\u00e9n se utilizan en muchas f\u00f3rmulas y ecuaciones matem\u00e1ticas. He aqu\u00ed algunos ejemplos de n\u00fameros enteros: 1, 2, 3, 4, 5, &#8230; (n\u00fameros enteros positivos) -1, -2, -3, -4, -5, &#8230; (n\u00fameros enteros&hellip;","_links":{"self":[{"href":"https:\/\/domath.surju.ee\/es\/wp-json\/wp\/v2\/pages\/1224","targetHints":{"allow":["GET"]}}],"collection":[{"href":"https:\/\/domath.surju.ee\/es\/wp-json\/wp\/v2\/pages"}],"about":[{"href":"https:\/\/domath.surju.ee\/es\/wp-json\/wp\/v2\/types\/page"}],"author":[{"embeddable":true,"href":"https:\/\/domath.surju.ee\/es\/wp-json\/wp\/v2\/users\/6"}],"replies":[{"embeddable":true,"href":"https:\/\/domath.surju.ee\/es\/wp-json\/wp\/v2\/comments?post=1224"}],"version-history":[{"count":10,"href":"https:\/\/domath.surju.ee\/es\/wp-json\/wp\/v2\/pages\/1224\/revisions"}],"predecessor-version":[{"id":4120,"href":"https:\/\/domath.surju.ee\/es\/wp-json\/wp\/v2\/pages\/1224\/revisions\/4120"}],"wp:attachment":[{"href":"https:\/\/domath.surju.ee\/es\/wp-json\/wp\/v2\/media?parent=1224"}],"wp:term":[{"taxonomy":"category","embeddable":true,"href":"https:\/\/domath.surju.ee\/es\/wp-json\/wp\/v2\/categories?post=1224"},{"taxonomy":"post_tag","embeddable":true,"href":"https:\/\/domath.surju.ee\/es\/wp-json\/wp\/v2\/tags?post=1224"}],"curies":[{"name":"wp","href":"https:\/\/api.w.org\/{rel}","templated":true}]}}