{"id":1221,"date":"2024-02-28T18:00:05","date_gmt":"2024-02-28T18:00:05","guid":{"rendered":"https:\/\/domath.surju.ee\/?page_id=1221"},"modified":"2024-12-26T20:58:05","modified_gmt":"2024-12-26T20:58:05","slug":"least-common-multiple","status":"publish","type":"page","link":"https:\/\/domath.surju.ee\/es\/minimo-comun-multiplo\/","title":{"rendered":"M\u00ednimo com\u00fan m\u00faltiplo"},"content":{"rendered":"\r\n<p>El \u00abm\u00ednimo com\u00fan m\u00faltiplo\u00bb (mcm) es el n\u00famero entero positivo m\u00e1s peque\u00f1o que es m\u00faltiplo de dos o m\u00e1s n\u00fameros dados. En t\u00e9rminos m\u00e1s sencillos, es el n\u00famero m\u00e1s peque\u00f1o en el que todos los n\u00fameros dados pueden dividirse uniformemente.<\/p>\r\n<p>He aqu\u00ed algunos ejemplos de c\u00f3mo hallar el m\u00ednimo com\u00fan m\u00faltiplo (mcm):<\/p>\r\n<p><b>Ejemplo 1:<\/b> <b>MCM de 6 y 8<\/b><\/p>\r\n<ul>\r\n\t<li>M\u00faltiplos de 6: 6, 12, 18, 24, 30,&#8230;<\/li>\r\n\t<li>M\u00faltiplos de 8: 8, 16, 24, 32, 40,&#8230;<\/li>\r\n\t<li>El mcm <b>es 24<\/b>, ya que es el n\u00famero m\u00e1s peque\u00f1o en el que se dividen 6 y 8.<\/li>\r\n<\/ul>\r\n<p><b>Ejemplo 2:<\/b> <b>MCM de 5 y 12<\/b><\/p>\r\n<ul>\r\n\t<li>M\u00faltiplos de 5: 5, 10, 15, 20, 25, 30,&#8230;<\/li>\r\n\t<li>M\u00faltiplos de 12: 12, 24, 36, 48, 60,&#8230;<\/li>\r\n\t<li>El mcm <b>es 60,<\/b> ya que es el n\u00famero m\u00e1s peque\u00f1o en el que se dividen 5 y 12.<\/li>\r\n<\/ul>\r\n<p><strong>Enlaces:<\/strong><\/p>\r\n<ul>\r\n\t<li style=\"font-weight: 400;\" aria-checked=\"false\" aria-level=\"1\"><span style=\"font-weight: 400;\"><a href=\"https:\/\/wordwall.net\/resource\/29171346\/least-common-multiple-lcm-review\">https:\/\/wordwall.net\/resource\/29171346\/least-common-multiple-lcm-review<\/a><\/span><\/li>\r\n\t<li aria-checked=\"false\" aria-level=\"1\"><a href=\"https:\/\/wordwall.net\/resource\/32067673\/math\/lcm\">https:\/\/wordwall.net\/resource\/32067673\/math\/lcm<\/a><\/li>\r\n<\/ul>\r\n","protected":false},"excerpt":{"rendered":"<p>El \u00abm\u00ednimo com\u00fan m\u00faltiplo\u00bb (mcm) es el n\u00famero entero positivo m\u00e1s peque\u00f1o que es m\u00faltiplo de dos o m\u00e1s n\u00fameros dados. En t\u00e9rminos m\u00e1s sencillos, es el n\u00famero m\u00e1s peque\u00f1o en el que todos los n\u00fameros dados pueden dividirse uniformemente. He aqu\u00ed algunos ejemplos de c\u00f3mo hallar el m\u00ednimo com\u00fan m\u00faltiplo (mcm): Ejemplo 1: MCM [&#8230;]<\/p>\n<p><a class=\"btn btn-secondary understrap-read-more-link\" href=\"https:\/\/domath.surju.ee\/es\/minimo-comun-multiplo\/\">Leer m\u00e1s&#8230;<span class=\"screen-reader-text\"> from M\u00ednimo com\u00fan m\u00faltiplo<\/span><\/a><\/p>\n","protected":false},"author":7,"featured_media":0,"parent":0,"menu_order":0,"comment_status":"closed","ping_status":"closed","template":"","meta":{"_eb_attr":"","_uag_custom_page_level_css":"","footnotes":""},"categories":[],"tags":[42,119,85,78],"class_list":["post-1221","page","type-page","status-publish","hentry","tag-english-l","tag-estonian-v","tag-greek-epsilon","tag-spanish-m"],"uagb_featured_image_src":{"full":false,"thumbnail":false,"medium":false,"medium_large":false,"large":false,"1536x1536":false,"2048x2048":false,"menu-24x24":false,"menu-36x36":false,"menu-48x48":false},"uagb_author_info":{"display_name":"Yessica Caceres","author_link":"https:\/\/domath.surju.ee\/es\/author\/yessica\/"},"uagb_comment_info":0,"uagb_excerpt":"El \u00abm\u00ednimo com\u00fan m\u00faltiplo\u00bb (mcm) es el n\u00famero entero positivo m\u00e1s peque\u00f1o que es m\u00faltiplo de dos o m\u00e1s n\u00fameros dados. En t\u00e9rminos m\u00e1s sencillos, es el n\u00famero m\u00e1s peque\u00f1o en el que todos los n\u00fameros dados pueden dividirse uniformemente. He aqu\u00ed algunos ejemplos de c\u00f3mo hallar el m\u00ednimo com\u00fan m\u00faltiplo (mcm): Ejemplo 1: MCM&hellip;","_links":{"self":[{"href":"https:\/\/domath.surju.ee\/es\/wp-json\/wp\/v2\/pages\/1221","targetHints":{"allow":["GET"]}}],"collection":[{"href":"https:\/\/domath.surju.ee\/es\/wp-json\/wp\/v2\/pages"}],"about":[{"href":"https:\/\/domath.surju.ee\/es\/wp-json\/wp\/v2\/types\/page"}],"author":[{"embeddable":true,"href":"https:\/\/domath.surju.ee\/es\/wp-json\/wp\/v2\/users\/7"}],"replies":[{"embeddable":true,"href":"https:\/\/domath.surju.ee\/es\/wp-json\/wp\/v2\/comments?post=1221"}],"version-history":[{"count":3,"href":"https:\/\/domath.surju.ee\/es\/wp-json\/wp\/v2\/pages\/1221\/revisions"}],"predecessor-version":[{"id":4986,"href":"https:\/\/domath.surju.ee\/es\/wp-json\/wp\/v2\/pages\/1221\/revisions\/4986"}],"wp:attachment":[{"href":"https:\/\/domath.surju.ee\/es\/wp-json\/wp\/v2\/media?parent=1221"}],"wp:term":[{"taxonomy":"category","embeddable":true,"href":"https:\/\/domath.surju.ee\/es\/wp-json\/wp\/v2\/categories?post=1221"},{"taxonomy":"post_tag","embeddable":true,"href":"https:\/\/domath.surju.ee\/es\/wp-json\/wp\/v2\/tags?post=1221"}],"curies":[{"name":"wp","href":"https:\/\/api.w.org\/{rel}","templated":true}]}}