{"id":1219,"date":"2024-02-28T17:57:30","date_gmt":"2024-02-28T17:57:30","guid":{"rendered":"https:\/\/domath.surju.ee\/?page_id=1219"},"modified":"2024-12-26T20:15:11","modified_gmt":"2024-12-26T20:15:11","slug":"least-common-denominator","status":"publish","type":"page","link":"https:\/\/domath.surju.ee\/es\/minimo-comun-denominador\/","title":{"rendered":" M\u00ednimo com\u00fan denominador"},"content":{"rendered":"\r\n<p id=\"tw-target-text\" class=\"tw-data-text tw-text-large tw-ta\" dir=\"ltr\" data-placeholder=\"Translation\" aria-label=\"Translated text\" data-ved=\"2ahUKEwjwk-Pi0s2FAxXeIhAIHeyXAlQQ3ewLegQIBRAU\"><span class=\"Y2IQFc\" lang=\"es\">El <strong>m\u00ednimo com\u00fan denominador<\/strong> es un concepto fundamental al trabajar con fracciones. Se refiere al n\u00famero m\u00e1s peque\u00f1o posible que se puede usar como denominador para todas las fracciones en un conjunto determinado, lo que permite realizar comparaciones, sumas, restas y otras operaciones f\u00e1cilmente.<\/span><\/p>\r\n<p><b>Es importante porque:<\/b><\/p>\r\n<ul>\r\n\t<li style=\"font-weight: 400;\" aria-level=\"1\">Hace que comparar y manipular fracciones sea mucho m\u00e1s f\u00e1cil.<\/li>\r\n\t<li style=\"font-weight: 400;\" aria-level=\"1\">La suma y resta de fracciones requieren el mismo denominador para obtener resultados precisos.<\/li>\r\n\t<li style=\"font-weight: 400;\" aria-level=\"1\">Simplifica los c\u00e1lculos y evita confusiones innecesarias.<\/li>\r\n<\/ul>\r\n<p><strong>Se puede hallar siguiendo dos m\u00e9todos:<\/strong><\/p>\r\n<ul>\r\n\t<li id=\"tw-target-text\" class=\"tw-data-text tw-text-large tw-ta\" dir=\"ltr\" data-placeholder=\"Translation\" aria-label=\"Translated text\" data-ved=\"2ahUKEwjwk-Pi0s2FAxXeIhAIHeyXAlQQ3ewLegQIBRAU\"><span class=\"Y2IQFc\" lang=\"es\">Listado de m\u00faltiplos: enumera los m\u00faltiplos de cada denominador hasta encontrar el n\u00famero m\u00e1s peque\u00f1o que aparece en todas las listas.<\/span><\/li>\r\n\t<li class=\"tw-data-text tw-text-large tw-ta\" dir=\"ltr\" data-placeholder=\"Translation\" aria-label=\"Translated text\" data-ved=\"2ahUKEwjwk-Pi0s2FAxXeIhAIHeyXAlQQ3ewLegQIBRAU\"><span class=\"Y2IQFc\" lang=\"es\">Factorizaci\u00f3n en n\u00fameros primos: divide cada denominador en sus factores primos, luego multiplica la potencia m\u00e1s alta de cada factor primo presente en cualquier denominador.&nbsp;<\/span><\/li>\r\n<\/ul>\r\n<br \/>\r\n<p style=\"text-align: center;\"><img loading=\"lazy\" decoding=\"async\" class=\"alignnone  wp-image-2136\" src=\"https:\/\/domath.surju.ee\/wp-content\/uploads\/2024\/04\/0-5-300x169.png\" alt=\"\" width=\"718\" height=\"404\" srcset=\"https:\/\/domath.surju.ee\/wp-content\/uploads\/2024\/04\/0-5-300x169.png 300w, https:\/\/domath.surju.ee\/wp-content\/uploads\/2024\/04\/0-5-1024x576.png 1024w, https:\/\/domath.surju.ee\/wp-content\/uploads\/2024\/04\/0-5-768x432.png 768w, https:\/\/domath.surju.ee\/wp-content\/uploads\/2024\/04\/0-5-1536x864.png 1536w, https:\/\/domath.surju.ee\/wp-content\/uploads\/2024\/04\/0-5-24x14.png 24w, https:\/\/domath.surju.ee\/wp-content\/uploads\/2024\/04\/0-5-36x20.png 36w, https:\/\/domath.surju.ee\/wp-content\/uploads\/2024\/04\/0-5-48x27.png 48w, https:\/\/domath.surju.ee\/wp-content\/uploads\/2024\/04\/0-5.png 1920w\" sizes=\"auto, (max-width: 718px) 100vw, 718px\" \/><\/p>\r\n","protected":false},"excerpt":{"rendered":"<p>El m\u00ednimo com\u00fan denominador es un concepto fundamental al trabajar con fracciones. Se refiere al n\u00famero m\u00e1s peque\u00f1o posible que se puede usar como denominador para todas las fracciones en un conjunto determinado, lo que permite realizar comparaciones, sumas, restas y otras operaciones f\u00e1cilmente. Es importante porque: Hace que comparar y manipular fracciones sea mucho [&#8230;]<\/p>\n<p><a class=\"btn btn-secondary understrap-read-more-link\" href=\"https:\/\/domath.surju.ee\/es\/minimo-comun-denominador\/\">Leer m\u00e1s&#8230;<span class=\"screen-reader-text\"> from  M\u00ednimo com\u00fan denominador<\/span><\/a><\/p>\n","protected":false},"author":7,"featured_media":0,"parent":0,"menu_order":0,"comment_status":"closed","ping_status":"closed","template":"","meta":{"_eb_attr":"","_uag_custom_page_level_css":"","footnotes":""},"categories":[],"tags":[42,119,85,78],"class_list":["post-1219","page","type-page","status-publish","hentry","tag-english-l","tag-estonian-v","tag-greek-epsilon","tag-spanish-m"],"uagb_featured_image_src":{"full":false,"thumbnail":false,"medium":false,"medium_large":false,"large":false,"1536x1536":false,"2048x2048":false,"menu-24x24":false,"menu-36x36":false,"menu-48x48":false},"uagb_author_info":{"display_name":"Yessica Caceres","author_link":"https:\/\/domath.surju.ee\/es\/author\/yessica\/"},"uagb_comment_info":0,"uagb_excerpt":"El m\u00ednimo com\u00fan denominador es un concepto fundamental al trabajar con fracciones. Se refiere al n\u00famero m\u00e1s peque\u00f1o posible que se puede usar como denominador para todas las fracciones en un conjunto determinado, lo que permite realizar comparaciones, sumas, restas y otras operaciones f\u00e1cilmente. Es importante porque: Hace que comparar y manipular fracciones sea mucho&hellip;","_links":{"self":[{"href":"https:\/\/domath.surju.ee\/es\/wp-json\/wp\/v2\/pages\/1219","targetHints":{"allow":["GET"]}}],"collection":[{"href":"https:\/\/domath.surju.ee\/es\/wp-json\/wp\/v2\/pages"}],"about":[{"href":"https:\/\/domath.surju.ee\/es\/wp-json\/wp\/v2\/types\/page"}],"author":[{"embeddable":true,"href":"https:\/\/domath.surju.ee\/es\/wp-json\/wp\/v2\/users\/7"}],"replies":[{"embeddable":true,"href":"https:\/\/domath.surju.ee\/es\/wp-json\/wp\/v2\/comments?post=1219"}],"version-history":[{"count":4,"href":"https:\/\/domath.surju.ee\/es\/wp-json\/wp\/v2\/pages\/1219\/revisions"}],"predecessor-version":[{"id":4135,"href":"https:\/\/domath.surju.ee\/es\/wp-json\/wp\/v2\/pages\/1219\/revisions\/4135"}],"wp:attachment":[{"href":"https:\/\/domath.surju.ee\/es\/wp-json\/wp\/v2\/media?parent=1219"}],"wp:term":[{"taxonomy":"category","embeddable":true,"href":"https:\/\/domath.surju.ee\/es\/wp-json\/wp\/v2\/categories?post=1219"},{"taxonomy":"post_tag","embeddable":true,"href":"https:\/\/domath.surju.ee\/es\/wp-json\/wp\/v2\/tags?post=1219"}],"curies":[{"name":"wp","href":"https:\/\/api.w.org\/{rel}","templated":true}]}}