{"id":1217,"date":"2024-02-28T17:52:00","date_gmt":"2024-02-28T17:52:00","guid":{"rendered":"https:\/\/domath.surju.ee\/?page_id=1217"},"modified":"2024-12-29T20:19:55","modified_gmt":"2024-12-29T20:19:55","slug":"laws-of-addition","status":"publish","type":"page","link":"https:\/\/domath.surju.ee\/es\/propiedades-de-la-suma\/","title":{"rendered":"Propiedades de la suma"},"content":{"rendered":"\r\n<div id=\"KnM9nf\" class=\"PZPZlf\" data-attrid=\"tw-sourceArea\" data-entityname=\"Google Translate\">\r\n<div id=\"tw-smenu\" class=\"tw-menu\"><span style=\"background-color: var(--bs-body-bg); color: var(--bs-body-color); font-family: var(--bs-body-font-family); font-size: var(--bs-body-font-size); font-weight: var(--bs-body-font-weight); text-align: var(--bs-body-text-align);\">La propiedad de la suma generalmente se refiere a tres leyes que son v\u00e1lidas para todos los n\u00fameros reales al realizar la suma:<br \/>\r\n<br \/>\r\n<\/span><\/div>\r\n<\/div>\r\n<ol>\r\n\t<li><span style=\"font-weight: 400;\"><span style=\"font-weight: 400;\"><b>Propiedad Conmutativa: <\/b><\/span><\/span>establece que el orden en el que se suman los n\u00fameros no afecta a la suma. En t\u00e9rminos m\u00e1s simples, no importa si sumas A + B o B + A, el resultado siempre ser\u00e1 el mismo.<\/li>\r\n<\/ol>\r\n<p>Ejemplo:<span style=\"font-weight: 400;\"> 3 + 5 = 5 + 3 = 8<\/span><\/p>\r\n<ol start=\"2\">\r\n\t<li><b> Propiedad Asociativa:<\/b> establece que la forma en que agrupas los n\u00fameros al sumarlos no afecta a la suma. No importa si primero agregas grupos entre par\u00e9ntesis o no, el resultado final siempre ser\u00e1 el mismo.<\/li>\r\n<\/ol>\r\n<p>Ejemplo:<span style=\"font-weight: 400;\"> (2 + 3) + 4 = 2 + (3 + 4) = 9<\/span><\/p>\r\n<ol start=\"3\">\r\n\t<li><b> Elemento neutro: <\/b>establece que sumar cero a cualquier n\u00famero no cambia el valor del n\u00famero. El cero act\u00faa como \u00abelemento de identidad\u00bb para la suma.<\/li>\r\n<\/ol>\r\n<p>Ejemplo:<span style=\"font-weight: 400;\"> 0 + A = A, <\/span><span class=\"Y2IQFc\" lang=\"es\">donde A es cualquier n\u00famero real.<\/span><\/p>\r\n<p><strong>Links:<\/strong><\/p>\r\n<p><iframe loading=\"lazy\" class=\"wp-embedded-content\" sandbox=\"allow-scripts\" security=\"restricted\" title=\"Commutative Property of Addition\" src=\"https:\/\/wordwall.net\/embed\/f4c488c8d11f41e8b8b65e21071ffe8d?themeId=27&#038;ref=oembed#?secret=spPOlvezHA\" data-secret=\"spPOlvezHA\" width=\"500\" height=\"380\" frameborder=\"0\"><\/iframe><\/p>\r\n","protected":false},"excerpt":{"rendered":"<p>La propiedad de la suma generalmente se refiere a tres leyes que son v\u00e1lidas para todos los n\u00fameros reales al realizar la suma: Propiedad Conmutativa: establece que el orden en el que se suman los n\u00fameros no afecta a la suma. En t\u00e9rminos m\u00e1s simples, no importa si sumas A + B o B + [&#8230;]<\/p>\n<p><a class=\"btn btn-secondary understrap-read-more-link\" href=\"https:\/\/domath.surju.ee\/es\/propiedades-de-la-suma\/\">Leer m\u00e1s&#8230;<span class=\"screen-reader-text\"> from Propiedades de la suma<\/span><\/a><\/p>\n","protected":false},"author":7,"featured_media":0,"parent":0,"menu_order":0,"comment_status":"closed","ping_status":"closed","template":"","meta":{"_eb_attr":"","_uag_custom_page_level_css":"","footnotes":""},"categories":[],"tags":[42,4,143,59],"class_list":["post-1217","page","type-page","status-publish","hentry","tag-english-l","tag-estonian-l","tag-greek-iota","tag-spanish-p"],"uagb_featured_image_src":{"full":false,"thumbnail":false,"medium":false,"medium_large":false,"large":false,"1536x1536":false,"2048x2048":false,"menu-24x24":false,"menu-36x36":false,"menu-48x48":false},"uagb_author_info":{"display_name":"Yessica Caceres","author_link":"https:\/\/domath.surju.ee\/es\/author\/yessica\/"},"uagb_comment_info":0,"uagb_excerpt":"La propiedad de la suma generalmente se refiere a tres leyes que son v\u00e1lidas para todos los n\u00fameros reales al realizar la suma: Propiedad Conmutativa: establece que el orden en el que se suman los n\u00fameros no afecta a la suma. En t\u00e9rminos m\u00e1s simples, no importa si sumas A + B o B +&hellip;","_links":{"self":[{"href":"https:\/\/domath.surju.ee\/es\/wp-json\/wp\/v2\/pages\/1217","targetHints":{"allow":["GET"]}}],"collection":[{"href":"https:\/\/domath.surju.ee\/es\/wp-json\/wp\/v2\/pages"}],"about":[{"href":"https:\/\/domath.surju.ee\/es\/wp-json\/wp\/v2\/types\/page"}],"author":[{"embeddable":true,"href":"https:\/\/domath.surju.ee\/es\/wp-json\/wp\/v2\/users\/7"}],"replies":[{"embeddable":true,"href":"https:\/\/domath.surju.ee\/es\/wp-json\/wp\/v2\/comments?post=1217"}],"version-history":[{"count":3,"href":"https:\/\/domath.surju.ee\/es\/wp-json\/wp\/v2\/pages\/1217\/revisions"}],"predecessor-version":[{"id":4718,"href":"https:\/\/domath.surju.ee\/es\/wp-json\/wp\/v2\/pages\/1217\/revisions\/4718"}],"wp:attachment":[{"href":"https:\/\/domath.surju.ee\/es\/wp-json\/wp\/v2\/media?parent=1217"}],"wp:term":[{"taxonomy":"category","embeddable":true,"href":"https:\/\/domath.surju.ee\/es\/wp-json\/wp\/v2\/categories?post=1217"},{"taxonomy":"post_tag","embeddable":true,"href":"https:\/\/domath.surju.ee\/es\/wp-json\/wp\/v2\/tags?post=1217"}],"curies":[{"name":"wp","href":"https:\/\/api.w.org\/{rel}","templated":true}]}}