{"id":1215,"date":"2024-02-28T17:48:31","date_gmt":"2024-02-28T17:48:31","guid":{"rendered":"https:\/\/domath.surju.ee\/?page_id=1215"},"modified":"2024-12-29T20:18:54","modified_gmt":"2024-12-29T20:18:54","slug":"law-of-associativity","status":"publish","type":"page","link":"https:\/\/domath.surju.ee\/es\/propiedad-asociativa\/","title":{"rendered":"Propiedad asociativa"},"content":{"rendered":"\r\n<p id=\"tw-target-text\" class=\"tw-data-text tw-text-large tw-ta\" dir=\"ltr\" data-placeholder=\"Translation\" aria-label=\"Translated text\" data-ved=\"2ahUKEwjwk-Pi0s2FAxXeIhAIHeyXAlQQ3ewLegQIBRAU\"><span class=\"Y2IQFc\" lang=\"es\">La <strong>propiedad asociativa<\/strong> se aplica a dos tipos de operaciones: la suma y la multiplicaci\u00f3n. Esta propiedad indica que, cuando en estas operaciones hay tres o m\u00e1s n\u00fameros, el resultado no depende de la forma en que se agrupen los t\u00e9rminos. <\/span><span class=\"Y2IQFc\" lang=\"es\">En otras palabras, el orden en que se suman o multiplican los n\u00fameros no cambia el resultado final.<\/span><\/p>\r\n<p id=\"tw-target-text\" class=\"tw-data-text tw-text-large tw-ta\" dir=\"ltr\" data-placeholder=\"Translation\" aria-label=\"Translated text\" data-ved=\"2ahUKEwjwk-Pi0s2FAxXeIhAIHeyXAlQQ3ewLegQIBRAU\"><span class=\"Y2IQFc\" lang=\"es\">Aqu\u00ed est\u00e1 la expresi\u00f3n matem\u00e1tica para la suma:<\/span><\/p>\r\n<p><span style=\"font-weight: 400;\">(a + b) + c = a + (b + c)<\/span><\/p>\r\n<p>Y para la multiplicaci\u00f3n:<\/p>\r\n<p><span style=\"font-weight: 400;\">(a x b) x c = a x (b x c)<\/span><\/p>\r\n<p><b>Ejemplos y links:<\/b><\/p>\r\n<ul>\r\n\t<li style=\"font-weight: 400;\" aria-checked=\"false\" aria-level=\"1\"><b>Suma: <\/b><span style=\"font-weight: 400;\">(2 + 3) + 4 = 2 + (3 + 4) = 9<\/span><\/li>\r\n<\/ul>\r\n<p><a href=\"https:\/\/wordwall.net\/resource\/60629638\/associative-property-set-1\"><span style=\"font-weight: 400;\">https:\/\/wordwall.net\/resource\/60629638\/associative-property-set-1<\/span><\/a><\/p>\r\n<ul>\r\n\t<li style=\"font-weight: 400;\" aria-checked=\"false\" aria-level=\"1\"><b>Multiplicaci\u00f3n:&nbsp; <\/b><span style=\"font-weight: 400;\">(2 x 3) x 4 = 2 x (3 x 4) = 24<\/span><\/li>\r\n<\/ul>\r\n<p><a href=\"https:\/\/wordwall.net\/resource\/8546933\/associative-property-of-multiplication\"><span style=\"font-weight: 400;\">https:\/\/wordwall.net\/resource\/8546933\/associative-property-of-multiplication<\/span><\/a><\/p>\r\n","protected":false},"excerpt":{"rendered":"<p>La propiedad asociativa se aplica a dos tipos de operaciones: la suma y la multiplicaci\u00f3n. Esta propiedad indica que, cuando en estas operaciones hay tres o m\u00e1s n\u00fameros, el resultado no depende de la forma en que se agrupen los t\u00e9rminos. En otras palabras, el orden en que se suman o multiplican los n\u00fameros no [&#8230;]<\/p>\n<p><a class=\"btn btn-secondary understrap-read-more-link\" href=\"https:\/\/domath.surju.ee\/es\/propiedad-asociativa\/\">Leer m\u00e1s&#8230;<span class=\"screen-reader-text\"> from Propiedad asociativa<\/span><\/a><\/p>\n","protected":false},"author":7,"featured_media":0,"parent":0,"menu_order":0,"comment_status":"closed","ping_status":"closed","template":"","meta":{"_eb_attr":"","_uag_custom_page_level_css":"","footnotes":""},"categories":[],"tags":[42,127,63,59],"class_list":["post-1215","page","type-page","status-publish","hentry","tag-english-l","tag-estonian-ue","tag-greek-pi","tag-spanish-p"],"uagb_featured_image_src":{"full":false,"thumbnail":false,"medium":false,"medium_large":false,"large":false,"1536x1536":false,"2048x2048":false,"menu-24x24":false,"menu-36x36":false,"menu-48x48":false},"uagb_author_info":{"display_name":"Yessica Caceres","author_link":"https:\/\/domath.surju.ee\/es\/author\/yessica\/"},"uagb_comment_info":0,"uagb_excerpt":"La propiedad asociativa se aplica a dos tipos de operaciones: la suma y la multiplicaci\u00f3n. Esta propiedad indica que, cuando en estas operaciones hay tres o m\u00e1s n\u00fameros, el resultado no depende de la forma en que se agrupen los t\u00e9rminos. En otras palabras, el orden en que se suman o multiplican los n\u00fameros no&hellip;","_links":{"self":[{"href":"https:\/\/domath.surju.ee\/es\/wp-json\/wp\/v2\/pages\/1215","targetHints":{"allow":["GET"]}}],"collection":[{"href":"https:\/\/domath.surju.ee\/es\/wp-json\/wp\/v2\/pages"}],"about":[{"href":"https:\/\/domath.surju.ee\/es\/wp-json\/wp\/v2\/types\/page"}],"author":[{"embeddable":true,"href":"https:\/\/domath.surju.ee\/es\/wp-json\/wp\/v2\/users\/7"}],"replies":[{"embeddable":true,"href":"https:\/\/domath.surju.ee\/es\/wp-json\/wp\/v2\/comments?post=1215"}],"version-history":[{"count":2,"href":"https:\/\/domath.surju.ee\/es\/wp-json\/wp\/v2\/pages\/1215\/revisions"}],"predecessor-version":[{"id":4133,"href":"https:\/\/domath.surju.ee\/es\/wp-json\/wp\/v2\/pages\/1215\/revisions\/4133"}],"wp:attachment":[{"href":"https:\/\/domath.surju.ee\/es\/wp-json\/wp\/v2\/media?parent=1215"}],"wp:term":[{"taxonomy":"category","embeddable":true,"href":"https:\/\/domath.surju.ee\/es\/wp-json\/wp\/v2\/categories?post=1215"},{"taxonomy":"post_tag","embeddable":true,"href":"https:\/\/domath.surju.ee\/es\/wp-json\/wp\/v2\/tags?post=1215"}],"curies":[{"name":"wp","href":"https:\/\/api.w.org\/{rel}","templated":true}]}}