{"id":1209,"date":"2024-02-28T17:42:03","date_gmt":"2024-02-28T17:42:03","guid":{"rendered":"https:\/\/domath.surju.ee\/?page_id=1209"},"modified":"2024-12-29T20:08:33","modified_gmt":"2024-12-29T20:08:33","slug":"km-h-kmh","status":"publish","type":"page","link":"https:\/\/domath.surju.ee\/es\/km-h-kmh\/","title":{"rendered":"km\/h , kmh"},"content":{"rendered":"<p><\/p>\r\n<p id=\"tw-target-text\" class=\"tw-data-text tw-text-large tw-ta\" dir=\"ltr\" data-placeholder=\"Translation\" aria-label=\"Translated text\" data-ved=\"2ahUKEwjwk-Pi0s2FAxXeIhAIHeyXAlQQ3ewLegQIBRAU\"><span class=\"Y2IQFc\" lang=\"es\">El <strong>kil\u00f3metro por hora (km\/h)<\/strong> es una unidad de medida de velocidad. Se define como la distancia recorrida en kil\u00f3metros en una hora.<\/span><\/p>\r\n<p id=\"tw-target-text\" class=\"tw-data-text tw-text-large tw-ta\" dir=\"ltr\" data-placeholder=\"Translation\" aria-label=\"Translated text\" data-ved=\"2ahUKEwjwk-Pi0s2FAxXeIhAIHeyXAlQQ3ewLegQIBRAU\"><span class=\"Y2IQFc\" lang=\"es\">1 km\/h = 1000 metros por hora (m\/h)<\/span><\/p>\r\n<p><strong>Ejemplos:<br \/>\r\n<\/strong><\/p>\r\n<ul>\r\n\t<li><strong>L\u00edmites de velocidad de los autom\u00f3viles:<\/strong> las zonas urbanas suelen tener l\u00edmites de 50 km\/h, mientras que las carreteras pueden tener l\u00edmites de 80-120 km\/h seg\u00fan el pa\u00eds.<\/li>\r\n\t<li><strong>Viajes en tren:<\/strong> los trenes de alta velocidad pueden alcanzar velocidades de 200 a 300 km\/h, mientras que los trenes regulares alcanzan una media de 80 a 120 km\/h.<\/li>\r\n\t<li><strong>Ciclismo:<\/strong> el ciclismo de ocio tiene una media de entre 15 y 20 km\/h, mientras que los ciclistas experimentados pueden alcanzar los 30-40 km\/h.<\/li>\r\n\t<li><strong>Viajes en avi\u00f3n:<\/strong> las velocidades de crucero de los aviones comerciales suelen oscilar entre 800 y 900 km\/h.<\/li>\r\n<\/ul>\r\n<p><\/p>","protected":false},"excerpt":{"rendered":"<p>El kil\u00f3metro por hora (km\/h) es una unidad de medida de velocidad. Se define como la distancia recorrida en kil\u00f3metros en una hora. 1 km\/h = 1000 metros por hora (m\/h) Ejemplos: L\u00edmites de velocidad de los autom\u00f3viles: las zonas urbanas suelen tener l\u00edmites de 50 km\/h, mientras que las carreteras pueden tener l\u00edmites de [&#8230;]<\/p>\n<p><a class=\"btn btn-secondary understrap-read-more-link\" href=\"https:\/\/domath.surju.ee\/es\/km-h-kmh\/\">Leer m\u00e1s&#8230;<span class=\"screen-reader-text\"> from km\/h , kmh<\/span><\/a><\/p>\n","protected":false},"author":7,"featured_media":0,"parent":0,"menu_order":0,"comment_status":"closed","ping_status":"closed","template":"","meta":{"_eb_attr":"","_uag_custom_page_level_css":"","footnotes":""},"categories":[],"tags":[96,76,154,132],"class_list":["post-1209","page","type-page","status-publish","hentry","tag-english-k","tag-estonian-k","tag-greek-chi","tag-spanish-k"],"uagb_featured_image_src":{"full":false,"thumbnail":false,"medium":false,"medium_large":false,"large":false,"1536x1536":false,"2048x2048":false,"menu-24x24":false,"menu-36x36":false,"menu-48x48":false},"uagb_author_info":{"display_name":"Yessica Caceres","author_link":"https:\/\/domath.surju.ee\/es\/author\/yessica\/"},"uagb_comment_info":0,"uagb_excerpt":"El kil\u00f3metro por hora (km\/h) es una unidad de medida de velocidad. Se define como la distancia recorrida en kil\u00f3metros en una hora. 1 km\/h = 1000 metros por hora (m\/h) Ejemplos: L\u00edmites de velocidad de los autom\u00f3viles: las zonas urbanas suelen tener l\u00edmites de 50 km\/h, mientras que las carreteras pueden tener l\u00edmites de&hellip;","_links":{"self":[{"href":"https:\/\/domath.surju.ee\/es\/wp-json\/wp\/v2\/pages\/1209","targetHints":{"allow":["GET"]}}],"collection":[{"href":"https:\/\/domath.surju.ee\/es\/wp-json\/wp\/v2\/pages"}],"about":[{"href":"https:\/\/domath.surju.ee\/es\/wp-json\/wp\/v2\/types\/page"}],"author":[{"embeddable":true,"href":"https:\/\/domath.surju.ee\/es\/wp-json\/wp\/v2\/users\/7"}],"replies":[{"embeddable":true,"href":"https:\/\/domath.surju.ee\/es\/wp-json\/wp\/v2\/comments?post=1209"}],"version-history":[{"count":4,"href":"https:\/\/domath.surju.ee\/es\/wp-json\/wp\/v2\/pages\/1209\/revisions"}],"predecessor-version":[{"id":4132,"href":"https:\/\/domath.surju.ee\/es\/wp-json\/wp\/v2\/pages\/1209\/revisions\/4132"}],"wp:attachment":[{"href":"https:\/\/domath.surju.ee\/es\/wp-json\/wp\/v2\/media?parent=1209"}],"wp:term":[{"taxonomy":"category","embeddable":true,"href":"https:\/\/domath.surju.ee\/es\/wp-json\/wp\/v2\/categories?post=1209"},{"taxonomy":"post_tag","embeddable":true,"href":"https:\/\/domath.surju.ee\/es\/wp-json\/wp\/v2\/tags?post=1209"}],"curies":[{"name":"wp","href":"https:\/\/api.w.org\/{rel}","templated":true}]}}