{"id":1183,"date":"2024-02-05T17:47:47","date_gmt":"2024-02-05T17:47:47","guid":{"rendered":"https:\/\/domath.surju.ee\/?page_id=1183"},"modified":"2024-12-29T20:38:58","modified_gmt":"2024-12-29T20:38:58","slug":"length","status":"publish","type":"page","link":"https:\/\/domath.surju.ee\/es\/length\/","title":{"rendered":"Largo"},"content":{"rendered":"\r\n<p id=\"tw-target-text\" class=\"tw-data-text tw-text-large tw-ta\" dir=\"ltr\" data-placeholder=\"Translation\" aria-label=\"Translated text\" data-ved=\"2ahUKEwiyv4rW2c2FAxXUIhAIHS-MCSQQ3ewLegQIBhAU\"><span class=\"Y2IQFc\" lang=\"es\">La<strong> longitud<\/strong> de un objeto es su dimensi\u00f3n m\u00e1s extendida, la medida de su lado m\u00e1s largo. Por ejemplo, la longitud de un perro ser\u00eda desde la cabeza hasta la cola. En el contexto de la medici\u00f3n de la altura en ni\u00f1os, la longitud se refiere a la medida vertical desde la base hasta la parte superior del cuerpo del ni\u00f1o.<\/span><\/p>\r\n<p><img loading=\"lazy\" decoding=\"async\" class=\" wp-image-2047 aligncenter\" src=\"https:\/\/domath.surju.ee\/wp-content\/uploads\/2024\/04\/A-3-300x141.png\" alt=\"\" width=\"602\" height=\"283\" srcset=\"https:\/\/domath.surju.ee\/wp-content\/uploads\/2024\/04\/A-3-300x141.png 300w, https:\/\/domath.surju.ee\/wp-content\/uploads\/2024\/04\/A-3-1024x482.png 1024w, https:\/\/domath.surju.ee\/wp-content\/uploads\/2024\/04\/A-3-768x362.png 768w, https:\/\/domath.surju.ee\/wp-content\/uploads\/2024\/04\/A-3-1536x723.png 1536w, https:\/\/domath.surju.ee\/wp-content\/uploads\/2024\/04\/A-3-2048x964.png 2048w, https:\/\/domath.surju.ee\/wp-content\/uploads\/2024\/04\/A-3-24x11.png 24w, https:\/\/domath.surju.ee\/wp-content\/uploads\/2024\/04\/A-3-36x17.png 36w, https:\/\/domath.surju.ee\/wp-content\/uploads\/2024\/04\/A-3-48x23.png 48w\" sizes=\"auto, (max-width: 602px) 100vw, 602px\" \/><\/p>\r\n\r\n\r\n<p>&nbsp;<\/p>\r\n","protected":false},"excerpt":{"rendered":"<p>La longitud de un objeto es su dimensi\u00f3n m\u00e1s extendida, la medida de su lado m\u00e1s largo. Por ejemplo, la longitud de un perro ser\u00eda desde la cabeza hasta la cola. En el contexto de la medici\u00f3n de la altura en ni\u00f1os, la longitud se refiere a la medida vertical desde la base hasta la [&#8230;]<\/p>\n<p><a class=\"btn btn-secondary understrap-read-more-link\" href=\"https:\/\/domath.surju.ee\/es\/length\/\">Leer m\u00e1s&#8230;<span class=\"screen-reader-text\"> from Largo<\/span><\/a><\/p>\n","protected":false},"author":5,"featured_media":0,"parent":0,"menu_order":0,"comment_status":"closed","ping_status":"closed","template":"","meta":{"_eb_attr":"","_uag_custom_page_level_css":"","footnotes":""},"categories":[],"tags":[42,57,145,130],"class_list":["post-1183","page","type-page","status-publish","hentry","tag-english-l","tag-estonian-p","tag-greek-mu","tag-spanish-l"],"uagb_featured_image_src":{"full":false,"thumbnail":false,"medium":false,"medium_large":false,"large":false,"1536x1536":false,"2048x2048":false,"menu-24x24":false,"menu-36x36":false,"menu-48x48":false},"uagb_author_info":{"display_name":"Einar Aleman","author_link":"https:\/\/domath.surju.ee\/es\/author\/einar\/"},"uagb_comment_info":0,"uagb_excerpt":"La longitud de un objeto es su dimensi\u00f3n m\u00e1s extendida, la medida de su lado m\u00e1s largo. Por ejemplo, la longitud de un perro ser\u00eda desde la cabeza hasta la cola. En el contexto de la medici\u00f3n de la altura en ni\u00f1os, la longitud se refiere a la medida vertical desde la base hasta la&hellip;","_links":{"self":[{"href":"https:\/\/domath.surju.ee\/es\/wp-json\/wp\/v2\/pages\/1183","targetHints":{"allow":["GET"]}}],"collection":[{"href":"https:\/\/domath.surju.ee\/es\/wp-json\/wp\/v2\/pages"}],"about":[{"href":"https:\/\/domath.surju.ee\/es\/wp-json\/wp\/v2\/types\/page"}],"author":[{"embeddable":true,"href":"https:\/\/domath.surju.ee\/es\/wp-json\/wp\/v2\/users\/5"}],"replies":[{"embeddable":true,"href":"https:\/\/domath.surju.ee\/es\/wp-json\/wp\/v2\/comments?post=1183"}],"version-history":[{"count":4,"href":"https:\/\/domath.surju.ee\/es\/wp-json\/wp\/v2\/pages\/1183\/revisions"}],"predecessor-version":[{"id":4139,"href":"https:\/\/domath.surju.ee\/es\/wp-json\/wp\/v2\/pages\/1183\/revisions\/4139"}],"wp:attachment":[{"href":"https:\/\/domath.surju.ee\/es\/wp-json\/wp\/v2\/media?parent=1183"}],"wp:term":[{"taxonomy":"category","embeddable":true,"href":"https:\/\/domath.surju.ee\/es\/wp-json\/wp\/v2\/categories?post=1183"},{"taxonomy":"post_tag","embeddable":true,"href":"https:\/\/domath.surju.ee\/es\/wp-json\/wp\/v2\/tags?post=1183"}],"curies":[{"name":"wp","href":"https:\/\/api.w.org\/{rel}","templated":true}]}}