{"id":1172,"date":"2024-02-05T17:39:39","date_gmt":"2024-02-05T17:39:39","guid":{"rendered":"https:\/\/domath.surju.ee\/?page_id=1172"},"modified":"2024-12-29T20:38:18","modified_gmt":"2024-12-29T20:38:18","slug":"legs-of-a-right-angled-triangle","status":"publish","type":"page","link":"https:\/\/domath.surju.ee\/es\/legs-of-a-right-angled-triangle\/","title":{"rendered":"Catetos de un tri\u00e1ngulo rect\u00e1ngulo "},"content":{"rendered":"\r\n<p id=\"tw-target-text\" class=\"tw-data-text tw-text-large tw-ta\" dir=\"ltr\" data-placeholder=\"Translation\" aria-label=\"Translated text\" data-ved=\"2ahUKEwiyv4rW2c2FAxXUIhAIHS-MCSQQ3ewLegQIBhAU\"><span class=\"Y2IQFc\" lang=\"es\">Los <strong>catetos de un tri\u00e1ngulo rect\u00e1ngulo<\/strong> son los dos lados que se cruzan para determinar el \u00e1ngulo recto. El lado restante se llama hipotenusa. A veces es necesario resolver un tri\u00e1ngulo rect\u00e1ngulo para determinar la longitud de uno o ambos catetos.<\/span><\/p>\r\n<p><img loading=\"lazy\" decoding=\"async\" class=\" wp-image-2031 aligncenter\" src=\"https:\/\/domath.surju.ee\/wp-content\/uploads\/2024\/04\/A-2-300x300.png\" alt=\"\" width=\"386\" height=\"386\" srcset=\"https:\/\/domath.surju.ee\/wp-content\/uploads\/2024\/04\/A-2-300x300.png 300w, https:\/\/domath.surju.ee\/wp-content\/uploads\/2024\/04\/A-2-1024x1024.png 1024w, https:\/\/domath.surju.ee\/wp-content\/uploads\/2024\/04\/A-2-150x150.png 150w, https:\/\/domath.surju.ee\/wp-content\/uploads\/2024\/04\/A-2-768x768.png 768w, https:\/\/domath.surju.ee\/wp-content\/uploads\/2024\/04\/A-2-1536x1536.png 1536w, https:\/\/domath.surju.ee\/wp-content\/uploads\/2024\/04\/A-2-2048x2048.png 2048w, https:\/\/domath.surju.ee\/wp-content\/uploads\/2024\/04\/A-2-24x24.png 24w, https:\/\/domath.surju.ee\/wp-content\/uploads\/2024\/04\/A-2-36x36.png 36w, https:\/\/domath.surju.ee\/wp-content\/uploads\/2024\/04\/A-2-48x48.png 48w\" sizes=\"auto, (max-width: 386px) 100vw, 386px\" \/><\/p>\r\n\r\n\r\n<figure class=\"wp-block-gallery has-nested-images columns-default is-cropped wp-block-gallery-1 is-layout-flex wp-block-gallery-is-layout-flex\"><\/figure>\r\n\r\n\r\n<p>&nbsp;<\/p>\r\n","protected":false},"excerpt":{"rendered":"<p>Los catetos de un tri\u00e1ngulo rect\u00e1ngulo son los dos lados que se cruzan para determinar el \u00e1ngulo recto. El lado restante se llama hipotenusa. A veces es necesario resolver un tri\u00e1ngulo rect\u00e1ngulo para determinar la longitud de uno o ambos catetos. &nbsp; [&#8230;]<\/p>\n<p><a class=\"btn btn-secondary understrap-read-more-link\" href=\"https:\/\/domath.surju.ee\/es\/legs-of-a-right-angled-triangle\/\">Leer m\u00e1s&#8230;<span class=\"screen-reader-text\"> from Catetos de un tri\u00e1ngulo rect\u00e1ngulo <\/span><\/a><\/p>\n","protected":false},"author":5,"featured_media":0,"parent":0,"menu_order":0,"comment_status":"closed","ping_status":"closed","template":"","meta":{"_eb_attr":"","_uag_custom_page_level_css":"","footnotes":""},"categories":[],"tags":[42,40,73,63,136],"class_list":["post-1172","page","type-page","status-publish","hentry","tag-english-l","tag-estonian-t","tag-greek-kappa","tag-greek-pi","tag-spanish-c"],"uagb_featured_image_src":{"full":false,"thumbnail":false,"medium":false,"medium_large":false,"large":false,"1536x1536":false,"2048x2048":false,"menu-24x24":false,"menu-36x36":false,"menu-48x48":false},"uagb_author_info":{"display_name":"Einar Aleman","author_link":"https:\/\/domath.surju.ee\/es\/author\/einar\/"},"uagb_comment_info":0,"uagb_excerpt":"Los catetos de un tri\u00e1ngulo rect\u00e1ngulo son los dos lados que se cruzan para determinar el \u00e1ngulo recto. El lado restante se llama hipotenusa. A veces es necesario resolver un tri\u00e1ngulo rect\u00e1ngulo para determinar la longitud de uno o ambos catetos. &nbsp; [...]Leer m\u00e1s... from Catetos de un tri\u00e1ngulo rect\u00e1ngulo","_links":{"self":[{"href":"https:\/\/domath.surju.ee\/es\/wp-json\/wp\/v2\/pages\/1172","targetHints":{"allow":["GET"]}}],"collection":[{"href":"https:\/\/domath.surju.ee\/es\/wp-json\/wp\/v2\/pages"}],"about":[{"href":"https:\/\/domath.surju.ee\/es\/wp-json\/wp\/v2\/types\/page"}],"author":[{"embeddable":true,"href":"https:\/\/domath.surju.ee\/es\/wp-json\/wp\/v2\/users\/5"}],"replies":[{"embeddable":true,"href":"https:\/\/domath.surju.ee\/es\/wp-json\/wp\/v2\/comments?post=1172"}],"version-history":[{"count":12,"href":"https:\/\/domath.surju.ee\/es\/wp-json\/wp\/v2\/pages\/1172\/revisions"}],"predecessor-version":[{"id":5174,"href":"https:\/\/domath.surju.ee\/es\/wp-json\/wp\/v2\/pages\/1172\/revisions\/5174"}],"wp:attachment":[{"href":"https:\/\/domath.surju.ee\/es\/wp-json\/wp\/v2\/media?parent=1172"}],"wp:term":[{"taxonomy":"category","embeddable":true,"href":"https:\/\/domath.surju.ee\/es\/wp-json\/wp\/v2\/categories?post=1172"},{"taxonomy":"post_tag","embeddable":true,"href":"https:\/\/domath.surju.ee\/es\/wp-json\/wp\/v2\/tags?post=1172"}],"curies":[{"name":"wp","href":"https:\/\/api.w.org\/{rel}","templated":true}]}}