{"id":602,"date":"2023-10-26T11:30:45","date_gmt":"2023-10-26T11:30:45","guid":{"rendered":"https:\/\/domath.surju.ee\/?page_id=602"},"modified":"2024-10-21T14:58:22","modified_gmt":"2024-10-21T14:58:22","slug":"area","status":"publish","type":"page","link":"https:\/\/domath.surju.ee\/el\/area-g\/","title":{"rendered":"\u0395\u03bc\u03b2\u03b1\u03b4\u03cc\u03bd"},"content":{"rendered":"<h1 style=\"text-align: center;\"><span style=\"color: #008000;\"><strong>\u0395\u03bc\u03b2\u03b1\u03b4\u03cc\u03bd<\/strong><\/span><\/h1>\r\n\r\n<p>\u03a4\u03bf<span style=\"color: #ff0000;\"><strong> \u03b5\u03bc\u03b2\u03b1\u03b4\u03cc\u03bd<\/strong><\/span> \u03b5\u03af\u03bd\u03b1\u03b9 \u03c4\u03bf \u03bc\u03ad\u03b3\u03b5\u03b8\u03bf\u03c2 \u03bc\u03b9\u03b1\u03c2 \u03b5\u03c0\u03b9\u03c6\u03ac\u03bd\u03b5\u03b9\u03b1\u03c2. \u03a4\u03bf \u03b5\u03bc\u03b2\u03b1\u03b4\u03cc\u03bd \u03bc\u03b5\u03c4\u03c1\u03b9\u03ad\u03c4\u03b1\u03b9 \u03c3\u03b5 \u03c4\u03b5\u03c4\u03c1\u03b1\u03b3\u03c9\u03bd\u03b9\u03ba\u03ad\u03c2 \u03bc\u03bf\u03bd\u03ac\u03b4\u03b5\u03c2: \u03c7\u03b9\u03bb\u03b9\u03bf\u03c3\u03c4\u03ac (mm2), \u03c4\u03b5\u03c4\u03c1\u03b1\u03b3\u03c9\u03bd\u03b9\u03ba\u03ac \u03b5\u03ba\u03b1\u03c4\u03bf\u03c3\u03c4\u03ac (cm2), \u03c4\u03b5\u03c4\u03c1\u03b1\u03b3\u03c9\u03bd\u03b9\u03ba\u03ac \u03b4\u03b5\u03ba\u03b1\u03c4\u03cc\u03bc\u03b5\u03c4\u03c1\u03b1 (dm2), \u03c4\u03b5\u03c4\u03c1\u03b1\u03b3\u03c9\u03bd\u03b9\u03ba\u03ac \u03bc\u03ad\u03c4\u03c1\u03b1 (m2) \u03ba\u03b1\u03b9 \u03c4\u03b5\u03c4\u03c1\u03b1\u03b3\u03c9\u03bd\u03b9\u03ba\u03ac \u03c7\u03b9\u03bb\u03b9\u03cc\u03bc\u03b5\u03c4\u03c1\u03b1 (km2).<\/p>\r\n\r\n<p><span style=\"color: #000080;\"><strong>The Area of the Plot of Land<\/strong><\/span><\/p>\r\n<p><img loading=\"lazy\" decoding=\"async\" class=\"alignnone size-medium wp-image-2735\" src=\"https:\/\/domath.surju.ee\/wp-content\/uploads\/2024\/07\/pexels-kelly-1179532-3030296-300x168.jpg\" alt=\"\" width=\"300\" height=\"168\" srcset=\"https:\/\/domath.surju.ee\/wp-content\/uploads\/2024\/07\/pexels-kelly-1179532-3030296-300x168.jpg 300w, https:\/\/domath.surju.ee\/wp-content\/uploads\/2024\/07\/pexels-kelly-1179532-3030296-1024x575.jpg 1024w, https:\/\/domath.surju.ee\/wp-content\/uploads\/2024\/07\/pexels-kelly-1179532-3030296-768x431.jpg 768w, https:\/\/domath.surju.ee\/wp-content\/uploads\/2024\/07\/pexels-kelly-1179532-3030296-1536x863.jpg 1536w, https:\/\/domath.surju.ee\/wp-content\/uploads\/2024\/07\/pexels-kelly-1179532-3030296-2048x1150.jpg 2048w, https:\/\/domath.surju.ee\/wp-content\/uploads\/2024\/07\/pexels-kelly-1179532-3030296-24x13.jpg 24w, https:\/\/domath.surju.ee\/wp-content\/uploads\/2024\/07\/pexels-kelly-1179532-3030296-36x20.jpg 36w, https:\/\/domath.surju.ee\/wp-content\/uploads\/2024\/07\/pexels-kelly-1179532-3030296-48x27.jpg 48w\" sizes=\"auto, (max-width: 300px) 100vw, 300px\" \/><\/p>\r\n<p><a href=\"https:\/\/www.pexels.com\/photo\/aerial-view-of-plots-of-farm-land-3030296\/\">https:\/\/www.pexels.com\/photo\/aerial-view-of-plots-of-farm-land-3030296\/<\/a><\/p>\r\n\r\n<div class=\"wp-block-group is-nowrap is-layout-flex wp-container-core-group-is-layout-ad2f72ca wp-block-group-is-layout-flex\">\r\n<p><img loading=\"lazy\" decoding=\"async\" class=\"alignnone  wp-image-626\" src=\"https:\/\/domath.surju.ee\/wp-content\/uploads\/2023\/10\/area-300x232.gif\" alt=\"\" width=\"395\" height=\"305\" srcset=\"https:\/\/domath.surju.ee\/wp-content\/uploads\/2023\/10\/area-300x232.gif 300w, https:\/\/domath.surju.ee\/wp-content\/uploads\/2023\/10\/area-1024x791.gif 1024w, https:\/\/domath.surju.ee\/wp-content\/uploads\/2023\/10\/area-768x593.gif 768w, https:\/\/domath.surju.ee\/wp-content\/uploads\/2023\/10\/area-1536x1187.gif 1536w, https:\/\/domath.surju.ee\/wp-content\/uploads\/2023\/10\/area-24x19.gif 24w, https:\/\/domath.surju.ee\/wp-content\/uploads\/2023\/10\/area-36x28.gif 36w, https:\/\/domath.surju.ee\/wp-content\/uploads\/2023\/10\/area-48x37.gif 48w\" sizes=\"auto, (max-width: 395px) 100vw, 395px\" \/><\/p>\r\n<\/div>\r\n\r\n<p><span style=\"color: #333399;\"><strong>1m\u00b2&nbsp; &#8211;&nbsp; 1dm\u00b2&nbsp; &#8211;&nbsp; 1cm\u00b2&nbsp; &#8211;&nbsp; 1mm\u00b2<\/strong><\/span><\/p>\r\n<p><span style=\"color: #333399;\"><strong>1m\u00b2 = 100 dm\u00b2<\/strong><\/span><br \/>\r\n<span style=\"color: #333399;\"><strong>1dm\u00b2 = 100 cm\u00b2<\/strong><\/span><br \/>\r\n<span style=\"color: #333399;\"><strong>1cm\u00b2 = 100 mm\u00b2<\/strong><\/span><\/p>\r\n<p><span style=\"color: #333399;\"><strong>1m\u00b2 = 10 000 cm\u00b2<\/strong><\/span>&nbsp; &nbsp; &nbsp; 1 square metre = 10 000 square centimetres&nbsp;<br \/>\r\n<strong><span style=\"color: #333399;\">1ha = 10 000 m\u00b2&nbsp;<\/span> &nbsp;<\/strong> &nbsp; &nbsp; 1 hectare = 10 000 square metres&nbsp; &nbsp;<br \/>\r\n<span style=\"color: #333399;\"><strong>1km\u00b2 = 100ha&nbsp; &nbsp;<\/strong> &nbsp;<\/span> &nbsp; &nbsp; &nbsp; 1 square kilometre = 100 hectares&nbsp; &nbsp;<br \/>\r\n<span style=\"color: #333399;\"><strong>1a =100 m\u00b2&nbsp;<\/strong> &nbsp; &nbsp;<\/span> &nbsp; &nbsp; &nbsp; &nbsp; &nbsp; 1 are = 100 square metre&nbsp;&nbsp;<\/p>\r\n<h4><span style=\"color: #800000;\"><strong><span class=\"FootnotesCopyrightNoticeEtc\"><span class=\"NotesHeader\">Imperial\/Customary Units&nbsp; &#8211;&nbsp; Area<\/span><\/span><\/strong><\/span><\/h4>\r\n<p><strong><span class=\"NotesBodyText\">144 square inches = 1 square foot<br \/>\r\n9 square feet = 1 square yard<br \/>\r\n4,840 square yards = 1 acre<br \/>\r\n640 acres = 1 square mile<\/span><\/strong><\/p>\r\n\r\n<p>&nbsp;<\/p>\r\n\r\n <iframe loading=\"lazy\" style=\"border: 0px;\" title=\"Ristk\u00fcliku pindala\" src=\"https:\/\/www.geogebra.org\/material\/iframe\/id\/tppnyhwd\/width\/1000\/height\/485\/border\/888888\/sfsb\/true\/smb\/false\/stb\/false\/stbh\/false\/ai\/false\/asb\/false\/sri\/false\/rc\/false\/ld\/false\/sdz\/false\/ctl\/false\" width=\"600px\" height=\"285px\" scrolling=\"no\"> <\/iframe> \r\n <iframe loading=\"lazy\" style=\"border: 0px;\" title=\"Ruudu pindala\" src=\"https:\/\/www.geogebra.org\/material\/iframe\/id\/jsptp29t\/width\/1280\/height\/585\/border\/888888\/sfsb\/true\/smb\/false\/stb\/false\/stbh\/false\/ai\/false\/asb\/false\/sri\/false\/rc\/false\/ld\/false\/sdz\/false\/ctl\/false\" width=\"600px\" height=\"265px\" scrolling=\"no\"> <\/iframe> \r\n <iframe loading=\"lazy\" style=\"border: 0px;\" title=\"Kolmnurga pindala\" src=\"https:\/\/www.geogebra.org\/material\/iframe\/id\/w5fv9vun\/width\/1000\/height\/485\/border\/888888\/sfsb\/true\/smb\/false\/stb\/false\/stbh\/false\/ai\/false\/asb\/false\/sri\/false\/rc\/false\/ld\/false\/sdz\/false\/ctl\/false\" width=\"600px\" height=\"285px\" scrolling=\"no\"> <\/iframe> \r\n <iframe loading=\"lazy\" style=\"border: 0px;\" title=\"R\u00f6\u00f6pk\u00fcliku pindala\" src=\"https:\/\/www.geogebra.org\/material\/iframe\/id\/u3arpv7v\/width\/1000\/height\/485\/border\/888888\/sfsb\/true\/smb\/false\/stb\/false\/stbh\/false\/ai\/false\/asb\/false\/sri\/false\/rc\/false\/ld\/false\/sdz\/false\/ctl\/false\" width=\"600px\" height=\"285px\" scrolling=\"no\"> <\/iframe> \r\n <iframe loading=\"lazy\" style=\"border: 0px;\" title=\"R\u00f6\u00f6pk\u00fcliku pindala2\" src=\"https:\/\/www.geogebra.org\/material\/iframe\/id\/gg7bfhzd\/width\/1000\/height\/485\/border\/888888\/sfsb\/true\/smb\/false\/stb\/false\/stbh\/false\/ai\/false\/asb\/false\/sri\/false\/rc\/false\/ld\/false\/sdz\/false\/ctl\/false\" width=\"600px\" height=\"285px\" scrolling=\"no\"> <\/iframe> \r\n <iframe loading=\"lazy\" style=\"border: 0px;\" title=\"Trapetsi pindala\" src=\"https:\/\/www.geogebra.org\/material\/iframe\/id\/meuh6wwz\/width\/1000\/height\/485\/border\/888888\/sfsb\/true\/smb\/false\/stb\/false\/stbh\/false\/ai\/false\/asb\/false\/sri\/false\/rc\/false\/ld\/false\/sdz\/false\/ctl\/false\" width=\"600px\" height=\"285px\" scrolling=\"no\"> <\/iframe> \r\n <iframe loading=\"lazy\" style=\"border: 0px;\" title=\"Ringi pindala\" src=\"https:\/\/www.geogebra.org\/material\/iframe\/id\/zrdzz9ws\/width\/1000\/height\/485\/border\/888888\/sfsb\/true\/smb\/false\/stb\/false\/stbh\/false\/ai\/false\/asb\/false\/sri\/false\/rc\/false\/ld\/false\/sdz\/false\/ctl\/false\" width=\"600px\" height=\"285px\" scrolling=\"no\"> <\/iframe> ","protected":false},"excerpt":{"rendered":"<p>\u0395\u03bc\u03b2\u03b1\u03b4\u03cc\u03bd \u03a4\u03bf \u03b5\u03bc\u03b2\u03b1\u03b4\u03cc\u03bd \u03b5\u03af\u03bd\u03b1\u03b9 \u03c4\u03bf \u03bc\u03ad\u03b3\u03b5\u03b8\u03bf\u03c2 \u03bc\u03b9\u03b1\u03c2 \u03b5\u03c0\u03b9\u03c6\u03ac\u03bd\u03b5\u03b9\u03b1\u03c2. \u03a4\u03bf \u03b5\u03bc\u03b2\u03b1\u03b4\u03cc\u03bd \u03bc\u03b5\u03c4\u03c1\u03b9\u03ad\u03c4\u03b1\u03b9 \u03c3\u03b5 \u03c4\u03b5\u03c4\u03c1\u03b1\u03b3\u03c9\u03bd\u03b9\u03ba\u03ad\u03c2 \u03bc\u03bf\u03bd\u03ac\u03b4\u03b5\u03c2: \u03c7\u03b9\u03bb\u03b9\u03bf\u03c3\u03c4\u03ac (mm2), \u03c4\u03b5\u03c4\u03c1\u03b1\u03b3\u03c9\u03bd\u03b9\u03ba\u03ac \u03b5\u03ba\u03b1\u03c4\u03bf\u03c3\u03c4\u03ac (cm2), \u03c4\u03b5\u03c4\u03c1\u03b1\u03b3\u03c9\u03bd\u03b9\u03ba\u03ac \u03b4\u03b5\u03ba\u03b1\u03c4\u03cc\u03bc\u03b5\u03c4\u03c1\u03b1 (dm2), \u03c4\u03b5\u03c4\u03c1\u03b1\u03b3\u03c9\u03bd\u03b9\u03ba\u03ac \u03bc\u03ad\u03c4\u03c1\u03b1 (m2) \u03ba\u03b1\u03b9 \u03c4\u03b5\u03c4\u03c1\u03b1\u03b3\u03c9\u03bd\u03b9\u03ba\u03ac \u03c7\u03b9\u03bb\u03b9\u03cc\u03bc\u03b5\u03c4\u03c1\u03b1 (km2). The Area of the Plot of Land https:\/\/www.pexels.com\/photo\/aerial-view-of-plots-of-farm-land-3030296\/ 1m\u00b2&nbsp; &#8211;&nbsp; 1dm\u00b2&nbsp; &#8211;&nbsp; 1cm\u00b2&nbsp; &#8211;&nbsp; 1mm\u00b2 1m\u00b2 = 100 dm\u00b2 1dm\u00b2 = 100 cm\u00b2 1cm\u00b2 = 100 [&#8230;]<\/p>\n<p><a class=\"btn btn-secondary understrap-read-more-link\" href=\"https:\/\/domath.surju.ee\/el\/area-g\/\">\u0394\u03b9\u03b1\u03b2\u03ac\u03c3\u03c4\u03b5 \u03c0\u03b5\u03c1\u03b9\u03c3\u03c3\u03cc\u03c4\u03b5\u03c1\u03b1&#8230;<span class=\"screen-reader-text\"> from \u0395\u03bc\u03b2\u03b1\u03b4\u03cc\u03bd<\/span><\/a><\/p>\n","protected":false},"author":12,"featured_media":0,"parent":0,"menu_order":0,"comment_status":"closed","ping_status":"closed","template":"","meta":{"_eb_attr":"","_uag_custom_page_level_css":"","footnotes":""},"categories":[],"tags":[37,57,85],"class_list":["post-602","page","type-page","status-publish","hentry","tag-english-a","tag-estonian-p","tag-greek-epsilon"],"uagb_featured_image_src":{"full":false,"thumbnail":false,"medium":false,"medium_large":false,"large":false,"1536x1536":false,"2048x2048":false,"menu-24x24":false,"menu-36x36":false,"menu-48x48":false},"uagb_author_info":{"display_name":"Ave Kartau","author_link":"https:\/\/domath.surju.ee\/el\/author\/ave\/"},"uagb_comment_info":0,"uagb_excerpt":"\u0395\u03bc\u03b2\u03b1\u03b4\u03cc\u03bd \u03a4\u03bf \u03b5\u03bc\u03b2\u03b1\u03b4\u03cc\u03bd \u03b5\u03af\u03bd\u03b1\u03b9 \u03c4\u03bf \u03bc\u03ad\u03b3\u03b5\u03b8\u03bf\u03c2 \u03bc\u03b9\u03b1\u03c2 \u03b5\u03c0\u03b9\u03c6\u03ac\u03bd\u03b5\u03b9\u03b1\u03c2. \u03a4\u03bf \u03b5\u03bc\u03b2\u03b1\u03b4\u03cc\u03bd \u03bc\u03b5\u03c4\u03c1\u03b9\u03ad\u03c4\u03b1\u03b9 \u03c3\u03b5 \u03c4\u03b5\u03c4\u03c1\u03b1\u03b3\u03c9\u03bd\u03b9\u03ba\u03ad\u03c2 \u03bc\u03bf\u03bd\u03ac\u03b4\u03b5\u03c2: \u03c7\u03b9\u03bb\u03b9\u03bf\u03c3\u03c4\u03ac (mm2), \u03c4\u03b5\u03c4\u03c1\u03b1\u03b3\u03c9\u03bd\u03b9\u03ba\u03ac \u03b5\u03ba\u03b1\u03c4\u03bf\u03c3\u03c4\u03ac (cm2), \u03c4\u03b5\u03c4\u03c1\u03b1\u03b3\u03c9\u03bd\u03b9\u03ba\u03ac \u03b4\u03b5\u03ba\u03b1\u03c4\u03cc\u03bc\u03b5\u03c4\u03c1\u03b1 (dm2), \u03c4\u03b5\u03c4\u03c1\u03b1\u03b3\u03c9\u03bd\u03b9\u03ba\u03ac \u03bc\u03ad\u03c4\u03c1\u03b1 (m2) \u03ba\u03b1\u03b9 \u03c4\u03b5\u03c4\u03c1\u03b1\u03b3\u03c9\u03bd\u03b9\u03ba\u03ac \u03c7\u03b9\u03bb\u03b9\u03cc\u03bc\u03b5\u03c4\u03c1\u03b1 (km2). The Area of the Plot of Land https:\/\/www.pexels.com\/photo\/aerial-view-of-plots-of-farm-land-3030296\/ 1m\u00b2&nbsp; &#8211;&nbsp; 1dm\u00b2&nbsp; &#8211;&nbsp; 1cm\u00b2&nbsp; &#8211;&nbsp; 1mm\u00b2 1m\u00b2 = 100 dm\u00b2 1dm\u00b2 = 100 cm\u00b2 1cm\u00b2 = 100&hellip;","_links":{"self":[{"href":"https:\/\/domath.surju.ee\/el\/wp-json\/wp\/v2\/pages\/602","targetHints":{"allow":["GET"]}}],"collection":[{"href":"https:\/\/domath.surju.ee\/el\/wp-json\/wp\/v2\/pages"}],"about":[{"href":"https:\/\/domath.surju.ee\/el\/wp-json\/wp\/v2\/types\/page"}],"author":[{"embeddable":true,"href":"https:\/\/domath.surju.ee\/el\/wp-json\/wp\/v2\/users\/12"}],"replies":[{"embeddable":true,"href":"https:\/\/domath.surju.ee\/el\/wp-json\/wp\/v2\/comments?post=602"}],"version-history":[{"count":29,"href":"https:\/\/domath.surju.ee\/el\/wp-json\/wp\/v2\/pages\/602\/revisions"}],"predecessor-version":[{"id":4531,"href":"https:\/\/domath.surju.ee\/el\/wp-json\/wp\/v2\/pages\/602\/revisions\/4531"}],"wp:attachment":[{"href":"https:\/\/domath.surju.ee\/el\/wp-json\/wp\/v2\/media?parent=602"}],"wp:term":[{"taxonomy":"category","embeddable":true,"href":"https:\/\/domath.surju.ee\/el\/wp-json\/wp\/v2\/categories?post=602"},{"taxonomy":"post_tag","embeddable":true,"href":"https:\/\/domath.surju.ee\/el\/wp-json\/wp\/v2\/tags?post=602"}],"curies":[{"name":"wp","href":"https:\/\/api.w.org\/{rel}","templated":true}]}}