{"id":1330,"date":"2024-03-03T19:58:13","date_gmt":"2024-03-03T19:58:13","guid":{"rendered":"https:\/\/domath.surju.ee\/?page_id=1330"},"modified":"2024-12-23T19:52:25","modified_gmt":"2024-12-23T19:52:25","slug":"circle","status":"publish","type":"page","link":"https:\/\/domath.surju.ee\/el\/circle-greek\/","title":{"rendered":"\u039a\u03cd\u03ba\u03bb\u03bf\u03c2, \u03b3\u03c1\u03b1\u03bc\u03bc\u03ae \u03ba\u03cd\u03ba\u03bb\u03bf\u03c5, \u03c0\u03b5\u03c1\u03b9\u03c6\u03ad\u03c1\u03b5\u03b9\u03b1"},"content":{"rendered":"<span class=\"HwtZe\" lang=\"el\"><span class=\"jCAhz ChMk0b\"><span class=\"ryNqvb\"><span style=\"font-size: 24pt; color: #008000;\"><strong>\u039a\u03cd\u03ba\u03bb\u03bf\u03c2, \u03b3\u03c1\u03b1\u03bc\u03bc\u03ae \u03ba\u03cd\u03ba\u03bb\u03bf\u03c5, \u03c0\u03b5\u03c1\u03b9\u03c6\u03ad\u03c1\u03b5\u03b9\u03b1<\/strong> <\/span><br \/>\r\n<br \/>\r\n<\/span><\/span><span class=\"jCAhz ChMk0b\"><span class=\"ryNqvb\">\u0388\u03bd\u03b1\u03c2 <strong><span style=\"color: #ff0000;\">\u03ba\u03cd\u03ba\u03bb\u03bf\u03c2<\/span><\/strong>&nbsp;\u03b5\u03af\u03bd\u03b1\u03b9 \u03ad\u03bd\u03b1 \u03c3\u03c7\u03ae\u03bc\u03b1 \u03c0\u03bf\u03c5 \u03b1\u03c0\u03bf\u03c4\u03b5\u03bb\u03b5\u03af\u03c4\u03b1\u03b9 \u03b1\u03c0\u03cc \u03bc\u03b9\u03b1 \u03ba\u03b1\u03bc\u03c0\u03cd\u03bb\u03b7 \u03b3\u03c1\u03b1\u03bc\u03bc\u03ae \u03c0\u03bf\u03c5 \u03c0\u03b5\u03c1\u03b9\u03b2\u03ac\u03bb\u03bb\u03b5\u03b9 \u03c0\u03bb\u03ae\u03c1\u03c9\u03c2 \u03bc\u03b9\u03b1 \u03c0\u03b5\u03c1\u03b9\u03bf\u03c7\u03ae.<br \/>\r\n<\/span><\/span><span class=\"jCAhz ChMk0b\"><span class=\"ryNqvb\">\u039a\u03ac\u03b8\u03b5 \u03c4\u03bc\u03ae\u03bc\u03b1 \u03c4\u03b7\u03c2 \u03b3\u03c1\u03b1\u03bc\u03bc\u03ae\u03c2 \u03ad\u03c7\u03b5\u03b9 \u03c4\u03b7\u03bd \u03af\u03b4\u03b9\u03b1 \u03b1\u03c0\u03cc\u03c3\u03c4\u03b1\u03c3\u03b7 \u03b1\u03c0\u03cc \u03c4\u03bf \u03ba\u03ad\u03bd\u03c4\u03c1\u03bf \u03c4\u03b7\u03c2 \u03c0\u03b5\u03c1\u03b9\u03bf\u03c7\u03ae\u03c2. <br \/>\r\n<\/span><\/span><span class=\"jCAhz ChMk0b\"><span class=\"ryNqvb\"><span style=\"color: #ff0000;\">\u03a0\u03b5\u03c1\u03b9\u03c6\u03ad\u03c1\u03b5\u03b9\u03b1<\/span> \u03b5\u03af\u03bd\u03b1\u03b9 \u03b7 \u03b1\u03c0\u03cc\u03c3\u03c4\u03b1\u03c3\u03b7 \u03b3\u03cd\u03c1\u03c9 \u03b1\u03c0\u03cc \u03ad\u03bd\u03b1\u03bd \u03ba\u03cd\u03ba\u03bb\u03bf. <br \/>\r\n<\/span><\/span><strong><span class=\"jCAhz\" style=\"color: #3366ff; font-size: 14pt;\"><span class=\"ryNqvb\">&nbsp;&nbsp;&nbsp;&nbsp;&nbsp;&nbsp;&nbsp;&nbsp;&nbsp;&nbsp;&nbsp;&nbsp;&nbsp;&nbsp;&nbsp;&nbsp;&nbsp;&nbsp;&nbsp;&nbsp;&nbsp;&nbsp;&nbsp;&nbsp;&nbsp;&nbsp;&nbsp;&nbsp;&nbsp;&nbsp;&nbsp;&nbsp;&nbsp;&nbsp;&nbsp;&nbsp;&nbsp;&nbsp;&nbsp;&nbsp;&nbsp;&nbsp;&nbsp; \u039a\u03cd\u03ba\u03bb\u03bf\u03c2 \u039f\u03c1\u03bf\u03bb\u03bf\u03b3\u03af\u03b1<\/span><\/span><\/strong><\/span><br \/>\r\n<p><img loading=\"lazy\" decoding=\"async\" class=\" wp-image-3049 alignleft\" src=\"https:\/\/domath.surju.ee\/wp-content\/uploads\/2024\/07\/CIRCLE_LINES-en.svg_-296x300.png\" alt=\"\" width=\"296\" height=\"300\" srcset=\"https:\/\/domath.surju.ee\/wp-content\/uploads\/2024\/07\/CIRCLE_LINES-en.svg_-296x300.png 296w, https:\/\/domath.surju.ee\/wp-content\/uploads\/2024\/07\/CIRCLE_LINES-en.svg_-24x24.png 24w, https:\/\/domath.surju.ee\/wp-content\/uploads\/2024\/07\/CIRCLE_LINES-en.svg_-36x36.png 36w, https:\/\/domath.surju.ee\/wp-content\/uploads\/2024\/07\/CIRCLE_LINES-en.svg_-48x48.png 48w, https:\/\/domath.surju.ee\/wp-content\/uploads\/2024\/07\/CIRCLE_LINES-en.svg_.png 330w\" sizes=\"auto, (max-width: 296px) 100vw, 296px\" \/><span class=\"HwtZe\" lang=\"el\"><span class=\"jCAhz ChMk0b\"><span class=\"ryNqvb\"><strong><span style=\"color: #333399;\">\u039a\u03ad\u03bd\u03c4\u03c1\u03bf<\/span><\/strong>: \u03c4\u03bf \u03c3\u03b7\u03bc\u03b5\u03af\u03bf \u03c0\u03bf\u03c5 \u03b9\u03c3\u03b1\u03c0\u03ad\u03c7\u03b5\u03b9 \u03b1\u03c0\u03cc \u03cc\u03bb\u03b1 \u03c4\u03b1 \u03c3\u03b7\u03bc\u03b5\u03af\u03b1 \u03c4\u03bf\u03c5 \u03ba\u03cd\u03ba\u03bb\u03bf\u03c5. <br \/>\r\n<br \/>\r\n<\/span><\/span><span class=\"jCAhz ChMk0b\"><span class=\"ryNqvb\"><strong><span style=\"color: #333399;\">\u03a0\u03b5\u03c1\u03b9\u03c6\u03ad\u03c1\u03b5\u03b9\u03b1<\/span><\/strong>: \u03c4\u03bf \u03bc\u03ae\u03ba\u03bf\u03c2 \u03b5\u03bd\u03cc\u03c2 \u03ba\u03c5\u03ba\u03bb\u03ce\u03bc\u03b1\u03c4\u03bf\u03c2 \u03ba\u03b1\u03c4\u03ac \u03bc\u03ae\u03ba\u03bf\u03c2 \u03c4\u03bf\u03c5 \u03ba\u03cd\u03ba\u03bb\u03bf\u03c5 \u03ae \u03b7 \u03b1\u03c0\u03cc\u03c3\u03c4\u03b1\u03c3\u03b7 \u03b3\u03cd\u03c1\u03c9 \u03b1\u03c0\u03cc \u03c4\u03bf\u03bd \u03ba\u03cd\u03ba\u03bb\u03bf. <br \/>\r\n<br \/>\r\n<\/span><\/span><span class=\"jCAhz ChMk0b\"><span class=\"ryNqvb\"><strong><span style=\"color: #333399;\"><span style=\"color: #800080;\">\u0394\u03b9\u03ac\u03bc\u03b5\u03c4\u03c1\u03bf\u03c2<\/span>:&nbsp;<\/span><\/strong> \u03b5\u03af\u03bd\u03b1\u03b9 \u03c4\u03bf \u03b5\u03c5\u03b8\u03cd\u03b3\u03c1\u03b1\u03bc\u03bc\u03bf \u03c4\u03bc\u03ae\u03bc\u03b1 \u03c4\u03bf\u03c5 \u03bf\u03c0\u03bf\u03af\u03bf\u03c5 \u03b7 \u03b1\u03c1\u03c7\u03ae \u03ba\u03b1\u03b9 \u03c4\u03bf \u03c4\u03ad\u03bb\u03bf\u03c2 \u03c3\u03b7\u03bc\u03b5\u03af\u03b1 \u03b2\u03c1\u03af\u03c3\u03ba\u03bf\u03bd\u03c4\u03b1\u03b9 \u03c0\u03ac\u03bd\u03c9 \u03c3\u03c4\u03b7 \u03b3\u03c1\u03b1\u03bc\u03bc\u03ae \u03c4\u03bf\u03c5 \u03ba\u03cd\u03ba\u03bb\u03bf\u03c5 \u03ba\u03b1\u03b9 \u03b4\u03b9\u03ad\u03c1\u03c7\u03b5\u03c4\u03b1\u03b9 \u03b1\u03c0\u03cc \u03c4\u03bf \u03ba\u03ad\u03bd\u03c4\u03c1\u03bf.<\/span><\/span>&nbsp; <span class=\"jCAhz ChMk0b\"><span class=\"ryNqvb\">\u0391\u03c5\u03c4\u03ae \u03b5\u03af\u03bd\u03b1\u03b9 \u03b7 \u03bc\u03b5\u03b3\u03b1\u03bb\u03cd\u03c4\u03b5\u03c1\u03b7 \u03b1\u03c0\u03cc\u03c3\u03c4\u03b1\u03c3\u03b7 \u03bc\u03b5\u03c4\u03b1\u03be\u03cd \u03bf\u03c0\u03bf\u03b9\u03c9\u03bd\u03b4\u03ae\u03c0\u03bf\u03c4\u03b5 \u03b4\u03cd\u03bf \u03c3\u03b7\u03bc\u03b5\u03af\u03c9\u03bd \u03c4\u03bf\u03c5 \u03ba\u03cd\u03ba\u03bb\u03bf\u03c5. \u0393\u03b9\u03b1 \u03bd\u03b1 \u03b2\u03c1\u03bf\u03cd\u03bc\u03b5 \u03c4\u03b7 \u03b4\u03b9\u03ac\u03bc\u03b5\u03c4\u03c1\u03bf \u03b4\u03b9\u03c0\u03bb\u03b1\u03c3\u03b9\u03ac\u03b6\u03bf\u03c5\u03bc\u03b5 \u03c4\u03b7\u03bd \u03b1\u03ba\u03c4\u03af\u03bd\u03b1<\/span><\/span> <strong><span class=\"jCAhz\" style=\"color: #800080;\"><span class=\"ryNqvb\">d=2r <\/span><\/span><\/strong><span class=\"jCAhz ChMk0b\"><span class=\"ryNqvb\"><strong><span style=\"color: #008080;\">\u0391\u03ba\u03c4\u03af\u03bd\u03b1<\/span><\/strong>: \u03b5\u03af\u03bd\u03b1\u03b9 \u03c4\u03bf \u03b5\u03c5\u03b8\u03cd\u03b3\u03c1\u03b1\u03bc\u03bc\u03bf \u03c4\u03bc\u03ae\u03bc\u03b1 \u03c0\u03bf\u03c5 \u03b5\u03bd\u03ce\u03bd\u03b5\u03b9 \u03c4\u03bf \u03ba\u03ad\u03bd\u03c4\u03c1\u03bf \u03b5\u03bd\u03cc\u03c2 \u03ba\u03cd\u03ba\u03bb\u03bf\u03c5 \u03bc\u03b5 \u03bf\u03c0\u03bf\u03b9\u03bf\u03b4\u03ae\u03c0\u03bf\u03c4\u03b5 \u03c3\u03b7\u03bc\u03b5\u03af\u03bf \u03c3\u03c4\u03bf\u03bd \u03af\u03b4\u03b9\u03bf \u03c4\u03bf\u03bd \u03ba\u03cd\u03ba\u03bb\u03bf<\/span><\/span> \u03ba\u03b1\u03b9<span class=\"jCAhz ChMk0b\"><span class=\"ryNqvb\"> \u03c4\u03bf \u03bc\u03ae\u03ba\u03bf\u03c2 \u03c4\u03b7\u03c2 \u03b1\u03ba\u03c4\u03af\u03bd\u03b1\u03c2 \u03b5\u03af\u03bd\u03b1\u03b9 \u03c4\u03bf \u03bc\u03b9\u03c3\u03cc ( \u03bc\u03ae\u03ba\u03bf\u03c2) \u03bc\u03b9\u03b1\u03c2 \u03b4\u03b9\u03b1\u03bc\u03ad\u03c4\u03c1\u03bf\u03c5.<\/span><\/span> <span class=\"jCAhz\"><span class=\"ryNqvb\"><strong><span style=\"color: #008080;\">r = d: 2<\/span><\/strong><br \/>\r\n<\/span><\/span><span class=\"jCAhz ChMk0b\"><span class=\"ryNqvb\"><strong><span style=\"color: #000080;\">\u03a7\u03bf\u03c1\u03b4\u03ae:<\/span><\/strong> \u03ad\u03bd\u03b1 \u03b5\u03c5\u03b8\u03cd\u03b3\u03c1\u03b1\u03bc\u03bc\u03bf \u03c4\u03bc\u03ae\u03bc\u03b1 \u03c4\u03bf\u03c5 \u03bf\u03c0\u03bf\u03af\u03bf\u03c5 \u03c4\u03bf \u03b1\u03c1\u03c7\u03b9\u03ba\u03cc \u03ba\u03b1\u03b9 \u03c4\u03b5\u03bb\u03b9\u03ba\u03cc \u03c3\u03b7\u03bc\u03b5\u03af\u03bf \u03b2\u03c1\u03af\u03c3\u03ba\u03bf\u03bd\u03c4\u03b1\u03b9 \u03c3\u03c4\u03bf\u03bd \u03ba\u03cd\u03ba\u03bb\u03bf, \u03b4\u03b9\u03b1\u03b9\u03c1\u03ce\u03bd\u03c4\u03b1\u03c2 \u03ad\u03c4\u03c3\u03b9 \u03ad\u03bd\u03b1\u03bd \u03ba\u03cd\u03ba\u03bb\u03bf \u03c3\u03b5 \u03b4\u03cd\u03bf \u03c4\u03bc\u03ae\u03bc\u03b1\u03c4\u03b1. <br \/>\r\n<\/span><\/span><span class=\"jCAhz ChMk0b\"><span class=\"ryNqvb\"><strong><span style=\"color: #800000;\">\u03a4\u03ad\u03bc\u03bd\u03bf\u03c5\u03c3\u03b1<\/span><\/strong>: \u03b5\u03ba\u03c4\u03b5\u03c4\u03b1\u03bc\u03ad\u03bd\u03b7 \u03c7\u03bf\u03c1\u03b4\u03ae, \u03bf\u03bc\u03bf\u03b5\u03c0\u03af\u03c0\u03b5\u03b4\u03b7 \u03b5\u03c5\u03b8\u03b5\u03af\u03b1, \u03c0\u03bf\u03c5 \u03c4\u03ad\u03bc\u03bd\u03b5\u03b9 \u03ad\u03bd\u03b1\u03bd \u03ba\u03cd\u03ba\u03bb\u03bf \u03c3\u03b5 \u03b4\u03cd\u03bf \u03c3\u03b7\u03bc\u03b5\u03af\u03b1. <\/span><\/span><span class=\"jCAhz ChMk0b\"><span class=\"ryNqvb\"><strong><span style=\"color: #800000;\">\u0395\u03c6\u03b1\u03c0\u03c4\u03bf\u03bc\u03ad\u03bd\u03b7<\/span><\/strong>: \u03bc\u03b9\u03b1 \u03bf\u03bc\u03bf\u03b5\u03c0\u03af\u03c0\u03b5\u03b4\u03b7 \u03b5\u03c5\u03b8\u03b5\u03af\u03b1 \u03c0\u03bf\u03c5 \u03ad\u03c7\u03b5\u03b9 \u03ad\u03bd\u03b1 \u03bc\u03cc\u03bd\u03bf \u03ba\u03bf\u03b9\u03bd\u03cc \u03c3\u03b7\u03bc\u03b5\u03af\u03bf \u03bc\u03b5 \u03ad\u03bd\u03b1\u03bd \u03ba\u03cd\u03ba\u03bb\u03bf (&#8220;\u03b5\u03c6\u03ac\u03c0\u03c4\u03b5\u03c4\u03b1\u03b9 \u03b4\u03b7\u03bb\u03b1\u03b4\u03ae \u03b1\u03b3\u03b3\u03af\u03b6\u03b5\u03b9 \u03c4\u03bf\u03bd \u03ba\u03cd\u03ba\u03bb\u03bf \u03c3\u03b5 \u03b1\u03c5\u03c4\u03cc \u03c4\u03bf \u03c3\u03b7\u03bc\u03b5\u03af\u03bf&#8221;).<\/span><\/span><\/span><\/p>\r\n<p><img loading=\"lazy\" decoding=\"async\" class=\" wp-image-3050 alignleft\" src=\"https:\/\/domath.surju.ee\/wp-content\/uploads\/2024\/07\/Circle_slices-en.svg_-300x300.png\" alt=\"\" width=\"281\" height=\"281\" srcset=\"https:\/\/domath.surju.ee\/wp-content\/uploads\/2024\/07\/Circle_slices-en.svg_-300x300.png 300w, https:\/\/domath.surju.ee\/wp-content\/uploads\/2024\/07\/Circle_slices-en.svg_-150x150.png 150w, https:\/\/domath.surju.ee\/wp-content\/uploads\/2024\/07\/Circle_slices-en.svg_-24x24.png 24w, https:\/\/domath.surju.ee\/wp-content\/uploads\/2024\/07\/Circle_slices-en.svg_-36x36.png 36w, https:\/\/domath.surju.ee\/wp-content\/uploads\/2024\/07\/Circle_slices-en.svg_-48x48.png 48w, https:\/\/domath.surju.ee\/wp-content\/uploads\/2024\/07\/Circle_slices-en.svg_.png 330w\" sizes=\"auto, (max-width: 281px) 100vw, 281px\" \/><\/p>\r\n<span class=\"HwtZe\" lang=\"el\"><span class=\"jCAhz ChMk0b\"><span class=\"ryNqvb\"><strong><span style=\"color: #00ff00;\">\u03a4\u03bf\u03bc\u03ad\u03b1\u03c2:<\/span><\/strong> \u03c0\u03b5\u03c1\u03b9\u03bf\u03c7\u03ae \u03c0\u03bf\u03c5 \u03bf\u03c1\u03b9\u03bf\u03b8\u03b5\u03c4\u03b5\u03af\u03c4\u03b1\u03b9 \u03b1\u03c0\u03cc \u03b4\u03cd\u03bf \u03b1\u03ba\u03c4\u03af\u03bd\u03b5\u03c2 \u03af\u03c3\u03bf\u03c5 \u03bc\u03ae\u03ba\u03bf\u03c5\u03c2 \u03bc\u03b5 \u03ba\u03bf\u03b9\u03bd\u03cc \u03ba\u03ad\u03bd\u03c4\u03c1\u03bf \u03ba\u03b1\u03b9 \u03ad\u03bd\u03b1 \u03b1\u03c0\u03cc \u03c4\u03b1 \u03b4\u03cd\u03bf \u03c0\u03b9\u03b8\u03b1\u03bd\u03ac \u03c4\u03cc\u03be\u03b1, \u03c0\u03bf\u03c5 \u03ba\u03b1\u03b8\u03bf\u03c1\u03af\u03b6\u03bf\u03bd\u03c4\u03b1\u03b9 \u03b1\u03c0\u03cc \u03b1\u03c5\u03c4\u03cc \u03c4\u03bf \u03ba\u03ad\u03bd\u03c4\u03c1\u03bf \u03ba\u03b1\u03b9 \u03c4\u03b1 \u03c4\u03b5\u03bb\u03b9\u03ba\u03ac \u03c3\u03b7\u03bc\u03b5\u03af\u03b1 \u03c4\u03c9\u03bd \u03b1\u03ba\u03c4\u03af\u03bd\u03c9\u03bd. <br \/>\r\n<br \/>\r\n<\/span><\/span><span class=\"jCAhz ChMk0b\"><span class=\"ryNqvb\"><strong><span style=\"color: #0000ff;\">\u03a4\u03bc\u03ae\u03bc\u03b1<\/span><\/strong>: \u03bc\u03b9\u03b1 \u03c0\u03b5\u03c1\u03b9\u03bf\u03c7\u03ae \u03c0\u03bf\u03c5 \u03bf\u03c1\u03b9\u03bf\u03b8\u03b5\u03c4\u03b5\u03af\u03c4\u03b1\u03b9 \u03b1\u03c0\u03cc \u03bc\u03b9\u03b1 \u03c7\u03bf\u03c1\u03b4\u03ae \u03ba\u03b1\u03b9 \u03ad\u03bd\u03b1 \u03b1\u03c0\u03cc \u03c4\u03b1 \u03c4\u03cc\u03be\u03b1 \u03c0\u03bf\u03c5 \u03c3\u03c5\u03bd\u03b4\u03ad\u03bf\u03c5\u03bd \u03c4\u03b1 \u03c4\u03b5\u03bb\u03b9\u03ba\u03ac \u03c3\u03b7\u03bc\u03b5\u03af\u03b1 \u03c4\u03b7\u03c2 \u03c7\u03bf\u03c1\u03b4\u03ae\u03c2.<\/span><\/span> <span class=\"jCAhz ChMk0b\"><span class=\"ryNqvb\">\u03a4\u03bf \u03bc\u03ae\u03ba\u03bf\u03c2 \u03c4\u03b7\u03c2 \u03c7\u03bf\u03c1\u03b4\u03ae\u03c2 \u03b5\u03af\u03bd\u03b1\u03b9 \u03bc\u03b9\u03ba\u03c1\u03cc\u03c4\u03b5\u03c1\u03bf \u03b1\u03c0\u03cc \u03c4\u03b7 \u03b4\u03b9\u03ac\u03bc\u03b5\u03c4\u03c1\u03bf \u03c4\u03c9\u03bd \u03c0\u03b9\u03b8\u03b1\u03bd\u03ce\u03bd \u03c4\u03cc\u03be\u03c9\u03bd. <br \/>\r\n<br \/>\r\n<\/span><\/span><span class=\"jCAhz ChMk0b\"><span class=\"ryNqvb\"><span style=\"color: #993300;\"><strong>\u03a4\u03cc\u03be\u03bf: <\/strong><\/span>\u03bf\u03c0\u03bf\u03b9\u03bf\u03b4\u03ae\u03c0\u03bf\u03c4\u03b5 \u03c4\u03bc\u03ae\u03bc\u03b1 \u03ba\u03cd\u03ba\u03bb\u03bf\u03c5.<\/span><\/span> <span class=\"jCAhz ChMk0b\"><span class=\"ryNqvb\">\u039f \u03ba\u03b1\u03b8\u03bf\u03c1\u03b9\u03c3\u03bc\u03cc\u03c2 \u03b4\u03cd\u03bf \u03b1\u03ba\u03c1\u03b1\u03af\u03c9\u03bd \u03c3\u03b7\u03bc\u03b5\u03af\u03c9\u03bd \u03b5\u03bd\u03cc\u03c2 \u03c4\u03cc\u03be\u03bf\u03c5 \u03ba\u03b1\u03b9 \u03b5\u03bd\u03cc\u03c2 \u03ba\u03ad\u03bd\u03c4\u03c1\u03bf\u03c5 \u03b1\u03c0\u03bf\u03c4\u03b5\u03bb\u03b5\u03af \u03b4\u03cd\u03bf \u03c4\u03cc\u03be\u03b1 \u03c0\u03bf\u03c5 \u03bc\u03b1\u03b6\u03af \u03b4\u03b7\u03bc\u03b9\u03bf\u03c5\u03c1\u03b3\u03bf\u03cd\u03bd \u03ad\u03bd\u03b1\u03bd \u03ba\u03cd\u03ba\u03bb\u03bf.<\/span><\/span><\/span><br \/>\r\n<p><a href=\"https:\/\/en.wikipedia.org\/wiki\/Circle\">https:\/\/en.wikipedia.org\/wiki\/Circle<\/a><\/p>\r\n <iframe loading=\"lazy\" style=\"border: 0px;\" title=\"Ringi pindala\" src=\"https:\/\/www.geogebra.org\/material\/iframe\/id\/zrdzz9ws\/width\/1000\/height\/485\/border\/888888\/sfsb\/true\/smb\/false\/stb\/false\/stbh\/false\/ai\/false\/asb\/false\/sri\/false\/rc\/false\/ld\/false\/sdz\/false\/ctl\/false\" width=\"600px\" height=\"285px\" scrolling=\"no\"> <\/iframe> \r\n <iframe loading=\"lazy\" style=\"border: 0px;\" title=\"Ring ja joonlaud\" src=\"https:\/\/www.geogebra.org\/material\/iframe\/id\/nr4qcvmk\/width\/1200\/height\/450\/border\/888888\/sfsb\/true\/smb\/false\/stb\/false\/stbh\/false\/ai\/false\/asb\/false\/sri\/false\/rc\/false\/ld\/false\/sdz\/false\/ctl\/false\" width=\"650px\" height=\"250px\" scrolling=\"no\"> <\/iframe> \r\n <iframe loading=\"lazy\" style=\"border: 0px;\" title=\"Ringjoon.  Ringi \u00fcmberm\u00f5\u00f5t\" src=\"https:\/\/www.geogebra.org\/material\/iframe\/id\/xq3vfpqg\/width\/1200\/height\/450\/border\/888888\/sfsb\/true\/smb\/false\/stb\/false\/stbh\/false\/ai\/false\/asb\/false\/sri\/false\/rc\/false\/ld\/false\/sdz\/false\/ctl\/false\" width=\"650px\" height=\"250px\" scrolling=\"no\"> <\/iframe> ","protected":false},"excerpt":{"rendered":"<p>\u039a\u03cd\u03ba\u03bb\u03bf\u03c2, \u03b3\u03c1\u03b1\u03bc\u03bc\u03ae \u03ba\u03cd\u03ba\u03bb\u03bf\u03c5, \u03c0\u03b5\u03c1\u03b9\u03c6\u03ad\u03c1\u03b5\u03b9\u03b1 \u0388\u03bd\u03b1\u03c2 \u03ba\u03cd\u03ba\u03bb\u03bf\u03c2&nbsp;\u03b5\u03af\u03bd\u03b1\u03b9 \u03ad\u03bd\u03b1 \u03c3\u03c7\u03ae\u03bc\u03b1 \u03c0\u03bf\u03c5 \u03b1\u03c0\u03bf\u03c4\u03b5\u03bb\u03b5\u03af\u03c4\u03b1\u03b9 \u03b1\u03c0\u03cc \u03bc\u03b9\u03b1 \u03ba\u03b1\u03bc\u03c0\u03cd\u03bb\u03b7 \u03b3\u03c1\u03b1\u03bc\u03bc\u03ae \u03c0\u03bf\u03c5 \u03c0\u03b5\u03c1\u03b9\u03b2\u03ac\u03bb\u03bb\u03b5\u03b9 \u03c0\u03bb\u03ae\u03c1\u03c9\u03c2 \u03bc\u03b9\u03b1 \u03c0\u03b5\u03c1\u03b9\u03bf\u03c7\u03ae. \u039a\u03ac\u03b8\u03b5 \u03c4\u03bc\u03ae\u03bc\u03b1 \u03c4\u03b7\u03c2 \u03b3\u03c1\u03b1\u03bc\u03bc\u03ae\u03c2 \u03ad\u03c7\u03b5\u03b9 \u03c4\u03b7\u03bd \u03af\u03b4\u03b9\u03b1 \u03b1\u03c0\u03cc\u03c3\u03c4\u03b1\u03c3\u03b7 \u03b1\u03c0\u03cc \u03c4\u03bf \u03ba\u03ad\u03bd\u03c4\u03c1\u03bf \u03c4\u03b7\u03c2 \u03c0\u03b5\u03c1\u03b9\u03bf\u03c7\u03ae\u03c2. \u03a0\u03b5\u03c1\u03b9\u03c6\u03ad\u03c1\u03b5\u03b9\u03b1 \u03b5\u03af\u03bd\u03b1\u03b9 \u03b7 \u03b1\u03c0\u03cc\u03c3\u03c4\u03b1\u03c3\u03b7 \u03b3\u03cd\u03c1\u03c9 \u03b1\u03c0\u03cc \u03ad\u03bd\u03b1\u03bd \u03ba\u03cd\u03ba\u03bb\u03bf. &nbsp;&nbsp;&nbsp;&nbsp;&nbsp;&nbsp;&nbsp;&nbsp;&nbsp;&nbsp;&nbsp;&nbsp;&nbsp;&nbsp;&nbsp;&nbsp;&nbsp;&nbsp;&nbsp;&nbsp;&nbsp;&nbsp;&nbsp;&nbsp;&nbsp;&nbsp;&nbsp;&nbsp;&nbsp;&nbsp;&nbsp;&nbsp;&nbsp;&nbsp;&nbsp;&nbsp;&nbsp;&nbsp;&nbsp;&nbsp;&nbsp;&nbsp;&nbsp; \u039a\u03cd\u03ba\u03bb\u03bf\u03c2 \u039f\u03c1\u03bf\u03bb\u03bf\u03b3\u03af\u03b1 \u039a\u03ad\u03bd\u03c4\u03c1\u03bf: \u03c4\u03bf \u03c3\u03b7\u03bc\u03b5\u03af\u03bf \u03c0\u03bf\u03c5 \u03b9\u03c3\u03b1\u03c0\u03ad\u03c7\u03b5\u03b9 \u03b1\u03c0\u03cc \u03cc\u03bb\u03b1 \u03c4\u03b1 \u03c3\u03b7\u03bc\u03b5\u03af\u03b1 \u03c4\u03bf\u03c5 \u03ba\u03cd\u03ba\u03bb\u03bf\u03c5. \u03a0\u03b5\u03c1\u03b9\u03c6\u03ad\u03c1\u03b5\u03b9\u03b1: [&#8230;]<\/p>\n<p><a class=\"btn btn-secondary understrap-read-more-link\" href=\"https:\/\/domath.surju.ee\/el\/circle-greek\/\">\u0394\u03b9\u03b1\u03b2\u03ac\u03c3\u03c4\u03b5 \u03c0\u03b5\u03c1\u03b9\u03c3\u03c3\u03cc\u03c4\u03b5\u03c1\u03b1&#8230;<span class=\"screen-reader-text\"> from \u039a\u03cd\u03ba\u03bb\u03bf\u03c2, \u03b3\u03c1\u03b1\u03bc\u03bc\u03ae \u03ba\u03cd\u03ba\u03bb\u03bf\u03c5, \u03c0\u03b5\u03c1\u03b9\u03c6\u03ad\u03c1\u03b5\u03b9\u03b1<\/span><\/a><\/p>\n","protected":false},"author":12,"featured_media":0,"parent":0,"menu_order":0,"comment_status":"closed","ping_status":"closed","template":"","meta":{"_eb_attr":"","_uag_custom_page_level_css":"","footnotes":""},"categories":[],"tags":[66,116,73,136],"class_list":["post-1330","page","type-page","status-publish","hentry","tag-english-c","tag-estonian-r","tag-greek-kappa","tag-spanish-c"],"uagb_featured_image_src":{"full":false,"thumbnail":false,"medium":false,"medium_large":false,"large":false,"1536x1536":false,"2048x2048":false,"menu-24x24":false,"menu-36x36":false,"menu-48x48":false},"uagb_author_info":{"display_name":"Ave Kartau","author_link":"https:\/\/domath.surju.ee\/el\/author\/ave\/"},"uagb_comment_info":0,"uagb_excerpt":"\u039a\u03cd\u03ba\u03bb\u03bf\u03c2, \u03b3\u03c1\u03b1\u03bc\u03bc\u03ae \u03ba\u03cd\u03ba\u03bb\u03bf\u03c5, \u03c0\u03b5\u03c1\u03b9\u03c6\u03ad\u03c1\u03b5\u03b9\u03b1 \u0388\u03bd\u03b1\u03c2 \u03ba\u03cd\u03ba\u03bb\u03bf\u03c2&nbsp;\u03b5\u03af\u03bd\u03b1\u03b9 \u03ad\u03bd\u03b1 \u03c3\u03c7\u03ae\u03bc\u03b1 \u03c0\u03bf\u03c5 \u03b1\u03c0\u03bf\u03c4\u03b5\u03bb\u03b5\u03af\u03c4\u03b1\u03b9 \u03b1\u03c0\u03cc \u03bc\u03b9\u03b1 \u03ba\u03b1\u03bc\u03c0\u03cd\u03bb\u03b7 \u03b3\u03c1\u03b1\u03bc\u03bc\u03ae \u03c0\u03bf\u03c5 \u03c0\u03b5\u03c1\u03b9\u03b2\u03ac\u03bb\u03bb\u03b5\u03b9 \u03c0\u03bb\u03ae\u03c1\u03c9\u03c2 \u03bc\u03b9\u03b1 \u03c0\u03b5\u03c1\u03b9\u03bf\u03c7\u03ae. \u039a\u03ac\u03b8\u03b5 \u03c4\u03bc\u03ae\u03bc\u03b1 \u03c4\u03b7\u03c2 \u03b3\u03c1\u03b1\u03bc\u03bc\u03ae\u03c2 \u03ad\u03c7\u03b5\u03b9 \u03c4\u03b7\u03bd \u03af\u03b4\u03b9\u03b1 \u03b1\u03c0\u03cc\u03c3\u03c4\u03b1\u03c3\u03b7 \u03b1\u03c0\u03cc \u03c4\u03bf \u03ba\u03ad\u03bd\u03c4\u03c1\u03bf \u03c4\u03b7\u03c2 \u03c0\u03b5\u03c1\u03b9\u03bf\u03c7\u03ae\u03c2. \u03a0\u03b5\u03c1\u03b9\u03c6\u03ad\u03c1\u03b5\u03b9\u03b1 \u03b5\u03af\u03bd\u03b1\u03b9 \u03b7 \u03b1\u03c0\u03cc\u03c3\u03c4\u03b1\u03c3\u03b7 \u03b3\u03cd\u03c1\u03c9 \u03b1\u03c0\u03cc \u03ad\u03bd\u03b1\u03bd \u03ba\u03cd\u03ba\u03bb\u03bf. &nbsp;&nbsp;&nbsp;&nbsp;&nbsp;&nbsp;&nbsp;&nbsp;&nbsp;&nbsp;&nbsp;&nbsp;&nbsp;&nbsp;&nbsp;&nbsp;&nbsp;&nbsp;&nbsp;&nbsp;&nbsp;&nbsp;&nbsp;&nbsp;&nbsp;&nbsp;&nbsp;&nbsp;&nbsp;&nbsp;&nbsp;&nbsp;&nbsp;&nbsp;&nbsp;&nbsp;&nbsp;&nbsp;&nbsp;&nbsp;&nbsp;&nbsp;&nbsp; \u039a\u03cd\u03ba\u03bb\u03bf\u03c2 \u039f\u03c1\u03bf\u03bb\u03bf\u03b3\u03af\u03b1 \u039a\u03ad\u03bd\u03c4\u03c1\u03bf: \u03c4\u03bf \u03c3\u03b7\u03bc\u03b5\u03af\u03bf \u03c0\u03bf\u03c5 \u03b9\u03c3\u03b1\u03c0\u03ad\u03c7\u03b5\u03b9 \u03b1\u03c0\u03cc \u03cc\u03bb\u03b1 \u03c4\u03b1 \u03c3\u03b7\u03bc\u03b5\u03af\u03b1 \u03c4\u03bf\u03c5 \u03ba\u03cd\u03ba\u03bb\u03bf\u03c5. \u03a0\u03b5\u03c1\u03b9\u03c6\u03ad\u03c1\u03b5\u03b9\u03b1:&hellip;","_links":{"self":[{"href":"https:\/\/domath.surju.ee\/el\/wp-json\/wp\/v2\/pages\/1330","targetHints":{"allow":["GET"]}}],"collection":[{"href":"https:\/\/domath.surju.ee\/el\/wp-json\/wp\/v2\/pages"}],"about":[{"href":"https:\/\/domath.surju.ee\/el\/wp-json\/wp\/v2\/types\/page"}],"author":[{"embeddable":true,"href":"https:\/\/domath.surju.ee\/el\/wp-json\/wp\/v2\/users\/12"}],"replies":[{"embeddable":true,"href":"https:\/\/domath.surju.ee\/el\/wp-json\/wp\/v2\/comments?post=1330"}],"version-history":[{"count":20,"href":"https:\/\/domath.surju.ee\/el\/wp-json\/wp\/v2\/pages\/1330\/revisions"}],"predecessor-version":[{"id":4668,"href":"https:\/\/domath.surju.ee\/el\/wp-json\/wp\/v2\/pages\/1330\/revisions\/4668"}],"wp:attachment":[{"href":"https:\/\/domath.surju.ee\/el\/wp-json\/wp\/v2\/media?parent=1330"}],"wp:term":[{"taxonomy":"category","embeddable":true,"href":"https:\/\/domath.surju.ee\/el\/wp-json\/wp\/v2\/categories?post=1330"},{"taxonomy":"post_tag","embeddable":true,"href":"https:\/\/domath.surju.ee\/el\/wp-json\/wp\/v2\/tags?post=1330"}],"curies":[{"name":"wp","href":"https:\/\/api.w.org\/{rel}","templated":true}]}}